{"id":12,"date":"2020-09-18T19:25:30","date_gmt":"2020-09-18T19:25:30","guid":{"rendered":"https:\/\/deliveryalgarve.com\/?page_id=12"},"modified":"2024-04-08T16:20:51","modified_gmt":"2024-04-08T16:20:51","slug":"domestic-removals","status":"publish","type":"page","link":"https:\/\/deliveryalgarve.com\/es\/mudanzas-nacionales\/","title":{"rendered":"Mudanzas Nacionales"},"content":{"rendered":"<p><strong>Mudanzas nacionales. \u00a1Podemos trasladarlo a su nuevo hogar con el m\u00ednimo esfuerzo! \u00a1Nuestro equipo experimentado y dedicado realmente se ocupa de sus pertenencias de principio a fin! Somos confiables, profesionales y amigables, y nos tomamos nuestro negocio muy en serio. Obtenga su cotizaci\u00f3n de mudanzas, \u00a1no se arrepentir\u00e1!<\/strong><\/p>\r\n<p><!-- \/wp:post-content -->\r\n\r\n<!-- wp:paragraph --><\/p>\r\n<figure id=\"attachment_411\" aria-describedby=\"caption-attachment-411\" style=\"width: 1200px\" class=\"wp-caption alignnone\"><img loading=\"lazy\" decoding=\"async\" class=\"wp-image-411 size-full\" src=\"https:\/\/deliveryalgarve.com\/wp-content\/uploads\/2022\/03\/Mudanzas-nacionales-un-servicio-de-mudanzas-confiable-y-profesional-de-DeliveryAgarve.jpg\" alt=\"Mudanzas nacionales: un servicio de mudanzas confiable y profesional de DeliveryAgarve.com\" width=\"1200\" height=\"630\" srcset=\"https:\/\/deliveryalgarve.com\/wp-content\/uploads\/2022\/03\/Mudanzas-nacionales-un-servicio-de-mudanzas-confiable-y-profesional-de-DeliveryAgarve.jpg 1200w, https:\/\/deliveryalgarve.com\/wp-content\/uploads\/2022\/03\/Mudanzas-nacionales-un-servicio-de-mudanzas-confiable-y-profesional-de-DeliveryAgarve-300x158.jpg 300w, https:\/\/deliveryalgarve.com\/wp-content\/uploads\/2022\/03\/Mudanzas-nacionales-un-servicio-de-mudanzas-confiable-y-profesional-de-DeliveryAgarve-1024x538.jpg 1024w, https:\/\/deliveryalgarve.com\/wp-content\/uploads\/2022\/03\/Mudanzas-nacionales-un-servicio-de-mudanzas-confiable-y-profesional-de-DeliveryAgarve-768x403.jpg 768w, https:\/\/deliveryalgarve.com\/wp-content\/uploads\/2022\/03\/Mudanzas-nacionales-un-servicio-de-mudanzas-confiable-y-profesional-de-DeliveryAgarve-1x1.jpg 1w\" sizes=\"auto, (max-width: 1200px) 100vw, 1200px\" \/><figcaption id=\"caption-attachment-411\" class=\"wp-caption-text\">Mudanzas nacionales: un servicio de mudanzas confiable y profesional de DeliveryAgarve.com<\/figcaption><\/figure>\r\n<h2>Servicio de almacenamiento y mudanzas nacionales asequible y fiable<\/h2>\r\n<p>Mudarse de casa siempre es desafiante y estresante. En DeiveryAlgarve.com, hacemos todo lo posible para minimizar el estr\u00e9s y ofrecerle tranquilidad al mudarse a su nuevo hogar. Te ayudamos a moverte seguro y protegido.<\/p>\r\n<p><em>Disfrute de la tranquilidad de su mudanza europea con DeliveryAlgarve.com.<\/em><\/p>\r\n\n<div class=\"wpcf7 no-js\" id=\"wpcf7-f112-o4\" lang=\"en-US\" dir=\"ltr\" data-wpcf7-id=\"112\">\n<div class=\"screen-reader-response\"><p role=\"status\" aria-live=\"polite\" aria-atomic=\"true\"><\/p> <ul><\/ul><\/div>\n<form action=\"\/es\/wp-json\/wp\/v2\/pages\/12#wpcf7-f112-o4\" method=\"post\" class=\"wpcf7-form init\" aria-label=\"Contact form\" novalidate=\"novalidate\" data-status=\"init\">\n<fieldset class=\"hidden-fields-container\"><input type=\"hidden\" name=\"_wpcf7\" value=\"112\" \/><input type=\"hidden\" name=\"_wpcf7_version\" value=\"6.1.5\" \/><input type=\"hidden\" name=\"_wpcf7_locale\" value=\"en_US\" \/><input type=\"hidden\" name=\"_wpcf7_unit_tag\" value=\"wpcf7-f112-o4\" \/><input type=\"hidden\" name=\"_wpcf7_container_post\" value=\"0\" \/><input type=\"hidden\" name=\"_wpcf7_posted_data_hash\" value=\"\" \/>\n<\/fieldset>\n<div id=\"quote\">\n\t<h3>Cotizaci\u00f3n Mudanzas\n\t<\/h3>\n\t<p>\u00a1Cu\u00e9ntenos un poco sobre sus necesidades de mudanzas y nos pondremos en contacto con usted!\n\t<\/p>\n\t<p><span class=\"wpcf7-form-control-wrap\" data-name=\"daq-name\"><input size=\"40\" maxlength=\"400\" class=\"wpcf7-form-control wpcf7-text wpcf7-validates-as-required daq\" aria-required=\"true\" aria-invalid=\"false\" placeholder=\"su nombre\" value=\"\" type=\"text\" name=\"daq-name\" \/><\/span><br \/>\n<span class=\"wpcf7-form-control-wrap\" data-name=\"daq-email\"><input size=\"40\" maxlength=\"400\" class=\"wpcf7-form-control wpcf7-email wpcf7-validates-as-required wpcf7-text wpcf7-validates-as-email daq\" aria-required=\"true\" aria-invalid=\"false\" placeholder=\"su direcci\u00f3n de correo electr\u00f3nico\" value=\"\" type=\"email\" name=\"daq-email\" \/><\/span><br \/>\n<span class=\"wpcf7-form-control-wrap\" data-name=\"daq-phone\"><input size=\"40\" maxlength=\"400\" class=\"wpcf7-form-control wpcf7-tel wpcf7-text wpcf7-validates-as-tel daq\" aria-invalid=\"false\" placeholder=\"su n\u00famero de tel\u00e9fono\" value=\"\" type=\"tel\" name=\"daq-phone\" \/><\/span><br \/>\n<span class=\"wpcf7-form-control-wrap\" data-name=\"daq-from\"><input size=\"40\" maxlength=\"400\" class=\"wpcf7-form-control wpcf7-text wpcf7-validates-as-required daq\" aria-required=\"true\" aria-invalid=\"false\" placeholder=\"recogida desde (incluya un c\u00f3digo postal y un pa\u00eds)\" value=\"\" type=\"text\" name=\"daq-from\" \/><\/span><br \/>\n<span class=\"wpcf7-form-control-wrap\" data-name=\"daq-to\"><input size=\"40\" maxlength=\"400\" class=\"wpcf7-form-control wpcf7-text wpcf7-validates-as-required daq\" aria-required=\"true\" aria-invalid=\"false\" placeholder=\"entrega a (como arriba)\" value=\"\" type=\"text\" name=\"daq-to\" \/><\/span><br \/>\n<span class=\"wpcf7-form-control-wrap\" data-name=\"daq-date\"><input size=\"40\" maxlength=\"400\" class=\"wpcf7-form-control wpcf7-text wpcf7-validates-as-required daq\" aria-required=\"true\" aria-invalid=\"false\" placeholder=\"fecha aproximada requerida\" value=\"\" type=\"text\" name=\"daq-date\" \/><\/span><br \/>\n<span class=\"wpcf7-form-control-wrap\" data-name=\"daq-types\"><span class=\"wpcf7-form-control wpcf7-checkbox daq\"><span class=\"wpcf7-list-item first\"><label><input type=\"checkbox\" name=\"daq-types[]\" value=\"Mudanzas Generales y Dom\u00e9sticas\" \/><span class=\"wpcf7-list-item-label\">Mudanzas Generales y Dom\u00e9sticas<\/span><\/label><\/span><span class=\"wpcf7-list-item\"><label><input type=\"checkbox\" name=\"daq-types[]\" value=\"Equipamiento comercial\" \/><span class=\"wpcf7-list-item-label\">Equipamiento comercial<\/span><\/label><\/span><span class=\"wpcf7-list-item\"><label><input type=\"checkbox\" name=\"daq-types[]\" value=\"Coche, Barco, etc\" \/><span class=\"wpcf7-list-item-label\">Coche, Barco, etc<\/span><\/label><\/span><span class=\"wpcf7-list-item last\"><label><input type=\"checkbox\" name=\"daq-types[]\" value=\"Moto(s)\" \/><span class=\"wpcf7-list-item-label\">Moto(s)<\/span><\/label><\/span><\/span><\/span><br \/>\n<span class=\"wpcf7-form-control-wrap\" data-name=\"daq-message\"><textarea cols=\"40\" rows=\"10\" maxlength=\"2000\" class=\"wpcf7-form-control wpcf7-textarea daq\" aria-invalid=\"false\" placeholder=\"cualquier otro detalle. \u00a1Cuanto m\u00e1s nos digas, m\u00e1s podremos ayudarte!\" name=\"daq-message\"><\/textarea><\/span><br \/>\n<span class=\"wpcf7-form-control-wrap\" data-name=\"capital-quiz\"><label><span class=\"wpcf7-quiz-label\">Para detener a los spammers... \u00bfPodr\u00eda decirnos cu\u00e1l es el n\u00famero m\u00e1s grande... 3 o 4?<\/span> <input size=\"40\" class=\"wpcf7-form-control wpcf7-quiz\" autocomplete=\"off\" aria-required=\"true\" aria-invalid=\"false\" type=\"text\" name=\"capital-quiz\" \/><\/label><input type=\"hidden\" name=\"_wpcf7_quiz_answer_capital-quiz\" value=\"6418842b41c066b6827ae3c56282a02a\" \/><\/span><br \/>\n<input class=\"wpcf7-form-control wpcf7-submit has-spinner daq\" type=\"submit\" value=\"\u00a1Haz clic para enviar!\" \/>\n\t<\/p>\n<\/div><div class=\"wpcf7-response-output\" aria-hidden=\"true\"><\/div>\n<\/form>\n<\/div>\n\r\n<h3>Un servicio profesional de mudanzas<\/h3>\r\n<p>Las modernas t\u00e9cnicas de eliminaci\u00f3n de DeliveryAlgarve est\u00e1n dise\u00f1adas para hacer que una mudanza a casa sea lo menos estresante posible. Tras casi 30 a\u00f1os moviendo clientes, hemos desarrollado un servicio log\u00edstico eficiente, que garantiza un servicio \u00e1gil.<\/p>\r\n<p>Trabajamos con un cronograma estricto que requiere un poco m\u00e1s de cuidado al transportar art\u00edculos delicados. Usando una combinaci\u00f3n de t\u00e9cnicas de envoltura innovadoras y cuerdas el\u00e1sticas, nos aseguramos de que todos los art\u00edculos permanezcan protegidos durante el tr\u00e1nsito. Nuestro sistema GPS de \u00faltima generaci\u00f3n nos permite verificar el tr\u00e1fico y las condiciones de la carretera en tiempo real, lo que nos permite ajustarnos a estas condiciones en consecuencia.<\/p>\r\n<h3>Mudanzas Europeas<\/h3>\r\n<p>Ya sea que se traslade a Europa por un nuevo trabajo, para comenzar una nueva vida en otro pa\u00eds o para disfrutar de su jubilaci\u00f3n, DeliveryAlgarve.com tiene la experiencia y los conocimientos locales para encargarse de todo el proceso de mudanza.<\/p>\r\n<p>DeliveryAlgarve.com es una empresa especializada en mudanzas del Reino Unido\/Portugal y puede proporcionar soluciones de almacenamiento local en el Algarve o el noroeste de Inglaterra, cuando sea necesario.<\/p>\r\n<p>Si est\u00e1s pensando en dar el gran paso hacia Europa, \u00a1o volver! &#8211; entonces h\u00e1blanos!<\/p>\r\n<p><!-- \/wp:paragraph -->\r\n\r\n<!-- wp:paragraph \/-->\r\n\r\n<!-- wp:paragraph --><\/p>\r\n<p><a href=\"https:\/\/www.google.com\/maps\/place\/deliveryalgarve.com\/@37.1059289,-8.0794513,17z\/data=!3m1!4b1!4m5!3m4!1s0xd1ab5a58195c0f7:0xf44238318d13c7ef!8m2!3d37.1059246!4d-8.0772626\" target=\"_blank\" rel=\"noopener noreferrer\"><em>Find us on Google Maps!<\/em><\/a><\/p>\r\n<p>&nbsp;<\/p>","protected":false},"excerpt":{"rendered":"<p>Mudanzas nacionales. \u00a1Podemos trasladarlo a su nuevo hogar con el m\u00ednimo esfuerzo! \u00a1Nuestro equipo experimentado y dedicado realmente se ocupa de sus pertenencias de principio a fin! Somos confiables, profesionales y amigables, y nos tomamos nuestro negocio muy en serio. Obtenga su cotizaci\u00f3n de mudanzas, \u00a1no se arrepentir\u00e1!<\/p>\n","protected":false},"author":1,"featured_media":0,"parent":0,"menu_order":20,"comment_status":"closed","ping_status":"closed","template":"","meta":{"footnotes":""},"class_list":["post-12","page","type-page","status-publish","hentry"],"yoast_head":"<!-- This site is optimized with the Yoast SEO plugin v27.4 - https:\/\/yoast.com\/product\/yoast-seo-wordpress\/ -->\n<title>\u00a1Mudanzas nacionales con el m\u00ednimo esfuerzo! Mudanzas asequibles y fiables.<\/title>\n<meta name=\"description\" content=\"Mudanzas Nacionales. \u00a1Nuestro equipo experimentado y dedicado realmente se ocupa de sus pertenencias de principio a fin! \u00a1Excelentes precios tambi\u00e9n!\" \/>\n<meta name=\"robots\" content=\"index, follow, max-snippet:-1, max-image-preview:large, max-video-preview:-1\" \/>\n<link rel=\"canonical\" href=\"https:\/\/deliveryalgarve.com\/es\/mudanzas-nacionales\/\" \/>\n<meta property=\"og:locale\" content=\"es_ES\" \/>\n<meta property=\"og:type\" content=\"article\" \/>\n<meta property=\"og:title\" content=\"[:en]Domestic Removals with Minimum Fuss! Affordable &amp; reliable removals.[:pt]Remo\u00e7\u00f5es dom\u00e9sticas com m\u00ednimo barulho! Remo\u00e7\u00f5es acess\u00edveis e confi\u00e1veis.[:fr]D\u00e9m\u00e9nagements nationaux avec un minimum de tracas! D\u00e9m\u00e9nagements abordables et fiables.[:es]\u00a1Mudanzas nacionales con el m\u00ednimo esfuerzo! Mudanzas asequibles y fiables.[:]\" \/>\n<meta property=\"og:description\" content=\"{:en}Domestic Removals. Our experienced and dedicated team truly take care of your belongings from start to finish! Great prices too!{:pt}Remo\u00e7\u00f5es dom\u00e9sticas. Nossa experiente e dedicada equipe realmente cuida de seus pertences do in\u00edcio ao fim! \u00d3timos pre\u00e7os tamb\u00e9m!{:fr}D\u00e9m\u00e9nagements nationaux. Notre \u00e9quipe exp\u00e9riment\u00e9e et d\u00e9vou\u00e9e prend vraiment soin de vos biens du d\u00e9but \u00e0 la fin! Grands prix aussi!{:es}Mudanzas Nacionales. \u00a1Nuestro equipo experimentado y dedicado realmente se ocupa de sus pertenencias de principio a fin! \u00a1Excelentes precios tambi\u00e9n!{:}\" \/>\n<meta property=\"og:url\" content=\"https:\/\/deliveryalgarve.com\/es\/mudanzas-nacionales\/\" \/>\n<meta property=\"og:site_name\" content=\"DeliveryAlgarve.com\" \/>\n<meta property=\"article:modified_time\" content=\"2024-04-08T16:20:51+00:00\" \/>\n<meta property=\"og:image\" content=\"https:\/\/deliveryalgarve.com\/wp-content\/uploads\/2022\/03\/Mudanzas-nacionales-un-servicio-de-mudanzas-confiable-y-profesional-de-DeliveryAgarve.jpg\" \/>\n<meta name=\"twitter:card\" content=\"summary_large_image\" \/>\n<meta name=\"twitter:label1\" content=\"Tiempo de lectura\" \/>\n\t<meta name=\"twitter:data1\" content=\"2 minutos\" \/>\n<script type=\"application\/ld+json\" class=\"yoast-schema-graph\">{\"@context\":\"https:\\\/\\\/schema.org\",\"@graph\":[{\"@type\":\"WebPage\",\"@id\":\"https:\\\/\\\/deliveryalgarve.com\\\/es\\\/mudanzas-nacionales\\\/\",\"url\":\"https:\\\/\\\/deliveryalgarve.com\\\/es\\\/mudanzas-nacionales\\\/\",\"name\":\"[:en]Domestic Removals with Minimum Fuss! Affordable & reliable removals.[:pt]Remo\u00e7\u00f5es dom\u00e9sticas com m\u00ednimo barulho! Remo\u00e7\u00f5es acess\u00edveis e confi\u00e1veis.[:fr]D\u00e9m\u00e9nagements nationaux avec un minimum de tracas! D\u00e9m\u00e9nagements abordables et fiables.[:es]\u00a1Mudanzas nacionales con el m\u00ednimo esfuerzo! Mudanzas asequibles y fiables.[:]\",\"isPartOf\":{\"@id\":\"https:\\\/\\\/deliveryalgarve.com\\\/es\\\/#website\"},\"primaryImageOfPage\":{\"@id\":\"https:\\\/\\\/deliveryalgarve.com\\\/es\\\/mudanzas-nacionales\\\/#primaryimage\"},\"image\":{\"@id\":\"https:\\\/\\\/deliveryalgarve.com\\\/es\\\/mudanzas-nacionales\\\/#primaryimage\"},\"thumbnailUrl\":\"https:\\\/\\\/deliveryalgarve.com\\\/wp-content\\\/uploads\\\/2020\\\/12\\\/Domestic-Removals-Service-DeliveryAlgarve-OG01.jpg\",\"datePublished\":\"2020-09-18T19:25:30+00:00\",\"dateModified\":\"2024-04-08T16:20:51+00:00\",\"description\":\"{:en}Domestic Removals. Our experienced and dedicated team truly take care of your belongings from start to finish! Great prices too!{:pt}Remo\u00e7\u00f5es dom\u00e9sticas. Nossa experiente e dedicada equipe realmente cuida de seus pertences do in\u00edcio ao fim! \u00d3timos pre\u00e7os tamb\u00e9m!{:fr}D\u00e9m\u00e9nagements nationaux. Notre \u00e9quipe exp\u00e9riment\u00e9e et d\u00e9vou\u00e9e prend vraiment soin de vos biens du d\u00e9but \u00e0 la fin! Grands prix aussi!{:es}Mudanzas Nacionales. \u00a1Nuestro equipo experimentado y dedicado realmente se ocupa de sus pertenencias de principio a fin! \u00a1Excelentes precios tambi\u00e9n!{:}\",\"breadcrumb\":{\"@id\":\"https:\\\/\\\/deliveryalgarve.com\\\/es\\\/mudanzas-nacionales\\\/#breadcrumb\"},\"inLanguage\":\"es\",\"potentialAction\":[{\"@type\":\"ReadAction\",\"target\":[\"https:\\\/\\\/deliveryalgarve.com\\\/es\\\/mudanzas-nacionales\\\/\"]}]},{\"@type\":\"ImageObject\",\"inLanguage\":\"es\",\"@id\":\"https:\\\/\\\/deliveryalgarve.com\\\/es\\\/mudanzas-nacionales\\\/#primaryimage\",\"url\":\"https:\\\/\\\/deliveryalgarve.com\\\/wp-content\\\/uploads\\\/2020\\\/12\\\/Domestic-Removals-Service-DeliveryAlgarve-OG01.jpg\",\"contentUrl\":\"https:\\\/\\\/deliveryalgarve.com\\\/wp-content\\\/uploads\\\/2020\\\/12\\\/Domestic-Removals-Service-DeliveryAlgarve-OG01.jpg\"},{\"@type\":\"BreadcrumbList\",\"@id\":\"https:\\\/\\\/deliveryalgarve.com\\\/es\\\/mudanzas-nacionales\\\/#breadcrumb\",\"itemListElement\":[{\"@type\":\"ListItem\",\"position\":1,\"name\":\"Home\",\"item\":\"https:\\\/\\\/deliveryalgarve.com\\\/\"},{\"@type\":\"ListItem\",\"position\":2,\"name\":\"Mudanzas Nacionales\"}]},{\"@type\":\"WebSite\",\"@id\":\"https:\\\/\\\/deliveryalgarve.com\\\/es\\\/#website\",\"url\":\"https:\\\/\\\/deliveryalgarve.com\\\/es\\\/\",\"name\":\"DeliveryAlgarve.com\",\"description\":\"Mudanzas y Almacenamiento, Irlanda, Portugal y Espa\u00f1a.\",\"publisher\":{\"@id\":\"https:\\\/\\\/deliveryalgarve.com\\\/es\\\/#organization\"},\"potentialAction\":[{\"@type\":\"SearchAction\",\"target\":{\"@type\":\"EntryPoint\",\"urlTemplate\":\"https:\\\/\\\/deliveryalgarve.com\\\/es\\\/?s={search_term_string}\"},\"query-input\":{\"@type\":\"PropertyValueSpecification\",\"valueRequired\":true,\"valueName\":\"search_term_string\"}}],\"inLanguage\":\"es\"},{\"@type\":\"Organization\",\"@id\":\"https:\\\/\\\/deliveryalgarve.com\\\/es\\\/#organization\",\"name\":\"DeliveryAlgarve.com\",\"url\":\"https:\\\/\\\/deliveryalgarve.com\\\/es\\\/\",\"logo\":{\"@type\":\"ImageObject\",\"inLanguage\":\"es\",\"@id\":\"https:\\\/\\\/deliveryalgarve.com\\\/es\\\/#\\\/schema\\\/logo\\\/image\\\/\",\"url\":\"https:\\\/\\\/deliveryalgarve.com\\\/wp-content\\\/uploads\\\/2020\\\/10\\\/cropped-DeliveryAlgarveLogo01.jpg\",\"contentUrl\":\"https:\\\/\\\/deliveryalgarve.com\\\/wp-content\\\/uploads\\\/2020\\\/10\\\/cropped-DeliveryAlgarveLogo01.jpg\",\"width\":240,\"height\":240,\"caption\":\"DeliveryAlgarve.com\"},\"image\":{\"@id\":\"https:\\\/\\\/deliveryalgarve.com\\\/es\\\/#\\\/schema\\\/logo\\\/image\\\/\"}}]}<\/script>\n<!-- \/ Yoast SEO plugin. -->","yoast_head_json":{"title":"\u00a1Mudanzas nacionales con el m\u00ednimo esfuerzo! Mudanzas asequibles y fiables.","description":"Mudanzas Nacionales. \u00a1Nuestro equipo experimentado y dedicado realmente se ocupa de sus pertenencias de principio a fin! \u00a1Excelentes precios tambi\u00e9n!","robots":{"index":"index","follow":"follow","max-snippet":"max-snippet:-1","max-image-preview":"max-image-preview:large","max-video-preview":"max-video-preview:-1"},"canonical":"https:\/\/deliveryalgarve.com\/es\/mudanzas-nacionales\/","og_locale":"es_ES","og_type":"article","og_title":"[:en]Domestic Removals with Minimum Fuss! Affordable & reliable removals.[:pt]Remo\u00e7\u00f5es dom\u00e9sticas com m\u00ednimo barulho! Remo\u00e7\u00f5es acess\u00edveis e confi\u00e1veis.[:fr]D\u00e9m\u00e9nagements nationaux avec un minimum de tracas! D\u00e9m\u00e9nagements abordables et fiables.[:es]\u00a1Mudanzas nacionales con el m\u00ednimo esfuerzo! Mudanzas asequibles y fiables.[:]","og_description":"{:en}Domestic Removals. Our experienced and dedicated team truly take care of your belongings from start to finish! Great prices too!{:pt}Remo\u00e7\u00f5es dom\u00e9sticas. Nossa experiente e dedicada equipe realmente cuida de seus pertences do in\u00edcio ao fim! \u00d3timos pre\u00e7os tamb\u00e9m!{:fr}D\u00e9m\u00e9nagements nationaux. Notre \u00e9quipe exp\u00e9riment\u00e9e et d\u00e9vou\u00e9e prend vraiment soin de vos biens du d\u00e9but \u00e0 la fin! Grands prix aussi!{:es}Mudanzas Nacionales. \u00a1Nuestro equipo experimentado y dedicado realmente se ocupa de sus pertenencias de principio a fin! \u00a1Excelentes precios tambi\u00e9n!{:}","og_url":"https:\/\/deliveryalgarve.com\/es\/mudanzas-nacionales\/","og_site_name":"DeliveryAlgarve.com","article_modified_time":"2024-04-08T16:20:51+00:00","og_image":[{"url":"https:\/\/deliveryalgarve.com\/wp-content\/uploads\/2022\/03\/Mudanzas-nacionales-un-servicio-de-mudanzas-confiable-y-profesional-de-DeliveryAgarve.jpg","type":"","width":"","height":""}],"twitter_card":"summary_large_image","twitter_misc":{"Tiempo de lectura":"2 minutos"},"schema":{"@context":"https:\/\/schema.org","@graph":[{"@type":"WebPage","@id":"https:\/\/deliveryalgarve.com\/es\/mudanzas-nacionales\/","url":"https:\/\/deliveryalgarve.com\/es\/mudanzas-nacionales\/","name":"[:en]Domestic Removals with Minimum Fuss! Affordable & reliable removals.[:pt]Remo\u00e7\u00f5es dom\u00e9sticas com m\u00ednimo barulho! Remo\u00e7\u00f5es acess\u00edveis e confi\u00e1veis.[:fr]D\u00e9m\u00e9nagements nationaux avec un minimum de tracas! D\u00e9m\u00e9nagements abordables et fiables.[:es]\u00a1Mudanzas nacionales con el m\u00ednimo esfuerzo! Mudanzas asequibles y fiables.[:]","isPartOf":{"@id":"https:\/\/deliveryalgarve.com\/es\/#website"},"primaryImageOfPage":{"@id":"https:\/\/deliveryalgarve.com\/es\/mudanzas-nacionales\/#primaryimage"},"image":{"@id":"https:\/\/deliveryalgarve.com\/es\/mudanzas-nacionales\/#primaryimage"},"thumbnailUrl":"https:\/\/deliveryalgarve.com\/wp-content\/uploads\/2020\/12\/Domestic-Removals-Service-DeliveryAlgarve-OG01.jpg","datePublished":"2020-09-18T19:25:30+00:00","dateModified":"2024-04-08T16:20:51+00:00","description":"{:en}Domestic Removals. Our experienced and dedicated team truly take care of your belongings from start to finish! Great prices too!{:pt}Remo\u00e7\u00f5es dom\u00e9sticas. Nossa experiente e dedicada equipe realmente cuida de seus pertences do in\u00edcio ao fim! \u00d3timos pre\u00e7os tamb\u00e9m!{:fr}D\u00e9m\u00e9nagements nationaux. Notre \u00e9quipe exp\u00e9riment\u00e9e et d\u00e9vou\u00e9e prend vraiment soin de vos biens du d\u00e9but \u00e0 la fin! Grands prix aussi!{:es}Mudanzas Nacionales. \u00a1Nuestro equipo experimentado y dedicado realmente se ocupa de sus pertenencias de principio a fin! \u00a1Excelentes precios tambi\u00e9n!{:}","breadcrumb":{"@id":"https:\/\/deliveryalgarve.com\/es\/mudanzas-nacionales\/#breadcrumb"},"inLanguage":"es","potentialAction":[{"@type":"ReadAction","target":["https:\/\/deliveryalgarve.com\/es\/mudanzas-nacionales\/"]}]},{"@type":"ImageObject","inLanguage":"es","@id":"https:\/\/deliveryalgarve.com\/es\/mudanzas-nacionales\/#primaryimage","url":"https:\/\/deliveryalgarve.com\/wp-content\/uploads\/2020\/12\/Domestic-Removals-Service-DeliveryAlgarve-OG01.jpg","contentUrl":"https:\/\/deliveryalgarve.com\/wp-content\/uploads\/2020\/12\/Domestic-Removals-Service-DeliveryAlgarve-OG01.jpg"},{"@type":"BreadcrumbList","@id":"https:\/\/deliveryalgarve.com\/es\/mudanzas-nacionales\/#breadcrumb","itemListElement":[{"@type":"ListItem","position":1,"name":"Home","item":"https:\/\/deliveryalgarve.com\/"},{"@type":"ListItem","position":2,"name":"Mudanzas Nacionales"}]},{"@type":"WebSite","@id":"https:\/\/deliveryalgarve.com\/es\/#website","url":"https:\/\/deliveryalgarve.com\/es\/","name":"DeliveryAlgarve.com","description":"Mudanzas y Almacenamiento, Irlanda, Portugal y Espa\u00f1a.","publisher":{"@id":"https:\/\/deliveryalgarve.com\/es\/#organization"},"potentialAction":[{"@type":"SearchAction","target":{"@type":"EntryPoint","urlTemplate":"https:\/\/deliveryalgarve.com\/es\/?s={search_term_string}"},"query-input":{"@type":"PropertyValueSpecification","valueRequired":true,"valueName":"search_term_string"}}],"inLanguage":"es"},{"@type":"Organization","@id":"https:\/\/deliveryalgarve.com\/es\/#organization","name":"DeliveryAlgarve.com","url":"https:\/\/deliveryalgarve.com\/es\/","logo":{"@type":"ImageObject","inLanguage":"es","@id":"https:\/\/deliveryalgarve.com\/es\/#\/schema\/logo\/image\/","url":"https:\/\/deliveryalgarve.com\/wp-content\/uploads\/2020\/10\/cropped-DeliveryAlgarveLogo01.jpg","contentUrl":"https:\/\/deliveryalgarve.com\/wp-content\/uploads\/2020\/10\/cropped-DeliveryAlgarveLogo01.jpg","width":240,"height":240,"caption":"DeliveryAlgarve.com"},"image":{"@id":"https:\/\/deliveryalgarve.com\/es\/#\/schema\/logo\/image\/"}}]}},"_links":{"self":[{"href":"https:\/\/deliveryalgarve.com\/es\/wp-json\/wp\/v2\/pages\/12","targetHints":{"allow":["GET"]}}],"collection":[{"href":"https:\/\/deliveryalgarve.com\/es\/wp-json\/wp\/v2\/pages"}],"about":[{"href":"https:\/\/deliveryalgarve.com\/es\/wp-json\/wp\/v2\/types\/page"}],"author":[{"embeddable":true,"href":"https:\/\/deliveryalgarve.com\/es\/wp-json\/wp\/v2\/users\/1"}],"replies":[{"embeddable":true,"href":"https:\/\/deliveryalgarve.com\/es\/wp-json\/wp\/v2\/comments?post=12"}],"version-history":[{"count":12,"href":"https:\/\/deliveryalgarve.com\/es\/wp-json\/wp\/v2\/pages\/12\/revisions"}],"predecessor-version":[{"id":492,"href":"https:\/\/deliveryalgarve.com\/es\/wp-json\/wp\/v2\/pages\/12\/revisions\/492"}],"wp:attachment":[{"href":"https:\/\/deliveryalgarve.com\/es\/wp-json\/wp\/v2\/media?parent=12"}],"curies":[{"name":"wp","href":"https:\/\/api.w.org\/{rel}","templated":true}]}}