{"id":168,"date":"2020-10-27T11:15:09","date_gmt":"2020-10-27T11:15:09","guid":{"rendered":"https:\/\/deliveryalgarve.com\/?page_id=168"},"modified":"2024-01-07T12:49:04","modified_gmt":"2024-01-07T12:49:04","slug":"sitemap","status":"publish","type":"page","link":"https:\/\/deliveryalgarve.com\/es\/mapa-del-sitio\/","title":{"rendered":"Mapa del Sitio"},"content":{"rendered":"<p><strong>Mapa del sitio. \u00a1Navega por todas las p\u00e1ginas de nuestro sitio web! Deber\u00eda encontrar todo lo que necesita, pero si no puede encontrar lo que est\u00e1 buscando, \u00a1cont\u00e1ctenos! \u00a1Estamos aqu\u00ed para ayudar!<\/strong><\/p>\n<ul class=\"list-pages-shortcode list-pages\"><li class=\"page_item page-item-83\"><a href=\"https:\/\/deliveryalgarve.com\/es\/contacta-con-nosotros\/\">Contacta con nosotros<\/a><\/li>\n<li class=\"page_item page-item-22\"><a href=\"https:\/\/deliveryalgarve.com\/es\/\">DeliveryAlgarve.com &#8211; Mudanzas y Almacenamiento, Irlanda y Portugal<\/a><\/li>\n<li class=\"page_item page-item-35\"><a href=\"https:\/\/deliveryalgarve.com\/es\/english-european-removals-service\/\">Servicio de Mudanzas Europeas<\/a><\/li>\n<li class=\"page_item page-item-62\"><a href=\"https:\/\/deliveryalgarve.com\/es\/irlanda-portugal-mudanzas\/\">Irlanda Portugal Mudanzas<\/a><\/li>\n<li class=\"page_item page-item-168\"><a href=\"https:\/\/deliveryalgarve.com\/es\/mapa-del-sitio\/\">Mapa del Sitio<\/a><\/li>\n<li class=\"page_item page-item-58\"><a href=\"https:\/\/deliveryalgarve.com\/es\/image-credits\/\">Image Credits<\/a><\/li>\n<li class=\"page_item page-item-20\"><a href=\"https:\/\/deliveryalgarve.com\/es\/mudanzas-internacionales\/\">Mudanzas Internacionales<\/a><\/li>\n<li class=\"page_item page-item-12\"><a href=\"https:\/\/deliveryalgarve.com\/es\/mudanzas-nacionales\/\">Mudanzas Nacionales<\/a><\/li>\n<li class=\"page_item page-item-26 page_item_has_children\"><a href=\"https:\/\/deliveryalgarve.com\/es\/mudanzas-y-depositos-de-almacenamiento\/\">Mudanzas y Dep\u00f3sitos de Almacenamiento<\/a>\n<ul class='children'>\n\t<li class=\"page_item page-item-31\"><a href=\"https:\/\/deliveryalgarve.com\/es\/mudanzas-y-depositos-de-almacenamiento\/english-manchester-removals-depot\/\">(English) Manchester Removals Depot<\/a><\/li>\n\t<li class=\"page_item page-item-24\"><a href=\"https:\/\/deliveryalgarve.com\/es\/mudanzas-y-depositos-de-almacenamiento\/loule-algarve-portugal\/\">Loul\u00e9, Algarve, Portugal<\/a><\/li>\n<\/ul>\n<\/li>\n<li class=\"page_item page-item-41\"><a href=\"https:\/\/deliveryalgarve.com\/es\/cotizacion\/\">Cotizaci\u00f3n<\/a><\/li>\n<li class=\"page_item page-item-39\"><a href=\"https:\/\/deliveryalgarve.com\/es\/servicio-de-transporte-de-automoviles-irlanda-portugal\/\">Servicio de transporte de autom\u00f3viles, Irlanda\/Portugal<\/a><\/li>\n<li class=\"page_item page-item-37\"><a href=\"https:\/\/deliveryalgarve.com\/es\/transporte-de-motos\/\">Transporte de Motos<\/a><\/li>\n<li class=\"page_item page-item-33\"><a href=\"https:\/\/deliveryalgarve.com\/es\/servicios-de-almacenamiento\/\">Servicios de almacenamiento<\/a><\/li>\n<li class=\"page_item page-item-3\"><a href=\"https:\/\/deliveryalgarve.com\/es\/tu-privacidad\/\">Tu privacidad<\/a><\/li>\n<li class=\"page_item page-item-29\"><a href=\"https:\/\/deliveryalgarve.com\/es\/terms-conditions\/\">Terms &#038; Conditions<\/a><\/li>\n<\/ul>\n<h2>DeliveryAlgarve.com &#8211; Servicios europeos de mudanzas y almacenamiento<\/h2>\n<h3>Un servicio de calidad de principio a fin<\/h3>\n<p>Todos los env\u00edos se inventarian individualmente para garantizar que todos los efectos personales se entreguen en la propiedad del cliente correcto. Este es un servicio completo puerta a puerta con desempaque, si es necesario.<\/p>\n<figure id=\"attachment_253\" aria-describedby=\"caption-attachment-253\" style=\"width: 1200px\" class=\"wp-caption alignnone\"><img loading=\"lazy\" decoding=\"async\" class=\"size-full wp-image-253\" src=\"https:\/\/deliveryalgarve.com\/wp-content\/uploads\/2020\/12\/Sitemap-DeliveryAlgarve-OG01.jpg\" alt=\"Sitemap - DeliveryAlgarve OG01\" width=\"1200\" height=\"630\" srcset=\"https:\/\/deliveryalgarve.com\/wp-content\/uploads\/2020\/12\/Sitemap-DeliveryAlgarve-OG01.jpg 1200w, https:\/\/deliveryalgarve.com\/wp-content\/uploads\/2020\/12\/Sitemap-DeliveryAlgarve-OG01-300x158.jpg 300w, https:\/\/deliveryalgarve.com\/wp-content\/uploads\/2020\/12\/Sitemap-DeliveryAlgarve-OG01-1024x538.jpg 1024w, https:\/\/deliveryalgarve.com\/wp-content\/uploads\/2020\/12\/Sitemap-DeliveryAlgarve-OG01-768x403.jpg 768w, https:\/\/deliveryalgarve.com\/wp-content\/uploads\/2020\/12\/Sitemap-DeliveryAlgarve-OG01-1x1.jpg 1w\" sizes=\"auto, (max-width: 1200px) 100vw, 1200px\" \/><figcaption id=\"caption-attachment-253\" class=\"wp-caption-text\">Sitemap &#8211; DeliveryAlgarve.com<\/figcaption><\/figure>\n<p>DeliveryAlgarve.com offers regular scheduled removals services between the United Kingdom and Portugal. We offer a range of services \u2013 all designed to make your move across the continent as smooth and hassle-free as possible.\u00a0 Each month, we send a 45ft shipping container from the UK to our base in Loule in The Algarve. We also send containers and part loads back to the UK.<\/p>\n<p><em>Enjoy peace of mind with your European move with DeliveryAlgarve.com.<\/em><\/p>\n<p><a href=\"https:\/\/www.google.com\/maps\/place\/deliveryalgarve.com\/@37.1059289,-8.0794513,17z\/data=!3m1!4b1!4m5!3m4!1s0xd1ab5a58195c0f7:0xf44238318d13c7ef!8m2!3d37.1059246!4d-8.0772626\" target=\"_blank\" rel=\"noopener noreferrer\"><em>Find us on Google Maps!<\/em><\/a><\/p>","protected":false},"excerpt":{"rendered":"<p>Sitemap.\u00a0 Browse all the pages of our website!\u00a0 You should find everything you need, but if you can&#8217;t find what you&#8217;re looking for, just contact us!\u00a0 We&#8217;re here to help!<\/p>\n","protected":false},"author":1,"featured_media":0,"parent":0,"menu_order":0,"comment_status":"closed","ping_status":"closed","template":"","meta":{"footnotes":""},"class_list":["post-168","page","type-page","status-publish","hentry"],"yoast_head":"<!-- This site is optimized with the Yoast SEO plugin v27.4 - https:\/\/yoast.com\/product\/yoast-seo-wordpress\/ -->\n<title>Mapa del sitio. \u00a1Navega por todas las p\u00e1ginas de nuestro sitio web! EntregaAlgarve.com<\/title>\n<meta name=\"description\" content=\"Mapa del sitio. \u00a1Navega por las p\u00e1ginas de nuestro sitio web! Deber\u00eda encontrar todo lo que necesita, pero si no, \u00a1cont\u00e1ctenos! EntregaAlgarve.com\" \/>\n<meta name=\"robots\" content=\"index, follow, max-snippet:-1, max-image-preview:large, max-video-preview:-1\" \/>\n<link rel=\"canonical\" href=\"https:\/\/deliveryalgarve.com\/es\/mapa-del-sitio\/\" \/>\n<meta property=\"og:locale\" content=\"es_ES\" \/>\n<meta property=\"og:type\" content=\"article\" \/>\n<meta property=\"og:title\" content=\"[:en]Sitemap.\u00a0 Browse all the pages of our website! DeliveryAlgarve.com[:pt]Mapa do site. Navegue por todas as p\u00e1ginas do nosso site! DeliveryAlgarve.com[:fr]Plan du site. Parcourez toutes les pages de notre site Web! DeliveryAlgarve.com[:es]Mapa del sitio. \u00a1Navega por todas las p\u00e1ginas de nuestro sitio web! EntregaAlgarve.com[:]\" \/>\n<meta property=\"og:description\" content=\"{:en}Sitemap.\u00a0 Browse the pages of our website!\u00a0 You should find everything you need, but if not, just contact us! DeliveryAlgarve.com{:pt}Mapa do site. Navegue pelas p\u00e1ginas do nosso site! Voc\u00ea deve encontrar tudo que precisa, mas se n\u00e3o, entre em contato conosco! DeliveryAlgarve.com{:fr}Plan du site. Parcourez les pages de notre site Web! Vous devriez trouver tout ce dont vous avez besoin, mais sinon, contactez-nous! DeliveryAlgarve.com{:es}Mapa del sitio. \u00a1Navega por las p\u00e1ginas de nuestro sitio web! Deber\u00eda encontrar todo lo que necesita, pero si no, \u00a1cont\u00e1ctenos! EntregaAlgarve.com{:}\" \/>\n<meta property=\"og:url\" content=\"https:\/\/deliveryalgarve.com\/es\/mapa-del-sitio\/\" \/>\n<meta property=\"og:site_name\" content=\"DeliveryAlgarve.com\" \/>\n<meta property=\"article:modified_time\" content=\"2024-01-07T12:49:04+00:00\" \/>\n<meta property=\"og:image\" content=\"https:\/\/deliveryalgarve.com\/wp-content\/uploads\/2020\/12\/Sitemap-DeliveryAlgarve-OG01.jpg\" \/>\n<meta name=\"twitter:card\" content=\"summary_large_image\" \/>\n<meta name=\"twitter:label1\" content=\"Tiempo de lectura\" \/>\n\t<meta name=\"twitter:data1\" content=\"1 minuto\" \/>\n<script type=\"application\/ld+json\" class=\"yoast-schema-graph\">{\"@context\":\"https:\\\/\\\/schema.org\",\"@graph\":[{\"@type\":\"WebPage\",\"@id\":\"https:\\\/\\\/deliveryalgarve.com\\\/es\\\/mapa-del-sitio\\\/\",\"url\":\"https:\\\/\\\/deliveryalgarve.com\\\/es\\\/mapa-del-sitio\\\/\",\"name\":\"[:en]Sitemap.\u00a0 Browse all the pages of our website! DeliveryAlgarve.com[:pt]Mapa do site. Navegue por todas as p\u00e1ginas do nosso site! DeliveryAlgarve.com[:fr]Plan du site. Parcourez toutes les pages de notre site Web! DeliveryAlgarve.com[:es]Mapa del sitio. \u00a1Navega por todas las p\u00e1ginas de nuestro sitio web! EntregaAlgarve.com[:]\",\"isPartOf\":{\"@id\":\"https:\\\/\\\/deliveryalgarve.com\\\/es\\\/#website\"},\"primaryImageOfPage\":{\"@id\":\"https:\\\/\\\/deliveryalgarve.com\\\/es\\\/mapa-del-sitio\\\/#primaryimage\"},\"image\":{\"@id\":\"https:\\\/\\\/deliveryalgarve.com\\\/es\\\/mapa-del-sitio\\\/#primaryimage\"},\"thumbnailUrl\":\"https:\\\/\\\/deliveryalgarve.com\\\/wp-content\\\/uploads\\\/2020\\\/12\\\/Sitemap-DeliveryAlgarve-OG01.jpg\",\"datePublished\":\"2020-10-27T11:15:09+00:00\",\"dateModified\":\"2024-01-07T12:49:04+00:00\",\"description\":\"{:en}Sitemap.\u00a0 Browse the pages of our website!\u00a0 You should find everything you need, but if not, just contact us! DeliveryAlgarve.com{:pt}Mapa do site. Navegue pelas p\u00e1ginas do nosso site! Voc\u00ea deve encontrar tudo que precisa, mas se n\u00e3o, entre em contato conosco! DeliveryAlgarve.com{:fr}Plan du site. Parcourez les pages de notre site Web! Vous devriez trouver tout ce dont vous avez besoin, mais sinon, contactez-nous! DeliveryAlgarve.com{:es}Mapa del sitio. \u00a1Navega por las p\u00e1ginas de nuestro sitio web! Deber\u00eda encontrar todo lo que necesita, pero si no, \u00a1cont\u00e1ctenos! EntregaAlgarve.com{:}\",\"breadcrumb\":{\"@id\":\"https:\\\/\\\/deliveryalgarve.com\\\/es\\\/mapa-del-sitio\\\/#breadcrumb\"},\"inLanguage\":\"es\",\"potentialAction\":[{\"@type\":\"ReadAction\",\"target\":[\"https:\\\/\\\/deliveryalgarve.com\\\/es\\\/mapa-del-sitio\\\/\"]}]},{\"@type\":\"ImageObject\",\"inLanguage\":\"es\",\"@id\":\"https:\\\/\\\/deliveryalgarve.com\\\/es\\\/mapa-del-sitio\\\/#primaryimage\",\"url\":\"https:\\\/\\\/deliveryalgarve.com\\\/wp-content\\\/uploads\\\/2020\\\/12\\\/Sitemap-DeliveryAlgarve-OG01.jpg\",\"contentUrl\":\"https:\\\/\\\/deliveryalgarve.com\\\/wp-content\\\/uploads\\\/2020\\\/12\\\/Sitemap-DeliveryAlgarve-OG01.jpg\"},{\"@type\":\"BreadcrumbList\",\"@id\":\"https:\\\/\\\/deliveryalgarve.com\\\/es\\\/mapa-del-sitio\\\/#breadcrumb\",\"itemListElement\":[{\"@type\":\"ListItem\",\"position\":1,\"name\":\"Home\",\"item\":\"https:\\\/\\\/deliveryalgarve.com\\\/\"},{\"@type\":\"ListItem\",\"position\":2,\"name\":\"Mapa del Sitio\"}]},{\"@type\":\"WebSite\",\"@id\":\"https:\\\/\\\/deliveryalgarve.com\\\/es\\\/#website\",\"url\":\"https:\\\/\\\/deliveryalgarve.com\\\/es\\\/\",\"name\":\"DeliveryAlgarve.com\",\"description\":\"Mudanzas y Almacenamiento, Irlanda, Portugal y Espa\u00f1a.\",\"publisher\":{\"@id\":\"https:\\\/\\\/deliveryalgarve.com\\\/es\\\/#organization\"},\"potentialAction\":[{\"@type\":\"SearchAction\",\"target\":{\"@type\":\"EntryPoint\",\"urlTemplate\":\"https:\\\/\\\/deliveryalgarve.com\\\/es\\\/?s={search_term_string}\"},\"query-input\":{\"@type\":\"PropertyValueSpecification\",\"valueRequired\":true,\"valueName\":\"search_term_string\"}}],\"inLanguage\":\"es\"},{\"@type\":\"Organization\",\"@id\":\"https:\\\/\\\/deliveryalgarve.com\\\/es\\\/#organization\",\"name\":\"DeliveryAlgarve.com\",\"url\":\"https:\\\/\\\/deliveryalgarve.com\\\/es\\\/\",\"logo\":{\"@type\":\"ImageObject\",\"inLanguage\":\"es\",\"@id\":\"https:\\\/\\\/deliveryalgarve.com\\\/es\\\/#\\\/schema\\\/logo\\\/image\\\/\",\"url\":\"https:\\\/\\\/deliveryalgarve.com\\\/wp-content\\\/uploads\\\/2020\\\/10\\\/cropped-DeliveryAlgarveLogo01.jpg\",\"contentUrl\":\"https:\\\/\\\/deliveryalgarve.com\\\/wp-content\\\/uploads\\\/2020\\\/10\\\/cropped-DeliveryAlgarveLogo01.jpg\",\"width\":240,\"height\":240,\"caption\":\"DeliveryAlgarve.com\"},\"image\":{\"@id\":\"https:\\\/\\\/deliveryalgarve.com\\\/es\\\/#\\\/schema\\\/logo\\\/image\\\/\"}}]}<\/script>\n<!-- \/ Yoast SEO plugin. -->","yoast_head_json":{"title":"Mapa del sitio. \u00a1Navega por todas las p\u00e1ginas de nuestro sitio web! EntregaAlgarve.com","description":"Mapa del sitio. \u00a1Navega por las p\u00e1ginas de nuestro sitio web! Deber\u00eda encontrar todo lo que necesita, pero si no, \u00a1cont\u00e1ctenos! EntregaAlgarve.com","robots":{"index":"index","follow":"follow","max-snippet":"max-snippet:-1","max-image-preview":"max-image-preview:large","max-video-preview":"max-video-preview:-1"},"canonical":"https:\/\/deliveryalgarve.com\/es\/mapa-del-sitio\/","og_locale":"es_ES","og_type":"article","og_title":"[:en]Sitemap.\u00a0 Browse all the pages of our website! DeliveryAlgarve.com[:pt]Mapa do site. Navegue por todas as p\u00e1ginas do nosso site! DeliveryAlgarve.com[:fr]Plan du site. Parcourez toutes les pages de notre site Web! DeliveryAlgarve.com[:es]Mapa del sitio. \u00a1Navega por todas las p\u00e1ginas de nuestro sitio web! EntregaAlgarve.com[:]","og_description":"{:en}Sitemap.\u00a0 Browse the pages of our website!\u00a0 You should find everything you need, but if not, just contact us! DeliveryAlgarve.com{:pt}Mapa do site. Navegue pelas p\u00e1ginas do nosso site! Voc\u00ea deve encontrar tudo que precisa, mas se n\u00e3o, entre em contato conosco! DeliveryAlgarve.com{:fr}Plan du site. Parcourez les pages de notre site Web! Vous devriez trouver tout ce dont vous avez besoin, mais sinon, contactez-nous! DeliveryAlgarve.com{:es}Mapa del sitio. \u00a1Navega por las p\u00e1ginas de nuestro sitio web! Deber\u00eda encontrar todo lo que necesita, pero si no, \u00a1cont\u00e1ctenos! EntregaAlgarve.com{:}","og_url":"https:\/\/deliveryalgarve.com\/es\/mapa-del-sitio\/","og_site_name":"DeliveryAlgarve.com","article_modified_time":"2024-01-07T12:49:04+00:00","og_image":[{"url":"https:\/\/deliveryalgarve.com\/wp-content\/uploads\/2020\/12\/Sitemap-DeliveryAlgarve-OG01.jpg","type":"","width":"","height":""}],"twitter_card":"summary_large_image","twitter_misc":{"Tiempo de lectura":"1 minuto"},"schema":{"@context":"https:\/\/schema.org","@graph":[{"@type":"WebPage","@id":"https:\/\/deliveryalgarve.com\/es\/mapa-del-sitio\/","url":"https:\/\/deliveryalgarve.com\/es\/mapa-del-sitio\/","name":"[:en]Sitemap.\u00a0 Browse all the pages of our website! DeliveryAlgarve.com[:pt]Mapa do site. Navegue por todas as p\u00e1ginas do nosso site! DeliveryAlgarve.com[:fr]Plan du site. Parcourez toutes les pages de notre site Web! DeliveryAlgarve.com[:es]Mapa del sitio. \u00a1Navega por todas las p\u00e1ginas de nuestro sitio web! EntregaAlgarve.com[:]","isPartOf":{"@id":"https:\/\/deliveryalgarve.com\/es\/#website"},"primaryImageOfPage":{"@id":"https:\/\/deliveryalgarve.com\/es\/mapa-del-sitio\/#primaryimage"},"image":{"@id":"https:\/\/deliveryalgarve.com\/es\/mapa-del-sitio\/#primaryimage"},"thumbnailUrl":"https:\/\/deliveryalgarve.com\/wp-content\/uploads\/2020\/12\/Sitemap-DeliveryAlgarve-OG01.jpg","datePublished":"2020-10-27T11:15:09+00:00","dateModified":"2024-01-07T12:49:04+00:00","description":"{:en}Sitemap.\u00a0 Browse the pages of our website!\u00a0 You should find everything you need, but if not, just contact us! DeliveryAlgarve.com{:pt}Mapa do site. Navegue pelas p\u00e1ginas do nosso site! Voc\u00ea deve encontrar tudo que precisa, mas se n\u00e3o, entre em contato conosco! DeliveryAlgarve.com{:fr}Plan du site. Parcourez les pages de notre site Web! Vous devriez trouver tout ce dont vous avez besoin, mais sinon, contactez-nous! DeliveryAlgarve.com{:es}Mapa del sitio. \u00a1Navega por las p\u00e1ginas de nuestro sitio web! Deber\u00eda encontrar todo lo que necesita, pero si no, \u00a1cont\u00e1ctenos! EntregaAlgarve.com{:}","breadcrumb":{"@id":"https:\/\/deliveryalgarve.com\/es\/mapa-del-sitio\/#breadcrumb"},"inLanguage":"es","potentialAction":[{"@type":"ReadAction","target":["https:\/\/deliveryalgarve.com\/es\/mapa-del-sitio\/"]}]},{"@type":"ImageObject","inLanguage":"es","@id":"https:\/\/deliveryalgarve.com\/es\/mapa-del-sitio\/#primaryimage","url":"https:\/\/deliveryalgarve.com\/wp-content\/uploads\/2020\/12\/Sitemap-DeliveryAlgarve-OG01.jpg","contentUrl":"https:\/\/deliveryalgarve.com\/wp-content\/uploads\/2020\/12\/Sitemap-DeliveryAlgarve-OG01.jpg"},{"@type":"BreadcrumbList","@id":"https:\/\/deliveryalgarve.com\/es\/mapa-del-sitio\/#breadcrumb","itemListElement":[{"@type":"ListItem","position":1,"name":"Home","item":"https:\/\/deliveryalgarve.com\/"},{"@type":"ListItem","position":2,"name":"Mapa del Sitio"}]},{"@type":"WebSite","@id":"https:\/\/deliveryalgarve.com\/es\/#website","url":"https:\/\/deliveryalgarve.com\/es\/","name":"DeliveryAlgarve.com","description":"Mudanzas y Almacenamiento, Irlanda, Portugal y Espa\u00f1a.","publisher":{"@id":"https:\/\/deliveryalgarve.com\/es\/#organization"},"potentialAction":[{"@type":"SearchAction","target":{"@type":"EntryPoint","urlTemplate":"https:\/\/deliveryalgarve.com\/es\/?s={search_term_string}"},"query-input":{"@type":"PropertyValueSpecification","valueRequired":true,"valueName":"search_term_string"}}],"inLanguage":"es"},{"@type":"Organization","@id":"https:\/\/deliveryalgarve.com\/es\/#organization","name":"DeliveryAlgarve.com","url":"https:\/\/deliveryalgarve.com\/es\/","logo":{"@type":"ImageObject","inLanguage":"es","@id":"https:\/\/deliveryalgarve.com\/es\/#\/schema\/logo\/image\/","url":"https:\/\/deliveryalgarve.com\/wp-content\/uploads\/2020\/10\/cropped-DeliveryAlgarveLogo01.jpg","contentUrl":"https:\/\/deliveryalgarve.com\/wp-content\/uploads\/2020\/10\/cropped-DeliveryAlgarveLogo01.jpg","width":240,"height":240,"caption":"DeliveryAlgarve.com"},"image":{"@id":"https:\/\/deliveryalgarve.com\/es\/#\/schema\/logo\/image\/"}}]}},"_links":{"self":[{"href":"https:\/\/deliveryalgarve.com\/es\/wp-json\/wp\/v2\/pages\/168","targetHints":{"allow":["GET"]}}],"collection":[{"href":"https:\/\/deliveryalgarve.com\/es\/wp-json\/wp\/v2\/pages"}],"about":[{"href":"https:\/\/deliveryalgarve.com\/es\/wp-json\/wp\/v2\/types\/page"}],"author":[{"embeddable":true,"href":"https:\/\/deliveryalgarve.com\/es\/wp-json\/wp\/v2\/users\/1"}],"replies":[{"embeddable":true,"href":"https:\/\/deliveryalgarve.com\/es\/wp-json\/wp\/v2\/comments?post=168"}],"version-history":[{"count":12,"href":"https:\/\/deliveryalgarve.com\/es\/wp-json\/wp\/v2\/pages\/168\/revisions"}],"predecessor-version":[{"id":455,"href":"https:\/\/deliveryalgarve.com\/es\/wp-json\/wp\/v2\/pages\/168\/revisions\/455"}],"wp:attachment":[{"href":"https:\/\/deliveryalgarve.com\/es\/wp-json\/wp\/v2\/media?parent=168"}],"curies":[{"name":"wp","href":"https:\/\/api.w.org\/{rel}","templated":true}]}}