{"id":20,"date":"2020-09-23T10:31:23","date_gmt":"2020-09-23T10:31:23","guid":{"rendered":"https:\/\/deliveryalgarve.com\/?page_id=20"},"modified":"2024-04-08T16:20:03","modified_gmt":"2024-04-08T16:20:03","slug":"international-removals","status":"publish","type":"page","link":"https:\/\/deliveryalgarve.com\/es\/mudanzas-internacionales\/","title":{"rendered":"Mudanzas Internacionales"},"content":{"rendered":"<p><strong>En Delivery Algarve, podemos ofrecer cotizaciones particularmente competitivas para sus mudanzas y almacenamiento, para que pueda comenzar a moverse en cualquier momento, sabiendo que est\u00e1 en buenas manos. Al mismo tiempo, puede planificar su tarea de mudanza internacional con meses de anticipaci\u00f3n. Nos complace trabajar con su horario y siempre estamos listos para entrar en acci\u00f3n.<\/strong><\/p>\r\n<p>\r\n\r\n<\/p>\r\n<h2 class=\"wp-block-heading\">Mudanzas Internacionales con un Transportista Confiable<\/h2>\r\n<p>\r\n\r\n<\/p>\r\n<p>\u00a1Perm\u00edtanos ayudarlo a prepararse para una mudanza sin problemas y exitosa! Ya sea que se mude del Reino Unido a Europa o de regreso, lo acompa\u00f1amos desde la salida hasta la llegada. Nuestra red de recursos locales nos permite brindar servicios de la m\u00e1s alta calidad de principio a fin.<\/p>\r\n<p><em>Disfrute de la tranquilidad de su mudanza europea con DeliveryAlgarve.com.<\/em><\/p>\r\n\n<div class=\"wpcf7 no-js\" id=\"wpcf7-f112-o4\" lang=\"en-US\" dir=\"ltr\" data-wpcf7-id=\"112\">\n<div class=\"screen-reader-response\"><p role=\"status\" aria-live=\"polite\" aria-atomic=\"true\"><\/p> <ul><\/ul><\/div>\n<form action=\"\/es\/wp-json\/wp\/v2\/pages\/20#wpcf7-f112-o4\" method=\"post\" class=\"wpcf7-form init\" aria-label=\"Contact form\" novalidate=\"novalidate\" data-status=\"init\">\n<fieldset class=\"hidden-fields-container\"><input type=\"hidden\" name=\"_wpcf7\" value=\"112\" \/><input type=\"hidden\" name=\"_wpcf7_version\" value=\"6.1.5\" \/><input type=\"hidden\" name=\"_wpcf7_locale\" value=\"en_US\" \/><input type=\"hidden\" name=\"_wpcf7_unit_tag\" value=\"wpcf7-f112-o4\" \/><input type=\"hidden\" name=\"_wpcf7_container_post\" value=\"0\" \/><input type=\"hidden\" name=\"_wpcf7_posted_data_hash\" value=\"\" \/>\n<\/fieldset>\n<div id=\"quote\">\n\t<h3>Cotizaci\u00f3n Mudanzas\n\t<\/h3>\n\t<p>\u00a1Cu\u00e9ntenos un poco sobre sus necesidades de mudanzas y nos pondremos en contacto con usted!\n\t<\/p>\n\t<p><span class=\"wpcf7-form-control-wrap\" data-name=\"daq-name\"><input size=\"40\" maxlength=\"400\" class=\"wpcf7-form-control wpcf7-text wpcf7-validates-as-required daq\" aria-required=\"true\" aria-invalid=\"false\" placeholder=\"su nombre\" value=\"\" type=\"text\" name=\"daq-name\" \/><\/span><br \/>\n<span class=\"wpcf7-form-control-wrap\" data-name=\"daq-email\"><input size=\"40\" maxlength=\"400\" class=\"wpcf7-form-control wpcf7-email wpcf7-validates-as-required wpcf7-text wpcf7-validates-as-email daq\" aria-required=\"true\" aria-invalid=\"false\" placeholder=\"su direcci\u00f3n de correo electr\u00f3nico\" value=\"\" type=\"email\" name=\"daq-email\" \/><\/span><br \/>\n<span class=\"wpcf7-form-control-wrap\" data-name=\"daq-phone\"><input size=\"40\" maxlength=\"400\" class=\"wpcf7-form-control wpcf7-tel wpcf7-text wpcf7-validates-as-tel daq\" aria-invalid=\"false\" placeholder=\"su n\u00famero de tel\u00e9fono\" value=\"\" type=\"tel\" name=\"daq-phone\" \/><\/span><br \/>\n<span class=\"wpcf7-form-control-wrap\" data-name=\"daq-from\"><input size=\"40\" maxlength=\"400\" class=\"wpcf7-form-control wpcf7-text wpcf7-validates-as-required daq\" aria-required=\"true\" aria-invalid=\"false\" placeholder=\"recogida desde (incluya un c\u00f3digo postal y un pa\u00eds)\" value=\"\" type=\"text\" name=\"daq-from\" \/><\/span><br \/>\n<span class=\"wpcf7-form-control-wrap\" data-name=\"daq-to\"><input size=\"40\" maxlength=\"400\" class=\"wpcf7-form-control wpcf7-text wpcf7-validates-as-required daq\" aria-required=\"true\" aria-invalid=\"false\" placeholder=\"entrega a (como arriba)\" value=\"\" type=\"text\" name=\"daq-to\" \/><\/span><br \/>\n<span class=\"wpcf7-form-control-wrap\" data-name=\"daq-date\"><input size=\"40\" maxlength=\"400\" class=\"wpcf7-form-control wpcf7-text wpcf7-validates-as-required daq\" aria-required=\"true\" aria-invalid=\"false\" placeholder=\"fecha aproximada requerida\" value=\"\" type=\"text\" name=\"daq-date\" \/><\/span><br \/>\n<span class=\"wpcf7-form-control-wrap\" data-name=\"daq-types\"><span class=\"wpcf7-form-control wpcf7-checkbox daq\"><span class=\"wpcf7-list-item first\"><label><input type=\"checkbox\" name=\"daq-types[]\" value=\"Mudanzas Generales y Dom\u00e9sticas\" \/><span class=\"wpcf7-list-item-label\">Mudanzas Generales y Dom\u00e9sticas<\/span><\/label><\/span><span class=\"wpcf7-list-item\"><label><input type=\"checkbox\" name=\"daq-types[]\" value=\"Equipamiento comercial\" \/><span class=\"wpcf7-list-item-label\">Equipamiento comercial<\/span><\/label><\/span><span class=\"wpcf7-list-item\"><label><input type=\"checkbox\" name=\"daq-types[]\" value=\"Coche, Barco, etc\" \/><span class=\"wpcf7-list-item-label\">Coche, Barco, etc<\/span><\/label><\/span><span class=\"wpcf7-list-item last\"><label><input type=\"checkbox\" name=\"daq-types[]\" value=\"Moto(s)\" \/><span class=\"wpcf7-list-item-label\">Moto(s)<\/span><\/label><\/span><\/span><\/span><br \/>\n<span class=\"wpcf7-form-control-wrap\" data-name=\"daq-message\"><textarea cols=\"40\" rows=\"10\" maxlength=\"2000\" class=\"wpcf7-form-control wpcf7-textarea daq\" aria-invalid=\"false\" placeholder=\"cualquier otro detalle. \u00a1Cuanto m\u00e1s nos digas, m\u00e1s podremos ayudarte!\" name=\"daq-message\"><\/textarea><\/span><br \/>\n<span class=\"wpcf7-form-control-wrap\" data-name=\"capital-quiz\"><label><span class=\"wpcf7-quiz-label\">Para detener a los spammers... \u00bfPodr\u00eda decirnos cu\u00e1l es el n\u00famero m\u00e1s grande... 3 o 4?<\/span> <input size=\"40\" class=\"wpcf7-form-control wpcf7-quiz\" autocomplete=\"off\" aria-required=\"true\" aria-invalid=\"false\" type=\"text\" name=\"capital-quiz\" \/><\/label><input type=\"hidden\" name=\"_wpcf7_quiz_answer_capital-quiz\" value=\"6418842b41c066b6827ae3c56282a02a\" \/><\/span><br \/>\n<input class=\"wpcf7-form-control wpcf7-submit has-spinner daq\" type=\"submit\" value=\"\u00a1Haz clic para enviar!\" \/>\n\t<\/p>\n<\/div><div class=\"wpcf7-response-output\" aria-hidden=\"true\"><\/div>\n<\/form>\n<\/div>\n\r\n<p>\r\n\r\n<\/p>\r\n<h3 class=\"wp-block-heading\">Mudanzas internacionales confiables entre el Reino Unido y Portugal<\/h3>\r\n<p>Podemos transportar sus enseres dom\u00e9sticos y veh\u00edculos juntos de una sola vez. Actualmente transportamos contenedores y veh\u00edculos entre el Reino Unido y Portugal. Con nuestros socios en Cars-Go-Transport.com, enviamos cualquier cosa, desde autos cl\u00e1sicos, 4&#215;4, motocicletas, bicicletas todoterreno, motos acu\u00e1ticas, botes peque\u00f1os, cuatriciclos, bicicletas de carretera, MPV y camionetas.<\/p>\r\n<h3>Mudanzas Europeas<\/h3>\r\n<p>Ya sea que se traslade a Europa por un nuevo trabajo, para comenzar una nueva vida en otro pa\u00eds o para disfrutar de su jubilaci\u00f3n, DeliveryAlgarve.com tiene la experiencia y los conocimientos locales para encargarse de todo el proceso de mudanza.<\/p>\r\n<p>DeliveryAlgarve.com es una empresa especializada en mudanzas del Reino Unido\/Portugal y puede proporcionar soluciones de almacenamiento local en el Algarve o el noroeste de Inglaterra, cuando sea necesario.<\/p>\r\n<p>Si est\u00e1s pensando en dar el gran paso hacia Europa, \u00a1o volver! &#8211; entonces h\u00e1blanos!<\/p>\r\n\r\n<p>&nbsp;<\/p>","protected":false},"excerpt":{"rendered":"<p class=\"qtranxs-available-languages-message qtranxs-available-languages-message-es\">Disculpa, pero esta entrada est\u00e1 disponible s\u00f3lo en <a href=\"https:\/\/deliveryalgarve.com\/en\/wp-json\/wp\/v2\/pages\/20\" class=\"qtranxs-available-language-link qtranxs-available-language-link-en\" title=\"English\">English<\/a>, <a href=\"https:\/\/deliveryalgarve.com\/pt\/wp-json\/wp\/v2\/pages\/20\" class=\"qtranxs-available-language-link qtranxs-available-language-link-pt\" title=\"Portugu\u00eas\">Portugu\u00eas<\/a> y <a href=\"https:\/\/deliveryalgarve.com\/fr\/wp-json\/wp\/v2\/pages\/20\" class=\"qtranxs-available-language-link qtranxs-available-language-link-fr\" title=\"Fran\u00e7ais\">Fran\u00e7ais<\/a>.<\/p>\n","protected":false},"author":1,"featured_media":0,"parent":0,"menu_order":10,"comment_status":"closed","ping_status":"closed","template":"","meta":{"footnotes":""},"class_list":["post-20","page","type-page","status-publish","hentry"],"yoast_head":"<!-- This site is optimized with the Yoast SEO plugin v27.5 - https:\/\/yoast.com\/product\/yoast-seo-wordpress\/ -->\n<title>(English) International Removals. Transport Services, United Kingdom &amp; Europe.<\/title>\n<meta name=\"description\" content=\"(English) International Removals between the United Kingdom and Portugal. A reliable and cost-effective international removals service.\" \/>\n<meta name=\"robots\" content=\"index, follow, max-snippet:-1, max-image-preview:large, max-video-preview:-1\" \/>\n<link rel=\"canonical\" href=\"https:\/\/deliveryalgarve.com\/es\/mudanzas-internacionales\/\" \/>\n<meta property=\"og:locale\" content=\"es_ES\" \/>\n<meta property=\"og:type\" content=\"article\" \/>\n<meta property=\"og:title\" content=\"[:en]International Removals. Transport Services, United Kingdom &amp; Europe.[:pt]Remo\u00e7\u00f5es internacionais. Servi\u00e7os de transporte, Reino Unido e Europa.[:fr]D\u00e9m\u00e9nagements internationaux. Services de transport, Royaume-Uni et Europe.[:]\" \/>\n<meta property=\"og:description\" content=\"{:en}International Removals between the United Kingdom and Portugal. A reliable and cost-effective international removals service.{:pt}Mudan\u00e7as internacionais entre o Reino Unido e Portugal. Um servi\u00e7o de mudan\u00e7as internacionais confi\u00e1vel e de baixo custo.{:fr}D\u00e9m\u00e9nagements internationaux entre le Royaume-Uni et le Portugal. Un service de d\u00e9m\u00e9nagement international fiable et \u00e9conomique.{:}\" \/>\n<meta property=\"og:url\" content=\"https:\/\/deliveryalgarve.com\/es\/mudanzas-internacionales\/\" \/>\n<meta property=\"og:site_name\" content=\"DeliveryAlgarve.com\" \/>\n<meta property=\"article:modified_time\" content=\"2024-04-08T16:20:03+00:00\" \/>\n<meta name=\"twitter:card\" content=\"summary_large_image\" \/>\n<meta name=\"twitter:label1\" content=\"Tiempo de lectura\" \/>\n\t<meta name=\"twitter:data1\" content=\"2 minutos\" \/>\n<script type=\"application\/ld+json\" class=\"yoast-schema-graph\">{\"@context\":\"https:\\\/\\\/schema.org\",\"@graph\":[{\"@type\":\"WebPage\",\"@id\":\"https:\\\/\\\/deliveryalgarve.com\\\/es\\\/mudanzas-internacionales\\\/\",\"url\":\"https:\\\/\\\/deliveryalgarve.com\\\/es\\\/mudanzas-internacionales\\\/\",\"name\":\"[:en]International Removals. Transport Services, United Kingdom & Europe.[:pt]Remo\u00e7\u00f5es internacionais. Servi\u00e7os de transporte, Reino Unido e Europa.[:fr]D\u00e9m\u00e9nagements internationaux. Services de transport, Royaume-Uni et Europe.[:]\",\"isPartOf\":{\"@id\":\"https:\\\/\\\/deliveryalgarve.com\\\/es\\\/#website\"},\"datePublished\":\"2020-09-23T10:31:23+00:00\",\"dateModified\":\"2024-04-08T16:20:03+00:00\",\"description\":\"{:en}International Removals between the United Kingdom and Portugal. A reliable and cost-effective international removals service.{:pt}Mudan\u00e7as internacionais entre o Reino Unido e Portugal. Um servi\u00e7o de mudan\u00e7as internacionais confi\u00e1vel e de baixo custo.{:fr}D\u00e9m\u00e9nagements internationaux entre le Royaume-Uni et le Portugal. Un service de d\u00e9m\u00e9nagement international fiable et \u00e9conomique.{:}\",\"breadcrumb\":{\"@id\":\"https:\\\/\\\/deliveryalgarve.com\\\/es\\\/mudanzas-internacionales\\\/#breadcrumb\"},\"inLanguage\":\"es\",\"potentialAction\":[{\"@type\":\"ReadAction\",\"target\":[\"https:\\\/\\\/deliveryalgarve.com\\\/es\\\/mudanzas-internacionales\\\/\"]}]},{\"@type\":\"BreadcrumbList\",\"@id\":\"https:\\\/\\\/deliveryalgarve.com\\\/es\\\/mudanzas-internacionales\\\/#breadcrumb\",\"itemListElement\":[{\"@type\":\"ListItem\",\"position\":1,\"name\":\"Home\",\"item\":\"https:\\\/\\\/deliveryalgarve.com\\\/\"},{\"@type\":\"ListItem\",\"position\":2,\"name\":\"Mudanzas Internacionales\"}]},{\"@type\":\"WebSite\",\"@id\":\"https:\\\/\\\/deliveryalgarve.com\\\/es\\\/#website\",\"url\":\"https:\\\/\\\/deliveryalgarve.com\\\/es\\\/\",\"name\":\"DeliveryAlgarve.com\",\"description\":\"Mudanzas y Almacenamiento, Irlanda, Portugal y Espa\u00f1a.\",\"publisher\":{\"@id\":\"https:\\\/\\\/deliveryalgarve.com\\\/es\\\/#organization\"},\"potentialAction\":[{\"@type\":\"SearchAction\",\"target\":{\"@type\":\"EntryPoint\",\"urlTemplate\":\"https:\\\/\\\/deliveryalgarve.com\\\/es\\\/?s={search_term_string}\"},\"query-input\":{\"@type\":\"PropertyValueSpecification\",\"valueRequired\":true,\"valueName\":\"search_term_string\"}}],\"inLanguage\":\"es\"},{\"@type\":\"Organization\",\"@id\":\"https:\\\/\\\/deliveryalgarve.com\\\/es\\\/#organization\",\"name\":\"DeliveryAlgarve.com\",\"url\":\"https:\\\/\\\/deliveryalgarve.com\\\/es\\\/\",\"logo\":{\"@type\":\"ImageObject\",\"inLanguage\":\"es\",\"@id\":\"https:\\\/\\\/deliveryalgarve.com\\\/es\\\/#\\\/schema\\\/logo\\\/image\\\/\",\"url\":\"https:\\\/\\\/deliveryalgarve.com\\\/wp-content\\\/uploads\\\/2020\\\/10\\\/cropped-DeliveryAlgarveLogo01.jpg\",\"contentUrl\":\"https:\\\/\\\/deliveryalgarve.com\\\/wp-content\\\/uploads\\\/2020\\\/10\\\/cropped-DeliveryAlgarveLogo01.jpg\",\"width\":240,\"height\":240,\"caption\":\"DeliveryAlgarve.com\"},\"image\":{\"@id\":\"https:\\\/\\\/deliveryalgarve.com\\\/es\\\/#\\\/schema\\\/logo\\\/image\\\/\"}}]}<\/script>\n<!-- \/ Yoast SEO plugin. -->","yoast_head_json":{"title":"(English) International Removals. Transport Services, United Kingdom & Europe.","description":"(English) International Removals between the United Kingdom and Portugal. A reliable and cost-effective international removals service.","robots":{"index":"index","follow":"follow","max-snippet":"max-snippet:-1","max-image-preview":"max-image-preview:large","max-video-preview":"max-video-preview:-1"},"canonical":"https:\/\/deliveryalgarve.com\/es\/mudanzas-internacionales\/","og_locale":"es_ES","og_type":"article","og_title":"[:en]International Removals. Transport Services, United Kingdom & Europe.[:pt]Remo\u00e7\u00f5es internacionais. Servi\u00e7os de transporte, Reino Unido e Europa.[:fr]D\u00e9m\u00e9nagements internationaux. Services de transport, Royaume-Uni et Europe.[:]","og_description":"{:en}International Removals between the United Kingdom and Portugal. A reliable and cost-effective international removals service.{:pt}Mudan\u00e7as internacionais entre o Reino Unido e Portugal. Um servi\u00e7o de mudan\u00e7as internacionais confi\u00e1vel e de baixo custo.{:fr}D\u00e9m\u00e9nagements internationaux entre le Royaume-Uni et le Portugal. Un service de d\u00e9m\u00e9nagement international fiable et \u00e9conomique.{:}","og_url":"https:\/\/deliveryalgarve.com\/es\/mudanzas-internacionales\/","og_site_name":"DeliveryAlgarve.com","article_modified_time":"2024-04-08T16:20:03+00:00","twitter_card":"summary_large_image","twitter_misc":{"Tiempo de lectura":"2 minutos"},"schema":{"@context":"https:\/\/schema.org","@graph":[{"@type":"WebPage","@id":"https:\/\/deliveryalgarve.com\/es\/mudanzas-internacionales\/","url":"https:\/\/deliveryalgarve.com\/es\/mudanzas-internacionales\/","name":"[:en]International Removals. Transport Services, United Kingdom & Europe.[:pt]Remo\u00e7\u00f5es internacionais. Servi\u00e7os de transporte, Reino Unido e Europa.[:fr]D\u00e9m\u00e9nagements internationaux. Services de transport, Royaume-Uni et Europe.[:]","isPartOf":{"@id":"https:\/\/deliveryalgarve.com\/es\/#website"},"datePublished":"2020-09-23T10:31:23+00:00","dateModified":"2024-04-08T16:20:03+00:00","description":"{:en}International Removals between the United Kingdom and Portugal. A reliable and cost-effective international removals service.{:pt}Mudan\u00e7as internacionais entre o Reino Unido e Portugal. Um servi\u00e7o de mudan\u00e7as internacionais confi\u00e1vel e de baixo custo.{:fr}D\u00e9m\u00e9nagements internationaux entre le Royaume-Uni et le Portugal. Un service de d\u00e9m\u00e9nagement international fiable et \u00e9conomique.{:}","breadcrumb":{"@id":"https:\/\/deliveryalgarve.com\/es\/mudanzas-internacionales\/#breadcrumb"},"inLanguage":"es","potentialAction":[{"@type":"ReadAction","target":["https:\/\/deliveryalgarve.com\/es\/mudanzas-internacionales\/"]}]},{"@type":"BreadcrumbList","@id":"https:\/\/deliveryalgarve.com\/es\/mudanzas-internacionales\/#breadcrumb","itemListElement":[{"@type":"ListItem","position":1,"name":"Home","item":"https:\/\/deliveryalgarve.com\/"},{"@type":"ListItem","position":2,"name":"Mudanzas Internacionales"}]},{"@type":"WebSite","@id":"https:\/\/deliveryalgarve.com\/es\/#website","url":"https:\/\/deliveryalgarve.com\/es\/","name":"DeliveryAlgarve.com","description":"Mudanzas y Almacenamiento, Irlanda, Portugal y Espa\u00f1a.","publisher":{"@id":"https:\/\/deliveryalgarve.com\/es\/#organization"},"potentialAction":[{"@type":"SearchAction","target":{"@type":"EntryPoint","urlTemplate":"https:\/\/deliveryalgarve.com\/es\/?s={search_term_string}"},"query-input":{"@type":"PropertyValueSpecification","valueRequired":true,"valueName":"search_term_string"}}],"inLanguage":"es"},{"@type":"Organization","@id":"https:\/\/deliveryalgarve.com\/es\/#organization","name":"DeliveryAlgarve.com","url":"https:\/\/deliveryalgarve.com\/es\/","logo":{"@type":"ImageObject","inLanguage":"es","@id":"https:\/\/deliveryalgarve.com\/es\/#\/schema\/logo\/image\/","url":"https:\/\/deliveryalgarve.com\/wp-content\/uploads\/2020\/10\/cropped-DeliveryAlgarveLogo01.jpg","contentUrl":"https:\/\/deliveryalgarve.com\/wp-content\/uploads\/2020\/10\/cropped-DeliveryAlgarveLogo01.jpg","width":240,"height":240,"caption":"DeliveryAlgarve.com"},"image":{"@id":"https:\/\/deliveryalgarve.com\/es\/#\/schema\/logo\/image\/"}}]}},"_links":{"self":[{"href":"https:\/\/deliveryalgarve.com\/es\/wp-json\/wp\/v2\/pages\/20","targetHints":{"allow":["GET"]}}],"collection":[{"href":"https:\/\/deliveryalgarve.com\/es\/wp-json\/wp\/v2\/pages"}],"about":[{"href":"https:\/\/deliveryalgarve.com\/es\/wp-json\/wp\/v2\/types\/page"}],"author":[{"embeddable":true,"href":"https:\/\/deliveryalgarve.com\/es\/wp-json\/wp\/v2\/users\/1"}],"replies":[{"embeddable":true,"href":"https:\/\/deliveryalgarve.com\/es\/wp-json\/wp\/v2\/comments?post=20"}],"version-history":[{"count":14,"href":"https:\/\/deliveryalgarve.com\/es\/wp-json\/wp\/v2\/pages\/20\/revisions"}],"predecessor-version":[{"id":488,"href":"https:\/\/deliveryalgarve.com\/es\/wp-json\/wp\/v2\/pages\/20\/revisions\/488"}],"wp:attachment":[{"href":"https:\/\/deliveryalgarve.com\/es\/wp-json\/wp\/v2\/media?parent=20"}],"curies":[{"name":"wp","href":"https:\/\/api.w.org\/{rel}","templated":true}]}}