{"id":26,"date":"2020-09-23T11:10:03","date_gmt":"2020-09-23T11:10:03","guid":{"rendered":"https:\/\/deliveryalgarve.com\/?page_id=26"},"modified":"2024-04-08T16:21:40","modified_gmt":"2024-04-08T16:21:40","slug":"removals-storage-depots","status":"publish","type":"page","link":"https:\/\/deliveryalgarve.com\/es\/mudanzas-y-depositos-de-almacenamiento\/","title":{"rendered":"Mudanzas y Dep\u00f3sitos de Almacenamiento"},"content":{"rendered":"<p><strong>Mudanzas y Dep\u00f3sitos de Almacenamiento en Irlanda y Portugal. DeliveryAlgarve tiene dos bases de operaci\u00f3n para entrega, recolecci\u00f3n y almacenamiento en Dubl\u00edn, Irlanda y Loul\u00e9 en el Algarve, Portugal. Podemos almacenar sus objetos de valor de forma segura con el m\u00e1ximo cuidado y atenci\u00f3n.<\/strong><\/p>\n<figure id=\"attachment_381\" aria-describedby=\"caption-attachment-381\" style=\"width: 1200px\" class=\"wp-caption alignnone\"><img loading=\"lazy\" decoding=\"async\" class=\"wp-image-381 size-full\" src=\"https:\/\/deliveryalgarve.com\/wp-content\/uploads\/2022\/03\/Mudanzas-y-Depositos-de-Almacenamiento.jpg\" alt=\"Mudanzas y Dep\u00f3sitos de Almacenamiento\" width=\"1200\" height=\"630\" srcset=\"https:\/\/deliveryalgarve.com\/wp-content\/uploads\/2022\/03\/Mudanzas-y-Depositos-de-Almacenamiento.jpg 1200w, https:\/\/deliveryalgarve.com\/wp-content\/uploads\/2022\/03\/Mudanzas-y-Depositos-de-Almacenamiento-300x158.jpg 300w, https:\/\/deliveryalgarve.com\/wp-content\/uploads\/2022\/03\/Mudanzas-y-Depositos-de-Almacenamiento-1024x538.jpg 1024w, https:\/\/deliveryalgarve.com\/wp-content\/uploads\/2022\/03\/Mudanzas-y-Depositos-de-Almacenamiento-768x403.jpg 768w, https:\/\/deliveryalgarve.com\/wp-content\/uploads\/2022\/03\/Mudanzas-y-Depositos-de-Almacenamiento-1x1.jpg 1w\" sizes=\"auto, (max-width: 1200px) 100vw, 1200px\" \/><figcaption id=\"caption-attachment-381\" class=\"wp-caption-text\">Mudanzas y Dep\u00f3sitos de Almacenamiento<\/figcaption><\/figure>\n<h2>Mudanzas y Almacenes Irlanda y Portugal<\/h2>\n<p>Nuestro negocio principal se centra en las mudanzas entre Irlanda y Portugal y la costa sur de Espa\u00f1a, aunque podemos ofrecer servicios de mudanzas, transporte y almacenaje en otros pa\u00edses europeos. \u00a1Solo pregunta! \u00a1Nuestros dos dep\u00f3sitos principales son 100 % seguros y protegidos, lo que significa que sus valiosas pertenencias estar\u00e1n bien almacenadas, protegidas y siempre accesibles para usted!<\/p>\n<ul>\n<li><strong>Dubl\u00edn, Irlanda<\/strong><br \/>\nNuestro principal dep\u00f3sito irland\u00e9s, que da servicio a la Rep\u00fablica de Irlanda e Irlanda del Norte.<\/li>\n<li><strong>Loul\u00e9, Algarve, Portugal<\/strong><br \/>\nNuestro almac\u00e9n de Portugal, que da servicio a la costa sur de Portugal, el Algarve y Lagos, Portim\u00e3o, Albufeira, Faro y Tavira, adem\u00e1s de a lo largo de la costa sur de Espa\u00f1a hasta M\u00e1laga.<\/li>\n<\/ul>\n<p>Con la colaboraci\u00f3n de nuestra red de asociados, tambi\u00e9n podemos ofrecer los mismos servicios en Francia y Espa\u00f1a. Estos servicios ser\u00edan solo por pedido especial.<\/p>\n<h3>Servicios de transporte y almacenamiento en Irlanda y Portugal<\/h3>\n<p>DeliveryAlgarve.com opera un excelente servicio de transporte y almacenamiento con dos bases, en\u00a0Loule en el Algarve\u00a0y\u00a0Dubl\u00edn, Irlanda. Ambos dep\u00f3sitos tienen instalaciones de almacenamiento seguras y se utilizan como puntos de entrega y recogida.<\/p>\n<blockquote><p><em><strong>\u00a130 a\u00f1os de experiencia en el traslado de familias y empresas entre Irlanda y Portugal!<\/strong><\/em><\/p><\/blockquote>\n<p>Nuestros veh\u00edculos de mudanzas especializados funcionan todos los d\u00edas para ayudar a personas, familias y empresas a mudarse de casa o local entre Irlanda y Portugal.<\/p>\n<p>DeliveryAlgarve.com tiene una gran experiencia en mudanzas nacionales. Desde el principio, llevaremos a cabo su traslado europeo de manera profesional y competente.<\/p>\n<p>Sus efectos personales son muy importantes para nosotros, desde el embalaje, la carga, el transporte y la entrega de sus art\u00edculos puerta a puerta por carretera, sus valiosos art\u00edculos llegar\u00e1n de forma segura.<\/p>\n<h3>Un servicio de calidad de principio a fin<\/h3>\n<p>Todos los env\u00edos se inventarian individualmente para garantizar que todos los efectos personales se entreguen en la propiedad del cliente correcto. Este es un servicio completo puerta a puerta con desempaque, si es necesario.<\/p>\n<p><a href=\"https:\/\/www.google.com\/maps\/place\/deliveryalgarve.com\/@37.1059289,-8.0794513,17z\/data=!3m1!4b1!4m5!3m4!1s0xd1ab5a58195c0f7:0xf44238318d13c7ef!8m2!3d37.1059246!4d-8.0772626\" target=\"_blank\" rel=\"noopener noreferrer\"><em>\u00a1Encu\u00e9ntranos en Google Maps!<\/em><\/a><\/p>","protected":false},"excerpt":{"rendered":"<p class=\"qtranxs-available-languages-message qtranxs-available-languages-message-es\">Disculpa, pero esta entrada est\u00e1 disponible s\u00f3lo en <a href=\"https:\/\/deliveryalgarve.com\/en\/wp-json\/wp\/v2\/pages\/26\" class=\"qtranxs-available-language-link qtranxs-available-language-link-en\" title=\"English\">English<\/a>, <a href=\"https:\/\/deliveryalgarve.com\/pt\/wp-json\/wp\/v2\/pages\/26\" class=\"qtranxs-available-language-link qtranxs-available-language-link-pt\" title=\"Portugu\u00eas\">Portugu\u00eas<\/a> y <a href=\"https:\/\/deliveryalgarve.com\/fr\/wp-json\/wp\/v2\/pages\/26\" class=\"qtranxs-available-language-link qtranxs-available-language-link-fr\" title=\"Fran\u00e7ais\">Fran\u00e7ais<\/a>.<\/p>\n","protected":false},"author":1,"featured_media":0,"parent":0,"menu_order":60,"comment_status":"closed","ping_status":"closed","template":"","meta":{"footnotes":""},"class_list":["post-26","page","type-page","status-publish","hentry"],"yoast_head":"<!-- This site is optimized with the Yoast SEO plugin v27.3 - https:\/\/yoast.com\/product\/yoast-seo-wordpress\/ -->\n<title>Mudanzas y Dep\u00f3sitos de Almacenamiento en Irlanda y Portugal. EntregaAlgarve.com<\/title>\n<meta name=\"description\" content=\"DeliveryAlgarve.com tiene dos bases de operaciones para la entrega, recogida y almacenamiento en Dubl\u00edn, Irlanda y Loul\u00e9 en el Algarve.\" \/>\n<meta name=\"robots\" content=\"index, follow, max-snippet:-1, max-image-preview:large, max-video-preview:-1\" \/>\n<link rel=\"canonical\" href=\"https:\/\/deliveryalgarve.com\/es\/mudanzas-y-depositos-de-almacenamiento\/\" \/>\n<meta property=\"og:locale\" content=\"es_ES\" \/>\n<meta property=\"og:type\" content=\"article\" \/>\n<meta property=\"og:title\" content=\"[:en]Removals &amp; Storage Depots in Ireland &amp; Portugal.\u00a0 DeliveryAlgarve.com[:pt]Remo\u00e7\u00f5es e dep\u00f3sitos de armazenamento no Reino Unido e em Portugal. DeliveryAlgarve.com[:fr]D\u00e9m\u00e9nagements et d\u00e9p\u00f4ts de stockage au Royaume-Uni et au Portugal. LivraisonAlgarve.com[:es]Mudanzas y Dep\u00f3sitos de Almacenamiento en Irlanda y Portugal. EntregaAlgarve.com[:]\" \/>\n<meta property=\"og:description\" content=\"{:en}DeliveryAlgarve.com has two bases of operation for delivery, collection and storage in Dublin, Ireland and Loul\u00e9 in the Algarve.{:pt}DeliveryAlgarve.com tem duas bases de opera\u00e7\u00e3o para entrega, recolha e armazenamento em Salford na Grande Manchester e Loul\u00e9 no Algarve.{:fr}DeliveryAlgarve.com a deux bases d&#039;op\u00e9ration pour la livraison, la collecte et le stockage \u00e0 Salford dans le Grand Manchester et Loul\u00e9 en Algarve.{:es}DeliveryAlgarve.com tiene dos bases de operaciones para la entrega, recogida y almacenamiento en Dubl\u00edn, Irlanda y Loul\u00e9 en el Algarve.{:}\" \/>\n<meta property=\"og:url\" content=\"https:\/\/deliveryalgarve.com\/es\/mudanzas-y-depositos-de-almacenamiento\/\" \/>\n<meta property=\"og:site_name\" content=\"DeliveryAlgarve.com\" \/>\n<meta property=\"article:modified_time\" content=\"2024-04-08T16:21:40+00:00\" \/>\n<meta property=\"og:image\" content=\"https:\/\/deliveryalgarve.com\/wp-content\/uploads\/2022\/03\/Mudanzas-y-Depositos-de-Almacenamiento.jpg\" \/>\n<meta name=\"twitter:card\" content=\"summary_large_image\" \/>\n<meta name=\"twitter:label1\" content=\"Tiempo de lectura\" \/>\n\t<meta name=\"twitter:data1\" content=\"2 minutos\" \/>\n<script type=\"application\/ld+json\" class=\"yoast-schema-graph\">{\"@context\":\"https:\\\/\\\/schema.org\",\"@graph\":[{\"@type\":\"WebPage\",\"@id\":\"https:\\\/\\\/deliveryalgarve.com\\\/es\\\/mudanzas-y-depositos-de-almacenamiento\\\/\",\"url\":\"https:\\\/\\\/deliveryalgarve.com\\\/es\\\/mudanzas-y-depositos-de-almacenamiento\\\/\",\"name\":\"[:en]Removals & Storage Depots in Ireland & Portugal.\u00a0 DeliveryAlgarve.com[:pt]Remo\u00e7\u00f5es e dep\u00f3sitos de armazenamento no Reino Unido e em Portugal. DeliveryAlgarve.com[:fr]D\u00e9m\u00e9nagements et d\u00e9p\u00f4ts de stockage au Royaume-Uni et au Portugal. LivraisonAlgarve.com[:es]Mudanzas y Dep\u00f3sitos de Almacenamiento en Irlanda y Portugal. EntregaAlgarve.com[:]\",\"isPartOf\":{\"@id\":\"https:\\\/\\\/deliveryalgarve.com\\\/es\\\/#website\"},\"primaryImageOfPage\":{\"@id\":\"https:\\\/\\\/deliveryalgarve.com\\\/es\\\/mudanzas-y-depositos-de-almacenamiento\\\/#primaryimage\"},\"image\":{\"@id\":\"https:\\\/\\\/deliveryalgarve.com\\\/es\\\/mudanzas-y-depositos-de-almacenamiento\\\/#primaryimage\"},\"thumbnailUrl\":\"https:\\\/\\\/deliveryalgarve.com\\\/wp-content\\\/uploads\\\/2020\\\/12\\\/Removals-Storage-Depots-DeliveryAlgarve-OG01.jpg\",\"datePublished\":\"2020-09-23T11:10:03+00:00\",\"dateModified\":\"2024-04-08T16:21:40+00:00\",\"description\":\"{:en}DeliveryAlgarve.com has two bases of operation for delivery, collection and storage in Dublin, Ireland and Loul\u00e9 in the Algarve.{:pt}DeliveryAlgarve.com tem duas bases de opera\u00e7\u00e3o para entrega, recolha e armazenamento em Salford na Grande Manchester e Loul\u00e9 no Algarve.{:fr}DeliveryAlgarve.com a deux bases d'op\u00e9ration pour la livraison, la collecte et le stockage \u00e0 Salford dans le Grand Manchester et Loul\u00e9 en Algarve.{:es}DeliveryAlgarve.com tiene dos bases de operaciones para la entrega, recogida y almacenamiento en Dubl\u00edn, Irlanda y Loul\u00e9 en el Algarve.{:}\",\"breadcrumb\":{\"@id\":\"https:\\\/\\\/deliveryalgarve.com\\\/es\\\/mudanzas-y-depositos-de-almacenamiento\\\/#breadcrumb\"},\"inLanguage\":\"es\",\"potentialAction\":[{\"@type\":\"ReadAction\",\"target\":[\"https:\\\/\\\/deliveryalgarve.com\\\/es\\\/mudanzas-y-depositos-de-almacenamiento\\\/\"]}]},{\"@type\":\"ImageObject\",\"inLanguage\":\"es\",\"@id\":\"https:\\\/\\\/deliveryalgarve.com\\\/es\\\/mudanzas-y-depositos-de-almacenamiento\\\/#primaryimage\",\"url\":\"https:\\\/\\\/deliveryalgarve.com\\\/wp-content\\\/uploads\\\/2020\\\/12\\\/Removals-Storage-Depots-DeliveryAlgarve-OG01.jpg\",\"contentUrl\":\"https:\\\/\\\/deliveryalgarve.com\\\/wp-content\\\/uploads\\\/2020\\\/12\\\/Removals-Storage-Depots-DeliveryAlgarve-OG01.jpg\"},{\"@type\":\"BreadcrumbList\",\"@id\":\"https:\\\/\\\/deliveryalgarve.com\\\/es\\\/mudanzas-y-depositos-de-almacenamiento\\\/#breadcrumb\",\"itemListElement\":[{\"@type\":\"ListItem\",\"position\":1,\"name\":\"Home\",\"item\":\"https:\\\/\\\/deliveryalgarve.com\\\/\"},{\"@type\":\"ListItem\",\"position\":2,\"name\":\"Mudanzas y Dep\u00f3sitos de Almacenamiento\"}]},{\"@type\":\"WebSite\",\"@id\":\"https:\\\/\\\/deliveryalgarve.com\\\/es\\\/#website\",\"url\":\"https:\\\/\\\/deliveryalgarve.com\\\/es\\\/\",\"name\":\"DeliveryAlgarve.com\",\"description\":\"Mudanzas y Almacenamiento, Irlanda, Portugal y Espa\u00f1a.\",\"publisher\":{\"@id\":\"https:\\\/\\\/deliveryalgarve.com\\\/es\\\/#organization\"},\"potentialAction\":[{\"@type\":\"SearchAction\",\"target\":{\"@type\":\"EntryPoint\",\"urlTemplate\":\"https:\\\/\\\/deliveryalgarve.com\\\/es\\\/?s={search_term_string}\"},\"query-input\":{\"@type\":\"PropertyValueSpecification\",\"valueRequired\":true,\"valueName\":\"search_term_string\"}}],\"inLanguage\":\"es\"},{\"@type\":\"Organization\",\"@id\":\"https:\\\/\\\/deliveryalgarve.com\\\/es\\\/#organization\",\"name\":\"DeliveryAlgarve.com\",\"url\":\"https:\\\/\\\/deliveryalgarve.com\\\/es\\\/\",\"logo\":{\"@type\":\"ImageObject\",\"inLanguage\":\"es\",\"@id\":\"https:\\\/\\\/deliveryalgarve.com\\\/es\\\/#\\\/schema\\\/logo\\\/image\\\/\",\"url\":\"https:\\\/\\\/deliveryalgarve.com\\\/wp-content\\\/uploads\\\/2020\\\/10\\\/cropped-DeliveryAlgarveLogo01.jpg\",\"contentUrl\":\"https:\\\/\\\/deliveryalgarve.com\\\/wp-content\\\/uploads\\\/2020\\\/10\\\/cropped-DeliveryAlgarveLogo01.jpg\",\"width\":240,\"height\":240,\"caption\":\"DeliveryAlgarve.com\"},\"image\":{\"@id\":\"https:\\\/\\\/deliveryalgarve.com\\\/es\\\/#\\\/schema\\\/logo\\\/image\\\/\"}}]}<\/script>\n<!-- \/ Yoast SEO plugin. -->","yoast_head_json":{"title":"Mudanzas y Dep\u00f3sitos de Almacenamiento en Irlanda y Portugal. EntregaAlgarve.com","description":"DeliveryAlgarve.com tiene dos bases de operaciones para la entrega, recogida y almacenamiento en Dubl\u00edn, Irlanda y Loul\u00e9 en el Algarve.","robots":{"index":"index","follow":"follow","max-snippet":"max-snippet:-1","max-image-preview":"max-image-preview:large","max-video-preview":"max-video-preview:-1"},"canonical":"https:\/\/deliveryalgarve.com\/es\/mudanzas-y-depositos-de-almacenamiento\/","og_locale":"es_ES","og_type":"article","og_title":"[:en]Removals & Storage Depots in Ireland & Portugal.\u00a0 DeliveryAlgarve.com[:pt]Remo\u00e7\u00f5es e dep\u00f3sitos de armazenamento no Reino Unido e em Portugal. DeliveryAlgarve.com[:fr]D\u00e9m\u00e9nagements et d\u00e9p\u00f4ts de stockage au Royaume-Uni et au Portugal. LivraisonAlgarve.com[:es]Mudanzas y Dep\u00f3sitos de Almacenamiento en Irlanda y Portugal. EntregaAlgarve.com[:]","og_description":"{:en}DeliveryAlgarve.com has two bases of operation for delivery, collection and storage in Dublin, Ireland and Loul\u00e9 in the Algarve.{:pt}DeliveryAlgarve.com tem duas bases de opera\u00e7\u00e3o para entrega, recolha e armazenamento em Salford na Grande Manchester e Loul\u00e9 no Algarve.{:fr}DeliveryAlgarve.com a deux bases d'op\u00e9ration pour la livraison, la collecte et le stockage \u00e0 Salford dans le Grand Manchester et Loul\u00e9 en Algarve.{:es}DeliveryAlgarve.com tiene dos bases de operaciones para la entrega, recogida y almacenamiento en Dubl\u00edn, Irlanda y Loul\u00e9 en el Algarve.{:}","og_url":"https:\/\/deliveryalgarve.com\/es\/mudanzas-y-depositos-de-almacenamiento\/","og_site_name":"DeliveryAlgarve.com","article_modified_time":"2024-04-08T16:21:40+00:00","og_image":[{"url":"https:\/\/deliveryalgarve.com\/wp-content\/uploads\/2022\/03\/Mudanzas-y-Depositos-de-Almacenamiento.jpg","type":"","width":"","height":""}],"twitter_card":"summary_large_image","twitter_misc":{"Tiempo de lectura":"2 minutos"},"schema":{"@context":"https:\/\/schema.org","@graph":[{"@type":"WebPage","@id":"https:\/\/deliveryalgarve.com\/es\/mudanzas-y-depositos-de-almacenamiento\/","url":"https:\/\/deliveryalgarve.com\/es\/mudanzas-y-depositos-de-almacenamiento\/","name":"[:en]Removals & Storage Depots in Ireland & Portugal.\u00a0 DeliveryAlgarve.com[:pt]Remo\u00e7\u00f5es e dep\u00f3sitos de armazenamento no Reino Unido e em Portugal. DeliveryAlgarve.com[:fr]D\u00e9m\u00e9nagements et d\u00e9p\u00f4ts de stockage au Royaume-Uni et au Portugal. LivraisonAlgarve.com[:es]Mudanzas y Dep\u00f3sitos de Almacenamiento en Irlanda y Portugal. EntregaAlgarve.com[:]","isPartOf":{"@id":"https:\/\/deliveryalgarve.com\/es\/#website"},"primaryImageOfPage":{"@id":"https:\/\/deliveryalgarve.com\/es\/mudanzas-y-depositos-de-almacenamiento\/#primaryimage"},"image":{"@id":"https:\/\/deliveryalgarve.com\/es\/mudanzas-y-depositos-de-almacenamiento\/#primaryimage"},"thumbnailUrl":"https:\/\/deliveryalgarve.com\/wp-content\/uploads\/2020\/12\/Removals-Storage-Depots-DeliveryAlgarve-OG01.jpg","datePublished":"2020-09-23T11:10:03+00:00","dateModified":"2024-04-08T16:21:40+00:00","description":"{:en}DeliveryAlgarve.com has two bases of operation for delivery, collection and storage in Dublin, Ireland and Loul\u00e9 in the Algarve.{:pt}DeliveryAlgarve.com tem duas bases de opera\u00e7\u00e3o para entrega, recolha e armazenamento em Salford na Grande Manchester e Loul\u00e9 no Algarve.{:fr}DeliveryAlgarve.com a deux bases d'op\u00e9ration pour la livraison, la collecte et le stockage \u00e0 Salford dans le Grand Manchester et Loul\u00e9 en Algarve.{:es}DeliveryAlgarve.com tiene dos bases de operaciones para la entrega, recogida y almacenamiento en Dubl\u00edn, Irlanda y Loul\u00e9 en el Algarve.{:}","breadcrumb":{"@id":"https:\/\/deliveryalgarve.com\/es\/mudanzas-y-depositos-de-almacenamiento\/#breadcrumb"},"inLanguage":"es","potentialAction":[{"@type":"ReadAction","target":["https:\/\/deliveryalgarve.com\/es\/mudanzas-y-depositos-de-almacenamiento\/"]}]},{"@type":"ImageObject","inLanguage":"es","@id":"https:\/\/deliveryalgarve.com\/es\/mudanzas-y-depositos-de-almacenamiento\/#primaryimage","url":"https:\/\/deliveryalgarve.com\/wp-content\/uploads\/2020\/12\/Removals-Storage-Depots-DeliveryAlgarve-OG01.jpg","contentUrl":"https:\/\/deliveryalgarve.com\/wp-content\/uploads\/2020\/12\/Removals-Storage-Depots-DeliveryAlgarve-OG01.jpg"},{"@type":"BreadcrumbList","@id":"https:\/\/deliveryalgarve.com\/es\/mudanzas-y-depositos-de-almacenamiento\/#breadcrumb","itemListElement":[{"@type":"ListItem","position":1,"name":"Home","item":"https:\/\/deliveryalgarve.com\/"},{"@type":"ListItem","position":2,"name":"Mudanzas y Dep\u00f3sitos de Almacenamiento"}]},{"@type":"WebSite","@id":"https:\/\/deliveryalgarve.com\/es\/#website","url":"https:\/\/deliveryalgarve.com\/es\/","name":"DeliveryAlgarve.com","description":"Mudanzas y Almacenamiento, Irlanda, Portugal y Espa\u00f1a.","publisher":{"@id":"https:\/\/deliveryalgarve.com\/es\/#organization"},"potentialAction":[{"@type":"SearchAction","target":{"@type":"EntryPoint","urlTemplate":"https:\/\/deliveryalgarve.com\/es\/?s={search_term_string}"},"query-input":{"@type":"PropertyValueSpecification","valueRequired":true,"valueName":"search_term_string"}}],"inLanguage":"es"},{"@type":"Organization","@id":"https:\/\/deliveryalgarve.com\/es\/#organization","name":"DeliveryAlgarve.com","url":"https:\/\/deliveryalgarve.com\/es\/","logo":{"@type":"ImageObject","inLanguage":"es","@id":"https:\/\/deliveryalgarve.com\/es\/#\/schema\/logo\/image\/","url":"https:\/\/deliveryalgarve.com\/wp-content\/uploads\/2020\/10\/cropped-DeliveryAlgarveLogo01.jpg","contentUrl":"https:\/\/deliveryalgarve.com\/wp-content\/uploads\/2020\/10\/cropped-DeliveryAlgarveLogo01.jpg","width":240,"height":240,"caption":"DeliveryAlgarve.com"},"image":{"@id":"https:\/\/deliveryalgarve.com\/es\/#\/schema\/logo\/image\/"}}]}},"_links":{"self":[{"href":"https:\/\/deliveryalgarve.com\/es\/wp-json\/wp\/v2\/pages\/26","targetHints":{"allow":["GET"]}}],"collection":[{"href":"https:\/\/deliveryalgarve.com\/es\/wp-json\/wp\/v2\/pages"}],"about":[{"href":"https:\/\/deliveryalgarve.com\/es\/wp-json\/wp\/v2\/types\/page"}],"author":[{"embeddable":true,"href":"https:\/\/deliveryalgarve.com\/es\/wp-json\/wp\/v2\/users\/1"}],"replies":[{"embeddable":true,"href":"https:\/\/deliveryalgarve.com\/es\/wp-json\/wp\/v2\/comments?post=26"}],"version-history":[{"count":21,"href":"https:\/\/deliveryalgarve.com\/es\/wp-json\/wp\/v2\/pages\/26\/revisions"}],"predecessor-version":[{"id":496,"href":"https:\/\/deliveryalgarve.com\/es\/wp-json\/wp\/v2\/pages\/26\/revisions\/496"}],"wp:attachment":[{"href":"https:\/\/deliveryalgarve.com\/es\/wp-json\/wp\/v2\/media?parent=26"}],"curies":[{"name":"wp","href":"https:\/\/api.w.org\/{rel}","templated":true}]}}