{"id":37,"date":"2020-09-23T11:14:42","date_gmt":"2020-09-23T11:14:42","guid":{"rendered":"https:\/\/deliveryalgarve.com\/?page_id=37"},"modified":"2024-04-08T16:24:02","modified_gmt":"2024-04-08T16:24:02","slug":"motorcycle-transport-uk-portugal","status":"publish","type":"page","link":"https:\/\/deliveryalgarve.com\/es\/transporte-de-motos\/","title":{"rendered":"Transporte de Motos"},"content":{"rendered":"<p><strong>Transporte de Motocicletas, Irlanda\/Portugal. DeliveryAlgarve.com proporciona un servicio fiable y profesional de transporte, entrega y recogida de motocicletas entre Irlanda y Portugal, adem\u00e1s de otros pa\u00edses europeos a petici\u00f3n especial.<\/strong><\/p>\n<figure id=\"attachment_389\" aria-describedby=\"caption-attachment-389\" style=\"width: 1200px\" class=\"wp-caption alignnone\"><img loading=\"lazy\" decoding=\"async\" class=\"wp-image-389 size-full\" src=\"https:\/\/deliveryalgarve.com\/wp-content\/uploads\/2022\/03\/Transporte-de-motocicletas-Irlanda-Portugal.jpg\" alt=\"Transporte de motocicletas, Irlanda &amp; Portugal\" width=\"1200\" height=\"630\" srcset=\"https:\/\/deliveryalgarve.com\/wp-content\/uploads\/2022\/03\/Transporte-de-motocicletas-Irlanda-Portugal.jpg 1200w, https:\/\/deliveryalgarve.com\/wp-content\/uploads\/2022\/03\/Transporte-de-motocicletas-Irlanda-Portugal-300x158.jpg 300w, https:\/\/deliveryalgarve.com\/wp-content\/uploads\/2022\/03\/Transporte-de-motocicletas-Irlanda-Portugal-1024x538.jpg 1024w, https:\/\/deliveryalgarve.com\/wp-content\/uploads\/2022\/03\/Transporte-de-motocicletas-Irlanda-Portugal-768x403.jpg 768w, https:\/\/deliveryalgarve.com\/wp-content\/uploads\/2022\/03\/Transporte-de-motocicletas-Irlanda-Portugal-1x1.jpg 1w\" sizes=\"auto, (max-width: 1200px) 100vw, 1200px\" \/><figcaption id=\"caption-attachment-389\" class=\"wp-caption-text\">Transporte de motocicletas, Irlanda &amp; Portugal<\/figcaption><\/figure>\n<h3>Transporte de motocicletas, Irlanda\/Portugal<\/h3>\n<p>DeliveryAlgarve.com se especializa en el transporte de motocicletas, puerta a puerta si es necesario, \u00a1con el m\u00ednimo esfuerzo y el m\u00e1ximo cuidado! Tambi\u00e9n ofrecemos este servicio para scooters, quads, quads, sidecars y todo lo relacionado con motos.<\/p>\n<p><em>Disfrute de la tranquilidad con su transporte europeo de motos con DeliveryAlgarve.com.<\/em><\/p>\n\n<div class=\"wpcf7 no-js\" id=\"wpcf7-f112-o4\" lang=\"en-US\" dir=\"ltr\" data-wpcf7-id=\"112\">\n<div class=\"screen-reader-response\"><p role=\"status\" aria-live=\"polite\" aria-atomic=\"true\"><\/p> <ul><\/ul><\/div>\n<form action=\"\/es\/wp-json\/wp\/v2\/pages\/37#wpcf7-f112-o4\" method=\"post\" class=\"wpcf7-form init\" aria-label=\"Contact form\" novalidate=\"novalidate\" data-status=\"init\">\n<fieldset class=\"hidden-fields-container\"><input type=\"hidden\" name=\"_wpcf7\" value=\"112\" \/><input type=\"hidden\" name=\"_wpcf7_version\" value=\"6.1.5\" \/><input type=\"hidden\" name=\"_wpcf7_locale\" value=\"en_US\" \/><input type=\"hidden\" name=\"_wpcf7_unit_tag\" value=\"wpcf7-f112-o4\" \/><input type=\"hidden\" name=\"_wpcf7_container_post\" value=\"0\" \/><input type=\"hidden\" name=\"_wpcf7_posted_data_hash\" value=\"\" \/>\n<\/fieldset>\n<div id=\"quote\">\n\t<h3>Cotizaci\u00f3n Mudanzas\n\t<\/h3>\n\t<p>\u00a1Cu\u00e9ntenos un poco sobre sus necesidades de mudanzas y nos pondremos en contacto con usted!\n\t<\/p>\n\t<p><span class=\"wpcf7-form-control-wrap\" data-name=\"daq-name\"><input size=\"40\" maxlength=\"400\" class=\"wpcf7-form-control wpcf7-text wpcf7-validates-as-required daq\" aria-required=\"true\" aria-invalid=\"false\" placeholder=\"su nombre\" value=\"\" type=\"text\" name=\"daq-name\" \/><\/span><br \/>\n<span class=\"wpcf7-form-control-wrap\" data-name=\"daq-email\"><input size=\"40\" maxlength=\"400\" class=\"wpcf7-form-control wpcf7-email wpcf7-validates-as-required wpcf7-text wpcf7-validates-as-email daq\" aria-required=\"true\" aria-invalid=\"false\" placeholder=\"su direcci\u00f3n de correo electr\u00f3nico\" value=\"\" type=\"email\" name=\"daq-email\" \/><\/span><br \/>\n<span class=\"wpcf7-form-control-wrap\" data-name=\"daq-phone\"><input size=\"40\" maxlength=\"400\" class=\"wpcf7-form-control wpcf7-tel wpcf7-text wpcf7-validates-as-tel daq\" aria-invalid=\"false\" placeholder=\"su n\u00famero de tel\u00e9fono\" value=\"\" type=\"tel\" name=\"daq-phone\" \/><\/span><br \/>\n<span class=\"wpcf7-form-control-wrap\" data-name=\"daq-from\"><input size=\"40\" maxlength=\"400\" class=\"wpcf7-form-control wpcf7-text wpcf7-validates-as-required daq\" aria-required=\"true\" aria-invalid=\"false\" placeholder=\"recogida desde (incluya un c\u00f3digo postal y un pa\u00eds)\" value=\"\" type=\"text\" name=\"daq-from\" \/><\/span><br \/>\n<span class=\"wpcf7-form-control-wrap\" data-name=\"daq-to\"><input size=\"40\" maxlength=\"400\" class=\"wpcf7-form-control wpcf7-text wpcf7-validates-as-required daq\" aria-required=\"true\" aria-invalid=\"false\" placeholder=\"entrega a (como arriba)\" value=\"\" type=\"text\" name=\"daq-to\" \/><\/span><br \/>\n<span class=\"wpcf7-form-control-wrap\" data-name=\"daq-date\"><input size=\"40\" maxlength=\"400\" class=\"wpcf7-form-control wpcf7-text wpcf7-validates-as-required daq\" aria-required=\"true\" aria-invalid=\"false\" placeholder=\"fecha aproximada requerida\" value=\"\" type=\"text\" name=\"daq-date\" \/><\/span><br \/>\n<span class=\"wpcf7-form-control-wrap\" data-name=\"daq-types\"><span class=\"wpcf7-form-control wpcf7-checkbox daq\"><span class=\"wpcf7-list-item first\"><label><input type=\"checkbox\" name=\"daq-types[]\" value=\"Mudanzas Generales y Dom\u00e9sticas\" \/><span class=\"wpcf7-list-item-label\">Mudanzas Generales y Dom\u00e9sticas<\/span><\/label><\/span><span class=\"wpcf7-list-item\"><label><input type=\"checkbox\" name=\"daq-types[]\" value=\"Equipamiento comercial\" \/><span class=\"wpcf7-list-item-label\">Equipamiento comercial<\/span><\/label><\/span><span class=\"wpcf7-list-item\"><label><input type=\"checkbox\" name=\"daq-types[]\" value=\"Coche, Barco, etc\" \/><span class=\"wpcf7-list-item-label\">Coche, Barco, etc<\/span><\/label><\/span><span class=\"wpcf7-list-item last\"><label><input type=\"checkbox\" name=\"daq-types[]\" value=\"Moto(s)\" \/><span class=\"wpcf7-list-item-label\">Moto(s)<\/span><\/label><\/span><\/span><\/span><br \/>\n<span class=\"wpcf7-form-control-wrap\" data-name=\"daq-message\"><textarea cols=\"40\" rows=\"10\" maxlength=\"2000\" class=\"wpcf7-form-control wpcf7-textarea daq\" aria-invalid=\"false\" placeholder=\"cualquier otro detalle. \u00a1Cuanto m\u00e1s nos digas, m\u00e1s podremos ayudarte!\" name=\"daq-message\"><\/textarea><\/span><br \/>\n<span class=\"wpcf7-form-control-wrap\" data-name=\"capital-quiz\"><label><span class=\"wpcf7-quiz-label\">Para detener a los spammers... \u00bfPodr\u00eda decirnos cu\u00e1l es el n\u00famero m\u00e1s grande... 3 o 4?<\/span> <input size=\"40\" class=\"wpcf7-form-control wpcf7-quiz\" autocomplete=\"off\" aria-required=\"true\" aria-invalid=\"false\" type=\"text\" name=\"capital-quiz\" \/><\/label><input type=\"hidden\" name=\"_wpcf7_quiz_answer_capital-quiz\" value=\"6418842b41c066b6827ae3c56282a02a\" \/><\/span><br \/>\n<input class=\"wpcf7-form-control wpcf7-submit has-spinner daq\" type=\"submit\" value=\"\u00a1Haz clic para enviar!\" \/>\n\t<\/p>\n<\/div><div class=\"wpcf7-response-output\" aria-hidden=\"true\"><\/div>\n<\/form>\n<\/div>\n\n<h3>Un Servicio de Transporte de Motocicletas Confiable<\/h3>\n<p>Con casi 30 a\u00f1os de experiencia en el transporte de motos, quads, scooters y mucho m\u00e1s por toda Europa, somos una de las empresas de transporte de motocicletas m\u00e1s antiguas de Portugal. Nuestro amable personal est\u00e1 al final del tel\u00e9fono (o Whatsapp) para ayudarlo con el transporte de su motocicleta. \u00a1Obtenga su COTIZACI\u00d3N r\u00e1pida y gratuita ahora!<\/p>\n<p>Sabemos exactamente lo importante que es tu moto para ti y cuidamos al m\u00e1ximo todos nuestros veh\u00edculos transportados, con un servicio de transporte de motos fiable y profesional. \u00a1Te ofrecemos tranquilidad para todo el tr\u00e1nsito de tu querida moto! Todas nuestras camionetas est\u00e1n completamente equipadas para guardar su art\u00edculo de manera segura.<\/p>\n<p>Nos enorgullecemos de tener una excelente reputaci\u00f3n con nuestros muchos, muchos clientes existentes y ofrecemos un servicio de entrega y transporte de motocicletas puerta a puerta insuperable, a precios muy competitivos. \u00a1Un servicio amable y personal con DeliveryAlgarve.com!<\/p>\n<p><a href=\"https:\/\/www.google.com\/maps\/place\/deliveryalgarve.com\/@37.1059289,-8.0794513,17z\/data=!3m1!4b1!4m5!3m4!1s0xd1ab5a58195c0f7:0xf44238318d13c7ef!8m2!3d37.1059246!4d-8.0772626\" target=\"_blank\" rel=\"noopener noreferrer\"><em>\u00a1Encu\u00e9ntranos en Google Maps!<\/em><\/a><\/p>","protected":false},"excerpt":{"rendered":"<p>Transporte de Motocicletas, Irlanda\/Portugal. DeliveryAlgarve.com proporciona un servicio fiable y profesional de transporte, entrega y recogida de motocicletas entre Irlanda y Portugal, adem\u00e1s de otros pa\u00edses europeos a petici\u00f3n especial.<\/p>\n","protected":false},"author":1,"featured_media":0,"parent":0,"menu_order":72,"comment_status":"closed","ping_status":"closed","template":"","meta":{"footnotes":""},"class_list":["post-37","page","type-page","status-publish","hentry"],"yoast_head":"<!-- This site is optimized with the Yoast SEO plugin v27.5 - https:\/\/yoast.com\/product\/yoast-seo-wordpress\/ -->\n<title>Servicios de Transporte de Motocicletas, Irlanda y Portugal. EntregaAlgarve.com<\/title>\n<meta name=\"description\" content=\"Servicios de Transporte de Motocicletas. Ofrecemos un servicio de transporte de motocicletas fiable y profesional entre Irlanda y Portugal.\" \/>\n<meta name=\"robots\" content=\"index, follow, max-snippet:-1, max-image-preview:large, max-video-preview:-1\" \/>\n<link rel=\"canonical\" href=\"https:\/\/deliveryalgarve.com\/es\/transporte-de-motos\/\" \/>\n<meta property=\"og:locale\" content=\"es_ES\" \/>\n<meta property=\"og:type\" content=\"article\" \/>\n<meta property=\"og:title\" content=\"[:en]Motorcycle Transport Services, Ireland &amp; Portugal. DeliveryAlgarve.com[:pt]Servi\u00e7os de transporte de motocicletas, Reino Unido e Portugal. DeliveryAlgarve.com[:fr]Services de transport de motos, Royaume-Uni et Portugal. LivraisonAlgarve.com[:es]Servicios de Transporte de Motocicletas, Irlanda y Portugal. EntregaAlgarve.com[:]\" \/>\n<meta property=\"og:description\" content=\"{:en}Motorcycle Transport Services.\u00a0We offer a reliable, professional motorcycle transport service between Ireland &amp; Portugal.{:pt}Servi\u00e7os de transporte de motocicletas. Oferecemos um servi\u00e7o fi\u00e1vel e profissional de transporte de motociclos entre o Reino Unido e Portugal.{:fr}Services de transport de motos. Nous offrons un service de transport de motos fiable et professionnel entre le Royaume-Uni et le Portugal.{:es}Servicios de Transporte de Motocicletas. Ofrecemos un servicio de transporte de motocicletas fiable y profesional entre Irlanda y Portugal.{:}\" \/>\n<meta property=\"og:url\" content=\"https:\/\/deliveryalgarve.com\/es\/transporte-de-motos\/\" \/>\n<meta property=\"og:site_name\" content=\"DeliveryAlgarve.com\" \/>\n<meta property=\"article:modified_time\" content=\"2024-04-08T16:24:02+00:00\" \/>\n<meta property=\"og:image\" content=\"https:\/\/deliveryalgarve.com\/wp-content\/uploads\/2022\/03\/Transporte-de-motocicletas-Irlanda-Portugal.jpg\" \/>\n<meta name=\"twitter:card\" content=\"summary_large_image\" \/>\n<meta name=\"twitter:label1\" content=\"Tiempo de lectura\" \/>\n\t<meta name=\"twitter:data1\" content=\"2 minutos\" \/>\n<script type=\"application\/ld+json\" class=\"yoast-schema-graph\">{\"@context\":\"https:\\\/\\\/schema.org\",\"@graph\":[{\"@type\":\"WebPage\",\"@id\":\"https:\\\/\\\/deliveryalgarve.com\\\/es\\\/transporte-de-motos\\\/\",\"url\":\"https:\\\/\\\/deliveryalgarve.com\\\/es\\\/transporte-de-motos\\\/\",\"name\":\"[:en]Motorcycle Transport Services, Ireland & Portugal. DeliveryAlgarve.com[:pt]Servi\u00e7os de transporte de motocicletas, Reino Unido e Portugal. DeliveryAlgarve.com[:fr]Services de transport de motos, Royaume-Uni et Portugal. LivraisonAlgarve.com[:es]Servicios de Transporte de Motocicletas, Irlanda y Portugal. EntregaAlgarve.com[:]\",\"isPartOf\":{\"@id\":\"https:\\\/\\\/deliveryalgarve.com\\\/es\\\/#website\"},\"primaryImageOfPage\":{\"@id\":\"https:\\\/\\\/deliveryalgarve.com\\\/es\\\/transporte-de-motos\\\/#primaryimage\"},\"image\":{\"@id\":\"https:\\\/\\\/deliveryalgarve.com\\\/es\\\/transporte-de-motos\\\/#primaryimage\"},\"thumbnailUrl\":\"https:\\\/\\\/deliveryalgarve.com\\\/wp-content\\\/uploads\\\/2020\\\/12\\\/Motorcycle-Transport-UK-Portugal-DeliveryAlgarve-OG01.jpg\",\"datePublished\":\"2020-09-23T11:14:42+00:00\",\"dateModified\":\"2024-04-08T16:24:02+00:00\",\"description\":\"{:en}Motorcycle Transport Services.\u00a0We offer a reliable, professional motorcycle transport service between Ireland & Portugal.{:pt}Servi\u00e7os de transporte de motocicletas. Oferecemos um servi\u00e7o fi\u00e1vel e profissional de transporte de motociclos entre o Reino Unido e Portugal.{:fr}Services de transport de motos. Nous offrons un service de transport de motos fiable et professionnel entre le Royaume-Uni et le Portugal.{:es}Servicios de Transporte de Motocicletas. Ofrecemos un servicio de transporte de motocicletas fiable y profesional entre Irlanda y Portugal.{:}\",\"breadcrumb\":{\"@id\":\"https:\\\/\\\/deliveryalgarve.com\\\/es\\\/transporte-de-motos\\\/#breadcrumb\"},\"inLanguage\":\"es\",\"potentialAction\":[{\"@type\":\"ReadAction\",\"target\":[\"https:\\\/\\\/deliveryalgarve.com\\\/es\\\/transporte-de-motos\\\/\"]}]},{\"@type\":\"ImageObject\",\"inLanguage\":\"es\",\"@id\":\"https:\\\/\\\/deliveryalgarve.com\\\/es\\\/transporte-de-motos\\\/#primaryimage\",\"url\":\"https:\\\/\\\/deliveryalgarve.com\\\/wp-content\\\/uploads\\\/2020\\\/12\\\/Motorcycle-Transport-UK-Portugal-DeliveryAlgarve-OG01.jpg\",\"contentUrl\":\"https:\\\/\\\/deliveryalgarve.com\\\/wp-content\\\/uploads\\\/2020\\\/12\\\/Motorcycle-Transport-UK-Portugal-DeliveryAlgarve-OG01.jpg\"},{\"@type\":\"BreadcrumbList\",\"@id\":\"https:\\\/\\\/deliveryalgarve.com\\\/es\\\/transporte-de-motos\\\/#breadcrumb\",\"itemListElement\":[{\"@type\":\"ListItem\",\"position\":1,\"name\":\"Home\",\"item\":\"https:\\\/\\\/deliveryalgarve.com\\\/\"},{\"@type\":\"ListItem\",\"position\":2,\"name\":\"Transporte de Motos\"}]},{\"@type\":\"WebSite\",\"@id\":\"https:\\\/\\\/deliveryalgarve.com\\\/es\\\/#website\",\"url\":\"https:\\\/\\\/deliveryalgarve.com\\\/es\\\/\",\"name\":\"DeliveryAlgarve.com\",\"description\":\"Mudanzas y Almacenamiento, Irlanda, Portugal y Espa\u00f1a.\",\"publisher\":{\"@id\":\"https:\\\/\\\/deliveryalgarve.com\\\/es\\\/#organization\"},\"potentialAction\":[{\"@type\":\"SearchAction\",\"target\":{\"@type\":\"EntryPoint\",\"urlTemplate\":\"https:\\\/\\\/deliveryalgarve.com\\\/es\\\/?s={search_term_string}\"},\"query-input\":{\"@type\":\"PropertyValueSpecification\",\"valueRequired\":true,\"valueName\":\"search_term_string\"}}],\"inLanguage\":\"es\"},{\"@type\":\"Organization\",\"@id\":\"https:\\\/\\\/deliveryalgarve.com\\\/es\\\/#organization\",\"name\":\"DeliveryAlgarve.com\",\"url\":\"https:\\\/\\\/deliveryalgarve.com\\\/es\\\/\",\"logo\":{\"@type\":\"ImageObject\",\"inLanguage\":\"es\",\"@id\":\"https:\\\/\\\/deliveryalgarve.com\\\/es\\\/#\\\/schema\\\/logo\\\/image\\\/\",\"url\":\"https:\\\/\\\/deliveryalgarve.com\\\/wp-content\\\/uploads\\\/2020\\\/10\\\/cropped-DeliveryAlgarveLogo01.jpg\",\"contentUrl\":\"https:\\\/\\\/deliveryalgarve.com\\\/wp-content\\\/uploads\\\/2020\\\/10\\\/cropped-DeliveryAlgarveLogo01.jpg\",\"width\":240,\"height\":240,\"caption\":\"DeliveryAlgarve.com\"},\"image\":{\"@id\":\"https:\\\/\\\/deliveryalgarve.com\\\/es\\\/#\\\/schema\\\/logo\\\/image\\\/\"}}]}<\/script>\n<!-- \/ Yoast SEO plugin. -->","yoast_head_json":{"title":"Servicios de Transporte de Motocicletas, Irlanda y Portugal. EntregaAlgarve.com","description":"Servicios de Transporte de Motocicletas. Ofrecemos un servicio de transporte de motocicletas fiable y profesional entre Irlanda y Portugal.","robots":{"index":"index","follow":"follow","max-snippet":"max-snippet:-1","max-image-preview":"max-image-preview:large","max-video-preview":"max-video-preview:-1"},"canonical":"https:\/\/deliveryalgarve.com\/es\/transporte-de-motos\/","og_locale":"es_ES","og_type":"article","og_title":"[:en]Motorcycle Transport Services, Ireland & Portugal. DeliveryAlgarve.com[:pt]Servi\u00e7os de transporte de motocicletas, Reino Unido e Portugal. DeliveryAlgarve.com[:fr]Services de transport de motos, Royaume-Uni et Portugal. LivraisonAlgarve.com[:es]Servicios de Transporte de Motocicletas, Irlanda y Portugal. EntregaAlgarve.com[:]","og_description":"{:en}Motorcycle Transport Services.\u00a0We offer a reliable, professional motorcycle transport service between Ireland & Portugal.{:pt}Servi\u00e7os de transporte de motocicletas. Oferecemos um servi\u00e7o fi\u00e1vel e profissional de transporte de motociclos entre o Reino Unido e Portugal.{:fr}Services de transport de motos. Nous offrons un service de transport de motos fiable et professionnel entre le Royaume-Uni et le Portugal.{:es}Servicios de Transporte de Motocicletas. Ofrecemos un servicio de transporte de motocicletas fiable y profesional entre Irlanda y Portugal.{:}","og_url":"https:\/\/deliveryalgarve.com\/es\/transporte-de-motos\/","og_site_name":"DeliveryAlgarve.com","article_modified_time":"2024-04-08T16:24:02+00:00","og_image":[{"url":"https:\/\/deliveryalgarve.com\/wp-content\/uploads\/2022\/03\/Transporte-de-motocicletas-Irlanda-Portugal.jpg","type":"","width":"","height":""}],"twitter_card":"summary_large_image","twitter_misc":{"Tiempo de lectura":"2 minutos"},"schema":{"@context":"https:\/\/schema.org","@graph":[{"@type":"WebPage","@id":"https:\/\/deliveryalgarve.com\/es\/transporte-de-motos\/","url":"https:\/\/deliveryalgarve.com\/es\/transporte-de-motos\/","name":"[:en]Motorcycle Transport Services, Ireland & Portugal. DeliveryAlgarve.com[:pt]Servi\u00e7os de transporte de motocicletas, Reino Unido e Portugal. DeliveryAlgarve.com[:fr]Services de transport de motos, Royaume-Uni et Portugal. LivraisonAlgarve.com[:es]Servicios de Transporte de Motocicletas, Irlanda y Portugal. EntregaAlgarve.com[:]","isPartOf":{"@id":"https:\/\/deliveryalgarve.com\/es\/#website"},"primaryImageOfPage":{"@id":"https:\/\/deliveryalgarve.com\/es\/transporte-de-motos\/#primaryimage"},"image":{"@id":"https:\/\/deliveryalgarve.com\/es\/transporte-de-motos\/#primaryimage"},"thumbnailUrl":"https:\/\/deliveryalgarve.com\/wp-content\/uploads\/2020\/12\/Motorcycle-Transport-UK-Portugal-DeliveryAlgarve-OG01.jpg","datePublished":"2020-09-23T11:14:42+00:00","dateModified":"2024-04-08T16:24:02+00:00","description":"{:en}Motorcycle Transport Services.\u00a0We offer a reliable, professional motorcycle transport service between Ireland & Portugal.{:pt}Servi\u00e7os de transporte de motocicletas. Oferecemos um servi\u00e7o fi\u00e1vel e profissional de transporte de motociclos entre o Reino Unido e Portugal.{:fr}Services de transport de motos. Nous offrons un service de transport de motos fiable et professionnel entre le Royaume-Uni et le Portugal.{:es}Servicios de Transporte de Motocicletas. Ofrecemos un servicio de transporte de motocicletas fiable y profesional entre Irlanda y Portugal.{:}","breadcrumb":{"@id":"https:\/\/deliveryalgarve.com\/es\/transporte-de-motos\/#breadcrumb"},"inLanguage":"es","potentialAction":[{"@type":"ReadAction","target":["https:\/\/deliveryalgarve.com\/es\/transporte-de-motos\/"]}]},{"@type":"ImageObject","inLanguage":"es","@id":"https:\/\/deliveryalgarve.com\/es\/transporte-de-motos\/#primaryimage","url":"https:\/\/deliveryalgarve.com\/wp-content\/uploads\/2020\/12\/Motorcycle-Transport-UK-Portugal-DeliveryAlgarve-OG01.jpg","contentUrl":"https:\/\/deliveryalgarve.com\/wp-content\/uploads\/2020\/12\/Motorcycle-Transport-UK-Portugal-DeliveryAlgarve-OG01.jpg"},{"@type":"BreadcrumbList","@id":"https:\/\/deliveryalgarve.com\/es\/transporte-de-motos\/#breadcrumb","itemListElement":[{"@type":"ListItem","position":1,"name":"Home","item":"https:\/\/deliveryalgarve.com\/"},{"@type":"ListItem","position":2,"name":"Transporte de Motos"}]},{"@type":"WebSite","@id":"https:\/\/deliveryalgarve.com\/es\/#website","url":"https:\/\/deliveryalgarve.com\/es\/","name":"DeliveryAlgarve.com","description":"Mudanzas y Almacenamiento, Irlanda, Portugal y Espa\u00f1a.","publisher":{"@id":"https:\/\/deliveryalgarve.com\/es\/#organization"},"potentialAction":[{"@type":"SearchAction","target":{"@type":"EntryPoint","urlTemplate":"https:\/\/deliveryalgarve.com\/es\/?s={search_term_string}"},"query-input":{"@type":"PropertyValueSpecification","valueRequired":true,"valueName":"search_term_string"}}],"inLanguage":"es"},{"@type":"Organization","@id":"https:\/\/deliveryalgarve.com\/es\/#organization","name":"DeliveryAlgarve.com","url":"https:\/\/deliveryalgarve.com\/es\/","logo":{"@type":"ImageObject","inLanguage":"es","@id":"https:\/\/deliveryalgarve.com\/es\/#\/schema\/logo\/image\/","url":"https:\/\/deliveryalgarve.com\/wp-content\/uploads\/2020\/10\/cropped-DeliveryAlgarveLogo01.jpg","contentUrl":"https:\/\/deliveryalgarve.com\/wp-content\/uploads\/2020\/10\/cropped-DeliveryAlgarveLogo01.jpg","width":240,"height":240,"caption":"DeliveryAlgarve.com"},"image":{"@id":"https:\/\/deliveryalgarve.com\/es\/#\/schema\/logo\/image\/"}}]}},"_links":{"self":[{"href":"https:\/\/deliveryalgarve.com\/es\/wp-json\/wp\/v2\/pages\/37","targetHints":{"allow":["GET"]}}],"collection":[{"href":"https:\/\/deliveryalgarve.com\/es\/wp-json\/wp\/v2\/pages"}],"about":[{"href":"https:\/\/deliveryalgarve.com\/es\/wp-json\/wp\/v2\/types\/page"}],"author":[{"embeddable":true,"href":"https:\/\/deliveryalgarve.com\/es\/wp-json\/wp\/v2\/users\/1"}],"replies":[{"embeddable":true,"href":"https:\/\/deliveryalgarve.com\/es\/wp-json\/wp\/v2\/comments?post=37"}],"version-history":[{"count":11,"href":"https:\/\/deliveryalgarve.com\/es\/wp-json\/wp\/v2\/pages\/37\/revisions"}],"predecessor-version":[{"id":507,"href":"https:\/\/deliveryalgarve.com\/es\/wp-json\/wp\/v2\/pages\/37\/revisions\/507"}],"wp:attachment":[{"href":"https:\/\/deliveryalgarve.com\/es\/wp-json\/wp\/v2\/media?parent=37"}],"curies":[{"name":"wp","href":"https:\/\/api.w.org\/{rel}","templated":true}]}}