{"id":62,"date":"2020-10-14T09:51:22","date_gmt":"2020-10-14T09:51:22","guid":{"rendered":"https:\/\/deliveryalgarve.com\/?page_id=62"},"modified":"2024-04-08T13:22:09","modified_gmt":"2024-04-08T13:22:09","slug":"uk-portugal-removals","status":"publish","type":"page","link":"https:\/\/deliveryalgarve.com\/es\/irlanda-portugal-mudanzas\/","title":{"rendered":"Irlanda Portugal Mudanzas"},"content":{"rendered":"<p><strong>Irlanda Portugal Mudanzas por DeliveryAlgarve.com. Llevamos tres d\u00e9cadas transportando casas, personas, coches, motos entre Irlanda y Portugal. Ofrecemos una soluci\u00f3n de almacenamiento y mudanzas confiable y eficiente para cualquiera que est\u00e9 considerando mudarse entre Irlanda y Portugal.<\/strong><\/p>\n<figure id=\"attachment_365\" aria-describedby=\"caption-attachment-365\" style=\"width: 1200px\" class=\"wp-caption alignnone\"><img loading=\"lazy\" decoding=\"async\" class=\"wp-image-365 size-full\" src=\"https:\/\/deliveryalgarve.com\/wp-content\/uploads\/2022\/02\/Irlanda-Portugal-Mudanzas-DeliveryAlgarve.jpg\" alt=\"Irlanda Portugal Mudanzas - DeliveryAlgarve\" width=\"1200\" height=\"630\" srcset=\"https:\/\/deliveryalgarve.com\/wp-content\/uploads\/2022\/02\/Irlanda-Portugal-Mudanzas-DeliveryAlgarve.jpg 1200w, https:\/\/deliveryalgarve.com\/wp-content\/uploads\/2022\/02\/Irlanda-Portugal-Mudanzas-DeliveryAlgarve-300x158.jpg 300w, https:\/\/deliveryalgarve.com\/wp-content\/uploads\/2022\/02\/Irlanda-Portugal-Mudanzas-DeliveryAlgarve-1024x538.jpg 1024w, https:\/\/deliveryalgarve.com\/wp-content\/uploads\/2022\/02\/Irlanda-Portugal-Mudanzas-DeliveryAlgarve-768x403.jpg 768w, https:\/\/deliveryalgarve.com\/wp-content\/uploads\/2022\/02\/Irlanda-Portugal-Mudanzas-DeliveryAlgarve-1x1.jpg 1w\" sizes=\"auto, (max-width: 1200px) 100vw, 1200px\" \/><figcaption id=\"caption-attachment-365\" class=\"wp-caption-text\">Irlanda Portugal Mudanzas &#8211; DeliveryAlgarve<\/figcaption><\/figure>\n<h2>Irlanda Portugal Mudanzas<\/h2>\n<p>Con sede en Loul\u00e9, en la hermosa regi\u00f3n portuguesa del Algarve, DeliveryAlgarve.com ofrece un servicio regular de transporte de contenedores de env\u00edo entre Irlanda y Portugal y hasta Espa\u00f1a. \u00a1Perm\u00edtanos cotizar antes de decidir su pr\u00f3ximo movimiento!<\/p>\n<p>Si, como la mayor\u00eda de nuestros clientes de mudanzas, desea obtener el mejor precio de mudanza posible, pero no quiere sacrificar la seguridad o la confiabilidad. \u00a1En DeliveryAlgarve.com, lo tenemos cubierto! En DeliveryAlgarve.com, nuestras tres consideraciones m\u00e1s importantes son:<\/p>\n<ul>\n<li>Brindar un servicio profesional y confiable a nuestros clientes<\/li>\n<li>Tener el m\u00e1ximo cuidado al mover las pertenencias de nuestros clientes<\/li>\n<li>Ofrecer precios honestos y justos para las mudanzas entre Portugal y el Reino Unido<\/li>\n<\/ul>\n<p>&nbsp;<\/p>\n\n<div class=\"wpcf7 no-js\" id=\"wpcf7-f112-o4\" lang=\"en-US\" dir=\"ltr\" data-wpcf7-id=\"112\">\n<div class=\"screen-reader-response\"><p role=\"status\" aria-live=\"polite\" aria-atomic=\"true\"><\/p> <ul><\/ul><\/div>\n<form action=\"\/es\/wp-json\/wp\/v2\/pages\/62#wpcf7-f112-o4\" method=\"post\" class=\"wpcf7-form init\" aria-label=\"Contact form\" novalidate=\"novalidate\" data-status=\"init\">\n<fieldset class=\"hidden-fields-container\"><input type=\"hidden\" name=\"_wpcf7\" value=\"112\" \/><input type=\"hidden\" name=\"_wpcf7_version\" value=\"6.1.5\" \/><input type=\"hidden\" name=\"_wpcf7_locale\" value=\"en_US\" \/><input type=\"hidden\" name=\"_wpcf7_unit_tag\" value=\"wpcf7-f112-o4\" \/><input type=\"hidden\" name=\"_wpcf7_container_post\" value=\"0\" \/><input type=\"hidden\" name=\"_wpcf7_posted_data_hash\" value=\"\" \/>\n<\/fieldset>\n<div id=\"quote\">\n\t<h3>Cotizaci\u00f3n Mudanzas\n\t<\/h3>\n\t<p>\u00a1Cu\u00e9ntenos un poco sobre sus necesidades de mudanzas y nos pondremos en contacto con usted!\n\t<\/p>\n\t<p><span class=\"wpcf7-form-control-wrap\" data-name=\"daq-name\"><input size=\"40\" maxlength=\"400\" class=\"wpcf7-form-control wpcf7-text wpcf7-validates-as-required daq\" aria-required=\"true\" aria-invalid=\"false\" placeholder=\"su nombre\" value=\"\" type=\"text\" name=\"daq-name\" \/><\/span><br \/>\n<span class=\"wpcf7-form-control-wrap\" data-name=\"daq-email\"><input size=\"40\" maxlength=\"400\" class=\"wpcf7-form-control wpcf7-email wpcf7-validates-as-required wpcf7-text wpcf7-validates-as-email daq\" aria-required=\"true\" aria-invalid=\"false\" placeholder=\"su direcci\u00f3n de correo electr\u00f3nico\" value=\"\" type=\"email\" name=\"daq-email\" \/><\/span><br \/>\n<span class=\"wpcf7-form-control-wrap\" data-name=\"daq-phone\"><input size=\"40\" maxlength=\"400\" class=\"wpcf7-form-control wpcf7-tel wpcf7-text wpcf7-validates-as-tel daq\" aria-invalid=\"false\" placeholder=\"su n\u00famero de tel\u00e9fono\" value=\"\" type=\"tel\" name=\"daq-phone\" \/><\/span><br \/>\n<span class=\"wpcf7-form-control-wrap\" data-name=\"daq-from\"><input size=\"40\" maxlength=\"400\" class=\"wpcf7-form-control wpcf7-text wpcf7-validates-as-required daq\" aria-required=\"true\" aria-invalid=\"false\" placeholder=\"recogida desde (incluya un c\u00f3digo postal y un pa\u00eds)\" value=\"\" type=\"text\" name=\"daq-from\" \/><\/span><br \/>\n<span class=\"wpcf7-form-control-wrap\" data-name=\"daq-to\"><input size=\"40\" maxlength=\"400\" class=\"wpcf7-form-control wpcf7-text wpcf7-validates-as-required daq\" aria-required=\"true\" aria-invalid=\"false\" placeholder=\"entrega a (como arriba)\" value=\"\" type=\"text\" name=\"daq-to\" \/><\/span><br \/>\n<span class=\"wpcf7-form-control-wrap\" data-name=\"daq-date\"><input size=\"40\" maxlength=\"400\" class=\"wpcf7-form-control wpcf7-text wpcf7-validates-as-required daq\" aria-required=\"true\" aria-invalid=\"false\" placeholder=\"fecha aproximada requerida\" value=\"\" type=\"text\" name=\"daq-date\" \/><\/span><br \/>\n<span class=\"wpcf7-form-control-wrap\" data-name=\"daq-types\"><span class=\"wpcf7-form-control wpcf7-checkbox daq\"><span class=\"wpcf7-list-item first\"><label><input type=\"checkbox\" name=\"daq-types[]\" value=\"Mudanzas Generales y Dom\u00e9sticas\" \/><span class=\"wpcf7-list-item-label\">Mudanzas Generales y Dom\u00e9sticas<\/span><\/label><\/span><span class=\"wpcf7-list-item\"><label><input type=\"checkbox\" name=\"daq-types[]\" value=\"Equipamiento comercial\" \/><span class=\"wpcf7-list-item-label\">Equipamiento comercial<\/span><\/label><\/span><span class=\"wpcf7-list-item\"><label><input type=\"checkbox\" name=\"daq-types[]\" value=\"Coche, Barco, etc\" \/><span class=\"wpcf7-list-item-label\">Coche, Barco, etc<\/span><\/label><\/span><span class=\"wpcf7-list-item last\"><label><input type=\"checkbox\" name=\"daq-types[]\" value=\"Moto(s)\" \/><span class=\"wpcf7-list-item-label\">Moto(s)<\/span><\/label><\/span><\/span><\/span><br \/>\n<span class=\"wpcf7-form-control-wrap\" data-name=\"daq-message\"><textarea cols=\"40\" rows=\"10\" maxlength=\"2000\" class=\"wpcf7-form-control wpcf7-textarea daq\" aria-invalid=\"false\" placeholder=\"cualquier otro detalle. \u00a1Cuanto m\u00e1s nos digas, m\u00e1s podremos ayudarte!\" name=\"daq-message\"><\/textarea><\/span><br \/>\n<span class=\"wpcf7-form-control-wrap\" data-name=\"capital-quiz\"><label><span class=\"wpcf7-quiz-label\">Para detener a los spammers... \u00bfPodr\u00eda decirnos cu\u00e1l es el n\u00famero m\u00e1s grande... 3 o 4?<\/span> <input size=\"40\" class=\"wpcf7-form-control wpcf7-quiz\" autocomplete=\"off\" aria-required=\"true\" aria-invalid=\"false\" type=\"text\" name=\"capital-quiz\" \/><\/label><input type=\"hidden\" name=\"_wpcf7_quiz_answer_capital-quiz\" value=\"6418842b41c066b6827ae3c56282a02a\" \/><\/span><br \/>\n<input class=\"wpcf7-form-control wpcf7-submit has-spinner daq\" type=\"submit\" value=\"\u00a1Haz clic para enviar!\" \/>\n\t<\/p>\n<\/div><div class=\"wpcf7-response-output\" aria-hidden=\"true\"><\/div>\n<\/form>\n<\/div>\n\n<p>&nbsp;<\/p>\n<h3>Servicio de Mudanzas Nacionales<\/h3>\n<p>DeliveryAlgarve.com opera un servicio de transporte y almacenamiento profesional y confiable con dos bases, en Dubl\u00edn, Irlanda y Loul\u00e9 en el Algarve. Ambos dep\u00f3sitos cuentan con instalaciones de almacenamiento seguras y protegidas, y sirven como nuestros principales puntos de entrega y recogida en Irlanda y Portugal.<\/p>\n<blockquote><p><em><strong>\u00a130 a\u00f1os de experiencia en el traslado de familias y hogares entre Irlanda y Portugal!<\/strong><\/em><\/p><\/blockquote>\n<p>Nuestros veh\u00edculos de mudanzas especializados funcionan todos los d\u00edas para ayudar a personas, familias y empresas a mudarse de casa o local entre Irlanda y Portugal.<\/p>\n<p>DeliveryAlgarve.com tiene una gran experiencia en mudanzas nacionales. Desde el principio, llevaremos a cabo su traslado europeo de manera profesional y competente.<\/p>\n<p>Sus efectos personales son muy importantes para nosotros, desde el embalaje, la carga, el transporte y la entrega de sus art\u00edculos puerta a puerta por carretera, sus valiosos art\u00edculos llegar\u00e1n de forma segura.<\/p>\n<h3>Un servicio de calidad de principio a fin<\/h3>\n<p>Todos los env\u00edos se inventarian individualmente para garantizar que todos los efectos personales se entreguen en la propiedad del cliente correcto. Este es un servicio completo puerta a puerta con desempaque, si es necesario.<\/p>\n<p><a href=\"https:\/\/www.google.com\/maps\/place\/deliveryalgarve.com\/@37.1059289,-8.0794513,17z\/data=!3m1!4b1!4m5!3m4!1s0xd1ab5a58195c0f7:0xf44238318d13c7ef!8m2!3d37.1059246!4d-8.0772626\" target=\"_blank\" rel=\"noopener noreferrer\"><em>\u00a1Encu\u00e9ntranos en Google Maps!<\/em><\/a><\/p>\n<p>&nbsp;<\/p>","protected":false},"excerpt":{"rendered":"<p>Irlanda Portugal Mudanzas por DeliveryAlgarve.com. Llevamos tres d\u00e9cadas transportando casas, personas, coches, motos entre Irlanda y Portugal. Ofrecemos una soluci\u00f3n de almacenamiento y mudanzas confiable y eficiente para cualquiera que est\u00e9 considerando mudarse entre Irlanda y Portugal.<\/p>\n","protected":false},"author":1,"featured_media":426,"parent":0,"menu_order":0,"comment_status":"closed","ping_status":"closed","template":"","meta":{"footnotes":""},"class_list":["post-62","page","type-page","status-publish","has-post-thumbnail","hentry"],"yoast_head":"<!-- This site is optimized with the Yoast SEO plugin v27.5 - https:\/\/yoast.com\/product\/yoast-seo-wordpress\/ -->\n<title>Mudanzas Irlanda Portugal. Mudanzas fiables entre Irlanda y Portugal.<\/title>\n<meta name=\"description\" content=\"Mudanzas Irlanda Portugal. Durante tres d\u00e9cadas, hemos estado transportando casas, personas, coches, motos entre Irlanda y Portugal.\" \/>\n<meta name=\"robots\" content=\"index, follow, max-snippet:-1, max-image-preview:large, max-video-preview:-1\" \/>\n<link rel=\"canonical\" href=\"https:\/\/deliveryalgarve.com\/es\/irlanda-portugal-mudanzas\/\" \/>\n<meta property=\"og:locale\" content=\"es_ES\" \/>\n<meta property=\"og:type\" content=\"article\" \/>\n<meta property=\"og:title\" content=\"[:en]Ireland Portugal Removals. Reliable removals between Ireland &amp; Portugal.[:pt]Remo\u00e7\u00f5es do Reino Unido \/ Portugal. Remo\u00e7\u00f5es confi\u00e1veis entre o Reino Unido e Portugal.[:fr]D\u00e9m\u00e9nagements au Royaume-Uni \/ Portugal. D\u00e9m\u00e9nagements fiables entre le Royaume-Uni et le Portugal.[:es]Mudanzas Irlanda Portugal. Mudanzas fiables entre Irlanda y Portugal.[:]\" \/>\n<meta property=\"og:description\" content=\"{:en}Ireland Portugal Removals.\u00a0For three decades, we have been transporting homes, people, cars, motorbikes between Ireland &amp; Portugal.{:pt}Remo\u00e7\u00f5es do Reino Unido \/ Portugal. H\u00e1 tr\u00eas d\u00e9cadas transportamos casas, pessoas, carros, motos entre o Reino Unido e Portugal.{:fr}D\u00e9m\u00e9nagements au Royaume-Uni \/ Portugal. Depuis trois d\u00e9cennies, nous transportons des maisons, des personnes, des voitures et des motos entre le Royaume-Uni et le Portugal.{:es}Mudanzas Irlanda Portugal. Durante tres d\u00e9cadas, hemos estado transportando casas, personas, coches, motos entre Irlanda y Portugal.{:}\" \/>\n<meta property=\"og:url\" content=\"https:\/\/deliveryalgarve.com\/es\/irlanda-portugal-mudanzas\/\" \/>\n<meta property=\"og:site_name\" content=\"DeliveryAlgarve.com\" \/>\n<meta property=\"article:modified_time\" content=\"2024-04-08T13:22:09+00:00\" \/>\n<meta property=\"og:image\" content=\"https:\/\/deliveryalgarve.com\/wp-content\/uploads\/2022\/06\/Ireland-Portugal-Removals-Storage-DeliveryAlgarve_com.jpg\" \/>\n\t<meta property=\"og:image:width\" content=\"1920\" \/>\n\t<meta property=\"og:image:height\" content=\"600\" \/>\n\t<meta property=\"og:image:type\" content=\"image\/jpeg\" \/>\n<meta name=\"twitter:card\" content=\"summary_large_image\" \/>\n<meta name=\"twitter:label1\" content=\"Tiempo de lectura\" \/>\n\t<meta name=\"twitter:data1\" content=\"2 minutos\" \/>\n<script type=\"application\/ld+json\" class=\"yoast-schema-graph\">{\"@context\":\"https:\\\/\\\/schema.org\",\"@graph\":[{\"@type\":\"WebPage\",\"@id\":\"https:\\\/\\\/deliveryalgarve.com\\\/es\\\/irlanda-portugal-mudanzas\\\/\",\"url\":\"https:\\\/\\\/deliveryalgarve.com\\\/es\\\/irlanda-portugal-mudanzas\\\/\",\"name\":\"[:en]Ireland Portugal Removals. Reliable removals between Ireland & Portugal.[:pt]Remo\u00e7\u00f5es do Reino Unido \\\/ Portugal. Remo\u00e7\u00f5es confi\u00e1veis entre o Reino Unido e Portugal.[:fr]D\u00e9m\u00e9nagements au Royaume-Uni \\\/ Portugal. D\u00e9m\u00e9nagements fiables entre le Royaume-Uni et le Portugal.[:es]Mudanzas Irlanda Portugal. Mudanzas fiables entre Irlanda y Portugal.[:]\",\"isPartOf\":{\"@id\":\"https:\\\/\\\/deliveryalgarve.com\\\/es\\\/#website\"},\"primaryImageOfPage\":{\"@id\":\"https:\\\/\\\/deliveryalgarve.com\\\/es\\\/irlanda-portugal-mudanzas\\\/#primaryimage\"},\"image\":{\"@id\":\"https:\\\/\\\/deliveryalgarve.com\\\/es\\\/irlanda-portugal-mudanzas\\\/#primaryimage\"},\"thumbnailUrl\":\"https:\\\/\\\/deliveryalgarve.com\\\/wp-content\\\/uploads\\\/2022\\\/06\\\/Ireland-Portugal-Removals-Storage-DeliveryAlgarve_com.jpg\",\"datePublished\":\"2020-10-14T09:51:22+00:00\",\"dateModified\":\"2024-04-08T13:22:09+00:00\",\"description\":\"{:en}Ireland Portugal Removals.\u00a0For three decades, we have been transporting homes, people, cars, motorbikes between Ireland & Portugal.{:pt}Remo\u00e7\u00f5es do Reino Unido \\\/ Portugal. H\u00e1 tr\u00eas d\u00e9cadas transportamos casas, pessoas, carros, motos entre o Reino Unido e Portugal.{:fr}D\u00e9m\u00e9nagements au Royaume-Uni \\\/ Portugal. Depuis trois d\u00e9cennies, nous transportons des maisons, des personnes, des voitures et des motos entre le Royaume-Uni et le Portugal.{:es}Mudanzas Irlanda Portugal. Durante tres d\u00e9cadas, hemos estado transportando casas, personas, coches, motos entre Irlanda y Portugal.{:}\",\"breadcrumb\":{\"@id\":\"https:\\\/\\\/deliveryalgarve.com\\\/es\\\/irlanda-portugal-mudanzas\\\/#breadcrumb\"},\"inLanguage\":\"es\",\"potentialAction\":[{\"@type\":\"ReadAction\",\"target\":[\"https:\\\/\\\/deliveryalgarve.com\\\/es\\\/irlanda-portugal-mudanzas\\\/\"]}]},{\"@type\":\"ImageObject\",\"inLanguage\":\"es\",\"@id\":\"https:\\\/\\\/deliveryalgarve.com\\\/es\\\/irlanda-portugal-mudanzas\\\/#primaryimage\",\"url\":\"https:\\\/\\\/deliveryalgarve.com\\\/wp-content\\\/uploads\\\/2022\\\/06\\\/Ireland-Portugal-Removals-Storage-DeliveryAlgarve_com.jpg\",\"contentUrl\":\"https:\\\/\\\/deliveryalgarve.com\\\/wp-content\\\/uploads\\\/2022\\\/06\\\/Ireland-Portugal-Removals-Storage-DeliveryAlgarve_com.jpg\",\"width\":1920,\"height\":600,\"caption\":\"Ireland Portugal Removals & Storage - DeliveryAlgarve.com\"},{\"@type\":\"BreadcrumbList\",\"@id\":\"https:\\\/\\\/deliveryalgarve.com\\\/es\\\/irlanda-portugal-mudanzas\\\/#breadcrumb\",\"itemListElement\":[{\"@type\":\"ListItem\",\"position\":1,\"name\":\"Home\",\"item\":\"https:\\\/\\\/deliveryalgarve.com\\\/\"},{\"@type\":\"ListItem\",\"position\":2,\"name\":\"Irlanda Portugal Mudanzas\"}]},{\"@type\":\"WebSite\",\"@id\":\"https:\\\/\\\/deliveryalgarve.com\\\/es\\\/#website\",\"url\":\"https:\\\/\\\/deliveryalgarve.com\\\/es\\\/\",\"name\":\"DeliveryAlgarve.com\",\"description\":\"Mudanzas y Almacenamiento, Irlanda, Portugal y Espa\u00f1a.\",\"publisher\":{\"@id\":\"https:\\\/\\\/deliveryalgarve.com\\\/es\\\/#organization\"},\"potentialAction\":[{\"@type\":\"SearchAction\",\"target\":{\"@type\":\"EntryPoint\",\"urlTemplate\":\"https:\\\/\\\/deliveryalgarve.com\\\/es\\\/?s={search_term_string}\"},\"query-input\":{\"@type\":\"PropertyValueSpecification\",\"valueRequired\":true,\"valueName\":\"search_term_string\"}}],\"inLanguage\":\"es\"},{\"@type\":\"Organization\",\"@id\":\"https:\\\/\\\/deliveryalgarve.com\\\/es\\\/#organization\",\"name\":\"DeliveryAlgarve.com\",\"url\":\"https:\\\/\\\/deliveryalgarve.com\\\/es\\\/\",\"logo\":{\"@type\":\"ImageObject\",\"inLanguage\":\"es\",\"@id\":\"https:\\\/\\\/deliveryalgarve.com\\\/es\\\/#\\\/schema\\\/logo\\\/image\\\/\",\"url\":\"https:\\\/\\\/deliveryalgarve.com\\\/wp-content\\\/uploads\\\/2020\\\/10\\\/cropped-DeliveryAlgarveLogo01.jpg\",\"contentUrl\":\"https:\\\/\\\/deliveryalgarve.com\\\/wp-content\\\/uploads\\\/2020\\\/10\\\/cropped-DeliveryAlgarveLogo01.jpg\",\"width\":240,\"height\":240,\"caption\":\"DeliveryAlgarve.com\"},\"image\":{\"@id\":\"https:\\\/\\\/deliveryalgarve.com\\\/es\\\/#\\\/schema\\\/logo\\\/image\\\/\"}}]}<\/script>\n<!-- \/ Yoast SEO plugin. -->","yoast_head_json":{"title":"Mudanzas Irlanda Portugal. Mudanzas fiables entre Irlanda y Portugal.","description":"Mudanzas Irlanda Portugal. Durante tres d\u00e9cadas, hemos estado transportando casas, personas, coches, motos entre Irlanda y Portugal.","robots":{"index":"index","follow":"follow","max-snippet":"max-snippet:-1","max-image-preview":"max-image-preview:large","max-video-preview":"max-video-preview:-1"},"canonical":"https:\/\/deliveryalgarve.com\/es\/irlanda-portugal-mudanzas\/","og_locale":"es_ES","og_type":"article","og_title":"[:en]Ireland Portugal Removals. Reliable removals between Ireland & Portugal.[:pt]Remo\u00e7\u00f5es do Reino Unido \/ Portugal. Remo\u00e7\u00f5es confi\u00e1veis entre o Reino Unido e Portugal.[:fr]D\u00e9m\u00e9nagements au Royaume-Uni \/ Portugal. D\u00e9m\u00e9nagements fiables entre le Royaume-Uni et le Portugal.[:es]Mudanzas Irlanda Portugal. Mudanzas fiables entre Irlanda y Portugal.[:]","og_description":"{:en}Ireland Portugal Removals.\u00a0For three decades, we have been transporting homes, people, cars, motorbikes between Ireland & Portugal.{:pt}Remo\u00e7\u00f5es do Reino Unido \/ Portugal. H\u00e1 tr\u00eas d\u00e9cadas transportamos casas, pessoas, carros, motos entre o Reino Unido e Portugal.{:fr}D\u00e9m\u00e9nagements au Royaume-Uni \/ Portugal. Depuis trois d\u00e9cennies, nous transportons des maisons, des personnes, des voitures et des motos entre le Royaume-Uni et le Portugal.{:es}Mudanzas Irlanda Portugal. Durante tres d\u00e9cadas, hemos estado transportando casas, personas, coches, motos entre Irlanda y Portugal.{:}","og_url":"https:\/\/deliveryalgarve.com\/es\/irlanda-portugal-mudanzas\/","og_site_name":"DeliveryAlgarve.com","article_modified_time":"2024-04-08T13:22:09+00:00","og_image":[{"width":1920,"height":600,"url":"https:\/\/deliveryalgarve.com\/wp-content\/uploads\/2022\/06\/Ireland-Portugal-Removals-Storage-DeliveryAlgarve_com.jpg","type":"image\/jpeg"}],"twitter_card":"summary_large_image","twitter_misc":{"Tiempo de lectura":"2 minutos"},"schema":{"@context":"https:\/\/schema.org","@graph":[{"@type":"WebPage","@id":"https:\/\/deliveryalgarve.com\/es\/irlanda-portugal-mudanzas\/","url":"https:\/\/deliveryalgarve.com\/es\/irlanda-portugal-mudanzas\/","name":"[:en]Ireland Portugal Removals. Reliable removals between Ireland & Portugal.[:pt]Remo\u00e7\u00f5es do Reino Unido \/ Portugal. Remo\u00e7\u00f5es confi\u00e1veis entre o Reino Unido e Portugal.[:fr]D\u00e9m\u00e9nagements au Royaume-Uni \/ Portugal. D\u00e9m\u00e9nagements fiables entre le Royaume-Uni et le Portugal.[:es]Mudanzas Irlanda Portugal. Mudanzas fiables entre Irlanda y Portugal.[:]","isPartOf":{"@id":"https:\/\/deliveryalgarve.com\/es\/#website"},"primaryImageOfPage":{"@id":"https:\/\/deliveryalgarve.com\/es\/irlanda-portugal-mudanzas\/#primaryimage"},"image":{"@id":"https:\/\/deliveryalgarve.com\/es\/irlanda-portugal-mudanzas\/#primaryimage"},"thumbnailUrl":"https:\/\/deliveryalgarve.com\/wp-content\/uploads\/2022\/06\/Ireland-Portugal-Removals-Storage-DeliveryAlgarve_com.jpg","datePublished":"2020-10-14T09:51:22+00:00","dateModified":"2024-04-08T13:22:09+00:00","description":"{:en}Ireland Portugal Removals.\u00a0For three decades, we have been transporting homes, people, cars, motorbikes between Ireland & Portugal.{:pt}Remo\u00e7\u00f5es do Reino Unido \/ Portugal. H\u00e1 tr\u00eas d\u00e9cadas transportamos casas, pessoas, carros, motos entre o Reino Unido e Portugal.{:fr}D\u00e9m\u00e9nagements au Royaume-Uni \/ Portugal. Depuis trois d\u00e9cennies, nous transportons des maisons, des personnes, des voitures et des motos entre le Royaume-Uni et le Portugal.{:es}Mudanzas Irlanda Portugal. Durante tres d\u00e9cadas, hemos estado transportando casas, personas, coches, motos entre Irlanda y Portugal.{:}","breadcrumb":{"@id":"https:\/\/deliveryalgarve.com\/es\/irlanda-portugal-mudanzas\/#breadcrumb"},"inLanguage":"es","potentialAction":[{"@type":"ReadAction","target":["https:\/\/deliveryalgarve.com\/es\/irlanda-portugal-mudanzas\/"]}]},{"@type":"ImageObject","inLanguage":"es","@id":"https:\/\/deliveryalgarve.com\/es\/irlanda-portugal-mudanzas\/#primaryimage","url":"https:\/\/deliveryalgarve.com\/wp-content\/uploads\/2022\/06\/Ireland-Portugal-Removals-Storage-DeliveryAlgarve_com.jpg","contentUrl":"https:\/\/deliveryalgarve.com\/wp-content\/uploads\/2022\/06\/Ireland-Portugal-Removals-Storage-DeliveryAlgarve_com.jpg","width":1920,"height":600,"caption":"Ireland Portugal Removals & Storage - DeliveryAlgarve.com"},{"@type":"BreadcrumbList","@id":"https:\/\/deliveryalgarve.com\/es\/irlanda-portugal-mudanzas\/#breadcrumb","itemListElement":[{"@type":"ListItem","position":1,"name":"Home","item":"https:\/\/deliveryalgarve.com\/"},{"@type":"ListItem","position":2,"name":"Irlanda Portugal Mudanzas"}]},{"@type":"WebSite","@id":"https:\/\/deliveryalgarve.com\/es\/#website","url":"https:\/\/deliveryalgarve.com\/es\/","name":"DeliveryAlgarve.com","description":"Mudanzas y Almacenamiento, Irlanda, Portugal y Espa\u00f1a.","publisher":{"@id":"https:\/\/deliveryalgarve.com\/es\/#organization"},"potentialAction":[{"@type":"SearchAction","target":{"@type":"EntryPoint","urlTemplate":"https:\/\/deliveryalgarve.com\/es\/?s={search_term_string}"},"query-input":{"@type":"PropertyValueSpecification","valueRequired":true,"valueName":"search_term_string"}}],"inLanguage":"es"},{"@type":"Organization","@id":"https:\/\/deliveryalgarve.com\/es\/#organization","name":"DeliveryAlgarve.com","url":"https:\/\/deliveryalgarve.com\/es\/","logo":{"@type":"ImageObject","inLanguage":"es","@id":"https:\/\/deliveryalgarve.com\/es\/#\/schema\/logo\/image\/","url":"https:\/\/deliveryalgarve.com\/wp-content\/uploads\/2020\/10\/cropped-DeliveryAlgarveLogo01.jpg","contentUrl":"https:\/\/deliveryalgarve.com\/wp-content\/uploads\/2020\/10\/cropped-DeliveryAlgarveLogo01.jpg","width":240,"height":240,"caption":"DeliveryAlgarve.com"},"image":{"@id":"https:\/\/deliveryalgarve.com\/es\/#\/schema\/logo\/image\/"}}]}},"_links":{"self":[{"href":"https:\/\/deliveryalgarve.com\/es\/wp-json\/wp\/v2\/pages\/62","targetHints":{"allow":["GET"]}}],"collection":[{"href":"https:\/\/deliveryalgarve.com\/es\/wp-json\/wp\/v2\/pages"}],"about":[{"href":"https:\/\/deliveryalgarve.com\/es\/wp-json\/wp\/v2\/types\/page"}],"author":[{"embeddable":true,"href":"https:\/\/deliveryalgarve.com\/es\/wp-json\/wp\/v2\/users\/1"}],"replies":[{"embeddable":true,"href":"https:\/\/deliveryalgarve.com\/es\/wp-json\/wp\/v2\/comments?post=62"}],"version-history":[{"count":21,"href":"https:\/\/deliveryalgarve.com\/es\/wp-json\/wp\/v2\/pages\/62\/revisions"}],"predecessor-version":[{"id":472,"href":"https:\/\/deliveryalgarve.com\/es\/wp-json\/wp\/v2\/pages\/62\/revisions\/472"}],"wp:featuredmedia":[{"embeddable":true,"href":"https:\/\/deliveryalgarve.com\/es\/wp-json\/wp\/v2\/media\/426"}],"wp:attachment":[{"href":"https:\/\/deliveryalgarve.com\/es\/wp-json\/wp\/v2\/media?parent=62"}],"curies":[{"name":"wp","href":"https:\/\/api.w.org\/{rel}","templated":true}]}}