{"id":83,"date":"2020-10-14T10:50:53","date_gmt":"2020-10-14T10:50:53","guid":{"rendered":"https:\/\/deliveryalgarve.com\/?page_id=83"},"modified":"2025-03-16T12:36:40","modified_gmt":"2025-03-16T12:36:40","slug":"contact-us","status":"publish","type":"page","link":"https:\/\/deliveryalgarve.com\/es\/contacta-con-nosotros\/","title":{"rendered":"Contacta con nosotros"},"content":{"rendered":"<p><strong>No dude en ponerse en contacto con nosotros si tiene alguna pregunta sobre nuestros servicios de transporte, mudanzas y almacenaje en Irlanda y Portugal. Generalmente respondemos a los correos electr\u00f3nicos con 24 horas (entre semana) y el tel\u00e9fono siempre est\u00e1 disponible. &#8216;\u00a1Te hablar\u00e9 pronto!<\/strong><\/p>\n<h2>Contacto DeliveryAlgarve<\/h2>\n<p>Si necesita una cotizaci\u00f3n especial (inusual) para cualquier trabajo de transporte, o simplemente desea preguntar acerca de nuestros servicios, comun\u00edquese con nosotros y haremos todo lo posible para acomodarlo.<\/p>\n\n<div class=\"wpcf7 no-js\" id=\"wpcf7-f152-o4\" lang=\"en-US\" dir=\"ltr\" data-wpcf7-id=\"152\">\n<div class=\"screen-reader-response\"><p role=\"status\" aria-live=\"polite\" aria-atomic=\"true\"><\/p> <ul><\/ul><\/div>\n<form action=\"\/es\/wp-json\/wp\/v2\/pages\/83#wpcf7-f152-o4\" method=\"post\" class=\"wpcf7-form init\" aria-label=\"Contact form\" novalidate=\"novalidate\" data-status=\"init\">\n<fieldset class=\"hidden-fields-container\"><input type=\"hidden\" name=\"_wpcf7\" value=\"152\" \/><input type=\"hidden\" name=\"_wpcf7_version\" value=\"6.1.5\" \/><input type=\"hidden\" name=\"_wpcf7_locale\" value=\"en_US\" \/><input type=\"hidden\" name=\"_wpcf7_unit_tag\" value=\"wpcf7-f152-o4\" \/><input type=\"hidden\" name=\"_wpcf7_container_post\" value=\"0\" \/><input type=\"hidden\" name=\"_wpcf7_posted_data_hash\" value=\"\" \/>\n<\/fieldset>\n<div id=\"quote\">\n\t<h3>General Enquiry\n\t<\/h3>\n\t<p>Tell us as much as you can about your request and we'll get right back to you!\n\t<\/p>\n\t<p><span class=\"wpcf7-form-control-wrap\" data-name=\"daq-name\"><input size=\"40\" maxlength=\"400\" class=\"wpcf7-form-control wpcf7-text wpcf7-validates-as-required daq\" aria-required=\"true\" aria-invalid=\"false\" placeholder=\"your name\" value=\"\" type=\"text\" name=\"daq-name\" \/><\/span><br \/>\n<span class=\"wpcf7-form-control-wrap\" data-name=\"daq-email\"><input size=\"40\" maxlength=\"400\" class=\"wpcf7-form-control wpcf7-email wpcf7-validates-as-required wpcf7-text wpcf7-validates-as-email daq\" aria-required=\"true\" aria-invalid=\"false\" placeholder=\"your email address\" value=\"\" type=\"email\" name=\"daq-email\" \/><\/span><br \/>\n<span class=\"wpcf7-form-control-wrap\" data-name=\"daq-phone\"><input size=\"40\" maxlength=\"400\" class=\"wpcf7-form-control wpcf7-tel wpcf7-text wpcf7-validates-as-tel daq\" aria-invalid=\"false\" placeholder=\"a phone number?\" value=\"\" type=\"tel\" name=\"daq-phone\" \/><\/span><br \/>\n<span class=\"wpcf7-form-control-wrap\" data-name=\"daq-message\"><textarea cols=\"40\" rows=\"10\" maxlength=\"2000\" class=\"wpcf7-form-control wpcf7-textarea daq\" aria-invalid=\"false\" placeholder=\"any other details.  the more you tell us, the more we can help!\" name=\"daq-message\"><\/textarea><\/span><br \/>\n<span class=\"wpcf7-form-control-wrap\" data-name=\"capital-quiz\"><label><span class=\"wpcf7-quiz-label\">Para detener a los spammers... \u00bfPodr\u00eda decirnos cu\u00e1l es el n\u00famero m\u00e1s grande... 3 o 4?<\/span> <input size=\"40\" class=\"wpcf7-form-control wpcf7-quiz\" autocomplete=\"off\" aria-required=\"true\" aria-invalid=\"false\" type=\"text\" name=\"capital-quiz\" \/><\/label><input type=\"hidden\" name=\"_wpcf7_quiz_answer_capital-quiz\" value=\"6418842b41c066b6827ae3c56282a02a\" \/><\/span><br \/>\n<input class=\"wpcf7-form-control wpcf7-submit has-spinner daq\" type=\"submit\" value=\"Click to Send!\" \/>\n\t<\/p>\n<\/div><div class=\"wpcf7-response-output\" aria-hidden=\"true\"><\/div>\n<\/form>\n<\/div>\n\n<h3>Call DeliveryAlgarve en Portugal o Irlanda<\/h3>\n<ul>\n<li>Portugal: 00351 930 658 660<\/li>\n<li>Ireland: 00353 86 256 5165<\/li>\n<\/ul>\n<p><strong>Portugal:<\/strong> Sitio dos Sel\u00f5es, Caminho dos Foros, Quattro Estradas, 8100-287, Loul\u00e9, PT.<\/p>\n<p><strong>Ireland:<\/strong> Unit 2, Glascarn Lane, Ratoath, County Meath, A85 R652, IE.<\/p>\n<p><iframe loading=\"lazy\" style=\"border: 0;\" tabindex=\"0\" src=\"https:\/\/www.google.com\/maps\/embed?pb=!1m18!1m12!1m3!1d3181.9660942061655!2d-8.079451284701497!3d37.10592457988675!2m3!1f0!2f0!3f0!3m2!1i1024!2i768!4f13.1!3m3!1m2!1s0xd1ab5a58195c0f7%3A0xf44238318d13c7ef!2sdeliveryalgarve.com!5e0!3m2!1sen!2ses!4v1603710149551!5m2!1sen!2ses\" width=\"100%\" height=\"450\" frameborder=\"0\" allowfullscreen=\"allowfullscreen\" aria-hidden=\"false\" data-mce-fragment=\"1\"><span data-mce-type=\"bookmark\" style=\"display: inline-block; width: 0px; overflow: hidden; line-height: 0;\" class=\"mce_SELRES_start\">\ufeff<\/span><\/iframe><\/p>\n<p>&nbsp;<\/p>\n<h3>Servicio de Mudanzas Europeas<\/h3>\n<p>DeliveryAlgarve.com opera un servicio de transporte y almacenamiento profesional y confiable con dos bases, en Dubl\u00edn, Irlanda y Loule en el Algarve. Ambos dep\u00f3sitos cuentan con instalaciones de almacenamiento seguras y protegidas, y sirven como nuestros principales puntos de entrega y recogida en Irlanda y Portugal.<\/p>\n<blockquote><p><em><strong>\u00a130 a\u00f1os de experiencia en el traslado de familias y hogares entre Irlanda y Portugal!<\/strong><\/em><\/p><\/blockquote>\n<p>Nuestros veh\u00edculos de mudanzas especializados funcionan todos los d\u00edas para ayudar a personas, familias y empresas a mudarse de casa o local entre Irlanda y Portugal.<\/p>\n<p>DeliveryAlgarve.com tiene una gran experiencia en mudanzas nacionales. Desde el principio, llevaremos a cabo su traslado europeo de manera profesional y competente.<\/p>\n<p>Sus efectos personales son muy importantes para nosotros, desde el embalaje, la carga, el transporte y la entrega de sus art\u00edculos puerta a puerta por carretera, sus valiosos art\u00edculos llegar\u00e1n de forma segura.<\/p>\n<h3>Un servicio de calidad de principio a fin<\/h3>\n<p>Todos los env\u00edos se inventarian individualmente para garantizar que todos los efectos personales se entreguen en la propiedad del cliente correcto. Este es un servicio completo puerta a puerta con desempaque, si es necesario.<\/p>\n<p><a href=\"https:\/\/www.google.com\/maps\/place\/deliveryalgarve.com\/@37.1059289,-8.0794513,17z\/data=!3m1!4b1!4m5!3m4!1s0xd1ab5a58195c0f7:0xf44238318d13c7ef!8m2!3d37.1059246!4d-8.0772626\" target=\"_blank\" rel=\"noopener noreferrer\"><em>\u00a1Encu\u00e9ntranos en Google Maps!<\/em><\/a><\/p>\n<p>&nbsp;<\/p>","protected":false},"excerpt":{"rendered":"<p>No dude en ponerse en contacto con nosotros si tiene alguna pregunta sobre nuestros servicios de transporte, mudanzas y almacenaje en Irlanda y Portugal. Generalmente respondemos a los correos electr\u00f3nicos con 24 horas (entre semana) y el tel\u00e9fono siempre est\u00e1 disponible. &#8216;\u00a1Te hablar\u00e9 pronto!<\/p>\n","protected":false},"author":1,"featured_media":0,"parent":0,"menu_order":0,"comment_status":"closed","ping_status":"closed","template":"","meta":{"footnotes":""},"class_list":["post-83","page","type-page","status-publish","hentry"],"yoast_head":"<!-- This site is optimized with the Yoast SEO plugin v27.5 - https:\/\/yoast.com\/product\/yoast-seo-wordpress\/ -->\n<title>P\u00f3ngase en contacto con DeliveryAlgarve.com. Cons\u00faltenos sobre sus mudanzas.<\/title>\n<meta name=\"description\" content=\"\u00a1Cont\u00e1ctenos! Generalmente respondemos a los correos electr\u00f3nicos con 24 horas (entre semana) y el tel\u00e9fono siempre est\u00e1 disponible. &#039;\u00a1Te hablar\u00e9 pronto!\" \/>\n<meta name=\"robots\" content=\"index, follow, max-snippet:-1, max-image-preview:large, max-video-preview:-1\" \/>\n<link rel=\"canonical\" href=\"https:\/\/deliveryalgarve.com\/es\/contacta-con-nosotros\/\" \/>\n<meta property=\"og:locale\" content=\"es_ES\" \/>\n<meta property=\"og:type\" content=\"article\" \/>\n<meta property=\"og:title\" content=\"[:en]Contact DeliveryAlgarve.com. Please ask us about your removals.[:pt]Entre em contato com DeliveryAlgarve.com. Pergunte-nos sobre suas remo\u00e7\u00f5es.[:fr]Contactez DeliveryAlgarve.com. Veuillez nous demander vos d\u00e9m\u00e9nagements.[:es]P\u00f3ngase en contacto con DeliveryAlgarve.com. Cons\u00faltenos sobre sus mudanzas.[:]\" \/>\n<meta property=\"og:description\" content=\"{:en}Contact Us! We generally respond to emails with 24 hours (weekdays) and the telephone is always on hand.\u00a0 &#039;Speak to you soon!{:pt}Contate-Nos! Geralmente respondemos aos emails com 24 horas (dias \u00fateis) e o telefone est\u00e1 sempre dispon\u00edvel. &#039;Falo com voc\u00ea em breve!{:fr}Nous contacter! Nous r\u00e9pondons g\u00e9n\u00e9ralement aux e-mails avec 24 heures (en semaine) et le t\u00e9l\u00e9phone est toujours \u00e0 port\u00e9e de main. \u00abParle-toi bient\u00f4t!{:es}\u00a1Cont\u00e1ctenos! Generalmente respondemos a los correos electr\u00f3nicos con 24 horas (entre semana) y el tel\u00e9fono siempre est\u00e1 disponible. &#039;\u00a1Te hablar\u00e9 pronto!{:}\" \/>\n<meta property=\"og:url\" content=\"https:\/\/deliveryalgarve.com\/es\/contacta-con-nosotros\/\" \/>\n<meta property=\"og:site_name\" content=\"DeliveryAlgarve.com\" \/>\n<meta property=\"article:modified_time\" content=\"2025-03-16T12:36:40+00:00\" \/>\n<meta name=\"twitter:card\" content=\"summary_large_image\" \/>\n<meta name=\"twitter:label1\" content=\"Tiempo de lectura\" \/>\n\t<meta name=\"twitter:data1\" content=\"2 minutos\" \/>\n<script type=\"application\/ld+json\" class=\"yoast-schema-graph\">{\"@context\":\"https:\\\/\\\/schema.org\",\"@graph\":[{\"@type\":\"WebPage\",\"@id\":\"https:\\\/\\\/deliveryalgarve.com\\\/es\\\/contacta-con-nosotros\\\/\",\"url\":\"https:\\\/\\\/deliveryalgarve.com\\\/es\\\/contacta-con-nosotros\\\/\",\"name\":\"[:en]Contact DeliveryAlgarve.com. Please ask us about your removals.[:pt]Entre em contato com DeliveryAlgarve.com. Pergunte-nos sobre suas remo\u00e7\u00f5es.[:fr]Contactez DeliveryAlgarve.com. Veuillez nous demander vos d\u00e9m\u00e9nagements.[:es]P\u00f3ngase en contacto con DeliveryAlgarve.com. Cons\u00faltenos sobre sus mudanzas.[:]\",\"isPartOf\":{\"@id\":\"https:\\\/\\\/deliveryalgarve.com\\\/es\\\/#website\"},\"datePublished\":\"2020-10-14T10:50:53+00:00\",\"dateModified\":\"2025-03-16T12:36:40+00:00\",\"description\":\"{:en}Contact Us! We generally respond to emails with 24 hours (weekdays) and the telephone is always on hand.\u00a0 'Speak to you soon!{:pt}Contate-Nos! Geralmente respondemos aos emails com 24 horas (dias \u00fateis) e o telefone est\u00e1 sempre dispon\u00edvel. 'Falo com voc\u00ea em breve!{:fr}Nous contacter! Nous r\u00e9pondons g\u00e9n\u00e9ralement aux e-mails avec 24 heures (en semaine) et le t\u00e9l\u00e9phone est toujours \u00e0 port\u00e9e de main. \u00abParle-toi bient\u00f4t!{:es}\u00a1Cont\u00e1ctenos! Generalmente respondemos a los correos electr\u00f3nicos con 24 horas (entre semana) y el tel\u00e9fono siempre est\u00e1 disponible. '\u00a1Te hablar\u00e9 pronto!{:}\",\"breadcrumb\":{\"@id\":\"https:\\\/\\\/deliveryalgarve.com\\\/es\\\/contacta-con-nosotros\\\/#breadcrumb\"},\"inLanguage\":\"es\",\"potentialAction\":[{\"@type\":\"ReadAction\",\"target\":[\"https:\\\/\\\/deliveryalgarve.com\\\/es\\\/contacta-con-nosotros\\\/\"]}]},{\"@type\":\"BreadcrumbList\",\"@id\":\"https:\\\/\\\/deliveryalgarve.com\\\/es\\\/contacta-con-nosotros\\\/#breadcrumb\",\"itemListElement\":[{\"@type\":\"ListItem\",\"position\":1,\"name\":\"Home\",\"item\":\"https:\\\/\\\/deliveryalgarve.com\\\/\"},{\"@type\":\"ListItem\",\"position\":2,\"name\":\"Contacta con nosotros\"}]},{\"@type\":\"WebSite\",\"@id\":\"https:\\\/\\\/deliveryalgarve.com\\\/es\\\/#website\",\"url\":\"https:\\\/\\\/deliveryalgarve.com\\\/es\\\/\",\"name\":\"DeliveryAlgarve.com\",\"description\":\"Mudanzas y Almacenamiento, Irlanda, Portugal y Espa\u00f1a.\",\"publisher\":{\"@id\":\"https:\\\/\\\/deliveryalgarve.com\\\/es\\\/#organization\"},\"potentialAction\":[{\"@type\":\"SearchAction\",\"target\":{\"@type\":\"EntryPoint\",\"urlTemplate\":\"https:\\\/\\\/deliveryalgarve.com\\\/es\\\/?s={search_term_string}\"},\"query-input\":{\"@type\":\"PropertyValueSpecification\",\"valueRequired\":true,\"valueName\":\"search_term_string\"}}],\"inLanguage\":\"es\"},{\"@type\":\"Organization\",\"@id\":\"https:\\\/\\\/deliveryalgarve.com\\\/es\\\/#organization\",\"name\":\"DeliveryAlgarve.com\",\"url\":\"https:\\\/\\\/deliveryalgarve.com\\\/es\\\/\",\"logo\":{\"@type\":\"ImageObject\",\"inLanguage\":\"es\",\"@id\":\"https:\\\/\\\/deliveryalgarve.com\\\/es\\\/#\\\/schema\\\/logo\\\/image\\\/\",\"url\":\"https:\\\/\\\/deliveryalgarve.com\\\/wp-content\\\/uploads\\\/2020\\\/10\\\/cropped-DeliveryAlgarveLogo01.jpg\",\"contentUrl\":\"https:\\\/\\\/deliveryalgarve.com\\\/wp-content\\\/uploads\\\/2020\\\/10\\\/cropped-DeliveryAlgarveLogo01.jpg\",\"width\":240,\"height\":240,\"caption\":\"DeliveryAlgarve.com\"},\"image\":{\"@id\":\"https:\\\/\\\/deliveryalgarve.com\\\/es\\\/#\\\/schema\\\/logo\\\/image\\\/\"}}]}<\/script>\n<!-- \/ Yoast SEO plugin. -->","yoast_head_json":{"title":"P\u00f3ngase en contacto con DeliveryAlgarve.com. Cons\u00faltenos sobre sus mudanzas.","description":"\u00a1Cont\u00e1ctenos! Generalmente respondemos a los correos electr\u00f3nicos con 24 horas (entre semana) y el tel\u00e9fono siempre est\u00e1 disponible. '\u00a1Te hablar\u00e9 pronto!","robots":{"index":"index","follow":"follow","max-snippet":"max-snippet:-1","max-image-preview":"max-image-preview:large","max-video-preview":"max-video-preview:-1"},"canonical":"https:\/\/deliveryalgarve.com\/es\/contacta-con-nosotros\/","og_locale":"es_ES","og_type":"article","og_title":"[:en]Contact DeliveryAlgarve.com. Please ask us about your removals.[:pt]Entre em contato com DeliveryAlgarve.com. Pergunte-nos sobre suas remo\u00e7\u00f5es.[:fr]Contactez DeliveryAlgarve.com. Veuillez nous demander vos d\u00e9m\u00e9nagements.[:es]P\u00f3ngase en contacto con DeliveryAlgarve.com. Cons\u00faltenos sobre sus mudanzas.[:]","og_description":"{:en}Contact Us! We generally respond to emails with 24 hours (weekdays) and the telephone is always on hand.\u00a0 'Speak to you soon!{:pt}Contate-Nos! Geralmente respondemos aos emails com 24 horas (dias \u00fateis) e o telefone est\u00e1 sempre dispon\u00edvel. 'Falo com voc\u00ea em breve!{:fr}Nous contacter! Nous r\u00e9pondons g\u00e9n\u00e9ralement aux e-mails avec 24 heures (en semaine) et le t\u00e9l\u00e9phone est toujours \u00e0 port\u00e9e de main. \u00abParle-toi bient\u00f4t!{:es}\u00a1Cont\u00e1ctenos! Generalmente respondemos a los correos electr\u00f3nicos con 24 horas (entre semana) y el tel\u00e9fono siempre est\u00e1 disponible. '\u00a1Te hablar\u00e9 pronto!{:}","og_url":"https:\/\/deliveryalgarve.com\/es\/contacta-con-nosotros\/","og_site_name":"DeliveryAlgarve.com","article_modified_time":"2025-03-16T12:36:40+00:00","twitter_card":"summary_large_image","twitter_misc":{"Tiempo de lectura":"2 minutos"},"schema":{"@context":"https:\/\/schema.org","@graph":[{"@type":"WebPage","@id":"https:\/\/deliveryalgarve.com\/es\/contacta-con-nosotros\/","url":"https:\/\/deliveryalgarve.com\/es\/contacta-con-nosotros\/","name":"[:en]Contact DeliveryAlgarve.com. Please ask us about your removals.[:pt]Entre em contato com DeliveryAlgarve.com. Pergunte-nos sobre suas remo\u00e7\u00f5es.[:fr]Contactez DeliveryAlgarve.com. Veuillez nous demander vos d\u00e9m\u00e9nagements.[:es]P\u00f3ngase en contacto con DeliveryAlgarve.com. Cons\u00faltenos sobre sus mudanzas.[:]","isPartOf":{"@id":"https:\/\/deliveryalgarve.com\/es\/#website"},"datePublished":"2020-10-14T10:50:53+00:00","dateModified":"2025-03-16T12:36:40+00:00","description":"{:en}Contact Us! We generally respond to emails with 24 hours (weekdays) and the telephone is always on hand.\u00a0 'Speak to you soon!{:pt}Contate-Nos! Geralmente respondemos aos emails com 24 horas (dias \u00fateis) e o telefone est\u00e1 sempre dispon\u00edvel. 'Falo com voc\u00ea em breve!{:fr}Nous contacter! Nous r\u00e9pondons g\u00e9n\u00e9ralement aux e-mails avec 24 heures (en semaine) et le t\u00e9l\u00e9phone est toujours \u00e0 port\u00e9e de main. \u00abParle-toi bient\u00f4t!{:es}\u00a1Cont\u00e1ctenos! Generalmente respondemos a los correos electr\u00f3nicos con 24 horas (entre semana) y el tel\u00e9fono siempre est\u00e1 disponible. '\u00a1Te hablar\u00e9 pronto!{:}","breadcrumb":{"@id":"https:\/\/deliveryalgarve.com\/es\/contacta-con-nosotros\/#breadcrumb"},"inLanguage":"es","potentialAction":[{"@type":"ReadAction","target":["https:\/\/deliveryalgarve.com\/es\/contacta-con-nosotros\/"]}]},{"@type":"BreadcrumbList","@id":"https:\/\/deliveryalgarve.com\/es\/contacta-con-nosotros\/#breadcrumb","itemListElement":[{"@type":"ListItem","position":1,"name":"Home","item":"https:\/\/deliveryalgarve.com\/"},{"@type":"ListItem","position":2,"name":"Contacta con nosotros"}]},{"@type":"WebSite","@id":"https:\/\/deliveryalgarve.com\/es\/#website","url":"https:\/\/deliveryalgarve.com\/es\/","name":"DeliveryAlgarve.com","description":"Mudanzas y Almacenamiento, Irlanda, Portugal y Espa\u00f1a.","publisher":{"@id":"https:\/\/deliveryalgarve.com\/es\/#organization"},"potentialAction":[{"@type":"SearchAction","target":{"@type":"EntryPoint","urlTemplate":"https:\/\/deliveryalgarve.com\/es\/?s={search_term_string}"},"query-input":{"@type":"PropertyValueSpecification","valueRequired":true,"valueName":"search_term_string"}}],"inLanguage":"es"},{"@type":"Organization","@id":"https:\/\/deliveryalgarve.com\/es\/#organization","name":"DeliveryAlgarve.com","url":"https:\/\/deliveryalgarve.com\/es\/","logo":{"@type":"ImageObject","inLanguage":"es","@id":"https:\/\/deliveryalgarve.com\/es\/#\/schema\/logo\/image\/","url":"https:\/\/deliveryalgarve.com\/wp-content\/uploads\/2020\/10\/cropped-DeliveryAlgarveLogo01.jpg","contentUrl":"https:\/\/deliveryalgarve.com\/wp-content\/uploads\/2020\/10\/cropped-DeliveryAlgarveLogo01.jpg","width":240,"height":240,"caption":"DeliveryAlgarve.com"},"image":{"@id":"https:\/\/deliveryalgarve.com\/es\/#\/schema\/logo\/image\/"}}]}},"_links":{"self":[{"href":"https:\/\/deliveryalgarve.com\/es\/wp-json\/wp\/v2\/pages\/83","targetHints":{"allow":["GET"]}}],"collection":[{"href":"https:\/\/deliveryalgarve.com\/es\/wp-json\/wp\/v2\/pages"}],"about":[{"href":"https:\/\/deliveryalgarve.com\/es\/wp-json\/wp\/v2\/types\/page"}],"author":[{"embeddable":true,"href":"https:\/\/deliveryalgarve.com\/es\/wp-json\/wp\/v2\/users\/1"}],"replies":[{"embeddable":true,"href":"https:\/\/deliveryalgarve.com\/es\/wp-json\/wp\/v2\/comments?post=83"}],"version-history":[{"count":31,"href":"https:\/\/deliveryalgarve.com\/es\/wp-json\/wp\/v2\/pages\/83\/revisions"}],"predecessor-version":[{"id":549,"href":"https:\/\/deliveryalgarve.com\/es\/wp-json\/wp\/v2\/pages\/83\/revisions\/549"}],"wp:attachment":[{"href":"https:\/\/deliveryalgarve.com\/es\/wp-json\/wp\/v2\/media?parent=83"}],"curies":[{"name":"wp","href":"https:\/\/api.w.org\/{rel}","templated":true}]}}