{"id":12,"date":"2020-09-18T19:25:30","date_gmt":"2020-09-18T19:25:30","guid":{"rendered":"https:\/\/deliveryalgarve.com\/?page_id=12"},"modified":"2024-04-08T16:20:51","modified_gmt":"2024-04-08T16:20:51","slug":"domestic-removals","status":"publish","type":"page","link":"https:\/\/deliveryalgarve.com\/fr\/demenagements-nationaux\/","title":{"rendered":"D\u00e9m\u00e9nagements nationaux"},"content":{"rendered":"<p><strong>D\u00e9m\u00e9nagements domestiques. Nous pouvons vous d\u00e9m\u00e9nager dans votre nouvelle maison avec un minimum de tracas! Notre \u00e9quipe exp\u00e9riment\u00e9e et d\u00e9vou\u00e9e s&rsquo;occupe vraiment de vos biens du d\u00e9but \u00e0 la fin! Nous sommes fiables, professionnels et amicaux et nous prenons nos affaires tr\u00e8s au s\u00e9rieux. Demandez votre devis d\u00e9m\u00e9nagement, vous ne serez pas d\u00e9\u00e7u !<\/strong><\/p>\r\n<p>\r\n\r\n<\/p>\r\n<figure id=\"attachment_410\" aria-describedby=\"caption-attachment-410\" style=\"width: 1200px\" class=\"wp-caption alignnone\"><img loading=\"lazy\" decoding=\"async\" class=\"wp-image-410 size-full\" src=\"https:\/\/deliveryalgarve.com\/wp-content\/uploads\/2022\/03\/Demenagements-nationaux-Un-service-de-demenagement-fiable-et-professionnel-de-DeliveryAgarve.jpg\" alt=\"D\u00e9m\u00e9nagements nationaux - Un service de d\u00e9m\u00e9nagement fiable et professionnel de DeliveryAgarve.com\" width=\"1200\" height=\"630\" srcset=\"https:\/\/deliveryalgarve.com\/wp-content\/uploads\/2022\/03\/Demenagements-nationaux-Un-service-de-demenagement-fiable-et-professionnel-de-DeliveryAgarve.jpg 1200w, https:\/\/deliveryalgarve.com\/wp-content\/uploads\/2022\/03\/Demenagements-nationaux-Un-service-de-demenagement-fiable-et-professionnel-de-DeliveryAgarve-300x158.jpg 300w, https:\/\/deliveryalgarve.com\/wp-content\/uploads\/2022\/03\/Demenagements-nationaux-Un-service-de-demenagement-fiable-et-professionnel-de-DeliveryAgarve-1024x538.jpg 1024w, https:\/\/deliveryalgarve.com\/wp-content\/uploads\/2022\/03\/Demenagements-nationaux-Un-service-de-demenagement-fiable-et-professionnel-de-DeliveryAgarve-768x403.jpg 768w, https:\/\/deliveryalgarve.com\/wp-content\/uploads\/2022\/03\/Demenagements-nationaux-Un-service-de-demenagement-fiable-et-professionnel-de-DeliveryAgarve-1x1.jpg 1w\" sizes=\"auto, (max-width: 1200px) 100vw, 1200px\" \/><figcaption id=\"caption-attachment-410\" class=\"wp-caption-text\">D\u00e9m\u00e9nagements nationaux &#8211; Un service de d\u00e9m\u00e9nagement fiable et professionnel de DeliveryAgarve.com<\/figcaption><\/figure>\r\n<h2>Service de d\u00e9m\u00e9nagement et de stockage domestique abordable et fiable<\/h2>\r\n<p>D\u00e9m\u00e9nager est toujours difficile et stressant. Chez DeiveryAlgarve.com, nous faisons tout notre possible pour minimiser le stress et vous offrir la tranquillit\u00e9 d&rsquo;esprit lors de votre d\u00e9m\u00e9nagement dans votre nouvelle maison. Nous vous aidons \u00e0 vous d\u00e9placer en toute s\u00e9curit\u00e9.<\/p>\r\n<p><em>Profitez de la tranquillit\u00e9 d&rsquo;esprit avec votre d\u00e9m\u00e9nagement europ\u00e9en avec DeliveryAlgarve.com.<\/em><\/p>\r\n\n<div class=\"wpcf7 no-js\" id=\"wpcf7-f112-o3\" lang=\"en-US\" dir=\"ltr\" data-wpcf7-id=\"112\">\n<div class=\"screen-reader-response\"><p role=\"status\" aria-live=\"polite\" aria-atomic=\"true\"><\/p> <ul><\/ul><\/div>\n<form action=\"\/fr\/wp-json\/wp\/v2\/pages\/12#wpcf7-f112-o3\" method=\"post\" class=\"wpcf7-form init\" aria-label=\"Contact form\" novalidate=\"novalidate\" data-status=\"init\">\n<fieldset class=\"hidden-fields-container\"><input type=\"hidden\" name=\"_wpcf7\" value=\"112\" \/><input type=\"hidden\" name=\"_wpcf7_version\" value=\"6.1.5\" \/><input type=\"hidden\" name=\"_wpcf7_locale\" value=\"en_US\" \/><input type=\"hidden\" name=\"_wpcf7_unit_tag\" value=\"wpcf7-f112-o3\" \/><input type=\"hidden\" name=\"_wpcf7_container_post\" value=\"0\" \/><input type=\"hidden\" name=\"_wpcf7_posted_data_hash\" value=\"\" \/>\n<\/fieldset>\n<div id=\"quote\">\n\t<h3>Devis de d\u00e9m\u00e9nagement\n\t<\/h3>\n\t<p>Parlez-nous un peu de vos besoins en mati\u00e8re de d\u00e9m\u00e9nagement et nous vous r\u00e9pondrons imm\u00e9diatement!\n\t<\/p>\n\t<p><span class=\"wpcf7-form-control-wrap\" data-name=\"daq-name\"><input size=\"40\" maxlength=\"400\" class=\"wpcf7-form-control wpcf7-text wpcf7-validates-as-required daq\" aria-required=\"true\" aria-invalid=\"false\" placeholder=\"votre nom\" value=\"\" type=\"text\" name=\"daq-name\" \/><\/span><br \/>\n<span class=\"wpcf7-form-control-wrap\" data-name=\"daq-email\"><input size=\"40\" maxlength=\"400\" class=\"wpcf7-form-control wpcf7-email wpcf7-validates-as-required wpcf7-text wpcf7-validates-as-email daq\" aria-required=\"true\" aria-invalid=\"false\" placeholder=\"votre adresse email\" value=\"\" type=\"email\" name=\"daq-email\" \/><\/span><br \/>\n<span class=\"wpcf7-form-control-wrap\" data-name=\"daq-phone\"><input size=\"40\" maxlength=\"400\" class=\"wpcf7-form-control wpcf7-tel wpcf7-text wpcf7-validates-as-tel daq\" aria-invalid=\"false\" placeholder=\"un num\u00e9ro de t\u00e9l\u00e9phone?\" value=\"\" type=\"tel\" name=\"daq-phone\" \/><\/span><br \/>\n<span class=\"wpcf7-form-control-wrap\" data-name=\"daq-from\"><input size=\"40\" maxlength=\"400\" class=\"wpcf7-form-control wpcf7-text wpcf7-validates-as-required daq\" aria-required=\"true\" aria-invalid=\"false\" placeholder=\"retrait de (veuillez inclure un code postal et un pays)\" value=\"\" type=\"text\" name=\"daq-from\" \/><\/span><br \/>\n<span class=\"wpcf7-form-control-wrap\" data-name=\"daq-to\"><input size=\"40\" maxlength=\"400\" class=\"wpcf7-form-control wpcf7-text wpcf7-validates-as-required daq\" aria-required=\"true\" aria-invalid=\"false\" placeholder=\"livraison \u00e0 (comme ci-dessus)\" value=\"\" type=\"text\" name=\"daq-to\" \/><\/span><br \/>\n<span class=\"wpcf7-form-control-wrap\" data-name=\"daq-date\"><input size=\"40\" maxlength=\"400\" class=\"wpcf7-form-control wpcf7-text wpcf7-validates-as-required daq\" aria-required=\"true\" aria-invalid=\"false\" placeholder=\"date approximative requise\" value=\"\" type=\"text\" name=\"daq-date\" \/><\/span><br \/>\n<span class=\"wpcf7-form-control-wrap\" data-name=\"daq-types\"><span class=\"wpcf7-form-control wpcf7-checkbox daq\"><span class=\"wpcf7-list-item first\"><label><input type=\"checkbox\" name=\"daq-types[]\" value=\"D\u00e9m\u00e9nagements g\u00e9n\u00e9raux et nationaux\" \/><span class=\"wpcf7-list-item-label\">D\u00e9m\u00e9nagements g\u00e9n\u00e9raux et nationaux<\/span><\/label><\/span><span class=\"wpcf7-list-item\"><label><input type=\"checkbox\" name=\"daq-types[]\" value=\"\u00c9quipement commercial\" \/><span class=\"wpcf7-list-item-label\">\u00c9quipement commercial<\/span><\/label><\/span><span class=\"wpcf7-list-item\"><label><input type=\"checkbox\" name=\"daq-types[]\" value=\"Voiture, bateau, etc.\" \/><span class=\"wpcf7-list-item-label\">Voiture, bateau, etc.<\/span><\/label><\/span><span class=\"wpcf7-list-item last\"><label><input type=\"checkbox\" name=\"daq-types[]\" value=\"Moto (s)\" \/><span class=\"wpcf7-list-item-label\">Moto (s)<\/span><\/label><\/span><\/span><\/span><br \/>\n<span class=\"wpcf7-form-control-wrap\" data-name=\"daq-message\"><textarea cols=\"40\" rows=\"10\" maxlength=\"2000\" class=\"wpcf7-form-control wpcf7-textarea daq\" aria-invalid=\"false\" placeholder=\"tout autre d\u00e9tail. plus vous nous en dites, plus nous pouvons vous aider!\" name=\"daq-message\"><\/textarea><\/span><br \/>\n<span class=\"wpcf7-form-control-wrap\" data-name=\"capital-quiz\"><label><span class=\"wpcf7-quiz-label\">Pour arr\u00eater les spammeurs... Pourriez-vous nous dire quel est le plus grand nombre... 3 ou 4 ?<\/span> <input size=\"40\" class=\"wpcf7-form-control wpcf7-quiz\" autocomplete=\"off\" aria-required=\"true\" aria-invalid=\"false\" type=\"text\" name=\"capital-quiz\" \/><\/label><input type=\"hidden\" name=\"_wpcf7_quiz_answer_capital-quiz\" value=\"6418842b41c066b6827ae3c56282a02a\" \/><\/span><br \/>\n<input class=\"wpcf7-form-control wpcf7-submit has-spinner daq\" type=\"submit\" value=\"Cliquez pour envoyer!\" \/>\n\t<\/p>\n<\/div><div class=\"wpcf7-response-output\" aria-hidden=\"true\"><\/div>\n<\/form>\n<\/div>\n\r\n<h3>Un service professionnel de d\u00e9m\u00e9nagement \u00e0 domicile<\/h3>\r\n<p>Les techniques de d\u00e9m\u00e9nagement modernes de DeliveryAlgarve sont con\u00e7ues pour rendre le d\u00e9m\u00e9nagement aussi simple que possible. Apr\u00e8s pr\u00e8s de 30 ans de d\u00e9placement de clients, nous avons d\u00e9velopp\u00e9 un service logistique efficace, qui garantit un service rationalis\u00e9.<\/p>\r\n<p>Nous travaillons selon un calendrier strict qui prend un peu plus de soin lors du transport d&rsquo;articles sensibles. En utilisant une combinaison de techniques d&#8217;emballage innovantes et de cordons \u00e9lastiques, nous nous assurons que tous les articles restent prot\u00e9g\u00e9s pendant le transport. Notre syst\u00e8me GPS \u00e0 la pointe de la technologie nous permet de v\u00e9rifier la circulation et les conditions routi\u00e8res en temps r\u00e9el, ce qui nous permet de nous adapter \u00e0 ces conditions en cons\u00e9quence.<\/p>\r\n<h3>D\u00e9m\u00e9nagements europ\u00e9ens<\/h3>\r\n<p>Que vous d\u00e9m\u00e9nagiez en Europe pour un nouvel emploi, pour commencer une nouvelle vie dans un autre pays ou pour profiter de votre retraite, DeliveryAlgarve.com poss\u00e8de l&rsquo;exp\u00e9rience et l&rsquo;expertise locale pour prendre en charge l&rsquo;ensemble du processus de d\u00e9m\u00e9nagement.<\/p>\r\n<p>DeliveryAlgarve.com est une soci\u00e9t\u00e9 sp\u00e9cialis\u00e9e dans les d\u00e9m\u00e9nagements au Royaume-Uni et au Portugal et peut fournir des solutions de stockage locales en Algarve ou dans le nord-ouest de l&rsquo;Angleterre, si n\u00e9cessaire.<\/p>\r\n<p>Si vous envisagez de faire le grand pas vers l&rsquo;Europe &#8211; ou de revenir\u00a0! &#8211; alors parlez-nous !<\/p>\r\n<p>\r\n\r\n\r\n\r\n<\/p>\r\n<p><a href=\"https:\/\/www.google.com\/maps\/place\/deliveryalgarve.com\/@37.1059289,-8.0794513,17z\/data=!3m1!4b1!4m5!3m4!1s0xd1ab5a58195c0f7:0xf44238318d13c7ef!8m2!3d37.1059246!4d-8.0772626\" target=\"_blank\" rel=\"noopener noreferrer\"><em>Retrouvez-nous sur Google Maps !<\/em><\/a><\/p>\r\n\r\n<p>&nbsp;<\/p>","protected":false},"excerpt":{"rendered":"<p>D\u00e9m\u00e9nagements domestiques. Nous pouvons vous d\u00e9m\u00e9nager dans votre nouvelle maison avec un minimum de tracas! Notre \u00e9quipe exp\u00e9riment\u00e9e et d\u00e9vou\u00e9e s&rsquo;occupe vraiment de vos biens du d\u00e9but \u00e0 la fin! Nous sommes fiables, professionnels et amicaux et nous prenons nos affaires tr\u00e8s au s\u00e9rieux. Demandez votre devis d\u00e9m\u00e9nagement, vous ne serez pas d\u00e9\u00e7u !<\/p>\n","protected":false},"author":1,"featured_media":0,"parent":0,"menu_order":20,"comment_status":"closed","ping_status":"closed","template":"","meta":{"footnotes":""},"class_list":["post-12","page","type-page","status-publish","hentry"],"yoast_head":"<!-- This site is optimized with the Yoast SEO plugin v27.4 - https:\/\/yoast.com\/product\/yoast-seo-wordpress\/ -->\n<title>D\u00e9m\u00e9nagements nationaux avec un minimum de tracas! D\u00e9m\u00e9nagements abordables et fiables.<\/title>\n<meta name=\"description\" content=\"D\u00e9m\u00e9nagements nationaux. Notre \u00e9quipe exp\u00e9riment\u00e9e et d\u00e9vou\u00e9e prend vraiment soin de vos biens du d\u00e9but \u00e0 la fin! Grands prix aussi!\" \/>\n<meta name=\"robots\" content=\"index, follow, max-snippet:-1, max-image-preview:large, max-video-preview:-1\" \/>\n<link rel=\"canonical\" href=\"https:\/\/deliveryalgarve.com\/es\/mudanzas-nacionales\/\" \/>\n<meta property=\"og:locale\" content=\"fr_FR\" \/>\n<meta property=\"og:type\" content=\"article\" \/>\n<meta property=\"og:title\" content=\"[:en]Domestic Removals with Minimum Fuss! Affordable &amp; reliable removals.[:pt]Remo\u00e7\u00f5es dom\u00e9sticas com m\u00ednimo barulho! Remo\u00e7\u00f5es acess\u00edveis e confi\u00e1veis.[:fr]D\u00e9m\u00e9nagements nationaux avec un minimum de tracas! D\u00e9m\u00e9nagements abordables et fiables.[:es]\u00a1Mudanzas nacionales con el m\u00ednimo esfuerzo! Mudanzas asequibles y fiables.[:]\" \/>\n<meta property=\"og:description\" content=\"{:en}Domestic Removals. Our experienced and dedicated team truly take care of your belongings from start to finish! Great prices too!{:pt}Remo\u00e7\u00f5es dom\u00e9sticas. Nossa experiente e dedicada equipe realmente cuida de seus pertences do in\u00edcio ao fim! \u00d3timos pre\u00e7os tamb\u00e9m!{:fr}D\u00e9m\u00e9nagements nationaux. Notre \u00e9quipe exp\u00e9riment\u00e9e et d\u00e9vou\u00e9e prend vraiment soin de vos biens du d\u00e9but \u00e0 la fin! Grands prix aussi!{:es}Mudanzas Nacionales. \u00a1Nuestro equipo experimentado y dedicado realmente se ocupa de sus pertenencias de principio a fin! \u00a1Excelentes precios tambi\u00e9n!{:}\" \/>\n<meta property=\"og:url\" content=\"https:\/\/deliveryalgarve.com\/es\/mudanzas-nacionales\/\" \/>\n<meta property=\"og:site_name\" content=\"DeliveryAlgarve.com\" \/>\n<meta property=\"article:modified_time\" content=\"2024-04-08T16:20:51+00:00\" \/>\n<meta property=\"og:image\" content=\"https:\/\/deliveryalgarve.com\/wp-content\/uploads\/2022\/03\/Mudanzas-nacionales-un-servicio-de-mudanzas-confiable-y-profesional-de-DeliveryAgarve.jpg\" \/>\n<meta name=\"twitter:card\" content=\"summary_large_image\" \/>\n<meta name=\"twitter:label1\" content=\"Dur\u00e9e de lecture estim\u00e9e\" \/>\n\t<meta name=\"twitter:data1\" content=\"2 minutes\" \/>\n<script type=\"application\/ld+json\" class=\"yoast-schema-graph\">{\"@context\":\"https:\\\/\\\/schema.org\",\"@graph\":[{\"@type\":\"WebPage\",\"@id\":\"https:\\\/\\\/deliveryalgarve.com\\\/es\\\/mudanzas-nacionales\\\/\",\"url\":\"https:\\\/\\\/deliveryalgarve.com\\\/es\\\/mudanzas-nacionales\\\/\",\"name\":\"[:en]Domestic Removals with Minimum Fuss! Affordable & reliable removals.[:pt]Remo\u00e7\u00f5es dom\u00e9sticas com m\u00ednimo barulho! Remo\u00e7\u00f5es acess\u00edveis e confi\u00e1veis.[:fr]D\u00e9m\u00e9nagements nationaux avec un minimum de tracas! D\u00e9m\u00e9nagements abordables et fiables.[:es]\u00a1Mudanzas nacionales con el m\u00ednimo esfuerzo! Mudanzas asequibles y fiables.[:]\",\"isPartOf\":{\"@id\":\"https:\\\/\\\/deliveryalgarve.com\\\/es\\\/#website\"},\"primaryImageOfPage\":{\"@id\":\"https:\\\/\\\/deliveryalgarve.com\\\/es\\\/mudanzas-nacionales\\\/#primaryimage\"},\"image\":{\"@id\":\"https:\\\/\\\/deliveryalgarve.com\\\/es\\\/mudanzas-nacionales\\\/#primaryimage\"},\"thumbnailUrl\":\"https:\\\/\\\/deliveryalgarve.com\\\/wp-content\\\/uploads\\\/2020\\\/12\\\/Domestic-Removals-Service-DeliveryAlgarve-OG01.jpg\",\"datePublished\":\"2020-09-18T19:25:30+00:00\",\"dateModified\":\"2024-04-08T16:20:51+00:00\",\"description\":\"{:en}Domestic Removals. Our experienced and dedicated team truly take care of your belongings from start to finish! Great prices too!{:pt}Remo\u00e7\u00f5es dom\u00e9sticas. Nossa experiente e dedicada equipe realmente cuida de seus pertences do in\u00edcio ao fim! \u00d3timos pre\u00e7os tamb\u00e9m!{:fr}D\u00e9m\u00e9nagements nationaux. Notre \u00e9quipe exp\u00e9riment\u00e9e et d\u00e9vou\u00e9e prend vraiment soin de vos biens du d\u00e9but \u00e0 la fin! Grands prix aussi!{:es}Mudanzas Nacionales. \u00a1Nuestro equipo experimentado y dedicado realmente se ocupa de sus pertenencias de principio a fin! \u00a1Excelentes precios tambi\u00e9n!{:}\",\"breadcrumb\":{\"@id\":\"https:\\\/\\\/deliveryalgarve.com\\\/es\\\/mudanzas-nacionales\\\/#breadcrumb\"},\"inLanguage\":\"fr-FR\",\"potentialAction\":[{\"@type\":\"ReadAction\",\"target\":[\"https:\\\/\\\/deliveryalgarve.com\\\/es\\\/mudanzas-nacionales\\\/\"]}]},{\"@type\":\"ImageObject\",\"inLanguage\":\"fr-FR\",\"@id\":\"https:\\\/\\\/deliveryalgarve.com\\\/es\\\/mudanzas-nacionales\\\/#primaryimage\",\"url\":\"https:\\\/\\\/deliveryalgarve.com\\\/wp-content\\\/uploads\\\/2020\\\/12\\\/Domestic-Removals-Service-DeliveryAlgarve-OG01.jpg\",\"contentUrl\":\"https:\\\/\\\/deliveryalgarve.com\\\/wp-content\\\/uploads\\\/2020\\\/12\\\/Domestic-Removals-Service-DeliveryAlgarve-OG01.jpg\"},{\"@type\":\"BreadcrumbList\",\"@id\":\"https:\\\/\\\/deliveryalgarve.com\\\/es\\\/mudanzas-nacionales\\\/#breadcrumb\",\"itemListElement\":[{\"@type\":\"ListItem\",\"position\":1,\"name\":\"Home\",\"item\":\"https:\\\/\\\/deliveryalgarve.com\\\/\"},{\"@type\":\"ListItem\",\"position\":2,\"name\":\"Mudanzas Nacionales\"}]},{\"@type\":\"WebSite\",\"@id\":\"https:\\\/\\\/deliveryalgarve.com\\\/es\\\/#website\",\"url\":\"https:\\\/\\\/deliveryalgarve.com\\\/es\\\/\",\"name\":\"DeliveryAlgarve.com\",\"description\":\"Enl\u00e8vement et stockage, Portugal, Espagne et Royaume-Uni.\",\"publisher\":{\"@id\":\"https:\\\/\\\/deliveryalgarve.com\\\/es\\\/#organization\"},\"potentialAction\":[{\"@type\":\"SearchAction\",\"target\":{\"@type\":\"EntryPoint\",\"urlTemplate\":\"https:\\\/\\\/deliveryalgarve.com\\\/es\\\/?s={search_term_string}\"},\"query-input\":{\"@type\":\"PropertyValueSpecification\",\"valueRequired\":true,\"valueName\":\"search_term_string\"}}],\"inLanguage\":\"fr-FR\"},{\"@type\":\"Organization\",\"@id\":\"https:\\\/\\\/deliveryalgarve.com\\\/es\\\/#organization\",\"name\":\"DeliveryAlgarve.com\",\"url\":\"https:\\\/\\\/deliveryalgarve.com\\\/es\\\/\",\"logo\":{\"@type\":\"ImageObject\",\"inLanguage\":\"fr-FR\",\"@id\":\"https:\\\/\\\/deliveryalgarve.com\\\/es\\\/#\\\/schema\\\/logo\\\/image\\\/\",\"url\":\"https:\\\/\\\/deliveryalgarve.com\\\/wp-content\\\/uploads\\\/2020\\\/10\\\/cropped-DeliveryAlgarveLogo01.jpg\",\"contentUrl\":\"https:\\\/\\\/deliveryalgarve.com\\\/wp-content\\\/uploads\\\/2020\\\/10\\\/cropped-DeliveryAlgarveLogo01.jpg\",\"width\":240,\"height\":240,\"caption\":\"DeliveryAlgarve.com\"},\"image\":{\"@id\":\"https:\\\/\\\/deliveryalgarve.com\\\/es\\\/#\\\/schema\\\/logo\\\/image\\\/\"}}]}<\/script>\n<!-- \/ Yoast SEO plugin. -->","yoast_head_json":{"title":"D\u00e9m\u00e9nagements nationaux avec un minimum de tracas! D\u00e9m\u00e9nagements abordables et fiables.","description":"D\u00e9m\u00e9nagements nationaux. Notre \u00e9quipe exp\u00e9riment\u00e9e et d\u00e9vou\u00e9e prend vraiment soin de vos biens du d\u00e9but \u00e0 la fin! Grands prix aussi!","robots":{"index":"index","follow":"follow","max-snippet":"max-snippet:-1","max-image-preview":"max-image-preview:large","max-video-preview":"max-video-preview:-1"},"canonical":"https:\/\/deliveryalgarve.com\/es\/mudanzas-nacionales\/","og_locale":"fr_FR","og_type":"article","og_title":"[:en]Domestic Removals with Minimum Fuss! Affordable & reliable removals.[:pt]Remo\u00e7\u00f5es dom\u00e9sticas com m\u00ednimo barulho! Remo\u00e7\u00f5es acess\u00edveis e confi\u00e1veis.[:fr]D\u00e9m\u00e9nagements nationaux avec un minimum de tracas! D\u00e9m\u00e9nagements abordables et fiables.[:es]\u00a1Mudanzas nacionales con el m\u00ednimo esfuerzo! Mudanzas asequibles y fiables.[:]","og_description":"{:en}Domestic Removals. Our experienced and dedicated team truly take care of your belongings from start to finish! Great prices too!{:pt}Remo\u00e7\u00f5es dom\u00e9sticas. Nossa experiente e dedicada equipe realmente cuida de seus pertences do in\u00edcio ao fim! \u00d3timos pre\u00e7os tamb\u00e9m!{:fr}D\u00e9m\u00e9nagements nationaux. Notre \u00e9quipe exp\u00e9riment\u00e9e et d\u00e9vou\u00e9e prend vraiment soin de vos biens du d\u00e9but \u00e0 la fin! Grands prix aussi!{:es}Mudanzas Nacionales. \u00a1Nuestro equipo experimentado y dedicado realmente se ocupa de sus pertenencias de principio a fin! \u00a1Excelentes precios tambi\u00e9n!{:}","og_url":"https:\/\/deliveryalgarve.com\/es\/mudanzas-nacionales\/","og_site_name":"DeliveryAlgarve.com","article_modified_time":"2024-04-08T16:20:51+00:00","og_image":[{"url":"https:\/\/deliveryalgarve.com\/wp-content\/uploads\/2022\/03\/Mudanzas-nacionales-un-servicio-de-mudanzas-confiable-y-profesional-de-DeliveryAgarve.jpg","type":"","width":"","height":""}],"twitter_card":"summary_large_image","twitter_misc":{"Dur\u00e9e de lecture estim\u00e9e":"2 minutes"},"schema":{"@context":"https:\/\/schema.org","@graph":[{"@type":"WebPage","@id":"https:\/\/deliveryalgarve.com\/es\/mudanzas-nacionales\/","url":"https:\/\/deliveryalgarve.com\/es\/mudanzas-nacionales\/","name":"[:en]Domestic Removals with Minimum Fuss! Affordable & reliable removals.[:pt]Remo\u00e7\u00f5es dom\u00e9sticas com m\u00ednimo barulho! Remo\u00e7\u00f5es acess\u00edveis e confi\u00e1veis.[:fr]D\u00e9m\u00e9nagements nationaux avec un minimum de tracas! D\u00e9m\u00e9nagements abordables et fiables.[:es]\u00a1Mudanzas nacionales con el m\u00ednimo esfuerzo! Mudanzas asequibles y fiables.[:]","isPartOf":{"@id":"https:\/\/deliveryalgarve.com\/es\/#website"},"primaryImageOfPage":{"@id":"https:\/\/deliveryalgarve.com\/es\/mudanzas-nacionales\/#primaryimage"},"image":{"@id":"https:\/\/deliveryalgarve.com\/es\/mudanzas-nacionales\/#primaryimage"},"thumbnailUrl":"https:\/\/deliveryalgarve.com\/wp-content\/uploads\/2020\/12\/Domestic-Removals-Service-DeliveryAlgarve-OG01.jpg","datePublished":"2020-09-18T19:25:30+00:00","dateModified":"2024-04-08T16:20:51+00:00","description":"{:en}Domestic Removals. Our experienced and dedicated team truly take care of your belongings from start to finish! Great prices too!{:pt}Remo\u00e7\u00f5es dom\u00e9sticas. Nossa experiente e dedicada equipe realmente cuida de seus pertences do in\u00edcio ao fim! \u00d3timos pre\u00e7os tamb\u00e9m!{:fr}D\u00e9m\u00e9nagements nationaux. Notre \u00e9quipe exp\u00e9riment\u00e9e et d\u00e9vou\u00e9e prend vraiment soin de vos biens du d\u00e9but \u00e0 la fin! Grands prix aussi!{:es}Mudanzas Nacionales. \u00a1Nuestro equipo experimentado y dedicado realmente se ocupa de sus pertenencias de principio a fin! \u00a1Excelentes precios tambi\u00e9n!{:}","breadcrumb":{"@id":"https:\/\/deliveryalgarve.com\/es\/mudanzas-nacionales\/#breadcrumb"},"inLanguage":"fr-FR","potentialAction":[{"@type":"ReadAction","target":["https:\/\/deliveryalgarve.com\/es\/mudanzas-nacionales\/"]}]},{"@type":"ImageObject","inLanguage":"fr-FR","@id":"https:\/\/deliveryalgarve.com\/es\/mudanzas-nacionales\/#primaryimage","url":"https:\/\/deliveryalgarve.com\/wp-content\/uploads\/2020\/12\/Domestic-Removals-Service-DeliveryAlgarve-OG01.jpg","contentUrl":"https:\/\/deliveryalgarve.com\/wp-content\/uploads\/2020\/12\/Domestic-Removals-Service-DeliveryAlgarve-OG01.jpg"},{"@type":"BreadcrumbList","@id":"https:\/\/deliveryalgarve.com\/es\/mudanzas-nacionales\/#breadcrumb","itemListElement":[{"@type":"ListItem","position":1,"name":"Home","item":"https:\/\/deliveryalgarve.com\/"},{"@type":"ListItem","position":2,"name":"Mudanzas Nacionales"}]},{"@type":"WebSite","@id":"https:\/\/deliveryalgarve.com\/es\/#website","url":"https:\/\/deliveryalgarve.com\/es\/","name":"DeliveryAlgarve.com","description":"Enl\u00e8vement et stockage, Portugal, Espagne et Royaume-Uni.","publisher":{"@id":"https:\/\/deliveryalgarve.com\/es\/#organization"},"potentialAction":[{"@type":"SearchAction","target":{"@type":"EntryPoint","urlTemplate":"https:\/\/deliveryalgarve.com\/es\/?s={search_term_string}"},"query-input":{"@type":"PropertyValueSpecification","valueRequired":true,"valueName":"search_term_string"}}],"inLanguage":"fr-FR"},{"@type":"Organization","@id":"https:\/\/deliveryalgarve.com\/es\/#organization","name":"DeliveryAlgarve.com","url":"https:\/\/deliveryalgarve.com\/es\/","logo":{"@type":"ImageObject","inLanguage":"fr-FR","@id":"https:\/\/deliveryalgarve.com\/es\/#\/schema\/logo\/image\/","url":"https:\/\/deliveryalgarve.com\/wp-content\/uploads\/2020\/10\/cropped-DeliveryAlgarveLogo01.jpg","contentUrl":"https:\/\/deliveryalgarve.com\/wp-content\/uploads\/2020\/10\/cropped-DeliveryAlgarveLogo01.jpg","width":240,"height":240,"caption":"DeliveryAlgarve.com"},"image":{"@id":"https:\/\/deliveryalgarve.com\/es\/#\/schema\/logo\/image\/"}}]}},"_links":{"self":[{"href":"https:\/\/deliveryalgarve.com\/fr\/wp-json\/wp\/v2\/pages\/12","targetHints":{"allow":["GET"]}}],"collection":[{"href":"https:\/\/deliveryalgarve.com\/fr\/wp-json\/wp\/v2\/pages"}],"about":[{"href":"https:\/\/deliveryalgarve.com\/fr\/wp-json\/wp\/v2\/types\/page"}],"author":[{"embeddable":true,"href":"https:\/\/deliveryalgarve.com\/fr\/wp-json\/wp\/v2\/users\/1"}],"replies":[{"embeddable":true,"href":"https:\/\/deliveryalgarve.com\/fr\/wp-json\/wp\/v2\/comments?post=12"}],"version-history":[{"count":12,"href":"https:\/\/deliveryalgarve.com\/fr\/wp-json\/wp\/v2\/pages\/12\/revisions"}],"predecessor-version":[{"id":492,"href":"https:\/\/deliveryalgarve.com\/fr\/wp-json\/wp\/v2\/pages\/12\/revisions\/492"}],"wp:attachment":[{"href":"https:\/\/deliveryalgarve.com\/fr\/wp-json\/wp\/v2\/media?parent=12"}],"curies":[{"name":"wp","href":"https:\/\/api.w.org\/{rel}","templated":true}]}}