{"id":20,"date":"2020-09-23T10:31:23","date_gmt":"2020-09-23T10:31:23","guid":{"rendered":"https:\/\/deliveryalgarve.com\/?page_id=20"},"modified":"2024-04-08T16:20:03","modified_gmt":"2024-04-08T16:20:03","slug":"international-removals","status":"publish","type":"page","link":"https:\/\/deliveryalgarve.com\/fr\/demenagements-internationaux\/","title":{"rendered":"D\u00e9m\u00e9nagements internationaux"},"content":{"rendered":"<p><strong>Chez Delivery Algarve, nous pouvons vous proposer des devis particuli\u00e8rement comp\u00e9titifs pour vos d\u00e9m\u00e9nagements et votre stockage, afin que vous puissiez vous d\u00e9placer \u00e0 tout moment, sachant que vous \u00eates entre de bonnes mains. En m\u00eame temps, vous pouvez planifier votre t\u00e2che de d\u00e9m\u00e9nagement international des mois \u00e0 l&rsquo;avance. Nous sommes heureux de travailler avec votre emploi du temps et sommes toujours pr\u00eats \u00e0 passer \u00e0 l&rsquo;action.<\/strong><\/p>\r\n\r\n\r\n\r\n<h2 class=\"wp-block-heading\">D\u00e9m\u00e9nagements internationaux avec un transporteur fiable<\/h2>\r\n<p>Laissez-nous vous aider \u00e0 pr\u00e9parer un d\u00e9m\u00e9nagement en douceur et r\u00e9ussi! Que vous vous d\u00e9placiez du Royaume-Uni vers l&rsquo;Europe ou que vous reveniez, nous vous accompagnons du d\u00e9part \u00e0 l&rsquo;arriv\u00e9e. Notre r\u00e9seau de ressources locales nous permet de fournir des services de la plus haute qualit\u00e9 du d\u00e9but \u00e0 la fin.<\/p>\r\n<p><em>Profitez de la tranquillit\u00e9 d&rsquo;esprit avec votre d\u00e9m\u00e9nagement en Europe avec DeliveryAlgarve.com.<\/em><\/p>\r\n\n<div class=\"wpcf7 no-js\" id=\"wpcf7-f112-o3\" lang=\"en-US\" dir=\"ltr\" data-wpcf7-id=\"112\">\n<div class=\"screen-reader-response\"><p role=\"status\" aria-live=\"polite\" aria-atomic=\"true\"><\/p> <ul><\/ul><\/div>\n<form action=\"\/fr\/wp-json\/wp\/v2\/pages\/20#wpcf7-f112-o3\" method=\"post\" class=\"wpcf7-form init\" aria-label=\"Contact form\" novalidate=\"novalidate\" data-status=\"init\">\n<fieldset class=\"hidden-fields-container\"><input type=\"hidden\" name=\"_wpcf7\" value=\"112\" \/><input type=\"hidden\" name=\"_wpcf7_version\" value=\"6.1.5\" \/><input type=\"hidden\" name=\"_wpcf7_locale\" value=\"en_US\" \/><input type=\"hidden\" name=\"_wpcf7_unit_tag\" value=\"wpcf7-f112-o3\" \/><input type=\"hidden\" name=\"_wpcf7_container_post\" value=\"0\" \/><input type=\"hidden\" name=\"_wpcf7_posted_data_hash\" value=\"\" \/>\n<\/fieldset>\n<div id=\"quote\">\n\t<h3>Devis de d\u00e9m\u00e9nagement\n\t<\/h3>\n\t<p>Parlez-nous un peu de vos besoins en mati\u00e8re de d\u00e9m\u00e9nagement et nous vous r\u00e9pondrons imm\u00e9diatement!\n\t<\/p>\n\t<p><span class=\"wpcf7-form-control-wrap\" data-name=\"daq-name\"><input size=\"40\" maxlength=\"400\" class=\"wpcf7-form-control wpcf7-text wpcf7-validates-as-required daq\" aria-required=\"true\" aria-invalid=\"false\" placeholder=\"votre nom\" value=\"\" type=\"text\" name=\"daq-name\" \/><\/span><br \/>\n<span class=\"wpcf7-form-control-wrap\" data-name=\"daq-email\"><input size=\"40\" maxlength=\"400\" class=\"wpcf7-form-control wpcf7-email wpcf7-validates-as-required wpcf7-text wpcf7-validates-as-email daq\" aria-required=\"true\" aria-invalid=\"false\" placeholder=\"votre adresse email\" value=\"\" type=\"email\" name=\"daq-email\" \/><\/span><br \/>\n<span class=\"wpcf7-form-control-wrap\" data-name=\"daq-phone\"><input size=\"40\" maxlength=\"400\" class=\"wpcf7-form-control wpcf7-tel wpcf7-text wpcf7-validates-as-tel daq\" aria-invalid=\"false\" placeholder=\"un num\u00e9ro de t\u00e9l\u00e9phone?\" value=\"\" type=\"tel\" name=\"daq-phone\" \/><\/span><br \/>\n<span class=\"wpcf7-form-control-wrap\" data-name=\"daq-from\"><input size=\"40\" maxlength=\"400\" class=\"wpcf7-form-control wpcf7-text wpcf7-validates-as-required daq\" aria-required=\"true\" aria-invalid=\"false\" placeholder=\"retrait de (veuillez inclure un code postal et un pays)\" value=\"\" type=\"text\" name=\"daq-from\" \/><\/span><br \/>\n<span class=\"wpcf7-form-control-wrap\" data-name=\"daq-to\"><input size=\"40\" maxlength=\"400\" class=\"wpcf7-form-control wpcf7-text wpcf7-validates-as-required daq\" aria-required=\"true\" aria-invalid=\"false\" placeholder=\"livraison \u00e0 (comme ci-dessus)\" value=\"\" type=\"text\" name=\"daq-to\" \/><\/span><br \/>\n<span class=\"wpcf7-form-control-wrap\" data-name=\"daq-date\"><input size=\"40\" maxlength=\"400\" class=\"wpcf7-form-control wpcf7-text wpcf7-validates-as-required daq\" aria-required=\"true\" aria-invalid=\"false\" placeholder=\"date approximative requise\" value=\"\" type=\"text\" name=\"daq-date\" \/><\/span><br \/>\n<span class=\"wpcf7-form-control-wrap\" data-name=\"daq-types\"><span class=\"wpcf7-form-control wpcf7-checkbox daq\"><span class=\"wpcf7-list-item first\"><label><input type=\"checkbox\" name=\"daq-types[]\" value=\"D\u00e9m\u00e9nagements g\u00e9n\u00e9raux et nationaux\" \/><span class=\"wpcf7-list-item-label\">D\u00e9m\u00e9nagements g\u00e9n\u00e9raux et nationaux<\/span><\/label><\/span><span class=\"wpcf7-list-item\"><label><input type=\"checkbox\" name=\"daq-types[]\" value=\"\u00c9quipement commercial\" \/><span class=\"wpcf7-list-item-label\">\u00c9quipement commercial<\/span><\/label><\/span><span class=\"wpcf7-list-item\"><label><input type=\"checkbox\" name=\"daq-types[]\" value=\"Voiture, bateau, etc.\" \/><span class=\"wpcf7-list-item-label\">Voiture, bateau, etc.<\/span><\/label><\/span><span class=\"wpcf7-list-item last\"><label><input type=\"checkbox\" name=\"daq-types[]\" value=\"Moto (s)\" \/><span class=\"wpcf7-list-item-label\">Moto (s)<\/span><\/label><\/span><\/span><\/span><br \/>\n<span class=\"wpcf7-form-control-wrap\" data-name=\"daq-message\"><textarea cols=\"40\" rows=\"10\" maxlength=\"2000\" class=\"wpcf7-form-control wpcf7-textarea daq\" aria-invalid=\"false\" placeholder=\"tout autre d\u00e9tail. plus vous nous en dites, plus nous pouvons vous aider!\" name=\"daq-message\"><\/textarea><\/span><br \/>\n<span class=\"wpcf7-form-control-wrap\" data-name=\"capital-quiz\"><label><span class=\"wpcf7-quiz-label\">Pour arr\u00eater les spammeurs... Pourriez-vous nous dire quel est le plus grand nombre... 3 ou 4 ?<\/span> <input size=\"40\" class=\"wpcf7-form-control wpcf7-quiz\" autocomplete=\"off\" aria-required=\"true\" aria-invalid=\"false\" type=\"text\" name=\"capital-quiz\" \/><\/label><input type=\"hidden\" name=\"_wpcf7_quiz_answer_capital-quiz\" value=\"6418842b41c066b6827ae3c56282a02a\" \/><\/span><br \/>\n<input class=\"wpcf7-form-control wpcf7-submit has-spinner daq\" type=\"submit\" value=\"Cliquez pour envoyer!\" \/>\n\t<\/p>\n<\/div><div class=\"wpcf7-response-output\" aria-hidden=\"true\"><\/div>\n<\/form>\n<\/div>\n\r\n\r\n\r\n\r\n<h3 class=\"wp-block-heading\">D\u00e9m\u00e9nagements internationaux fiables entre le Royaume-Uni et le Portugal<\/h3>\r\n<p>Nous pouvons transporter vos effets m\u00e9nagers et vos v\u00e9hicules en une seule fois. Nous transportons actuellement des conteneurs et des v\u00e9hicules entre le Royaume-Uni et le Portugal. Avec nos partenaires de Cars-Go-Transport.com, nous exp\u00e9dions tout, des voitures classiques, 4&#215;4, motos, v\u00e9los tout-terrain, jet skis, petits bateaux, quad, v\u00e9los de route, monospaces et fourgonnettes.<\/p>\r\n<h3>D\u00e9m\u00e9nagements europ\u00e9ens<\/h3>\r\n<p>Que vous d\u00e9m\u00e9nagiez en Europe pour un nouvel emploi, pour commencer une nouvelle vie dans un autre pays, ou pour profiter de votre retraite, DeliveryAlgarve.com a l&rsquo;exp\u00e9rience et l&rsquo;expertise locale pour prendre en charge l&rsquo;ensemble du processus de d\u00e9m\u00e9nagement.<\/p>\r\n<p>DeliveryAlgarve.com est une soci\u00e9t\u00e9 sp\u00e9cialis\u00e9e dans les d\u00e9m\u00e9nagements au Royaume-Uni \/ Portugal et peut fournir des solutions de stockage local en Algarve ou dans le nord-ouest de l&rsquo;Angleterre, si n\u00e9cessaire.<\/p>\r\n<p>Si vous envisagez de faire le grand d\u00e9m\u00e9nagement en Europe &#8211; ou de revenir! &#8211; alors parlez-nous!<\/p>\r\n<p>&nbsp;<\/p>","protected":false},"excerpt":{"rendered":"<p>Chez Delivery Algarve, nous pouvons vous proposer des devis particuli\u00e8rement comp\u00e9titifs pour vos d\u00e9m\u00e9nagements et votre stockage, afin que vous puissiez vous d\u00e9placer \u00e0 tout moment, sachant que vous \u00eates entre de bonnes mains. En m\u00eame temps, vous pouvez planifier votre t\u00e2che de d\u00e9m\u00e9nagement international des mois \u00e0 l&rsquo;avance. Nous sommes heureux de travailler avec votre emploi du temps et sommes toujours pr\u00eats \u00e0 passer \u00e0 l&rsquo;action.<\/p>\n","protected":false},"author":1,"featured_media":0,"parent":0,"menu_order":10,"comment_status":"closed","ping_status":"closed","template":"","meta":{"footnotes":""},"class_list":["post-20","page","type-page","status-publish","hentry"],"yoast_head":"<!-- This site is optimized with the Yoast SEO plugin v27.5 - https:\/\/yoast.com\/product\/yoast-seo-wordpress\/ -->\n<title>D\u00e9m\u00e9nagements internationaux. Services de transport, Royaume-Uni et Europe.<\/title>\n<meta name=\"description\" content=\"D\u00e9m\u00e9nagements internationaux entre le Royaume-Uni et le Portugal. Un service de d\u00e9m\u00e9nagement international fiable et \u00e9conomique.\" \/>\n<meta name=\"robots\" content=\"index, follow, max-snippet:-1, max-image-preview:large, max-video-preview:-1\" \/>\n<link rel=\"canonical\" href=\"https:\/\/deliveryalgarve.com\/es\/mudanzas-internacionales\/\" \/>\n<meta property=\"og:locale\" content=\"fr_FR\" \/>\n<meta property=\"og:type\" content=\"article\" \/>\n<meta property=\"og:title\" content=\"[:en]International Removals. Transport Services, United Kingdom &amp; Europe.[:pt]Remo\u00e7\u00f5es internacionais. Servi\u00e7os de transporte, Reino Unido e Europa.[:fr]D\u00e9m\u00e9nagements internationaux. Services de transport, Royaume-Uni et Europe.[:]\" \/>\n<meta property=\"og:description\" content=\"{:en}International Removals between the United Kingdom and Portugal. A reliable and cost-effective international removals service.{:pt}Mudan\u00e7as internacionais entre o Reino Unido e Portugal. Um servi\u00e7o de mudan\u00e7as internacionais confi\u00e1vel e de baixo custo.{:fr}D\u00e9m\u00e9nagements internationaux entre le Royaume-Uni et le Portugal. Un service de d\u00e9m\u00e9nagement international fiable et \u00e9conomique.{:}\" \/>\n<meta property=\"og:url\" content=\"https:\/\/deliveryalgarve.com\/es\/mudanzas-internacionales\/\" \/>\n<meta property=\"og:site_name\" content=\"DeliveryAlgarve.com\" \/>\n<meta property=\"article:modified_time\" content=\"2024-04-08T16:20:03+00:00\" \/>\n<meta name=\"twitter:card\" content=\"summary_large_image\" \/>\n<meta name=\"twitter:label1\" content=\"Dur\u00e9e de lecture estim\u00e9e\" \/>\n\t<meta name=\"twitter:data1\" content=\"2 minutes\" \/>\n<script type=\"application\/ld+json\" class=\"yoast-schema-graph\">{\"@context\":\"https:\\\/\\\/schema.org\",\"@graph\":[{\"@type\":\"WebPage\",\"@id\":\"https:\\\/\\\/deliveryalgarve.com\\\/es\\\/mudanzas-internacionales\\\/\",\"url\":\"https:\\\/\\\/deliveryalgarve.com\\\/es\\\/mudanzas-internacionales\\\/\",\"name\":\"[:en]International Removals. Transport Services, United Kingdom & Europe.[:pt]Remo\u00e7\u00f5es internacionais. Servi\u00e7os de transporte, Reino Unido e Europa.[:fr]D\u00e9m\u00e9nagements internationaux. Services de transport, Royaume-Uni et Europe.[:]\",\"isPartOf\":{\"@id\":\"https:\\\/\\\/deliveryalgarve.com\\\/es\\\/#website\"},\"datePublished\":\"2020-09-23T10:31:23+00:00\",\"dateModified\":\"2024-04-08T16:20:03+00:00\",\"description\":\"{:en}International Removals between the United Kingdom and Portugal. A reliable and cost-effective international removals service.{:pt}Mudan\u00e7as internacionais entre o Reino Unido e Portugal. Um servi\u00e7o de mudan\u00e7as internacionais confi\u00e1vel e de baixo custo.{:fr}D\u00e9m\u00e9nagements internationaux entre le Royaume-Uni et le Portugal. Un service de d\u00e9m\u00e9nagement international fiable et \u00e9conomique.{:}\",\"breadcrumb\":{\"@id\":\"https:\\\/\\\/deliveryalgarve.com\\\/es\\\/mudanzas-internacionales\\\/#breadcrumb\"},\"inLanguage\":\"fr-FR\",\"potentialAction\":[{\"@type\":\"ReadAction\",\"target\":[\"https:\\\/\\\/deliveryalgarve.com\\\/es\\\/mudanzas-internacionales\\\/\"]}]},{\"@type\":\"BreadcrumbList\",\"@id\":\"https:\\\/\\\/deliveryalgarve.com\\\/es\\\/mudanzas-internacionales\\\/#breadcrumb\",\"itemListElement\":[{\"@type\":\"ListItem\",\"position\":1,\"name\":\"Home\",\"item\":\"https:\\\/\\\/deliveryalgarve.com\\\/\"},{\"@type\":\"ListItem\",\"position\":2,\"name\":\"Mudanzas Internacionales\"}]},{\"@type\":\"WebSite\",\"@id\":\"https:\\\/\\\/deliveryalgarve.com\\\/es\\\/#website\",\"url\":\"https:\\\/\\\/deliveryalgarve.com\\\/es\\\/\",\"name\":\"DeliveryAlgarve.com\",\"description\":\"Enl\u00e8vement et stockage, Portugal, Espagne et Royaume-Uni.\",\"publisher\":{\"@id\":\"https:\\\/\\\/deliveryalgarve.com\\\/es\\\/#organization\"},\"potentialAction\":[{\"@type\":\"SearchAction\",\"target\":{\"@type\":\"EntryPoint\",\"urlTemplate\":\"https:\\\/\\\/deliveryalgarve.com\\\/es\\\/?s={search_term_string}\"},\"query-input\":{\"@type\":\"PropertyValueSpecification\",\"valueRequired\":true,\"valueName\":\"search_term_string\"}}],\"inLanguage\":\"fr-FR\"},{\"@type\":\"Organization\",\"@id\":\"https:\\\/\\\/deliveryalgarve.com\\\/es\\\/#organization\",\"name\":\"DeliveryAlgarve.com\",\"url\":\"https:\\\/\\\/deliveryalgarve.com\\\/es\\\/\",\"logo\":{\"@type\":\"ImageObject\",\"inLanguage\":\"fr-FR\",\"@id\":\"https:\\\/\\\/deliveryalgarve.com\\\/es\\\/#\\\/schema\\\/logo\\\/image\\\/\",\"url\":\"https:\\\/\\\/deliveryalgarve.com\\\/wp-content\\\/uploads\\\/2020\\\/10\\\/cropped-DeliveryAlgarveLogo01.jpg\",\"contentUrl\":\"https:\\\/\\\/deliveryalgarve.com\\\/wp-content\\\/uploads\\\/2020\\\/10\\\/cropped-DeliveryAlgarveLogo01.jpg\",\"width\":240,\"height\":240,\"caption\":\"DeliveryAlgarve.com\"},\"image\":{\"@id\":\"https:\\\/\\\/deliveryalgarve.com\\\/es\\\/#\\\/schema\\\/logo\\\/image\\\/\"}}]}<\/script>\n<!-- \/ Yoast SEO plugin. -->","yoast_head_json":{"title":"D\u00e9m\u00e9nagements internationaux. Services de transport, Royaume-Uni et Europe.","description":"D\u00e9m\u00e9nagements internationaux entre le Royaume-Uni et le Portugal. Un service de d\u00e9m\u00e9nagement international fiable et \u00e9conomique.","robots":{"index":"index","follow":"follow","max-snippet":"max-snippet:-1","max-image-preview":"max-image-preview:large","max-video-preview":"max-video-preview:-1"},"canonical":"https:\/\/deliveryalgarve.com\/es\/mudanzas-internacionales\/","og_locale":"fr_FR","og_type":"article","og_title":"[:en]International Removals. Transport Services, United Kingdom & Europe.[:pt]Remo\u00e7\u00f5es internacionais. Servi\u00e7os de transporte, Reino Unido e Europa.[:fr]D\u00e9m\u00e9nagements internationaux. Services de transport, Royaume-Uni et Europe.[:]","og_description":"{:en}International Removals between the United Kingdom and Portugal. A reliable and cost-effective international removals service.{:pt}Mudan\u00e7as internacionais entre o Reino Unido e Portugal. Um servi\u00e7o de mudan\u00e7as internacionais confi\u00e1vel e de baixo custo.{:fr}D\u00e9m\u00e9nagements internationaux entre le Royaume-Uni et le Portugal. Un service de d\u00e9m\u00e9nagement international fiable et \u00e9conomique.{:}","og_url":"https:\/\/deliveryalgarve.com\/es\/mudanzas-internacionales\/","og_site_name":"DeliveryAlgarve.com","article_modified_time":"2024-04-08T16:20:03+00:00","twitter_card":"summary_large_image","twitter_misc":{"Dur\u00e9e de lecture estim\u00e9e":"2 minutes"},"schema":{"@context":"https:\/\/schema.org","@graph":[{"@type":"WebPage","@id":"https:\/\/deliveryalgarve.com\/es\/mudanzas-internacionales\/","url":"https:\/\/deliveryalgarve.com\/es\/mudanzas-internacionales\/","name":"[:en]International Removals. Transport Services, United Kingdom & Europe.[:pt]Remo\u00e7\u00f5es internacionais. Servi\u00e7os de transporte, Reino Unido e Europa.[:fr]D\u00e9m\u00e9nagements internationaux. Services de transport, Royaume-Uni et Europe.[:]","isPartOf":{"@id":"https:\/\/deliveryalgarve.com\/es\/#website"},"datePublished":"2020-09-23T10:31:23+00:00","dateModified":"2024-04-08T16:20:03+00:00","description":"{:en}International Removals between the United Kingdom and Portugal. A reliable and cost-effective international removals service.{:pt}Mudan\u00e7as internacionais entre o Reino Unido e Portugal. Um servi\u00e7o de mudan\u00e7as internacionais confi\u00e1vel e de baixo custo.{:fr}D\u00e9m\u00e9nagements internationaux entre le Royaume-Uni et le Portugal. Un service de d\u00e9m\u00e9nagement international fiable et \u00e9conomique.{:}","breadcrumb":{"@id":"https:\/\/deliveryalgarve.com\/es\/mudanzas-internacionales\/#breadcrumb"},"inLanguage":"fr-FR","potentialAction":[{"@type":"ReadAction","target":["https:\/\/deliveryalgarve.com\/es\/mudanzas-internacionales\/"]}]},{"@type":"BreadcrumbList","@id":"https:\/\/deliveryalgarve.com\/es\/mudanzas-internacionales\/#breadcrumb","itemListElement":[{"@type":"ListItem","position":1,"name":"Home","item":"https:\/\/deliveryalgarve.com\/"},{"@type":"ListItem","position":2,"name":"Mudanzas Internacionales"}]},{"@type":"WebSite","@id":"https:\/\/deliveryalgarve.com\/es\/#website","url":"https:\/\/deliveryalgarve.com\/es\/","name":"DeliveryAlgarve.com","description":"Enl\u00e8vement et stockage, Portugal, Espagne et Royaume-Uni.","publisher":{"@id":"https:\/\/deliveryalgarve.com\/es\/#organization"},"potentialAction":[{"@type":"SearchAction","target":{"@type":"EntryPoint","urlTemplate":"https:\/\/deliveryalgarve.com\/es\/?s={search_term_string}"},"query-input":{"@type":"PropertyValueSpecification","valueRequired":true,"valueName":"search_term_string"}}],"inLanguage":"fr-FR"},{"@type":"Organization","@id":"https:\/\/deliveryalgarve.com\/es\/#organization","name":"DeliveryAlgarve.com","url":"https:\/\/deliveryalgarve.com\/es\/","logo":{"@type":"ImageObject","inLanguage":"fr-FR","@id":"https:\/\/deliveryalgarve.com\/es\/#\/schema\/logo\/image\/","url":"https:\/\/deliveryalgarve.com\/wp-content\/uploads\/2020\/10\/cropped-DeliveryAlgarveLogo01.jpg","contentUrl":"https:\/\/deliveryalgarve.com\/wp-content\/uploads\/2020\/10\/cropped-DeliveryAlgarveLogo01.jpg","width":240,"height":240,"caption":"DeliveryAlgarve.com"},"image":{"@id":"https:\/\/deliveryalgarve.com\/es\/#\/schema\/logo\/image\/"}}]}},"_links":{"self":[{"href":"https:\/\/deliveryalgarve.com\/fr\/wp-json\/wp\/v2\/pages\/20","targetHints":{"allow":["GET"]}}],"collection":[{"href":"https:\/\/deliveryalgarve.com\/fr\/wp-json\/wp\/v2\/pages"}],"about":[{"href":"https:\/\/deliveryalgarve.com\/fr\/wp-json\/wp\/v2\/types\/page"}],"author":[{"embeddable":true,"href":"https:\/\/deliveryalgarve.com\/fr\/wp-json\/wp\/v2\/users\/1"}],"replies":[{"embeddable":true,"href":"https:\/\/deliveryalgarve.com\/fr\/wp-json\/wp\/v2\/comments?post=20"}],"version-history":[{"count":14,"href":"https:\/\/deliveryalgarve.com\/fr\/wp-json\/wp\/v2\/pages\/20\/revisions"}],"predecessor-version":[{"id":488,"href":"https:\/\/deliveryalgarve.com\/fr\/wp-json\/wp\/v2\/pages\/20\/revisions\/488"}],"wp:attachment":[{"href":"https:\/\/deliveryalgarve.com\/fr\/wp-json\/wp\/v2\/media?parent=20"}],"curies":[{"name":"wp","href":"https:\/\/api.w.org\/{rel}","templated":true}]}}