{"id":22,"date":"2020-09-23T10:52:22","date_gmt":"2020-09-23T10:52:22","guid":{"rendered":"https:\/\/deliveryalgarve.com\/?page_id=22"},"modified":"2025-06-19T11:19:32","modified_gmt":"2025-06-19T11:19:32","slug":"deliveryalgarve-com","status":"publish","type":"page","link":"https:\/\/deliveryalgarve.com\/fr\/","title":{"rendered":"DeliveryAlgarve.com"},"content":{"rendered":"<p><strong>DeliveryAlgarve.com.\u00a0 Your trusted removals and storage partners in Portugal!\u00a0 We&rsquo;ve been moving clients to and from Ireland &amp; Portugal for decades &#8211; and we know what we&rsquo;re doing!\u00a0 You&rsquo;re guaranteed a professional and reliable service from start to finish with Delivery Algarve!<\/strong><\/p>\r\n\r\n<figure id=\"attachment_536\" aria-describedby=\"caption-attachment-536\" style=\"width: 1200px\" class=\"wp-caption alignnone\"><img loading=\"lazy\" decoding=\"async\" class=\"wp-image-536 size-full\" src=\"https:\/\/deliveryalgarve.com\/wp-content\/uploads\/2025\/01\/The-Delivery-Algarve-Team-Safely-Transporting-your-Vehicle-throughout-Europe.jpg\" alt=\"L'\u00e9quipe Delivery Algarve - Transport de votre v\u00e9hicule en toute s\u00e9curit\u00e9 dans toute l'Europe\" width=\"1200\" height=\"630\" srcset=\"https:\/\/deliveryalgarve.com\/wp-content\/uploads\/2025\/01\/The-Delivery-Algarve-Team-Safely-Transporting-your-Vehicle-throughout-Europe.jpg 1200w, https:\/\/deliveryalgarve.com\/wp-content\/uploads\/2025\/01\/The-Delivery-Algarve-Team-Safely-Transporting-your-Vehicle-throughout-Europe-300x158.jpg 300w, https:\/\/deliveryalgarve.com\/wp-content\/uploads\/2025\/01\/The-Delivery-Algarve-Team-Safely-Transporting-your-Vehicle-throughout-Europe-1024x538.jpg 1024w, https:\/\/deliveryalgarve.com\/wp-content\/uploads\/2025\/01\/The-Delivery-Algarve-Team-Safely-Transporting-your-Vehicle-throughout-Europe-768x403.jpg 768w, https:\/\/deliveryalgarve.com\/wp-content\/uploads\/2025\/01\/The-Delivery-Algarve-Team-Safely-Transporting-your-Vehicle-throughout-Europe-1x1.jpg 1w\" sizes=\"auto, (max-width: 1200px) 100vw, 1200px\" \/><figcaption id=\"caption-attachment-536\" class=\"wp-caption-text\">L&rsquo;\u00e9quipe Delivery Algarve &#8211; Transport de votre v\u00e9hicule en toute s\u00e9curit\u00e9 dans toute l&rsquo;Europe<\/figcaption><\/figure>\r\n\r\n\r\n\r\n<h2>DeliveryAlgarve.com<\/h2>\r\n<p>DeliveryAlgarve.com offers regular scheduled removals services between Ireland, Portugal &amp; Spain. We offer a range of services &#8211; all designed to make your move across the continent as smooth and hassle-free as possible.\u00a0 Each month, we send a 45ft shipping container from Ireland to our base in Loule in The Algarve. We also send containers and part loads back to Ireland.<\/p>\r\n\r\n\r\n\r\n<p><em>Enjoy peace of mind with your European move with DeliveryAlgarve.com.<\/em><\/p>\r\n\n<div class=\"wpcf7 no-js\" id=\"wpcf7-f112-o3\" lang=\"en-US\" dir=\"ltr\" data-wpcf7-id=\"112\">\n<div class=\"screen-reader-response\"><p role=\"status\" aria-live=\"polite\" aria-atomic=\"true\"><\/p> <ul><\/ul><\/div>\n<form action=\"\/fr\/wp-json\/wp\/v2\/pages\/22#wpcf7-f112-o3\" method=\"post\" class=\"wpcf7-form init\" aria-label=\"Contact form\" novalidate=\"novalidate\" data-status=\"init\">\n<fieldset class=\"hidden-fields-container\"><input type=\"hidden\" name=\"_wpcf7\" value=\"112\" \/><input type=\"hidden\" name=\"_wpcf7_version\" value=\"6.1.5\" \/><input type=\"hidden\" name=\"_wpcf7_locale\" value=\"en_US\" \/><input type=\"hidden\" name=\"_wpcf7_unit_tag\" value=\"wpcf7-f112-o3\" \/><input type=\"hidden\" name=\"_wpcf7_container_post\" value=\"0\" \/><input type=\"hidden\" name=\"_wpcf7_posted_data_hash\" value=\"\" \/>\n<\/fieldset>\n<div id=\"quote\">\n\t<h3>Devis de d\u00e9m\u00e9nagement\n\t<\/h3>\n\t<p>Parlez-nous un peu de vos besoins en mati\u00e8re de d\u00e9m\u00e9nagement et nous vous r\u00e9pondrons imm\u00e9diatement!\n\t<\/p>\n\t<p><span class=\"wpcf7-form-control-wrap\" data-name=\"daq-name\"><input size=\"40\" maxlength=\"400\" class=\"wpcf7-form-control wpcf7-text wpcf7-validates-as-required daq\" aria-required=\"true\" aria-invalid=\"false\" placeholder=\"votre nom\" value=\"\" type=\"text\" name=\"daq-name\" \/><\/span><br \/>\n<span class=\"wpcf7-form-control-wrap\" data-name=\"daq-email\"><input size=\"40\" maxlength=\"400\" class=\"wpcf7-form-control wpcf7-email wpcf7-validates-as-required wpcf7-text wpcf7-validates-as-email daq\" aria-required=\"true\" aria-invalid=\"false\" placeholder=\"votre adresse email\" value=\"\" type=\"email\" name=\"daq-email\" \/><\/span><br \/>\n<span class=\"wpcf7-form-control-wrap\" data-name=\"daq-phone\"><input size=\"40\" maxlength=\"400\" class=\"wpcf7-form-control wpcf7-tel wpcf7-text wpcf7-validates-as-tel daq\" aria-invalid=\"false\" placeholder=\"un num\u00e9ro de t\u00e9l\u00e9phone?\" value=\"\" type=\"tel\" name=\"daq-phone\" \/><\/span><br \/>\n<span class=\"wpcf7-form-control-wrap\" data-name=\"daq-from\"><input size=\"40\" maxlength=\"400\" class=\"wpcf7-form-control wpcf7-text wpcf7-validates-as-required daq\" aria-required=\"true\" aria-invalid=\"false\" placeholder=\"retrait de (veuillez inclure un code postal et un pays)\" value=\"\" type=\"text\" name=\"daq-from\" \/><\/span><br \/>\n<span class=\"wpcf7-form-control-wrap\" data-name=\"daq-to\"><input size=\"40\" maxlength=\"400\" class=\"wpcf7-form-control wpcf7-text wpcf7-validates-as-required daq\" aria-required=\"true\" aria-invalid=\"false\" placeholder=\"livraison \u00e0 (comme ci-dessus)\" value=\"\" type=\"text\" name=\"daq-to\" \/><\/span><br \/>\n<span class=\"wpcf7-form-control-wrap\" data-name=\"daq-date\"><input size=\"40\" maxlength=\"400\" class=\"wpcf7-form-control wpcf7-text wpcf7-validates-as-required daq\" aria-required=\"true\" aria-invalid=\"false\" placeholder=\"date approximative requise\" value=\"\" type=\"text\" name=\"daq-date\" \/><\/span><br \/>\n<span class=\"wpcf7-form-control-wrap\" data-name=\"daq-types\"><span class=\"wpcf7-form-control wpcf7-checkbox daq\"><span class=\"wpcf7-list-item first\"><label><input type=\"checkbox\" name=\"daq-types[]\" value=\"D\u00e9m\u00e9nagements g\u00e9n\u00e9raux et nationaux\" \/><span class=\"wpcf7-list-item-label\">D\u00e9m\u00e9nagements g\u00e9n\u00e9raux et nationaux<\/span><\/label><\/span><span class=\"wpcf7-list-item\"><label><input type=\"checkbox\" name=\"daq-types[]\" value=\"\u00c9quipement commercial\" \/><span class=\"wpcf7-list-item-label\">\u00c9quipement commercial<\/span><\/label><\/span><span class=\"wpcf7-list-item\"><label><input type=\"checkbox\" name=\"daq-types[]\" value=\"Voiture, bateau, etc.\" \/><span class=\"wpcf7-list-item-label\">Voiture, bateau, etc.<\/span><\/label><\/span><span class=\"wpcf7-list-item last\"><label><input type=\"checkbox\" name=\"daq-types[]\" value=\"Moto (s)\" \/><span class=\"wpcf7-list-item-label\">Moto (s)<\/span><\/label><\/span><\/span><\/span><br \/>\n<span class=\"wpcf7-form-control-wrap\" data-name=\"daq-message\"><textarea cols=\"40\" rows=\"10\" maxlength=\"2000\" class=\"wpcf7-form-control wpcf7-textarea daq\" aria-invalid=\"false\" placeholder=\"tout autre d\u00e9tail. plus vous nous en dites, plus nous pouvons vous aider!\" name=\"daq-message\"><\/textarea><\/span><br \/>\n<span class=\"wpcf7-form-control-wrap\" data-name=\"capital-quiz\"><label><span class=\"wpcf7-quiz-label\">Pour arr\u00eater les spammeurs... Pourriez-vous nous dire quel est le plus grand nombre... 3 ou 4 ?<\/span> <input size=\"40\" class=\"wpcf7-form-control wpcf7-quiz\" autocomplete=\"off\" aria-required=\"true\" aria-invalid=\"false\" type=\"text\" name=\"capital-quiz\" \/><\/label><input type=\"hidden\" name=\"_wpcf7_quiz_answer_capital-quiz\" value=\"6418842b41c066b6827ae3c56282a02a\" \/><\/span><br \/>\n<input class=\"wpcf7-form-control wpcf7-submit has-spinner daq\" type=\"submit\" value=\"Cliquez pour envoyer!\" \/>\n\t<\/p>\n<\/div><div class=\"wpcf7-response-output\" aria-hidden=\"true\"><\/div>\n<\/form>\n<\/div>\n\r\n\r\n\r\n\r\n\r\n\r\n<h3 class=\"wp-block-heading\">Ireland &amp; Portugal Transport &amp; Storage<\/h3>\r\n\r\n\r\n\r\n<p>DeliveryAlgarve.com operates an outstanding transport and storage service with two bases, in <a href=\"https:\/\/deliveryalgarve.com\/removals-depot\/loule-algarve-portugal\/\">Loule in the Algarve<\/a> and <a href=\"https:\/\/deliveryalgarve.com\/removals-depot\/salford-greater-manchester-uk\/\">Dublin in Ireland<\/a>. Both depots have secure storage facilities, and are used for drop off and collection points.<\/p>\r\n\r\n\r\n\r\n\r\n\r\n\r\n\r\n<blockquote>\r\n<p><em><strong>30 year&rsquo;s experience moving families between Ireland &amp; Portugal!<\/strong><\/em><\/p>\r\n<\/blockquote>\r\n\r\n\r\n\r\n\r\n\r\n<p>Our specialist removal vehicles are running everyday helping individuals, families and businesses move house or premises between Ireland, Portugal &amp; Spain.<\/p>\r\n\r\n\r\n\r\n<p>DeliveryAlgarve.com has a wealth of experience in domestic removals. Right from the start, we will carry out your European relocation in a professional, competent manner.<\/p>\r\n\r\n\r\n\r\n<p>Your personal effects are very important to us, from packing, loading, transport and delivering your items door to door by road, your precious items will arrive safely and securely.<\/p>\r\n\r\n\r\n\r\n<h3>A Quality Service from Start to Finish<\/h3>\r\n\r\n\r\n\r\n<p>All shipments are individually inventoried ensuring all personal effects are delivered to the correct client\u2019s property. This is a full door to door service with unpacking, if required.<\/p>\r\n\r\n\r\n\r\n\r\n\r\n<p><a href=\"https:\/\/www.google.com\/maps\/place\/deliveryalgarve.com\/@37.1059289,-8.0794513,17z\/data=!3m1!4b1!4m5!3m4!1s0xd1ab5a58195c0f7:0xf44238318d13c7ef!8m2!3d37.1059246!4d-8.0772626\" target=\"_blank\" rel=\"noopener noreferrer\"><em>Find us on Google Maps!<\/em><\/a><\/p>\r\n<p>&nbsp;<\/p>\r\n\r\n<p>&nbsp;<\/p>","protected":false},"excerpt":{"rendered":"<p>DeliveryAlgarve.com.\u00a0 Your trusted removals and storage partners in Portugal!\u00a0 We&rsquo;ve been moving clients to and from Ireland &amp; Portugal for decades &#8211; and we know what we&rsquo;re doing!\u00a0 You&rsquo;re guaranteed a professional and reliable service from start to finish with Delivery Algarve! DeliveryAlgarve.com DeliveryAlgarve.com offers regular scheduled removals services between Ireland, Portugal &amp; Spain. We [&hellip;]<\/p>\n","protected":false},"author":1,"featured_media":0,"parent":0,"menu_order":0,"comment_status":"closed","ping_status":"closed","template":"","meta":{"footnotes":""},"class_list":["post-22","page","type-page","status-publish","hentry"],"yoast_head":"<!-- This site is optimized with the Yoast SEO plugin v27.4 - https:\/\/yoast.com\/product\/yoast-seo-wordpress\/ -->\n<title>DeliveryAlgarve.com. Services de d\u00e9m\u00e9nagement, Royaume-Uni et Portugal.<\/title>\n<meta name=\"description\" content=\"DeliveryAlgarve.com. Vous avez la garantie d&#039;un service de d\u00e9m\u00e9nagement professionnel et fiable du d\u00e9but \u00e0 la fin avec DeliveryAlgarve.com!\" \/>\n<meta name=\"robots\" content=\"index, follow, max-snippet:-1, max-image-preview:large, max-video-preview:-1\" \/>\n<link rel=\"canonical\" href=\"https:\/\/deliveryalgarve.com\/\" \/>\n<meta property=\"og:locale\" content=\"fr_FR\" \/>\n<meta property=\"og:type\" content=\"article\" \/>\n<meta property=\"og:title\" content=\"DeliveryAlgarve.com - Removals &amp; Storage, Ireland &amp; Portugal.\" \/>\n<meta property=\"og:description\" content=\"We&#039;ve been moving clients to and from Ireland &amp; Portugal for decades - and we know what we&#039;re doing!\" \/>\n<meta property=\"og:url\" content=\"https:\/\/deliveryalgarve.com\/\" \/>\n<meta property=\"og:site_name\" content=\"DeliveryAlgarve.com\" \/>\n<meta property=\"article:modified_time\" content=\"2025-06-19T11:19:32+00:00\" \/>\n<meta property=\"og:image\" content=\"https:\/\/deliveryalgarve.com\/wp-content\/uploads\/2025\/01\/The-Delivery-Algarve-Team-Safely-Transporting-your-Vehicle-throughout-Europe.jpg\" \/>\n\t<meta property=\"og:image:width\" content=\"1200\" \/>\n\t<meta property=\"og:image:height\" content=\"630\" \/>\n\t<meta property=\"og:image:type\" content=\"image\/jpeg\" \/>\n<meta name=\"twitter:card\" content=\"summary_large_image\" \/>\n<meta name=\"twitter:label1\" content=\"Dur\u00e9e de lecture estim\u00e9e\" \/>\n\t<meta name=\"twitter:data1\" content=\"2 minutes\" \/>\n<script type=\"application\/ld+json\" class=\"yoast-schema-graph\">{\"@context\":\"https:\\\/\\\/schema.org\",\"@graph\":[{\"@type\":\"WebPage\",\"@id\":\"https:\\\/\\\/deliveryalgarve.com\\\/\",\"url\":\"https:\\\/\\\/deliveryalgarve.com\\\/\",\"name\":\"[:en]DeliveryAlgarve.com. Removals & Storage Services, Ireland & Portugal.[:pt]DeliveryAlgarve.com Servi\u00e7o de mudan\u00e7as, Reino Unido e Portugal.[:fr]DeliveryAlgarve.com. Services de d\u00e9m\u00e9nagement, Royaume-Uni et Portugal.[:es]EntregaAlgarve.com. Servicios de Mudanzas y Guardamuebles, Irlanda y Portugal.[:]\",\"isPartOf\":{\"@id\":\"https:\\\/\\\/deliveryalgarve.com\\\/es\\\/#website\"},\"primaryImageOfPage\":{\"@id\":\"https:\\\/\\\/deliveryalgarve.com\\\/#primaryimage\"},\"image\":{\"@id\":\"https:\\\/\\\/deliveryalgarve.com\\\/#primaryimage\"},\"thumbnailUrl\":\"https:\\\/\\\/deliveryalgarve.com\\\/wp-content\\\/uploads\\\/2025\\\/01\\\/The-Delivery-Algarve-Team-Safely-Transporting-your-Vehicle-throughout-Europe.jpg\",\"datePublished\":\"2020-09-23T10:52:22+00:00\",\"dateModified\":\"2025-06-19T11:19:32+00:00\",\"description\":\"{:en}DeliveryAlgarve.com. You are guaranteed a professional and reliable removal service from start to finish with DeliveryAlgarve.com!{:pt}DeliveryAlgarve.com. Voc\u00ea tem a garantia de um servi\u00e7o de remo\u00e7\u00f5es profissional e confi\u00e1vel do in\u00edcio ao fim com DeliveryAlgarve.com!{:fr}DeliveryAlgarve.com. Vous avez la garantie d'un service de d\u00e9m\u00e9nagement professionnel et fiable du d\u00e9but \u00e0 la fin avec DeliveryAlgarve.com!{:es}DeliveryAlgarve.com. \u00a1Tiene garantizado un servicio de mudanza profesional y confiable de principio a fin con DeliveryAlgarve.com!{:}\",\"breadcrumb\":{\"@id\":\"https:\\\/\\\/deliveryalgarve.com\\\/#breadcrumb\"},\"inLanguage\":\"fr-FR\",\"potentialAction\":[{\"@type\":\"ReadAction\",\"target\":[\"https:\\\/\\\/deliveryalgarve.com\\\/\"]}]},{\"@type\":\"ImageObject\",\"inLanguage\":\"fr-FR\",\"@id\":\"https:\\\/\\\/deliveryalgarve.com\\\/#primaryimage\",\"url\":\"https:\\\/\\\/deliveryalgarve.com\\\/wp-content\\\/uploads\\\/2025\\\/01\\\/The-Delivery-Algarve-Team-Safely-Transporting-your-Vehicle-throughout-Europe.jpg\",\"contentUrl\":\"https:\\\/\\\/deliveryalgarve.com\\\/wp-content\\\/uploads\\\/2025\\\/01\\\/The-Delivery-Algarve-Team-Safely-Transporting-your-Vehicle-throughout-Europe.jpg\"},{\"@type\":\"BreadcrumbList\",\"@id\":\"https:\\\/\\\/deliveryalgarve.com\\\/#breadcrumb\",\"itemListElement\":[{\"@type\":\"ListItem\",\"position\":1,\"name\":\"Home\",\"item\":\"https:\\\/\\\/deliveryalgarve.com\\\/\"},{\"@type\":\"ListItem\",\"position\":2,\"name\":\"DeliveryAlgarve.com &#8211; Removals &#038; Storage, Ireland &#038; Portugal\"}]},{\"@type\":\"WebSite\",\"@id\":\"https:\\\/\\\/deliveryalgarve.com\\\/es\\\/#website\",\"url\":\"https:\\\/\\\/deliveryalgarve.com\\\/es\\\/\",\"name\":\"DeliveryAlgarve.com\",\"description\":\"Enl\u00e8vement et stockage, Portugal, Espagne et Royaume-Uni.\",\"publisher\":{\"@id\":\"https:\\\/\\\/deliveryalgarve.com\\\/es\\\/#organization\"},\"potentialAction\":[{\"@type\":\"SearchAction\",\"target\":{\"@type\":\"EntryPoint\",\"urlTemplate\":\"https:\\\/\\\/deliveryalgarve.com\\\/es\\\/?s={search_term_string}\"},\"query-input\":{\"@type\":\"PropertyValueSpecification\",\"valueRequired\":true,\"valueName\":\"search_term_string\"}}],\"inLanguage\":\"fr-FR\"},{\"@type\":\"Organization\",\"@id\":\"https:\\\/\\\/deliveryalgarve.com\\\/es\\\/#organization\",\"name\":\"DeliveryAlgarve.com\",\"url\":\"https:\\\/\\\/deliveryalgarve.com\\\/es\\\/\",\"logo\":{\"@type\":\"ImageObject\",\"inLanguage\":\"fr-FR\",\"@id\":\"https:\\\/\\\/deliveryalgarve.com\\\/es\\\/#\\\/schema\\\/logo\\\/image\\\/\",\"url\":\"https:\\\/\\\/deliveryalgarve.com\\\/wp-content\\\/uploads\\\/2020\\\/10\\\/cropped-DeliveryAlgarveLogo01.jpg\",\"contentUrl\":\"https:\\\/\\\/deliveryalgarve.com\\\/wp-content\\\/uploads\\\/2020\\\/10\\\/cropped-DeliveryAlgarveLogo01.jpg\",\"width\":240,\"height\":240,\"caption\":\"DeliveryAlgarve.com\"},\"image\":{\"@id\":\"https:\\\/\\\/deliveryalgarve.com\\\/es\\\/#\\\/schema\\\/logo\\\/image\\\/\"}}]}<\/script>\n<!-- \/ Yoast SEO plugin. -->","yoast_head_json":{"title":"DeliveryAlgarve.com. Services de d\u00e9m\u00e9nagement, Royaume-Uni et Portugal.","description":"DeliveryAlgarve.com. Vous avez la garantie d'un service de d\u00e9m\u00e9nagement professionnel et fiable du d\u00e9but \u00e0 la fin avec DeliveryAlgarve.com!","robots":{"index":"index","follow":"follow","max-snippet":"max-snippet:-1","max-image-preview":"max-image-preview:large","max-video-preview":"max-video-preview:-1"},"canonical":"https:\/\/deliveryalgarve.com\/","og_locale":"fr_FR","og_type":"article","og_title":"DeliveryAlgarve.com - Removals & Storage, Ireland & Portugal.","og_description":"We've been moving clients to and from Ireland & Portugal for decades - and we know what we're doing!","og_url":"https:\/\/deliveryalgarve.com\/","og_site_name":"DeliveryAlgarve.com","article_modified_time":"2025-06-19T11:19:32+00:00","og_image":[{"width":1200,"height":630,"url":"https:\/\/deliveryalgarve.com\/wp-content\/uploads\/2025\/01\/The-Delivery-Algarve-Team-Safely-Transporting-your-Vehicle-throughout-Europe.jpg","type":"image\/jpeg"}],"twitter_card":"summary_large_image","twitter_misc":{"Dur\u00e9e de lecture estim\u00e9e":"2 minutes"},"schema":{"@context":"https:\/\/schema.org","@graph":[{"@type":"WebPage","@id":"https:\/\/deliveryalgarve.com\/","url":"https:\/\/deliveryalgarve.com\/","name":"[:en]DeliveryAlgarve.com. Removals & Storage Services, Ireland & Portugal.[:pt]DeliveryAlgarve.com Servi\u00e7o de mudan\u00e7as, Reino Unido e Portugal.[:fr]DeliveryAlgarve.com. Services de d\u00e9m\u00e9nagement, Royaume-Uni et Portugal.[:es]EntregaAlgarve.com. Servicios de Mudanzas y Guardamuebles, Irlanda y Portugal.[:]","isPartOf":{"@id":"https:\/\/deliveryalgarve.com\/es\/#website"},"primaryImageOfPage":{"@id":"https:\/\/deliveryalgarve.com\/#primaryimage"},"image":{"@id":"https:\/\/deliveryalgarve.com\/#primaryimage"},"thumbnailUrl":"https:\/\/deliveryalgarve.com\/wp-content\/uploads\/2025\/01\/The-Delivery-Algarve-Team-Safely-Transporting-your-Vehicle-throughout-Europe.jpg","datePublished":"2020-09-23T10:52:22+00:00","dateModified":"2025-06-19T11:19:32+00:00","description":"{:en}DeliveryAlgarve.com. You are guaranteed a professional and reliable removal service from start to finish with DeliveryAlgarve.com!{:pt}DeliveryAlgarve.com. Voc\u00ea tem a garantia de um servi\u00e7o de remo\u00e7\u00f5es profissional e confi\u00e1vel do in\u00edcio ao fim com DeliveryAlgarve.com!{:fr}DeliveryAlgarve.com. Vous avez la garantie d'un service de d\u00e9m\u00e9nagement professionnel et fiable du d\u00e9but \u00e0 la fin avec DeliveryAlgarve.com!{:es}DeliveryAlgarve.com. \u00a1Tiene garantizado un servicio de mudanza profesional y confiable de principio a fin con DeliveryAlgarve.com!{:}","breadcrumb":{"@id":"https:\/\/deliveryalgarve.com\/#breadcrumb"},"inLanguage":"fr-FR","potentialAction":[{"@type":"ReadAction","target":["https:\/\/deliveryalgarve.com\/"]}]},{"@type":"ImageObject","inLanguage":"fr-FR","@id":"https:\/\/deliveryalgarve.com\/#primaryimage","url":"https:\/\/deliveryalgarve.com\/wp-content\/uploads\/2025\/01\/The-Delivery-Algarve-Team-Safely-Transporting-your-Vehicle-throughout-Europe.jpg","contentUrl":"https:\/\/deliveryalgarve.com\/wp-content\/uploads\/2025\/01\/The-Delivery-Algarve-Team-Safely-Transporting-your-Vehicle-throughout-Europe.jpg"},{"@type":"BreadcrumbList","@id":"https:\/\/deliveryalgarve.com\/#breadcrumb","itemListElement":[{"@type":"ListItem","position":1,"name":"Home","item":"https:\/\/deliveryalgarve.com\/"},{"@type":"ListItem","position":2,"name":"DeliveryAlgarve.com &#8211; Removals &#038; Storage, Ireland &#038; Portugal"}]},{"@type":"WebSite","@id":"https:\/\/deliveryalgarve.com\/es\/#website","url":"https:\/\/deliveryalgarve.com\/es\/","name":"DeliveryAlgarve.com","description":"Enl\u00e8vement et stockage, Portugal, Espagne et Royaume-Uni.","publisher":{"@id":"https:\/\/deliveryalgarve.com\/es\/#organization"},"potentialAction":[{"@type":"SearchAction","target":{"@type":"EntryPoint","urlTemplate":"https:\/\/deliveryalgarve.com\/es\/?s={search_term_string}"},"query-input":{"@type":"PropertyValueSpecification","valueRequired":true,"valueName":"search_term_string"}}],"inLanguage":"fr-FR"},{"@type":"Organization","@id":"https:\/\/deliveryalgarve.com\/es\/#organization","name":"DeliveryAlgarve.com","url":"https:\/\/deliveryalgarve.com\/es\/","logo":{"@type":"ImageObject","inLanguage":"fr-FR","@id":"https:\/\/deliveryalgarve.com\/es\/#\/schema\/logo\/image\/","url":"https:\/\/deliveryalgarve.com\/wp-content\/uploads\/2020\/10\/cropped-DeliveryAlgarveLogo01.jpg","contentUrl":"https:\/\/deliveryalgarve.com\/wp-content\/uploads\/2020\/10\/cropped-DeliveryAlgarveLogo01.jpg","width":240,"height":240,"caption":"DeliveryAlgarve.com"},"image":{"@id":"https:\/\/deliveryalgarve.com\/es\/#\/schema\/logo\/image\/"}}]}},"_links":{"self":[{"href":"https:\/\/deliveryalgarve.com\/fr\/wp-json\/wp\/v2\/pages\/22","targetHints":{"allow":["GET"]}}],"collection":[{"href":"https:\/\/deliveryalgarve.com\/fr\/wp-json\/wp\/v2\/pages"}],"about":[{"href":"https:\/\/deliveryalgarve.com\/fr\/wp-json\/wp\/v2\/types\/page"}],"author":[{"embeddable":true,"href":"https:\/\/deliveryalgarve.com\/fr\/wp-json\/wp\/v2\/users\/1"}],"replies":[{"embeddable":true,"href":"https:\/\/deliveryalgarve.com\/fr\/wp-json\/wp\/v2\/comments?post=22"}],"version-history":[{"count":35,"href":"https:\/\/deliveryalgarve.com\/fr\/wp-json\/wp\/v2\/pages\/22\/revisions"}],"predecessor-version":[{"id":559,"href":"https:\/\/deliveryalgarve.com\/fr\/wp-json\/wp\/v2\/pages\/22\/revisions\/559"}],"wp:attachment":[{"href":"https:\/\/deliveryalgarve.com\/fr\/wp-json\/wp\/v2\/media?parent=22"}],"curies":[{"name":"wp","href":"https:\/\/api.w.org\/{rel}","templated":true}]}}