{"id":33,"date":"2020-09-23T11:13:07","date_gmt":"2020-09-23T11:13:07","guid":{"rendered":"https:\/\/deliveryalgarve.com\/?page_id=33"},"modified":"2024-04-08T13:24:34","modified_gmt":"2024-04-08T13:24:34","slug":"storage-algarve","status":"publish","type":"page","link":"https:\/\/deliveryalgarve.com\/fr\/services-de-stockage\/","title":{"rendered":"Services de stockage s\u00e9curis\u00e9"},"content":{"rendered":"<p><strong>Services de stockage en Irlande et au Portugal. Toujours s\u00fbrs et s\u00e9curis\u00e9s, nos installations d&rsquo;entreposage avec alarme sont parfaites pour des solutions d&rsquo;entreposage \u00e0 court terme, lors d&rsquo;un d\u00e9m\u00e9nagement ou \u00e0 long terme!<\/strong><\/p>\n<figure id=\"attachment_315\" aria-describedby=\"caption-attachment-315\" style=\"width: 1200px\" class=\"wp-caption alignnone\"><img loading=\"lazy\" decoding=\"async\" class=\"size-full wp-image-315\" src=\"https:\/\/deliveryalgarve.com\/wp-content\/uploads\/2021\/03\/Secure-Storage-Facilities.jpg\" alt=\"Secure Storage Facilities, Ireland and Portugal\" width=\"1200\" height=\"630\" srcset=\"https:\/\/deliveryalgarve.com\/wp-content\/uploads\/2021\/03\/Secure-Storage-Facilities.jpg 1200w, https:\/\/deliveryalgarve.com\/wp-content\/uploads\/2021\/03\/Secure-Storage-Facilities-300x158.jpg 300w, https:\/\/deliveryalgarve.com\/wp-content\/uploads\/2021\/03\/Secure-Storage-Facilities-1024x538.jpg 1024w, https:\/\/deliveryalgarve.com\/wp-content\/uploads\/2021\/03\/Secure-Storage-Facilities-768x403.jpg 768w, https:\/\/deliveryalgarve.com\/wp-content\/uploads\/2021\/03\/Secure-Storage-Facilities-1x1.jpg 1w\" sizes=\"auto, (max-width: 1200px) 100vw, 1200px\" \/><figcaption id=\"caption-attachment-315\" class=\"wp-caption-text\">Secure Storage Facilities, Ireland and Portugal<\/figcaption><\/figure>\n<h2>Installations de stockage s\u00e9curis\u00e9es &#8211; Irlande et Portugal<\/h2>\n<p>DeliveryAlgarve.com dispose de deux principaux points de stockage et de transport. Notre si\u00e8ge social est \u00e0 Loule en Algarve, avec notre d\u00e9p\u00f4t d&rsquo;Irlande \u00e0 Dublin.<\/p>\n<h3>Parlez-nous ! Nous donnons d&rsquo;excellents devis\u00a0!<\/h3>\n\n<div class=\"wpcf7 no-js\" id=\"wpcf7-f112-o2\" lang=\"en-US\" dir=\"ltr\" data-wpcf7-id=\"112\">\n<div class=\"screen-reader-response\"><p role=\"status\" aria-live=\"polite\" aria-atomic=\"true\"><\/p> <ul><\/ul><\/div>\n<form action=\"\/fr\/wp-json\/wp\/v2\/pages\/33#wpcf7-f112-o2\" method=\"post\" class=\"wpcf7-form init\" aria-label=\"Contact form\" novalidate=\"novalidate\" data-status=\"init\">\n<fieldset class=\"hidden-fields-container\"><input type=\"hidden\" name=\"_wpcf7\" value=\"112\" \/><input type=\"hidden\" name=\"_wpcf7_version\" value=\"6.1.5\" \/><input type=\"hidden\" name=\"_wpcf7_locale\" value=\"en_US\" \/><input type=\"hidden\" name=\"_wpcf7_unit_tag\" value=\"wpcf7-f112-o2\" \/><input type=\"hidden\" name=\"_wpcf7_container_post\" value=\"0\" \/><input type=\"hidden\" name=\"_wpcf7_posted_data_hash\" value=\"\" \/>\n<\/fieldset>\n<div id=\"quote\">\n\t<h3>Devis de d\u00e9m\u00e9nagement\n\t<\/h3>\n\t<p>Parlez-nous un peu de vos besoins en mati\u00e8re de d\u00e9m\u00e9nagement et nous vous r\u00e9pondrons imm\u00e9diatement!\n\t<\/p>\n\t<p><span class=\"wpcf7-form-control-wrap\" data-name=\"daq-name\"><input size=\"40\" maxlength=\"400\" class=\"wpcf7-form-control wpcf7-text wpcf7-validates-as-required daq\" aria-required=\"true\" aria-invalid=\"false\" placeholder=\"votre nom\" value=\"\" type=\"text\" name=\"daq-name\" \/><\/span><br \/>\n<span class=\"wpcf7-form-control-wrap\" data-name=\"daq-email\"><input size=\"40\" maxlength=\"400\" class=\"wpcf7-form-control wpcf7-email wpcf7-validates-as-required wpcf7-text wpcf7-validates-as-email daq\" aria-required=\"true\" aria-invalid=\"false\" placeholder=\"votre adresse email\" value=\"\" type=\"email\" name=\"daq-email\" \/><\/span><br \/>\n<span class=\"wpcf7-form-control-wrap\" data-name=\"daq-phone\"><input size=\"40\" maxlength=\"400\" class=\"wpcf7-form-control wpcf7-tel wpcf7-text wpcf7-validates-as-tel daq\" aria-invalid=\"false\" placeholder=\"un num\u00e9ro de t\u00e9l\u00e9phone?\" value=\"\" type=\"tel\" name=\"daq-phone\" \/><\/span><br \/>\n<span class=\"wpcf7-form-control-wrap\" data-name=\"daq-from\"><input size=\"40\" maxlength=\"400\" class=\"wpcf7-form-control wpcf7-text wpcf7-validates-as-required daq\" aria-required=\"true\" aria-invalid=\"false\" placeholder=\"retrait de (veuillez inclure un code postal et un pays)\" value=\"\" type=\"text\" name=\"daq-from\" \/><\/span><br \/>\n<span class=\"wpcf7-form-control-wrap\" data-name=\"daq-to\"><input size=\"40\" maxlength=\"400\" class=\"wpcf7-form-control wpcf7-text wpcf7-validates-as-required daq\" aria-required=\"true\" aria-invalid=\"false\" placeholder=\"livraison \u00e0 (comme ci-dessus)\" value=\"\" type=\"text\" name=\"daq-to\" \/><\/span><br \/>\n<span class=\"wpcf7-form-control-wrap\" data-name=\"daq-date\"><input size=\"40\" maxlength=\"400\" class=\"wpcf7-form-control wpcf7-text wpcf7-validates-as-required daq\" aria-required=\"true\" aria-invalid=\"false\" placeholder=\"date approximative requise\" value=\"\" type=\"text\" name=\"daq-date\" \/><\/span><br \/>\n<span class=\"wpcf7-form-control-wrap\" data-name=\"daq-types\"><span class=\"wpcf7-form-control wpcf7-checkbox daq\"><span class=\"wpcf7-list-item first\"><label><input type=\"checkbox\" name=\"daq-types[]\" value=\"D\u00e9m\u00e9nagements g\u00e9n\u00e9raux et nationaux\" \/><span class=\"wpcf7-list-item-label\">D\u00e9m\u00e9nagements g\u00e9n\u00e9raux et nationaux<\/span><\/label><\/span><span class=\"wpcf7-list-item\"><label><input type=\"checkbox\" name=\"daq-types[]\" value=\"\u00c9quipement commercial\" \/><span class=\"wpcf7-list-item-label\">\u00c9quipement commercial<\/span><\/label><\/span><span class=\"wpcf7-list-item\"><label><input type=\"checkbox\" name=\"daq-types[]\" value=\"Voiture, bateau, etc.\" \/><span class=\"wpcf7-list-item-label\">Voiture, bateau, etc.<\/span><\/label><\/span><span class=\"wpcf7-list-item last\"><label><input type=\"checkbox\" name=\"daq-types[]\" value=\"Moto (s)\" \/><span class=\"wpcf7-list-item-label\">Moto (s)<\/span><\/label><\/span><\/span><\/span><br \/>\n<span class=\"wpcf7-form-control-wrap\" data-name=\"daq-message\"><textarea cols=\"40\" rows=\"10\" maxlength=\"2000\" class=\"wpcf7-form-control wpcf7-textarea daq\" aria-invalid=\"false\" placeholder=\"tout autre d\u00e9tail. plus vous nous en dites, plus nous pouvons vous aider!\" name=\"daq-message\"><\/textarea><\/span><br \/>\n<span class=\"wpcf7-form-control-wrap\" data-name=\"capital-quiz\"><label><span class=\"wpcf7-quiz-label\">Pour arr\u00eater les spammeurs... Pourriez-vous nous dire quel est le plus grand nombre... 3 ou 4 ?<\/span> <input size=\"40\" class=\"wpcf7-form-control wpcf7-quiz\" autocomplete=\"off\" aria-required=\"true\" aria-invalid=\"false\" type=\"text\" name=\"capital-quiz\" \/><\/label><input type=\"hidden\" name=\"_wpcf7_quiz_answer_capital-quiz\" value=\"6418842b41c066b6827ae3c56282a02a\" \/><\/span><br \/>\n<input class=\"wpcf7-form-control wpcf7-submit has-spinner daq\" type=\"submit\" value=\"Cliquez pour envoyer!\" \/>\n\t<\/p>\n<\/div><div class=\"wpcf7-response-output\" aria-hidden=\"true\"><\/div>\n<\/form>\n<\/div>\n\n<h3>Services de stockage \u00e0 court et \u00e0 long terme<\/h3>\n<p>En tant qu&rsquo;entreprise de d\u00e9m\u00e9nagement depuis de nombreuses ann\u00e9es, nous sommes habitu\u00e9s aux clients souhaitant un stockage \u00e0 long et \u00e0 court terme. Quels que soient vos besoins, nous avons le service de stockage s\u00e9curis\u00e9 qui vous convient ! Toutes nos installations de stockage en Irlande, en Espagne et au Portugal sont sp\u00e9cialement con\u00e7ues et bas\u00e9es sur notre solide exp\u00e9rience.<\/p>\n<h3>Solutions de stockage personnel<\/h3>\n<p>Tous nos entrep\u00f4ts de stockage propres et construits \u00e0 cet effet sont s\u00e9curis\u00e9s 24h \/ 24 et disposent d&rsquo;un contr\u00f4le incendie strict, renforc\u00e9 par une politique stricte de non-fumeur.<\/p>\n<p>Nous proposons des solutions de stockage \u00e0 long et \u00e0 court terme.<\/p>\n<p>Pour plus d&rsquo;informations sur le stockage, contactez-nous ! Nous sommes l\u00e0 pour vous aider !<\/p>\n<h3>Services de d\u00e9m\u00e9nagement et de transport &#8211; Irlande, Portugal et Espagne<\/h3>\n<p>DeliveryAlgarve.com est vraiment une entreprise locale ! Nous avons pass\u00e9 de nombreuses ann\u00e9es en Algarve au Portugal et maintenant \u00e0 Dublin, transportant les marchandises de nos clients dans toute l&rsquo;Europe.<\/p>\n<p>Que vous d\u00e9m\u00e9nagiez pr\u00e8s ou loin, DeliveryAlgarve.com est votre premier choix pour les d\u00e9m\u00e9nagements locaux en Algarve, ou entre l&rsquo;Irlande, l&rsquo;Espagne et le Portugal. Qu&rsquo;il s&rsquo;agisse de petits d\u00e9m\u00e9nagements, de chargements partiels ou de camions d\u00e9di\u00e9s \u00e0 conteneurs complets, nous proposons un service de transport \u00e9conomique et un service de messagerie fiable pour les articles uniques.<\/p>\n<p>&nbsp;<\/p>","protected":false},"excerpt":{"rendered":"<p>Services de stockage en Irlande et au Portugal. Toujours s\u00fbrs et s\u00e9curis\u00e9s, nos installations d&rsquo;entreposage avec alarme sont parfaites pour des solutions d&rsquo;entreposage \u00e0 court terme, lors d&rsquo;un d\u00e9m\u00e9nagement ou \u00e0 long terme! Installations de stockage s\u00e9curis\u00e9es &#8211; Irlande et Portugal DeliveryAlgarve.com dispose de deux principaux points de stockage et de transport. Notre si\u00e8ge social [&hellip;]<\/p>\n","protected":false},"author":1,"featured_media":0,"parent":0,"menu_order":90,"comment_status":"closed","ping_status":"closed","template":"","meta":{"footnotes":""},"class_list":["post-33","page","type-page","status-publish","hentry"],"yoast_head":"<!-- This site is optimized with the Yoast SEO plugin v27.4 - https:\/\/yoast.com\/product\/yoast-seo-wordpress\/ -->\n<title>Services de stockage s\u00e9curis\u00e9, Irlande et Portugal. DeliveryAlgarve.com<\/title>\n<meta name=\"description\" content=\"Services de stockage en Irlande et au Portugal. S\u00fbres et s\u00e9curis\u00e9es, nos installations d&#039;entreposage avec alarme sont parfaites pour les solutions d&#039;entreposage \u00e0 court ou \u00e0 long terme\u00a0!\" \/>\n<meta name=\"robots\" content=\"index, follow, max-snippet:-1, max-image-preview:large, max-video-preview:-1\" \/>\n<link rel=\"canonical\" href=\"https:\/\/deliveryalgarve.com\/es\/servicios-de-almacenamiento\/\" \/>\n<meta property=\"og:locale\" content=\"fr_FR\" \/>\n<meta property=\"og:type\" content=\"article\" \/>\n<meta property=\"og:title\" content=\"[:en]Secure Storage Services, Ireland &amp; Portugal. DeliveryAlgarve.com[:pt]Servi\u00e7os de armazenamento seguro, Irlanda e Portugal. DeliveryAlgarve.com[:fr]Services de stockage s\u00e9curis\u00e9, Irlande et Portugal. DeliveryAlgarve.com[:es]Servicios de almacenamiento seguro, Irlanda y Portugal. DeliveryAlgarve.com[:]\" \/>\n<meta property=\"og:description\" content=\"{:en}Storage Services in Ireland &amp; Portugal. Safe &amp; secure, our alarmed storage facilities are perfect for short or long-term storage solutions!{:pt}Servi\u00e7os de armazenamento na Irlanda e Portugal. Seguro e protegido, nossas instala\u00e7\u00f5es de armazenamento com alarme s\u00e3o perfeitas para solu\u00e7\u00f5es de armazenamento de curto ou longo prazo!{:fr}Services de stockage en Irlande et au Portugal. S\u00fbres et s\u00e9curis\u00e9es, nos installations d&#039;entreposage avec alarme sont parfaites pour les solutions d&#039;entreposage \u00e0 court ou \u00e0 long terme\u00a0!{:es}Servicios de almacenamiento en Irlanda y Portugal. \u00a1Seguro y protegido, nuestras instalaciones de almacenamiento con alarma son perfectas para soluciones de almacenamiento a corto o largo plazo!{:}\" \/>\n<meta property=\"og:url\" content=\"https:\/\/deliveryalgarve.com\/es\/servicios-de-almacenamiento\/\" \/>\n<meta property=\"og:site_name\" content=\"DeliveryAlgarve.com\" \/>\n<meta property=\"article:modified_time\" content=\"2024-04-08T13:24:34+00:00\" \/>\n<meta property=\"og:image\" content=\"https:\/\/deliveryalgarve.com\/wp-content\/uploads\/2022\/03\/Servicios-de-almacenamiento.jpg\" \/>\n<meta name=\"twitter:card\" content=\"summary_large_image\" \/>\n<meta name=\"twitter:label1\" content=\"Dur\u00e9e de lecture estim\u00e9e\" \/>\n\t<meta name=\"twitter:data1\" content=\"2 minutes\" \/>\n<script type=\"application\/ld+json\" class=\"yoast-schema-graph\">{\"@context\":\"https:\\\/\\\/schema.org\",\"@graph\":[{\"@type\":\"WebPage\",\"@id\":\"https:\\\/\\\/deliveryalgarve.com\\\/es\\\/servicios-de-almacenamiento\\\/\",\"url\":\"https:\\\/\\\/deliveryalgarve.com\\\/es\\\/servicios-de-almacenamiento\\\/\",\"name\":\"[:en]Secure Storage Services, Ireland & Portugal. DeliveryAlgarve.com[:pt]Servi\u00e7os de armazenamento seguro, Irlanda e Portugal. DeliveryAlgarve.com[:fr]Services de stockage s\u00e9curis\u00e9, Irlande et Portugal. DeliveryAlgarve.com[:es]Servicios de almacenamiento seguro, Irlanda y Portugal. DeliveryAlgarve.com[:]\",\"isPartOf\":{\"@id\":\"https:\\\/\\\/deliveryalgarve.com\\\/es\\\/#website\"},\"primaryImageOfPage\":{\"@id\":\"https:\\\/\\\/deliveryalgarve.com\\\/es\\\/servicios-de-almacenamiento\\\/#primaryimage\"},\"image\":{\"@id\":\"https:\\\/\\\/deliveryalgarve.com\\\/es\\\/servicios-de-almacenamiento\\\/#primaryimage\"},\"thumbnailUrl\":\"https:\\\/\\\/deliveryalgarve.com\\\/wp-content\\\/uploads\\\/2021\\\/03\\\/Secure-Storage-Facilities.jpg\",\"datePublished\":\"2020-09-23T11:13:07+00:00\",\"dateModified\":\"2024-04-08T13:24:34+00:00\",\"description\":\"{:en}Storage Services in Ireland & Portugal. Safe & secure, our alarmed storage facilities are perfect for short or long-term storage solutions!{:pt}Servi\u00e7os de armazenamento na Irlanda e Portugal. Seguro e protegido, nossas instala\u00e7\u00f5es de armazenamento com alarme s\u00e3o perfeitas para solu\u00e7\u00f5es de armazenamento de curto ou longo prazo!{:fr}Services de stockage en Irlande et au Portugal. S\u00fbres et s\u00e9curis\u00e9es, nos installations d'entreposage avec alarme sont parfaites pour les solutions d'entreposage \u00e0 court ou \u00e0 long terme\u00a0!{:es}Servicios de almacenamiento en Irlanda y Portugal. \u00a1Seguro y protegido, nuestras instalaciones de almacenamiento con alarma son perfectas para soluciones de almacenamiento a corto o largo plazo!{:}\",\"breadcrumb\":{\"@id\":\"https:\\\/\\\/deliveryalgarve.com\\\/es\\\/servicios-de-almacenamiento\\\/#breadcrumb\"},\"inLanguage\":\"fr-FR\",\"potentialAction\":[{\"@type\":\"ReadAction\",\"target\":[\"https:\\\/\\\/deliveryalgarve.com\\\/es\\\/servicios-de-almacenamiento\\\/\"]}]},{\"@type\":\"ImageObject\",\"inLanguage\":\"fr-FR\",\"@id\":\"https:\\\/\\\/deliveryalgarve.com\\\/es\\\/servicios-de-almacenamiento\\\/#primaryimage\",\"url\":\"https:\\\/\\\/deliveryalgarve.com\\\/wp-content\\\/uploads\\\/2021\\\/03\\\/Secure-Storage-Facilities.jpg\",\"contentUrl\":\"https:\\\/\\\/deliveryalgarve.com\\\/wp-content\\\/uploads\\\/2021\\\/03\\\/Secure-Storage-Facilities.jpg\"},{\"@type\":\"BreadcrumbList\",\"@id\":\"https:\\\/\\\/deliveryalgarve.com\\\/es\\\/servicios-de-almacenamiento\\\/#breadcrumb\",\"itemListElement\":[{\"@type\":\"ListItem\",\"position\":1,\"name\":\"Home\",\"item\":\"https:\\\/\\\/deliveryalgarve.com\\\/\"},{\"@type\":\"ListItem\",\"position\":2,\"name\":\"Servicios de almacenamiento\"}]},{\"@type\":\"WebSite\",\"@id\":\"https:\\\/\\\/deliveryalgarve.com\\\/es\\\/#website\",\"url\":\"https:\\\/\\\/deliveryalgarve.com\\\/es\\\/\",\"name\":\"DeliveryAlgarve.com\",\"description\":\"Enl\u00e8vement et stockage, Portugal, Espagne et Royaume-Uni.\",\"publisher\":{\"@id\":\"https:\\\/\\\/deliveryalgarve.com\\\/es\\\/#organization\"},\"potentialAction\":[{\"@type\":\"SearchAction\",\"target\":{\"@type\":\"EntryPoint\",\"urlTemplate\":\"https:\\\/\\\/deliveryalgarve.com\\\/es\\\/?s={search_term_string}\"},\"query-input\":{\"@type\":\"PropertyValueSpecification\",\"valueRequired\":true,\"valueName\":\"search_term_string\"}}],\"inLanguage\":\"fr-FR\"},{\"@type\":\"Organization\",\"@id\":\"https:\\\/\\\/deliveryalgarve.com\\\/es\\\/#organization\",\"name\":\"DeliveryAlgarve.com\",\"url\":\"https:\\\/\\\/deliveryalgarve.com\\\/es\\\/\",\"logo\":{\"@type\":\"ImageObject\",\"inLanguage\":\"fr-FR\",\"@id\":\"https:\\\/\\\/deliveryalgarve.com\\\/es\\\/#\\\/schema\\\/logo\\\/image\\\/\",\"url\":\"https:\\\/\\\/deliveryalgarve.com\\\/wp-content\\\/uploads\\\/2020\\\/10\\\/cropped-DeliveryAlgarveLogo01.jpg\",\"contentUrl\":\"https:\\\/\\\/deliveryalgarve.com\\\/wp-content\\\/uploads\\\/2020\\\/10\\\/cropped-DeliveryAlgarveLogo01.jpg\",\"width\":240,\"height\":240,\"caption\":\"DeliveryAlgarve.com\"},\"image\":{\"@id\":\"https:\\\/\\\/deliveryalgarve.com\\\/es\\\/#\\\/schema\\\/logo\\\/image\\\/\"}}]}<\/script>\n<!-- \/ Yoast SEO plugin. -->","yoast_head_json":{"title":"Services de stockage s\u00e9curis\u00e9, Irlande et Portugal. DeliveryAlgarve.com","description":"Services de stockage en Irlande et au Portugal. S\u00fbres et s\u00e9curis\u00e9es, nos installations d'entreposage avec alarme sont parfaites pour les solutions d'entreposage \u00e0 court ou \u00e0 long terme\u00a0!","robots":{"index":"index","follow":"follow","max-snippet":"max-snippet:-1","max-image-preview":"max-image-preview:large","max-video-preview":"max-video-preview:-1"},"canonical":"https:\/\/deliveryalgarve.com\/es\/servicios-de-almacenamiento\/","og_locale":"fr_FR","og_type":"article","og_title":"[:en]Secure Storage Services, Ireland & Portugal. DeliveryAlgarve.com[:pt]Servi\u00e7os de armazenamento seguro, Irlanda e Portugal. DeliveryAlgarve.com[:fr]Services de stockage s\u00e9curis\u00e9, Irlande et Portugal. DeliveryAlgarve.com[:es]Servicios de almacenamiento seguro, Irlanda y Portugal. DeliveryAlgarve.com[:]","og_description":"{:en}Storage Services in Ireland & Portugal. Safe & secure, our alarmed storage facilities are perfect for short or long-term storage solutions!{:pt}Servi\u00e7os de armazenamento na Irlanda e Portugal. Seguro e protegido, nossas instala\u00e7\u00f5es de armazenamento com alarme s\u00e3o perfeitas para solu\u00e7\u00f5es de armazenamento de curto ou longo prazo!{:fr}Services de stockage en Irlande et au Portugal. S\u00fbres et s\u00e9curis\u00e9es, nos installations d'entreposage avec alarme sont parfaites pour les solutions d'entreposage \u00e0 court ou \u00e0 long terme\u00a0!{:es}Servicios de almacenamiento en Irlanda y Portugal. \u00a1Seguro y protegido, nuestras instalaciones de almacenamiento con alarma son perfectas para soluciones de almacenamiento a corto o largo plazo!{:}","og_url":"https:\/\/deliveryalgarve.com\/es\/servicios-de-almacenamiento\/","og_site_name":"DeliveryAlgarve.com","article_modified_time":"2024-04-08T13:24:34+00:00","og_image":[{"url":"https:\/\/deliveryalgarve.com\/wp-content\/uploads\/2022\/03\/Servicios-de-almacenamiento.jpg","type":"","width":"","height":""}],"twitter_card":"summary_large_image","twitter_misc":{"Dur\u00e9e de lecture estim\u00e9e":"2 minutes"},"schema":{"@context":"https:\/\/schema.org","@graph":[{"@type":"WebPage","@id":"https:\/\/deliveryalgarve.com\/es\/servicios-de-almacenamiento\/","url":"https:\/\/deliveryalgarve.com\/es\/servicios-de-almacenamiento\/","name":"[:en]Secure Storage Services, Ireland & Portugal. DeliveryAlgarve.com[:pt]Servi\u00e7os de armazenamento seguro, Irlanda e Portugal. DeliveryAlgarve.com[:fr]Services de stockage s\u00e9curis\u00e9, Irlande et Portugal. DeliveryAlgarve.com[:es]Servicios de almacenamiento seguro, Irlanda y Portugal. DeliveryAlgarve.com[:]","isPartOf":{"@id":"https:\/\/deliveryalgarve.com\/es\/#website"},"primaryImageOfPage":{"@id":"https:\/\/deliveryalgarve.com\/es\/servicios-de-almacenamiento\/#primaryimage"},"image":{"@id":"https:\/\/deliveryalgarve.com\/es\/servicios-de-almacenamiento\/#primaryimage"},"thumbnailUrl":"https:\/\/deliveryalgarve.com\/wp-content\/uploads\/2021\/03\/Secure-Storage-Facilities.jpg","datePublished":"2020-09-23T11:13:07+00:00","dateModified":"2024-04-08T13:24:34+00:00","description":"{:en}Storage Services in Ireland & Portugal. Safe & secure, our alarmed storage facilities are perfect for short or long-term storage solutions!{:pt}Servi\u00e7os de armazenamento na Irlanda e Portugal. Seguro e protegido, nossas instala\u00e7\u00f5es de armazenamento com alarme s\u00e3o perfeitas para solu\u00e7\u00f5es de armazenamento de curto ou longo prazo!{:fr}Services de stockage en Irlande et au Portugal. S\u00fbres et s\u00e9curis\u00e9es, nos installations d'entreposage avec alarme sont parfaites pour les solutions d'entreposage \u00e0 court ou \u00e0 long terme\u00a0!{:es}Servicios de almacenamiento en Irlanda y Portugal. \u00a1Seguro y protegido, nuestras instalaciones de almacenamiento con alarma son perfectas para soluciones de almacenamiento a corto o largo plazo!{:}","breadcrumb":{"@id":"https:\/\/deliveryalgarve.com\/es\/servicios-de-almacenamiento\/#breadcrumb"},"inLanguage":"fr-FR","potentialAction":[{"@type":"ReadAction","target":["https:\/\/deliveryalgarve.com\/es\/servicios-de-almacenamiento\/"]}]},{"@type":"ImageObject","inLanguage":"fr-FR","@id":"https:\/\/deliveryalgarve.com\/es\/servicios-de-almacenamiento\/#primaryimage","url":"https:\/\/deliveryalgarve.com\/wp-content\/uploads\/2021\/03\/Secure-Storage-Facilities.jpg","contentUrl":"https:\/\/deliveryalgarve.com\/wp-content\/uploads\/2021\/03\/Secure-Storage-Facilities.jpg"},{"@type":"BreadcrumbList","@id":"https:\/\/deliveryalgarve.com\/es\/servicios-de-almacenamiento\/#breadcrumb","itemListElement":[{"@type":"ListItem","position":1,"name":"Home","item":"https:\/\/deliveryalgarve.com\/"},{"@type":"ListItem","position":2,"name":"Servicios de almacenamiento"}]},{"@type":"WebSite","@id":"https:\/\/deliveryalgarve.com\/es\/#website","url":"https:\/\/deliveryalgarve.com\/es\/","name":"DeliveryAlgarve.com","description":"Enl\u00e8vement et stockage, Portugal, Espagne et Royaume-Uni.","publisher":{"@id":"https:\/\/deliveryalgarve.com\/es\/#organization"},"potentialAction":[{"@type":"SearchAction","target":{"@type":"EntryPoint","urlTemplate":"https:\/\/deliveryalgarve.com\/es\/?s={search_term_string}"},"query-input":{"@type":"PropertyValueSpecification","valueRequired":true,"valueName":"search_term_string"}}],"inLanguage":"fr-FR"},{"@type":"Organization","@id":"https:\/\/deliveryalgarve.com\/es\/#organization","name":"DeliveryAlgarve.com","url":"https:\/\/deliveryalgarve.com\/es\/","logo":{"@type":"ImageObject","inLanguage":"fr-FR","@id":"https:\/\/deliveryalgarve.com\/es\/#\/schema\/logo\/image\/","url":"https:\/\/deliveryalgarve.com\/wp-content\/uploads\/2020\/10\/cropped-DeliveryAlgarveLogo01.jpg","contentUrl":"https:\/\/deliveryalgarve.com\/wp-content\/uploads\/2020\/10\/cropped-DeliveryAlgarveLogo01.jpg","width":240,"height":240,"caption":"DeliveryAlgarve.com"},"image":{"@id":"https:\/\/deliveryalgarve.com\/es\/#\/schema\/logo\/image\/"}}]}},"_links":{"self":[{"href":"https:\/\/deliveryalgarve.com\/fr\/wp-json\/wp\/v2\/pages\/33","targetHints":{"allow":["GET"]}}],"collection":[{"href":"https:\/\/deliveryalgarve.com\/fr\/wp-json\/wp\/v2\/pages"}],"about":[{"href":"https:\/\/deliveryalgarve.com\/fr\/wp-json\/wp\/v2\/types\/page"}],"author":[{"embeddable":true,"href":"https:\/\/deliveryalgarve.com\/fr\/wp-json\/wp\/v2\/users\/1"}],"replies":[{"embeddable":true,"href":"https:\/\/deliveryalgarve.com\/fr\/wp-json\/wp\/v2\/comments?post=33"}],"version-history":[{"count":12,"href":"https:\/\/deliveryalgarve.com\/fr\/wp-json\/wp\/v2\/pages\/33\/revisions"}],"predecessor-version":[{"id":476,"href":"https:\/\/deliveryalgarve.com\/fr\/wp-json\/wp\/v2\/pages\/33\/revisions\/476"}],"wp:attachment":[{"href":"https:\/\/deliveryalgarve.com\/fr\/wp-json\/wp\/v2\/media?parent=33"}],"curies":[{"name":"wp","href":"https:\/\/api.w.org\/{rel}","templated":true}]}}