{"id":37,"date":"2020-09-23T11:14:42","date_gmt":"2020-09-23T11:14:42","guid":{"rendered":"https:\/\/deliveryalgarve.com\/?page_id=37"},"modified":"2024-04-08T16:24:02","modified_gmt":"2024-04-08T16:24:02","slug":"motorcycle-transport-uk-portugal","status":"publish","type":"page","link":"https:\/\/deliveryalgarve.com\/fr\/transport-de-motos\/","title":{"rendered":"Transport de motos, Royaume-Uni\/Portugal"},"content":{"rendered":"<p><strong>Transport de motos, Royaume-Uni \/ Portugal. DeliveryAlgarve.com fournit un service fiable et professionnel de transport, de livraison et de collecte de motos entre le Royaume-Uni et le Portugal, ainsi que d&rsquo;autres pays europ\u00e9ens sur demande sp\u00e9ciale.<\/strong><\/p>\n<figure id=\"attachment_248\" aria-describedby=\"caption-attachment-248\" style=\"width: 1200px\" class=\"wp-caption alignnone\"><img loading=\"lazy\" decoding=\"async\" class=\"wp-image-248 size-full\" src=\"https:\/\/deliveryalgarve.com\/wp-content\/uploads\/2020\/12\/Transport-de-motos-Royaume-Uni-Portugal-DeliveryAlgarve-OG01.jpg\" alt=\"Transport de motos Royaume-Uni Portugal - DeliveryAlgarve OG01\" width=\"1200\" height=\"630\" srcset=\"https:\/\/deliveryalgarve.com\/wp-content\/uploads\/2020\/12\/Transport-de-motos-Royaume-Uni-Portugal-DeliveryAlgarve-OG01.jpg 1200w, https:\/\/deliveryalgarve.com\/wp-content\/uploads\/2020\/12\/Transport-de-motos-Royaume-Uni-Portugal-DeliveryAlgarve-OG01-300x158.jpg 300w, https:\/\/deliveryalgarve.com\/wp-content\/uploads\/2020\/12\/Transport-de-motos-Royaume-Uni-Portugal-DeliveryAlgarve-OG01-1024x538.jpg 1024w, https:\/\/deliveryalgarve.com\/wp-content\/uploads\/2020\/12\/Transport-de-motos-Royaume-Uni-Portugal-DeliveryAlgarve-OG01-768x403.jpg 768w, https:\/\/deliveryalgarve.com\/wp-content\/uploads\/2020\/12\/Transport-de-motos-Royaume-Uni-Portugal-DeliveryAlgarve-OG01-1x1.jpg 1w\" sizes=\"auto, (max-width: 1200px) 100vw, 1200px\" \/><figcaption id=\"caption-attachment-248\" class=\"wp-caption-text\">Transport de motos Royaume-Uni Portugal &#8211; DeliveryAlgarve.com<\/figcaption><\/figure>\n<h2>Transport de motos, Royaume-Uni \/ Portugal<\/h2>\n<p>DeliveryAlgarve.com se sp\u00e9cialise dans le transport de motos, porte \u00e0 porte si n\u00e9cessaire, avec le minimum absolu de tracas et un maximum de soin! Nous proposons \u00e9galement ce service pour les scooters, les quads, les VTT, les side-cars et tout ce qui concerne les motos.<\/p>\n<p><em>Profitez de la tranquillit\u00e9 d&rsquo;esprit avec votre transport moto europ\u00e9en avec DeliveryAlgarve.com.<\/em><\/p>\n\n<div class=\"wpcf7 no-js\" id=\"wpcf7-f112-o3\" lang=\"en-US\" dir=\"ltr\" data-wpcf7-id=\"112\">\n<div class=\"screen-reader-response\"><p role=\"status\" aria-live=\"polite\" aria-atomic=\"true\"><\/p> <ul><\/ul><\/div>\n<form action=\"\/fr\/wp-json\/wp\/v2\/pages\/37#wpcf7-f112-o3\" method=\"post\" class=\"wpcf7-form init\" aria-label=\"Contact form\" novalidate=\"novalidate\" data-status=\"init\">\n<fieldset class=\"hidden-fields-container\"><input type=\"hidden\" name=\"_wpcf7\" value=\"112\" \/><input type=\"hidden\" name=\"_wpcf7_version\" value=\"6.1.5\" \/><input type=\"hidden\" name=\"_wpcf7_locale\" value=\"en_US\" \/><input type=\"hidden\" name=\"_wpcf7_unit_tag\" value=\"wpcf7-f112-o3\" \/><input type=\"hidden\" name=\"_wpcf7_container_post\" value=\"0\" \/><input type=\"hidden\" name=\"_wpcf7_posted_data_hash\" value=\"\" \/>\n<\/fieldset>\n<div id=\"quote\">\n\t<h3>Devis de d\u00e9m\u00e9nagement\n\t<\/h3>\n\t<p>Parlez-nous un peu de vos besoins en mati\u00e8re de d\u00e9m\u00e9nagement et nous vous r\u00e9pondrons imm\u00e9diatement!\n\t<\/p>\n\t<p><span class=\"wpcf7-form-control-wrap\" data-name=\"daq-name\"><input size=\"40\" maxlength=\"400\" class=\"wpcf7-form-control wpcf7-text wpcf7-validates-as-required daq\" aria-required=\"true\" aria-invalid=\"false\" placeholder=\"votre nom\" value=\"\" type=\"text\" name=\"daq-name\" \/><\/span><br \/>\n<span class=\"wpcf7-form-control-wrap\" data-name=\"daq-email\"><input size=\"40\" maxlength=\"400\" class=\"wpcf7-form-control wpcf7-email wpcf7-validates-as-required wpcf7-text wpcf7-validates-as-email daq\" aria-required=\"true\" aria-invalid=\"false\" placeholder=\"votre adresse email\" value=\"\" type=\"email\" name=\"daq-email\" \/><\/span><br \/>\n<span class=\"wpcf7-form-control-wrap\" data-name=\"daq-phone\"><input size=\"40\" maxlength=\"400\" class=\"wpcf7-form-control wpcf7-tel wpcf7-text wpcf7-validates-as-tel daq\" aria-invalid=\"false\" placeholder=\"un num\u00e9ro de t\u00e9l\u00e9phone?\" value=\"\" type=\"tel\" name=\"daq-phone\" \/><\/span><br \/>\n<span class=\"wpcf7-form-control-wrap\" data-name=\"daq-from\"><input size=\"40\" maxlength=\"400\" class=\"wpcf7-form-control wpcf7-text wpcf7-validates-as-required daq\" aria-required=\"true\" aria-invalid=\"false\" placeholder=\"retrait de (veuillez inclure un code postal et un pays)\" value=\"\" type=\"text\" name=\"daq-from\" \/><\/span><br \/>\n<span class=\"wpcf7-form-control-wrap\" data-name=\"daq-to\"><input size=\"40\" maxlength=\"400\" class=\"wpcf7-form-control wpcf7-text wpcf7-validates-as-required daq\" aria-required=\"true\" aria-invalid=\"false\" placeholder=\"livraison \u00e0 (comme ci-dessus)\" value=\"\" type=\"text\" name=\"daq-to\" \/><\/span><br \/>\n<span class=\"wpcf7-form-control-wrap\" data-name=\"daq-date\"><input size=\"40\" maxlength=\"400\" class=\"wpcf7-form-control wpcf7-text wpcf7-validates-as-required daq\" aria-required=\"true\" aria-invalid=\"false\" placeholder=\"date approximative requise\" value=\"\" type=\"text\" name=\"daq-date\" \/><\/span><br \/>\n<span class=\"wpcf7-form-control-wrap\" data-name=\"daq-types\"><span class=\"wpcf7-form-control wpcf7-checkbox daq\"><span class=\"wpcf7-list-item first\"><label><input type=\"checkbox\" name=\"daq-types[]\" value=\"D\u00e9m\u00e9nagements g\u00e9n\u00e9raux et nationaux\" \/><span class=\"wpcf7-list-item-label\">D\u00e9m\u00e9nagements g\u00e9n\u00e9raux et nationaux<\/span><\/label><\/span><span class=\"wpcf7-list-item\"><label><input type=\"checkbox\" name=\"daq-types[]\" value=\"\u00c9quipement commercial\" \/><span class=\"wpcf7-list-item-label\">\u00c9quipement commercial<\/span><\/label><\/span><span class=\"wpcf7-list-item\"><label><input type=\"checkbox\" name=\"daq-types[]\" value=\"Voiture, bateau, etc.\" \/><span class=\"wpcf7-list-item-label\">Voiture, bateau, etc.<\/span><\/label><\/span><span class=\"wpcf7-list-item last\"><label><input type=\"checkbox\" name=\"daq-types[]\" value=\"Moto (s)\" \/><span class=\"wpcf7-list-item-label\">Moto (s)<\/span><\/label><\/span><\/span><\/span><br \/>\n<span class=\"wpcf7-form-control-wrap\" data-name=\"daq-message\"><textarea cols=\"40\" rows=\"10\" maxlength=\"2000\" class=\"wpcf7-form-control wpcf7-textarea daq\" aria-invalid=\"false\" placeholder=\"tout autre d\u00e9tail. plus vous nous en dites, plus nous pouvons vous aider!\" name=\"daq-message\"><\/textarea><\/span><br \/>\n<span class=\"wpcf7-form-control-wrap\" data-name=\"capital-quiz\"><label><span class=\"wpcf7-quiz-label\">Pour arr\u00eater les spammeurs... Pourriez-vous nous dire quel est le plus grand nombre... 3 ou 4 ?<\/span> <input size=\"40\" class=\"wpcf7-form-control wpcf7-quiz\" autocomplete=\"off\" aria-required=\"true\" aria-invalid=\"false\" type=\"text\" name=\"capital-quiz\" \/><\/label><input type=\"hidden\" name=\"_wpcf7_quiz_answer_capital-quiz\" value=\"6418842b41c066b6827ae3c56282a02a\" \/><\/span><br \/>\n<input class=\"wpcf7-form-control wpcf7-submit has-spinner daq\" type=\"submit\" value=\"Cliquez pour envoyer!\" \/>\n\t<\/p>\n<\/div><div class=\"wpcf7-response-output\" aria-hidden=\"true\"><\/div>\n<\/form>\n<\/div>\n\n<h3>Un service de transport de motos fiable<\/h3>\n<p>Avec pr\u00e8s de 30 ans d&rsquo;exp\u00e9rience dans le d\u00e9placement de motos, quads, scooters &#8211; et bien plus encore &#8211; dans toute l&rsquo;Europe, nous sommes l&rsquo;une des soci\u00e9t\u00e9s de transport de motos les plus anciennes du Portugal. Notre personnel sympathique est au bout du t\u00e9l\u00e9phone (ou Whatsapp) pour vous aider avec votre transport moto. Obtenez votre DEVIS rapide et gratuit maintenant!<\/p>\n<p>Nous savons exactement \u00e0 quel point votre moto est importante pour vous et nous apportons le plus grand soin \u00e0 tous nos v\u00e9hicules transport\u00e9s, avec un service de transport de motos fiable et professionnel. Nous vous offrons la tranquillit\u00e9 d&rsquo;esprit pour tout le transit de votre v\u00e9lo bien-aim\u00e9! Tous nos fourgons sont enti\u00e8rement \u00e9quip\u00e9s pour contenir votre article en toute s\u00e9curit\u00e9.<\/p>\n<p>Nous sommes fiers d&rsquo;avoir une excellente r\u00e9putation aupr\u00e8s de nos tr\u00e8s nombreux clients existants et nous offrons un service de transport et de livraison de motos porte-\u00e0-porte sans \u00e9gal &#8211; \u00e0 des tarifs tr\u00e8s comp\u00e9titifs. Un service amical et personnalis\u00e9 avec DeliveryAlgarve.com!<\/p>\n<p><a href=\"https:\/\/www.google.com\/maps\/place\/deliveryalgarve.com\/@37.1059289,-8.0794513,17z\/data=!3m1!4b1!4m5!3m4!1s0xd1ab5a58195c0f7:0xf44238318d13c7ef!8m2!3d37.1059246!4d-8.0772626\" target=\"_blank\" rel=\"noopener noreferrer\"><em>Retrouvez-nous sur Google Maps!<\/em><\/a><\/p>","protected":false},"excerpt":{"rendered":"<p>Transport de motos, Royaume-Uni \/ Portugal. DeliveryAlgarve.com fournit un service fiable et professionnel de transport, de livraison et de collecte de motos entre le Royaume-Uni et le Portugal, ainsi que d&rsquo;autres pays europ\u00e9ens sur demande sp\u00e9ciale.<\/p>\n","protected":false},"author":1,"featured_media":0,"parent":0,"menu_order":72,"comment_status":"closed","ping_status":"closed","template":"","meta":{"footnotes":""},"class_list":["post-37","page","type-page","status-publish","hentry"],"yoast_head":"<!-- This site is optimized with the Yoast SEO plugin v27.5 - https:\/\/yoast.com\/product\/yoast-seo-wordpress\/ -->\n<title>Services de transport de motos, Royaume-Uni et Portugal. LivraisonAlgarve.com<\/title>\n<meta name=\"description\" content=\"Services de transport de motos. Nous offrons un service de transport de motos fiable et professionnel entre le Royaume-Uni et le Portugal.\" \/>\n<meta name=\"robots\" content=\"index, follow, max-snippet:-1, max-image-preview:large, max-video-preview:-1\" \/>\n<link rel=\"canonical\" href=\"https:\/\/deliveryalgarve.com\/es\/transporte-de-motos\/\" \/>\n<meta property=\"og:locale\" content=\"fr_FR\" \/>\n<meta property=\"og:type\" content=\"article\" \/>\n<meta property=\"og:title\" content=\"[:en]Motorcycle Transport Services, Ireland &amp; Portugal. DeliveryAlgarve.com[:pt]Servi\u00e7os de transporte de motocicletas, Reino Unido e Portugal. DeliveryAlgarve.com[:fr]Services de transport de motos, Royaume-Uni et Portugal. LivraisonAlgarve.com[:es]Servicios de Transporte de Motocicletas, Irlanda y Portugal. EntregaAlgarve.com[:]\" \/>\n<meta property=\"og:description\" content=\"{:en}Motorcycle Transport Services.\u00a0We offer a reliable, professional motorcycle transport service between Ireland &amp; Portugal.{:pt}Servi\u00e7os de transporte de motocicletas. Oferecemos um servi\u00e7o fi\u00e1vel e profissional de transporte de motociclos entre o Reino Unido e Portugal.{:fr}Services de transport de motos. Nous offrons un service de transport de motos fiable et professionnel entre le Royaume-Uni et le Portugal.{:es}Servicios de Transporte de Motocicletas. Ofrecemos un servicio de transporte de motocicletas fiable y profesional entre Irlanda y Portugal.{:}\" \/>\n<meta property=\"og:url\" content=\"https:\/\/deliveryalgarve.com\/es\/transporte-de-motos\/\" \/>\n<meta property=\"og:site_name\" content=\"DeliveryAlgarve.com\" \/>\n<meta property=\"article:modified_time\" content=\"2024-04-08T16:24:02+00:00\" \/>\n<meta property=\"og:image\" content=\"https:\/\/deliveryalgarve.com\/wp-content\/uploads\/2022\/03\/Transporte-de-motocicletas-Irlanda-Portugal.jpg\" \/>\n<meta name=\"twitter:card\" content=\"summary_large_image\" \/>\n<meta name=\"twitter:label1\" content=\"Dur\u00e9e de lecture estim\u00e9e\" \/>\n\t<meta name=\"twitter:data1\" content=\"2 minutes\" \/>\n<script type=\"application\/ld+json\" class=\"yoast-schema-graph\">{\"@context\":\"https:\\\/\\\/schema.org\",\"@graph\":[{\"@type\":\"WebPage\",\"@id\":\"https:\\\/\\\/deliveryalgarve.com\\\/es\\\/transporte-de-motos\\\/\",\"url\":\"https:\\\/\\\/deliveryalgarve.com\\\/es\\\/transporte-de-motos\\\/\",\"name\":\"[:en]Motorcycle Transport Services, Ireland & Portugal. DeliveryAlgarve.com[:pt]Servi\u00e7os de transporte de motocicletas, Reino Unido e Portugal. DeliveryAlgarve.com[:fr]Services de transport de motos, Royaume-Uni et Portugal. LivraisonAlgarve.com[:es]Servicios de Transporte de Motocicletas, Irlanda y Portugal. EntregaAlgarve.com[:]\",\"isPartOf\":{\"@id\":\"https:\\\/\\\/deliveryalgarve.com\\\/es\\\/#website\"},\"primaryImageOfPage\":{\"@id\":\"https:\\\/\\\/deliveryalgarve.com\\\/es\\\/transporte-de-motos\\\/#primaryimage\"},\"image\":{\"@id\":\"https:\\\/\\\/deliveryalgarve.com\\\/es\\\/transporte-de-motos\\\/#primaryimage\"},\"thumbnailUrl\":\"https:\\\/\\\/deliveryalgarve.com\\\/wp-content\\\/uploads\\\/2020\\\/12\\\/Motorcycle-Transport-UK-Portugal-DeliveryAlgarve-OG01.jpg\",\"datePublished\":\"2020-09-23T11:14:42+00:00\",\"dateModified\":\"2024-04-08T16:24:02+00:00\",\"description\":\"{:en}Motorcycle Transport Services.\u00a0We offer a reliable, professional motorcycle transport service between Ireland & Portugal.{:pt}Servi\u00e7os de transporte de motocicletas. Oferecemos um servi\u00e7o fi\u00e1vel e profissional de transporte de motociclos entre o Reino Unido e Portugal.{:fr}Services de transport de motos. Nous offrons un service de transport de motos fiable et professionnel entre le Royaume-Uni et le Portugal.{:es}Servicios de Transporte de Motocicletas. Ofrecemos un servicio de transporte de motocicletas fiable y profesional entre Irlanda y Portugal.{:}\",\"breadcrumb\":{\"@id\":\"https:\\\/\\\/deliveryalgarve.com\\\/es\\\/transporte-de-motos\\\/#breadcrumb\"},\"inLanguage\":\"fr-FR\",\"potentialAction\":[{\"@type\":\"ReadAction\",\"target\":[\"https:\\\/\\\/deliveryalgarve.com\\\/es\\\/transporte-de-motos\\\/\"]}]},{\"@type\":\"ImageObject\",\"inLanguage\":\"fr-FR\",\"@id\":\"https:\\\/\\\/deliveryalgarve.com\\\/es\\\/transporte-de-motos\\\/#primaryimage\",\"url\":\"https:\\\/\\\/deliveryalgarve.com\\\/wp-content\\\/uploads\\\/2020\\\/12\\\/Motorcycle-Transport-UK-Portugal-DeliveryAlgarve-OG01.jpg\",\"contentUrl\":\"https:\\\/\\\/deliveryalgarve.com\\\/wp-content\\\/uploads\\\/2020\\\/12\\\/Motorcycle-Transport-UK-Portugal-DeliveryAlgarve-OG01.jpg\"},{\"@type\":\"BreadcrumbList\",\"@id\":\"https:\\\/\\\/deliveryalgarve.com\\\/es\\\/transporte-de-motos\\\/#breadcrumb\",\"itemListElement\":[{\"@type\":\"ListItem\",\"position\":1,\"name\":\"Home\",\"item\":\"https:\\\/\\\/deliveryalgarve.com\\\/\"},{\"@type\":\"ListItem\",\"position\":2,\"name\":\"Transporte de Motos\"}]},{\"@type\":\"WebSite\",\"@id\":\"https:\\\/\\\/deliveryalgarve.com\\\/es\\\/#website\",\"url\":\"https:\\\/\\\/deliveryalgarve.com\\\/es\\\/\",\"name\":\"DeliveryAlgarve.com\",\"description\":\"Enl\u00e8vement et stockage, Portugal, Espagne et Royaume-Uni.\",\"publisher\":{\"@id\":\"https:\\\/\\\/deliveryalgarve.com\\\/es\\\/#organization\"},\"potentialAction\":[{\"@type\":\"SearchAction\",\"target\":{\"@type\":\"EntryPoint\",\"urlTemplate\":\"https:\\\/\\\/deliveryalgarve.com\\\/es\\\/?s={search_term_string}\"},\"query-input\":{\"@type\":\"PropertyValueSpecification\",\"valueRequired\":true,\"valueName\":\"search_term_string\"}}],\"inLanguage\":\"fr-FR\"},{\"@type\":\"Organization\",\"@id\":\"https:\\\/\\\/deliveryalgarve.com\\\/es\\\/#organization\",\"name\":\"DeliveryAlgarve.com\",\"url\":\"https:\\\/\\\/deliveryalgarve.com\\\/es\\\/\",\"logo\":{\"@type\":\"ImageObject\",\"inLanguage\":\"fr-FR\",\"@id\":\"https:\\\/\\\/deliveryalgarve.com\\\/es\\\/#\\\/schema\\\/logo\\\/image\\\/\",\"url\":\"https:\\\/\\\/deliveryalgarve.com\\\/wp-content\\\/uploads\\\/2020\\\/10\\\/cropped-DeliveryAlgarveLogo01.jpg\",\"contentUrl\":\"https:\\\/\\\/deliveryalgarve.com\\\/wp-content\\\/uploads\\\/2020\\\/10\\\/cropped-DeliveryAlgarveLogo01.jpg\",\"width\":240,\"height\":240,\"caption\":\"DeliveryAlgarve.com\"},\"image\":{\"@id\":\"https:\\\/\\\/deliveryalgarve.com\\\/es\\\/#\\\/schema\\\/logo\\\/image\\\/\"}}]}<\/script>\n<!-- \/ Yoast SEO plugin. -->","yoast_head_json":{"title":"Services de transport de motos, Royaume-Uni et Portugal. LivraisonAlgarve.com","description":"Services de transport de motos. Nous offrons un service de transport de motos fiable et professionnel entre le Royaume-Uni et le Portugal.","robots":{"index":"index","follow":"follow","max-snippet":"max-snippet:-1","max-image-preview":"max-image-preview:large","max-video-preview":"max-video-preview:-1"},"canonical":"https:\/\/deliveryalgarve.com\/es\/transporte-de-motos\/","og_locale":"fr_FR","og_type":"article","og_title":"[:en]Motorcycle Transport Services, Ireland & Portugal. DeliveryAlgarve.com[:pt]Servi\u00e7os de transporte de motocicletas, Reino Unido e Portugal. DeliveryAlgarve.com[:fr]Services de transport de motos, Royaume-Uni et Portugal. LivraisonAlgarve.com[:es]Servicios de Transporte de Motocicletas, Irlanda y Portugal. EntregaAlgarve.com[:]","og_description":"{:en}Motorcycle Transport Services.\u00a0We offer a reliable, professional motorcycle transport service between Ireland & Portugal.{:pt}Servi\u00e7os de transporte de motocicletas. Oferecemos um servi\u00e7o fi\u00e1vel e profissional de transporte de motociclos entre o Reino Unido e Portugal.{:fr}Services de transport de motos. Nous offrons un service de transport de motos fiable et professionnel entre le Royaume-Uni et le Portugal.{:es}Servicios de Transporte de Motocicletas. Ofrecemos un servicio de transporte de motocicletas fiable y profesional entre Irlanda y Portugal.{:}","og_url":"https:\/\/deliveryalgarve.com\/es\/transporte-de-motos\/","og_site_name":"DeliveryAlgarve.com","article_modified_time":"2024-04-08T16:24:02+00:00","og_image":[{"url":"https:\/\/deliveryalgarve.com\/wp-content\/uploads\/2022\/03\/Transporte-de-motocicletas-Irlanda-Portugal.jpg","type":"","width":"","height":""}],"twitter_card":"summary_large_image","twitter_misc":{"Dur\u00e9e de lecture estim\u00e9e":"2 minutes"},"schema":{"@context":"https:\/\/schema.org","@graph":[{"@type":"WebPage","@id":"https:\/\/deliveryalgarve.com\/es\/transporte-de-motos\/","url":"https:\/\/deliveryalgarve.com\/es\/transporte-de-motos\/","name":"[:en]Motorcycle Transport Services, Ireland & Portugal. DeliveryAlgarve.com[:pt]Servi\u00e7os de transporte de motocicletas, Reino Unido e Portugal. DeliveryAlgarve.com[:fr]Services de transport de motos, Royaume-Uni et Portugal. LivraisonAlgarve.com[:es]Servicios de Transporte de Motocicletas, Irlanda y Portugal. EntregaAlgarve.com[:]","isPartOf":{"@id":"https:\/\/deliveryalgarve.com\/es\/#website"},"primaryImageOfPage":{"@id":"https:\/\/deliveryalgarve.com\/es\/transporte-de-motos\/#primaryimage"},"image":{"@id":"https:\/\/deliveryalgarve.com\/es\/transporte-de-motos\/#primaryimage"},"thumbnailUrl":"https:\/\/deliveryalgarve.com\/wp-content\/uploads\/2020\/12\/Motorcycle-Transport-UK-Portugal-DeliveryAlgarve-OG01.jpg","datePublished":"2020-09-23T11:14:42+00:00","dateModified":"2024-04-08T16:24:02+00:00","description":"{:en}Motorcycle Transport Services.\u00a0We offer a reliable, professional motorcycle transport service between Ireland & Portugal.{:pt}Servi\u00e7os de transporte de motocicletas. Oferecemos um servi\u00e7o fi\u00e1vel e profissional de transporte de motociclos entre o Reino Unido e Portugal.{:fr}Services de transport de motos. Nous offrons un service de transport de motos fiable et professionnel entre le Royaume-Uni et le Portugal.{:es}Servicios de Transporte de Motocicletas. Ofrecemos un servicio de transporte de motocicletas fiable y profesional entre Irlanda y Portugal.{:}","breadcrumb":{"@id":"https:\/\/deliveryalgarve.com\/es\/transporte-de-motos\/#breadcrumb"},"inLanguage":"fr-FR","potentialAction":[{"@type":"ReadAction","target":["https:\/\/deliveryalgarve.com\/es\/transporte-de-motos\/"]}]},{"@type":"ImageObject","inLanguage":"fr-FR","@id":"https:\/\/deliveryalgarve.com\/es\/transporte-de-motos\/#primaryimage","url":"https:\/\/deliveryalgarve.com\/wp-content\/uploads\/2020\/12\/Motorcycle-Transport-UK-Portugal-DeliveryAlgarve-OG01.jpg","contentUrl":"https:\/\/deliveryalgarve.com\/wp-content\/uploads\/2020\/12\/Motorcycle-Transport-UK-Portugal-DeliveryAlgarve-OG01.jpg"},{"@type":"BreadcrumbList","@id":"https:\/\/deliveryalgarve.com\/es\/transporte-de-motos\/#breadcrumb","itemListElement":[{"@type":"ListItem","position":1,"name":"Home","item":"https:\/\/deliveryalgarve.com\/"},{"@type":"ListItem","position":2,"name":"Transporte de Motos"}]},{"@type":"WebSite","@id":"https:\/\/deliveryalgarve.com\/es\/#website","url":"https:\/\/deliveryalgarve.com\/es\/","name":"DeliveryAlgarve.com","description":"Enl\u00e8vement et stockage, Portugal, Espagne et Royaume-Uni.","publisher":{"@id":"https:\/\/deliveryalgarve.com\/es\/#organization"},"potentialAction":[{"@type":"SearchAction","target":{"@type":"EntryPoint","urlTemplate":"https:\/\/deliveryalgarve.com\/es\/?s={search_term_string}"},"query-input":{"@type":"PropertyValueSpecification","valueRequired":true,"valueName":"search_term_string"}}],"inLanguage":"fr-FR"},{"@type":"Organization","@id":"https:\/\/deliveryalgarve.com\/es\/#organization","name":"DeliveryAlgarve.com","url":"https:\/\/deliveryalgarve.com\/es\/","logo":{"@type":"ImageObject","inLanguage":"fr-FR","@id":"https:\/\/deliveryalgarve.com\/es\/#\/schema\/logo\/image\/","url":"https:\/\/deliveryalgarve.com\/wp-content\/uploads\/2020\/10\/cropped-DeliveryAlgarveLogo01.jpg","contentUrl":"https:\/\/deliveryalgarve.com\/wp-content\/uploads\/2020\/10\/cropped-DeliveryAlgarveLogo01.jpg","width":240,"height":240,"caption":"DeliveryAlgarve.com"},"image":{"@id":"https:\/\/deliveryalgarve.com\/es\/#\/schema\/logo\/image\/"}}]}},"_links":{"self":[{"href":"https:\/\/deliveryalgarve.com\/fr\/wp-json\/wp\/v2\/pages\/37","targetHints":{"allow":["GET"]}}],"collection":[{"href":"https:\/\/deliveryalgarve.com\/fr\/wp-json\/wp\/v2\/pages"}],"about":[{"href":"https:\/\/deliveryalgarve.com\/fr\/wp-json\/wp\/v2\/types\/page"}],"author":[{"embeddable":true,"href":"https:\/\/deliveryalgarve.com\/fr\/wp-json\/wp\/v2\/users\/1"}],"replies":[{"embeddable":true,"href":"https:\/\/deliveryalgarve.com\/fr\/wp-json\/wp\/v2\/comments?post=37"}],"version-history":[{"count":11,"href":"https:\/\/deliveryalgarve.com\/fr\/wp-json\/wp\/v2\/pages\/37\/revisions"}],"predecessor-version":[{"id":507,"href":"https:\/\/deliveryalgarve.com\/fr\/wp-json\/wp\/v2\/pages\/37\/revisions\/507"}],"wp:attachment":[{"href":"https:\/\/deliveryalgarve.com\/fr\/wp-json\/wp\/v2\/media?parent=37"}],"curies":[{"name":"wp","href":"https:\/\/api.w.org\/{rel}","templated":true}]}}