{"id":39,"date":"2020-09-23T11:15:18","date_gmt":"2020-09-23T11:15:18","guid":{"rendered":"https:\/\/deliveryalgarve.com\/?page_id=39"},"modified":"2024-04-08T16:23:16","modified_gmt":"2024-04-08T16:23:16","slug":"car-transport-service-uk-portugal","status":"publish","type":"page","link":"https:\/\/deliveryalgarve.com\/fr\/service-de-transport-de-voitures\/","title":{"rendered":"Service de transport de voitures, Royaume-Uni \/ Portugal"},"content":{"rendered":"<p><strong>Service de transport de voitures, Royaume-Uni \/ Portugal. DeliveryAlgarve propose un service de transport de voitures \u00e9conomique entre le Royaume-Uni et le Portugal, et la c\u00f4te sud de l&rsquo;Espagne jusqu&rsquo;\u00e0 Malaga. Notre \u00e9quipe de transport de voitures est professionnelle, fiable et efficace, ce qui signifie que nous pouvons transporter votre voiture avec le minimum de tracas! Obtenez votre devis de transport de voiture maintenant!<\/strong><\/p>\n<h2>Service de transport de voitures, Royaume-Uni \/ Portugal<\/h2>\n<figure id=\"attachment_266\" aria-describedby=\"caption-attachment-266\" style=\"width: 1200px\" class=\"wp-caption alignnone\"><img loading=\"lazy\" decoding=\"async\" class=\"wp-image-266 size-full\" src=\"https:\/\/deliveryalgarve.com\/wp-content\/uploads\/2020\/12\/Transports-de-voitures-DeliveryAlgarve-OG01.jpg\" alt=\"Transports de voitures - DeliveryAlgarve OG01\" width=\"1200\" height=\"630\" srcset=\"https:\/\/deliveryalgarve.com\/wp-content\/uploads\/2020\/12\/Transports-de-voitures-DeliveryAlgarve-OG01.jpg 1200w, https:\/\/deliveryalgarve.com\/wp-content\/uploads\/2020\/12\/Transports-de-voitures-DeliveryAlgarve-OG01-300x158.jpg 300w, https:\/\/deliveryalgarve.com\/wp-content\/uploads\/2020\/12\/Transports-de-voitures-DeliveryAlgarve-OG01-1024x538.jpg 1024w, https:\/\/deliveryalgarve.com\/wp-content\/uploads\/2020\/12\/Transports-de-voitures-DeliveryAlgarve-OG01-768x403.jpg 768w, https:\/\/deliveryalgarve.com\/wp-content\/uploads\/2020\/12\/Transports-de-voitures-DeliveryAlgarve-OG01-1x1.jpg 1w\" sizes=\"auto, (max-width: 1200px) 100vw, 1200px\" \/><figcaption id=\"caption-attachment-266\" class=\"wp-caption-text\">Transports de voitures &#8211; DeliveryAlgarve.com<\/figcaption><\/figure>\n<p>Exp\u00e9dition et transport de voitures en Europe<\/p>\n<p>Service de transport et d&rsquo;exp\u00e9dition de voitures dans toute l&rsquo;Europe. Notre \u00e9quipe hautement qualifi\u00e9e et engag\u00e9e offre un excellent service, ce qui signifie que vous pouvez \u00eatre assur\u00e9 que votre pr\u00e9cieux v\u00e9hicule sera trait\u00e9 comme s&rsquo;il s&rsquo;agissait du n\u00f4tre! Nous nous soucions des voitures de nos clients et veillons \u00e0 ce que tous les transports soient effectu\u00e9s le plus efficacement possible.<\/p>\n<p>Ayez l&rsquo;esprit tranquille avec votre transport de voitures en Europe avec DeliveryAlgarve.com.<\/p>\n\n<div class=\"wpcf7 no-js\" id=\"wpcf7-f112-o3\" lang=\"en-US\" dir=\"ltr\" data-wpcf7-id=\"112\">\n<div class=\"screen-reader-response\"><p role=\"status\" aria-live=\"polite\" aria-atomic=\"true\"><\/p> <ul><\/ul><\/div>\n<form action=\"\/fr\/wp-json\/wp\/v2\/pages\/39#wpcf7-f112-o3\" method=\"post\" class=\"wpcf7-form init\" aria-label=\"Contact form\" novalidate=\"novalidate\" data-status=\"init\">\n<fieldset class=\"hidden-fields-container\"><input type=\"hidden\" name=\"_wpcf7\" value=\"112\" \/><input type=\"hidden\" name=\"_wpcf7_version\" value=\"6.1.5\" \/><input type=\"hidden\" name=\"_wpcf7_locale\" value=\"en_US\" \/><input type=\"hidden\" name=\"_wpcf7_unit_tag\" value=\"wpcf7-f112-o3\" \/><input type=\"hidden\" name=\"_wpcf7_container_post\" value=\"0\" \/><input type=\"hidden\" name=\"_wpcf7_posted_data_hash\" value=\"\" \/>\n<\/fieldset>\n<div id=\"quote\">\n\t<h3>Devis de d\u00e9m\u00e9nagement\n\t<\/h3>\n\t<p>Parlez-nous un peu de vos besoins en mati\u00e8re de d\u00e9m\u00e9nagement et nous vous r\u00e9pondrons imm\u00e9diatement!\n\t<\/p>\n\t<p><span class=\"wpcf7-form-control-wrap\" data-name=\"daq-name\"><input size=\"40\" maxlength=\"400\" class=\"wpcf7-form-control wpcf7-text wpcf7-validates-as-required daq\" aria-required=\"true\" aria-invalid=\"false\" placeholder=\"votre nom\" value=\"\" type=\"text\" name=\"daq-name\" \/><\/span><br \/>\n<span class=\"wpcf7-form-control-wrap\" data-name=\"daq-email\"><input size=\"40\" maxlength=\"400\" class=\"wpcf7-form-control wpcf7-email wpcf7-validates-as-required wpcf7-text wpcf7-validates-as-email daq\" aria-required=\"true\" aria-invalid=\"false\" placeholder=\"votre adresse email\" value=\"\" type=\"email\" name=\"daq-email\" \/><\/span><br \/>\n<span class=\"wpcf7-form-control-wrap\" data-name=\"daq-phone\"><input size=\"40\" maxlength=\"400\" class=\"wpcf7-form-control wpcf7-tel wpcf7-text wpcf7-validates-as-tel daq\" aria-invalid=\"false\" placeholder=\"un num\u00e9ro de t\u00e9l\u00e9phone?\" value=\"\" type=\"tel\" name=\"daq-phone\" \/><\/span><br \/>\n<span class=\"wpcf7-form-control-wrap\" data-name=\"daq-from\"><input size=\"40\" maxlength=\"400\" class=\"wpcf7-form-control wpcf7-text wpcf7-validates-as-required daq\" aria-required=\"true\" aria-invalid=\"false\" placeholder=\"retrait de (veuillez inclure un code postal et un pays)\" value=\"\" type=\"text\" name=\"daq-from\" \/><\/span><br \/>\n<span class=\"wpcf7-form-control-wrap\" data-name=\"daq-to\"><input size=\"40\" maxlength=\"400\" class=\"wpcf7-form-control wpcf7-text wpcf7-validates-as-required daq\" aria-required=\"true\" aria-invalid=\"false\" placeholder=\"livraison \u00e0 (comme ci-dessus)\" value=\"\" type=\"text\" name=\"daq-to\" \/><\/span><br \/>\n<span class=\"wpcf7-form-control-wrap\" data-name=\"daq-date\"><input size=\"40\" maxlength=\"400\" class=\"wpcf7-form-control wpcf7-text wpcf7-validates-as-required daq\" aria-required=\"true\" aria-invalid=\"false\" placeholder=\"date approximative requise\" value=\"\" type=\"text\" name=\"daq-date\" \/><\/span><br \/>\n<span class=\"wpcf7-form-control-wrap\" data-name=\"daq-types\"><span class=\"wpcf7-form-control wpcf7-checkbox daq\"><span class=\"wpcf7-list-item first\"><label><input type=\"checkbox\" name=\"daq-types[]\" value=\"D\u00e9m\u00e9nagements g\u00e9n\u00e9raux et nationaux\" \/><span class=\"wpcf7-list-item-label\">D\u00e9m\u00e9nagements g\u00e9n\u00e9raux et nationaux<\/span><\/label><\/span><span class=\"wpcf7-list-item\"><label><input type=\"checkbox\" name=\"daq-types[]\" value=\"\u00c9quipement commercial\" \/><span class=\"wpcf7-list-item-label\">\u00c9quipement commercial<\/span><\/label><\/span><span class=\"wpcf7-list-item\"><label><input type=\"checkbox\" name=\"daq-types[]\" value=\"Voiture, bateau, etc.\" \/><span class=\"wpcf7-list-item-label\">Voiture, bateau, etc.<\/span><\/label><\/span><span class=\"wpcf7-list-item last\"><label><input type=\"checkbox\" name=\"daq-types[]\" value=\"Moto (s)\" \/><span class=\"wpcf7-list-item-label\">Moto (s)<\/span><\/label><\/span><\/span><\/span><br \/>\n<span class=\"wpcf7-form-control-wrap\" data-name=\"daq-message\"><textarea cols=\"40\" rows=\"10\" maxlength=\"2000\" class=\"wpcf7-form-control wpcf7-textarea daq\" aria-invalid=\"false\" placeholder=\"tout autre d\u00e9tail. plus vous nous en dites, plus nous pouvons vous aider!\" name=\"daq-message\"><\/textarea><\/span><br \/>\n<span class=\"wpcf7-form-control-wrap\" data-name=\"capital-quiz\"><label><span class=\"wpcf7-quiz-label\">Pour arr\u00eater les spammeurs... Pourriez-vous nous dire quel est le plus grand nombre... 3 ou 4 ?<\/span> <input size=\"40\" class=\"wpcf7-form-control wpcf7-quiz\" autocomplete=\"off\" aria-required=\"true\" aria-invalid=\"false\" type=\"text\" name=\"capital-quiz\" \/><\/label><input type=\"hidden\" name=\"_wpcf7_quiz_answer_capital-quiz\" value=\"6418842b41c066b6827ae3c56282a02a\" \/><\/span><br \/>\n<input class=\"wpcf7-form-control wpcf7-submit has-spinner daq\" type=\"submit\" value=\"Cliquez pour envoyer!\" \/>\n\t<\/p>\n<\/div><div class=\"wpcf7-response-output\" aria-hidden=\"true\"><\/div>\n<\/form>\n<\/div>\n\n<h3>Un service de transport de v\u00e9hicules fiable<\/h3>\n<p>DeliveryAlgarve.com est heureux de transporter de nombreux v\u00e9hicules entre le Royaume-Uni et le Portugal. Voitures, motos, quads, scooters &#8211; m\u00eame des bateaux! &#8211; nous pouvons prendre en charge vos besoins de transport de v\u00e9hicules europ\u00e9ens! Nous exp\u00e9dions des voitures et des v\u00e9hicules depuis pr\u00e8s de 30 ans et nous savons ce que nous faisons! Notre \u00e9quipe est d\u00e9di\u00e9e \u00e0 un service de qualit\u00e9, car nous souhaitons que vous reveniez vers nous!<\/p>\n<p>Nous travaillons avec un r\u00e9seau d&rsquo;entreprises, livrant des voitures et des motos dans toute l&rsquo;Europe &#8211; WanderersTransport.com, Motorcycles-Go.com, Cars-Go-Transport.com et BestCarTransport.com &#8211; nous pouvons vous assurer d&rsquo;un service de qualit\u00e9, sans chichi, \u00e0 un prix avantageux! Demandez votre devis, vous ne serez pas d\u00e9\u00e7u!<\/p>\n<p>Que vous ayez une voiture ou cinq, un classique, un camping-car ou un non-partant, nous pouvons vous aider. Nous servons les propri\u00e9taires de voitures individuelles, les concessionnaires, les soci\u00e9t\u00e9s de flotte et de location et les clients commerciaux dans tout le pays.<\/p>\n<blockquote><p><em><strong>Plus de 30 ans d&rsquo;exp\u00e9rience dans le transport de voitures dans toute l&rsquo;Europe! Obtenez votre devis de transport de voiture maintenant!<\/strong><\/em><\/p><\/blockquote>\n<p>Les transports de voitures avec DeliveryAlgarve.com garantissent la meilleure qualit\u00e9 au meilleur prix. Votre transfert sera prot\u00e9g\u00e9 par un niveau imbattable de professionnalisme et de soins. La satisfaction de nos clients passe avant tout et nous travaillons pour offrir un service exceptionnel dans chacun de nos services. N&rsquo;h\u00e9sitez pas \u00e0 nous contacter au moment de contracter le transport de voitures et vous pariez sur une entreprise pionni\u00e8re dans le secteur, de grande exp\u00e9rience et avec garantie dans le travail effectu\u00e9.<\/p>\n<p>Transportez les voitures avec DeliveryAlgarve.com et obtenez les meilleurs r\u00e9sultats dans le service.<\/p>\n<p><a href=\"https:\/\/www.google.com\/maps\/place\/deliveryalgarve.com\/@37.1059289,-8.0794513,17z\/data=!3m1!4b1!4m5!3m4!1s0xd1ab5a58195c0f7:0xf44238318d13c7ef!8m2!3d37.1059246!4d-8.0772626\" target=\"_blank\" rel=\"noopener noreferrer\"><em>Retrouvez-nous sur Google Maps!<\/em><\/a><\/p>","protected":false},"excerpt":{"rendered":"<p>Service de transport de voitures, Royaume-Uni \/ Portugal. DeliveryAlgarve propose un service de transport de voitures \u00e9conomique entre le Royaume-Uni et le Portugal, et la c\u00f4te sud de l&rsquo;Espagne jusqu&rsquo;\u00e0 Malaga. Notre \u00e9quipe de transport de voitures est professionnelle, fiable et efficace, ce qui signifie que nous pouvons transporter votre voiture avec le minimum de tracas! Obtenez votre devis de transport de voiture maintenant!<\/p>\n","protected":false},"author":1,"featured_media":0,"parent":0,"menu_order":70,"comment_status":"closed","ping_status":"closed","template":"","meta":{"footnotes":""},"class_list":["post-39","page","type-page","status-publish","hentry"],"yoast_head":"<!-- This site is optimized with the Yoast SEO plugin v27.3 - https:\/\/yoast.com\/product\/yoast-seo-wordpress\/ -->\n<title>Service de transport de voitures entre le Royaume-Uni et le Portugal. DeliveryAlgarve.com<\/title>\n<meta name=\"description\" content=\"Service de transport de voitures, Royaume-Uni \/ Portugal. LivraisonAlgarve propose un service de transport de voitures \u00e9conomique entre le Royaume-Uni et le Portugal.\" \/>\n<meta name=\"robots\" content=\"index, follow, max-snippet:-1, max-image-preview:large, max-video-preview:-1\" \/>\n<link rel=\"canonical\" href=\"https:\/\/deliveryalgarve.com\/es\/servicio-de-transporte-de-automoviles-irlanda-portugal\/\" \/>\n<meta property=\"og:locale\" content=\"fr_FR\" \/>\n<meta property=\"og:type\" content=\"article\" \/>\n<meta property=\"og:title\" content=\"[:en]Car Transport Service between Ireland &amp; Portugal.\u00a0DeliveryAlgarve.com[:pt]Servi\u00e7o de transporte de autom\u00f3veis entre o Reino Unido e Portugal. DeliveryAlgarve.com[:fr]Service de transport de voitures entre le Royaume-Uni et le Portugal. DeliveryAlgarve.com[:es]Servicio de Transporte de Coches entre Irlanda y Portugal. EntregaAlgarve.com[:]\" \/>\n<meta property=\"og:description\" content=\"{:en}Car Transport Service, Ireland\/Portugal.\u00a0 DeliveryAlgarve offer a cost-effective car transport service between Ireland and Portugal.{:pt}Servi\u00e7o de transporte de autom\u00f3veis, Reino Unido \/ Portugal. A DeliveryAlgarve oferece um servi\u00e7o de transporte autom\u00f3vel econ\u00f3mico entre o Reino Unido e Portugal.{:fr}Service de transport de voitures, Royaume-Uni \/ Portugal. LivraisonAlgarve propose un service de transport de voitures \u00e9conomique entre le Royaume-Uni et le Portugal.{:es}Servicio de Transporte de Autom\u00f3viles, Irlanda\/Portugal. DeliveryAlgarve ofrece un servicio rentable de transporte de autom\u00f3viles entre Irlanda y Portugal.{:}\" \/>\n<meta property=\"og:url\" content=\"https:\/\/deliveryalgarve.com\/es\/servicio-de-transporte-de-automoviles-irlanda-portugal\/\" \/>\n<meta property=\"og:site_name\" content=\"DeliveryAlgarve.com\" \/>\n<meta property=\"article:modified_time\" content=\"2024-04-08T16:23:16+00:00\" \/>\n<meta property=\"og:image\" content=\"https:\/\/deliveryalgarve.com\/wp-content\/uploads\/2022\/03\/Servicio-de-transporte-de-automoviles-Irlanda-Portugal.jpg\" \/>\n<meta name=\"twitter:card\" content=\"summary_large_image\" \/>\n<meta name=\"twitter:label1\" content=\"Dur\u00e9e de lecture estim\u00e9e\" \/>\n\t<meta name=\"twitter:data1\" content=\"3 minutes\" \/>\n<script type=\"application\/ld+json\" class=\"yoast-schema-graph\">{\"@context\":\"https:\\\/\\\/schema.org\",\"@graph\":[{\"@type\":\"WebPage\",\"@id\":\"https:\\\/\\\/deliveryalgarve.com\\\/es\\\/servicio-de-transporte-de-automoviles-irlanda-portugal\\\/\",\"url\":\"https:\\\/\\\/deliveryalgarve.com\\\/es\\\/servicio-de-transporte-de-automoviles-irlanda-portugal\\\/\",\"name\":\"[:en]Car Transport Service between Ireland & Portugal.\u00a0DeliveryAlgarve.com[:pt]Servi\u00e7o de transporte de autom\u00f3veis entre o Reino Unido e Portugal. DeliveryAlgarve.com[:fr]Service de transport de voitures entre le Royaume-Uni et le Portugal. DeliveryAlgarve.com[:es]Servicio de Transporte de Coches entre Irlanda y Portugal. EntregaAlgarve.com[:]\",\"isPartOf\":{\"@id\":\"https:\\\/\\\/deliveryalgarve.com\\\/es\\\/#website\"},\"primaryImageOfPage\":{\"@id\":\"https:\\\/\\\/deliveryalgarve.com\\\/es\\\/servicio-de-transporte-de-automoviles-irlanda-portugal\\\/#primaryimage\"},\"image\":{\"@id\":\"https:\\\/\\\/deliveryalgarve.com\\\/es\\\/servicio-de-transporte-de-automoviles-irlanda-portugal\\\/#primaryimage\"},\"thumbnailUrl\":\"https:\\\/\\\/deliveryalgarve.com\\\/wp-content\\\/uploads\\\/2021\\\/03\\\/Car-Transport-Service-Ireland-Portugal-DeliveryAlgarve.jpg\",\"datePublished\":\"2020-09-23T11:15:18+00:00\",\"dateModified\":\"2024-04-08T16:23:16+00:00\",\"description\":\"{:en}Car Transport Service, Ireland\\\/Portugal.\u00a0 DeliveryAlgarve offer a cost-effective car transport service between Ireland and Portugal.{:pt}Servi\u00e7o de transporte de autom\u00f3veis, Reino Unido \\\/ Portugal. A DeliveryAlgarve oferece um servi\u00e7o de transporte autom\u00f3vel econ\u00f3mico entre o Reino Unido e Portugal.{:fr}Service de transport de voitures, Royaume-Uni \\\/ Portugal. LivraisonAlgarve propose un service de transport de voitures \u00e9conomique entre le Royaume-Uni et le Portugal.{:es}Servicio de Transporte de Autom\u00f3viles, Irlanda\\\/Portugal. DeliveryAlgarve ofrece un servicio rentable de transporte de autom\u00f3viles entre Irlanda y Portugal.{:}\",\"breadcrumb\":{\"@id\":\"https:\\\/\\\/deliveryalgarve.com\\\/es\\\/servicio-de-transporte-de-automoviles-irlanda-portugal\\\/#breadcrumb\"},\"inLanguage\":\"fr-FR\",\"potentialAction\":[{\"@type\":\"ReadAction\",\"target\":[\"https:\\\/\\\/deliveryalgarve.com\\\/es\\\/servicio-de-transporte-de-automoviles-irlanda-portugal\\\/\"]}]},{\"@type\":\"ImageObject\",\"inLanguage\":\"fr-FR\",\"@id\":\"https:\\\/\\\/deliveryalgarve.com\\\/es\\\/servicio-de-transporte-de-automoviles-irlanda-portugal\\\/#primaryimage\",\"url\":\"https:\\\/\\\/deliveryalgarve.com\\\/wp-content\\\/uploads\\\/2021\\\/03\\\/Car-Transport-Service-Ireland-Portugal-DeliveryAlgarve.jpg\",\"contentUrl\":\"https:\\\/\\\/deliveryalgarve.com\\\/wp-content\\\/uploads\\\/2021\\\/03\\\/Car-Transport-Service-Ireland-Portugal-DeliveryAlgarve.jpg\"},{\"@type\":\"BreadcrumbList\",\"@id\":\"https:\\\/\\\/deliveryalgarve.com\\\/es\\\/servicio-de-transporte-de-automoviles-irlanda-portugal\\\/#breadcrumb\",\"itemListElement\":[{\"@type\":\"ListItem\",\"position\":1,\"name\":\"Home\",\"item\":\"https:\\\/\\\/deliveryalgarve.com\\\/\"},{\"@type\":\"ListItem\",\"position\":2,\"name\":\"Servicio de transporte de autom\u00f3viles, Irlanda\\\/Portugal\"}]},{\"@type\":\"WebSite\",\"@id\":\"https:\\\/\\\/deliveryalgarve.com\\\/es\\\/#website\",\"url\":\"https:\\\/\\\/deliveryalgarve.com\\\/es\\\/\",\"name\":\"DeliveryAlgarve.com\",\"description\":\"Enl\u00e8vement et stockage, Portugal, Espagne et Royaume-Uni.\",\"publisher\":{\"@id\":\"https:\\\/\\\/deliveryalgarve.com\\\/es\\\/#organization\"},\"potentialAction\":[{\"@type\":\"SearchAction\",\"target\":{\"@type\":\"EntryPoint\",\"urlTemplate\":\"https:\\\/\\\/deliveryalgarve.com\\\/es\\\/?s={search_term_string}\"},\"query-input\":{\"@type\":\"PropertyValueSpecification\",\"valueRequired\":true,\"valueName\":\"search_term_string\"}}],\"inLanguage\":\"fr-FR\"},{\"@type\":\"Organization\",\"@id\":\"https:\\\/\\\/deliveryalgarve.com\\\/es\\\/#organization\",\"name\":\"DeliveryAlgarve.com\",\"url\":\"https:\\\/\\\/deliveryalgarve.com\\\/es\\\/\",\"logo\":{\"@type\":\"ImageObject\",\"inLanguage\":\"fr-FR\",\"@id\":\"https:\\\/\\\/deliveryalgarve.com\\\/es\\\/#\\\/schema\\\/logo\\\/image\\\/\",\"url\":\"https:\\\/\\\/deliveryalgarve.com\\\/wp-content\\\/uploads\\\/2020\\\/10\\\/cropped-DeliveryAlgarveLogo01.jpg\",\"contentUrl\":\"https:\\\/\\\/deliveryalgarve.com\\\/wp-content\\\/uploads\\\/2020\\\/10\\\/cropped-DeliveryAlgarveLogo01.jpg\",\"width\":240,\"height\":240,\"caption\":\"DeliveryAlgarve.com\"},\"image\":{\"@id\":\"https:\\\/\\\/deliveryalgarve.com\\\/es\\\/#\\\/schema\\\/logo\\\/image\\\/\"}}]}<\/script>\n<!-- \/ Yoast SEO plugin. -->","yoast_head_json":{"title":"Service de transport de voitures entre le Royaume-Uni et le Portugal. DeliveryAlgarve.com","description":"Service de transport de voitures, Royaume-Uni \/ Portugal. LivraisonAlgarve propose un service de transport de voitures \u00e9conomique entre le Royaume-Uni et le Portugal.","robots":{"index":"index","follow":"follow","max-snippet":"max-snippet:-1","max-image-preview":"max-image-preview:large","max-video-preview":"max-video-preview:-1"},"canonical":"https:\/\/deliveryalgarve.com\/es\/servicio-de-transporte-de-automoviles-irlanda-portugal\/","og_locale":"fr_FR","og_type":"article","og_title":"[:en]Car Transport Service between Ireland & Portugal.\u00a0DeliveryAlgarve.com[:pt]Servi\u00e7o de transporte de autom\u00f3veis entre o Reino Unido e Portugal. DeliveryAlgarve.com[:fr]Service de transport de voitures entre le Royaume-Uni et le Portugal. DeliveryAlgarve.com[:es]Servicio de Transporte de Coches entre Irlanda y Portugal. EntregaAlgarve.com[:]","og_description":"{:en}Car Transport Service, Ireland\/Portugal.\u00a0 DeliveryAlgarve offer a cost-effective car transport service between Ireland and Portugal.{:pt}Servi\u00e7o de transporte de autom\u00f3veis, Reino Unido \/ Portugal. A DeliveryAlgarve oferece um servi\u00e7o de transporte autom\u00f3vel econ\u00f3mico entre o Reino Unido e Portugal.{:fr}Service de transport de voitures, Royaume-Uni \/ Portugal. LivraisonAlgarve propose un service de transport de voitures \u00e9conomique entre le Royaume-Uni et le Portugal.{:es}Servicio de Transporte de Autom\u00f3viles, Irlanda\/Portugal. DeliveryAlgarve ofrece un servicio rentable de transporte de autom\u00f3viles entre Irlanda y Portugal.{:}","og_url":"https:\/\/deliveryalgarve.com\/es\/servicio-de-transporte-de-automoviles-irlanda-portugal\/","og_site_name":"DeliveryAlgarve.com","article_modified_time":"2024-04-08T16:23:16+00:00","og_image":[{"url":"https:\/\/deliveryalgarve.com\/wp-content\/uploads\/2022\/03\/Servicio-de-transporte-de-automoviles-Irlanda-Portugal.jpg","type":"","width":"","height":""}],"twitter_card":"summary_large_image","twitter_misc":{"Dur\u00e9e de lecture estim\u00e9e":"3 minutes"},"schema":{"@context":"https:\/\/schema.org","@graph":[{"@type":"WebPage","@id":"https:\/\/deliveryalgarve.com\/es\/servicio-de-transporte-de-automoviles-irlanda-portugal\/","url":"https:\/\/deliveryalgarve.com\/es\/servicio-de-transporte-de-automoviles-irlanda-portugal\/","name":"[:en]Car Transport Service between Ireland & Portugal.\u00a0DeliveryAlgarve.com[:pt]Servi\u00e7o de transporte de autom\u00f3veis entre o Reino Unido e Portugal. DeliveryAlgarve.com[:fr]Service de transport de voitures entre le Royaume-Uni et le Portugal. DeliveryAlgarve.com[:es]Servicio de Transporte de Coches entre Irlanda y Portugal. EntregaAlgarve.com[:]","isPartOf":{"@id":"https:\/\/deliveryalgarve.com\/es\/#website"},"primaryImageOfPage":{"@id":"https:\/\/deliveryalgarve.com\/es\/servicio-de-transporte-de-automoviles-irlanda-portugal\/#primaryimage"},"image":{"@id":"https:\/\/deliveryalgarve.com\/es\/servicio-de-transporte-de-automoviles-irlanda-portugal\/#primaryimage"},"thumbnailUrl":"https:\/\/deliveryalgarve.com\/wp-content\/uploads\/2021\/03\/Car-Transport-Service-Ireland-Portugal-DeliveryAlgarve.jpg","datePublished":"2020-09-23T11:15:18+00:00","dateModified":"2024-04-08T16:23:16+00:00","description":"{:en}Car Transport Service, Ireland\/Portugal.\u00a0 DeliveryAlgarve offer a cost-effective car transport service between Ireland and Portugal.{:pt}Servi\u00e7o de transporte de autom\u00f3veis, Reino Unido \/ Portugal. A DeliveryAlgarve oferece um servi\u00e7o de transporte autom\u00f3vel econ\u00f3mico entre o Reino Unido e Portugal.{:fr}Service de transport de voitures, Royaume-Uni \/ Portugal. LivraisonAlgarve propose un service de transport de voitures \u00e9conomique entre le Royaume-Uni et le Portugal.{:es}Servicio de Transporte de Autom\u00f3viles, Irlanda\/Portugal. DeliveryAlgarve ofrece un servicio rentable de transporte de autom\u00f3viles entre Irlanda y Portugal.{:}","breadcrumb":{"@id":"https:\/\/deliveryalgarve.com\/es\/servicio-de-transporte-de-automoviles-irlanda-portugal\/#breadcrumb"},"inLanguage":"fr-FR","potentialAction":[{"@type":"ReadAction","target":["https:\/\/deliveryalgarve.com\/es\/servicio-de-transporte-de-automoviles-irlanda-portugal\/"]}]},{"@type":"ImageObject","inLanguage":"fr-FR","@id":"https:\/\/deliveryalgarve.com\/es\/servicio-de-transporte-de-automoviles-irlanda-portugal\/#primaryimage","url":"https:\/\/deliveryalgarve.com\/wp-content\/uploads\/2021\/03\/Car-Transport-Service-Ireland-Portugal-DeliveryAlgarve.jpg","contentUrl":"https:\/\/deliveryalgarve.com\/wp-content\/uploads\/2021\/03\/Car-Transport-Service-Ireland-Portugal-DeliveryAlgarve.jpg"},{"@type":"BreadcrumbList","@id":"https:\/\/deliveryalgarve.com\/es\/servicio-de-transporte-de-automoviles-irlanda-portugal\/#breadcrumb","itemListElement":[{"@type":"ListItem","position":1,"name":"Home","item":"https:\/\/deliveryalgarve.com\/"},{"@type":"ListItem","position":2,"name":"Servicio de transporte de autom\u00f3viles, Irlanda\/Portugal"}]},{"@type":"WebSite","@id":"https:\/\/deliveryalgarve.com\/es\/#website","url":"https:\/\/deliveryalgarve.com\/es\/","name":"DeliveryAlgarve.com","description":"Enl\u00e8vement et stockage, Portugal, Espagne et Royaume-Uni.","publisher":{"@id":"https:\/\/deliveryalgarve.com\/es\/#organization"},"potentialAction":[{"@type":"SearchAction","target":{"@type":"EntryPoint","urlTemplate":"https:\/\/deliveryalgarve.com\/es\/?s={search_term_string}"},"query-input":{"@type":"PropertyValueSpecification","valueRequired":true,"valueName":"search_term_string"}}],"inLanguage":"fr-FR"},{"@type":"Organization","@id":"https:\/\/deliveryalgarve.com\/es\/#organization","name":"DeliveryAlgarve.com","url":"https:\/\/deliveryalgarve.com\/es\/","logo":{"@type":"ImageObject","inLanguage":"fr-FR","@id":"https:\/\/deliveryalgarve.com\/es\/#\/schema\/logo\/image\/","url":"https:\/\/deliveryalgarve.com\/wp-content\/uploads\/2020\/10\/cropped-DeliveryAlgarveLogo01.jpg","contentUrl":"https:\/\/deliveryalgarve.com\/wp-content\/uploads\/2020\/10\/cropped-DeliveryAlgarveLogo01.jpg","width":240,"height":240,"caption":"DeliveryAlgarve.com"},"image":{"@id":"https:\/\/deliveryalgarve.com\/es\/#\/schema\/logo\/image\/"}}]}},"_links":{"self":[{"href":"https:\/\/deliveryalgarve.com\/fr\/wp-json\/wp\/v2\/pages\/39","targetHints":{"allow":["GET"]}}],"collection":[{"href":"https:\/\/deliveryalgarve.com\/fr\/wp-json\/wp\/v2\/pages"}],"about":[{"href":"https:\/\/deliveryalgarve.com\/fr\/wp-json\/wp\/v2\/types\/page"}],"author":[{"embeddable":true,"href":"https:\/\/deliveryalgarve.com\/fr\/wp-json\/wp\/v2\/users\/1"}],"replies":[{"embeddable":true,"href":"https:\/\/deliveryalgarve.com\/fr\/wp-json\/wp\/v2\/comments?post=39"}],"version-history":[{"count":18,"href":"https:\/\/deliveryalgarve.com\/fr\/wp-json\/wp\/v2\/pages\/39\/revisions"}],"predecessor-version":[{"id":503,"href":"https:\/\/deliveryalgarve.com\/fr\/wp-json\/wp\/v2\/pages\/39\/revisions\/503"}],"wp:attachment":[{"href":"https:\/\/deliveryalgarve.com\/fr\/wp-json\/wp\/v2\/media?parent=39"}],"curies":[{"name":"wp","href":"https:\/\/api.w.org\/{rel}","templated":true}]}}