{"id":41,"date":"2020-09-23T11:16:04","date_gmt":"2020-09-23T11:16:04","guid":{"rendered":"https:\/\/deliveryalgarve.com\/?page_id=41"},"modified":"2024-01-07T12:50:57","modified_gmt":"2024-01-07T12:50:57","slug":"quote","status":"publish","type":"page","link":"https:\/\/deliveryalgarve.com\/fr\/devis\/","title":{"rendered":"Devis de d\u00e9m\u00e9nagement"},"content":{"rendered":"<p><strong>Devis! Obtenez votre devis de d\u00e9m\u00e9nagement, d&rsquo;exp\u00e9dition ou de stockage GRATUIT maintenant! Chez DeliveryAlgarve.com, nous vous r\u00e9pondrons dans quelques heures, soit avec un devis confirm\u00e9, soit pour confirmer tout ce que nous pouvons avoir besoin de savoir. Merci d&rsquo;avoir pris contact et nous esp\u00e9rons vous parler tr\u00e8s bient\u00f4t!<\/strong><\/p>\n\n<div class=\"wpcf7 no-js\" id=\"wpcf7-f112-o3\" lang=\"en-US\" dir=\"ltr\" data-wpcf7-id=\"112\">\n<div class=\"screen-reader-response\"><p role=\"status\" aria-live=\"polite\" aria-atomic=\"true\"><\/p> <ul><\/ul><\/div>\n<form action=\"\/fr\/wp-json\/wp\/v2\/pages\/41#wpcf7-f112-o3\" method=\"post\" class=\"wpcf7-form init\" aria-label=\"Contact form\" novalidate=\"novalidate\" data-status=\"init\">\n<fieldset class=\"hidden-fields-container\"><input type=\"hidden\" name=\"_wpcf7\" value=\"112\" \/><input type=\"hidden\" name=\"_wpcf7_version\" value=\"6.1.5\" \/><input type=\"hidden\" name=\"_wpcf7_locale\" value=\"en_US\" \/><input type=\"hidden\" name=\"_wpcf7_unit_tag\" value=\"wpcf7-f112-o3\" \/><input type=\"hidden\" name=\"_wpcf7_container_post\" value=\"0\" \/><input type=\"hidden\" name=\"_wpcf7_posted_data_hash\" value=\"\" \/>\n<\/fieldset>\n<div id=\"quote\">\n\t<h3>Devis de d\u00e9m\u00e9nagement\n\t<\/h3>\n\t<p>Parlez-nous un peu de vos besoins en mati\u00e8re de d\u00e9m\u00e9nagement et nous vous r\u00e9pondrons imm\u00e9diatement!\n\t<\/p>\n\t<p><span class=\"wpcf7-form-control-wrap\" data-name=\"daq-name\"><input size=\"40\" maxlength=\"400\" class=\"wpcf7-form-control wpcf7-text wpcf7-validates-as-required daq\" aria-required=\"true\" aria-invalid=\"false\" placeholder=\"votre nom\" value=\"\" type=\"text\" name=\"daq-name\" \/><\/span><br \/>\n<span class=\"wpcf7-form-control-wrap\" data-name=\"daq-email\"><input size=\"40\" maxlength=\"400\" class=\"wpcf7-form-control wpcf7-email wpcf7-validates-as-required wpcf7-text wpcf7-validates-as-email daq\" aria-required=\"true\" aria-invalid=\"false\" placeholder=\"votre adresse email\" value=\"\" type=\"email\" name=\"daq-email\" \/><\/span><br \/>\n<span class=\"wpcf7-form-control-wrap\" data-name=\"daq-phone\"><input size=\"40\" maxlength=\"400\" class=\"wpcf7-form-control wpcf7-tel wpcf7-text wpcf7-validates-as-tel daq\" aria-invalid=\"false\" placeholder=\"un num\u00e9ro de t\u00e9l\u00e9phone?\" value=\"\" type=\"tel\" name=\"daq-phone\" \/><\/span><br \/>\n<span class=\"wpcf7-form-control-wrap\" data-name=\"daq-from\"><input size=\"40\" maxlength=\"400\" class=\"wpcf7-form-control wpcf7-text wpcf7-validates-as-required daq\" aria-required=\"true\" aria-invalid=\"false\" placeholder=\"retrait de (veuillez inclure un code postal et un pays)\" value=\"\" type=\"text\" name=\"daq-from\" \/><\/span><br \/>\n<span class=\"wpcf7-form-control-wrap\" data-name=\"daq-to\"><input size=\"40\" maxlength=\"400\" class=\"wpcf7-form-control wpcf7-text wpcf7-validates-as-required daq\" aria-required=\"true\" aria-invalid=\"false\" placeholder=\"livraison \u00e0 (comme ci-dessus)\" value=\"\" type=\"text\" name=\"daq-to\" \/><\/span><br \/>\n<span class=\"wpcf7-form-control-wrap\" data-name=\"daq-date\"><input size=\"40\" maxlength=\"400\" class=\"wpcf7-form-control wpcf7-text wpcf7-validates-as-required daq\" aria-required=\"true\" aria-invalid=\"false\" placeholder=\"date approximative requise\" value=\"\" type=\"text\" name=\"daq-date\" \/><\/span><br \/>\n<span class=\"wpcf7-form-control-wrap\" data-name=\"daq-types\"><span class=\"wpcf7-form-control wpcf7-checkbox daq\"><span class=\"wpcf7-list-item first\"><label><input type=\"checkbox\" name=\"daq-types[]\" value=\"D\u00e9m\u00e9nagements g\u00e9n\u00e9raux et nationaux\" \/><span class=\"wpcf7-list-item-label\">D\u00e9m\u00e9nagements g\u00e9n\u00e9raux et nationaux<\/span><\/label><\/span><span class=\"wpcf7-list-item\"><label><input type=\"checkbox\" name=\"daq-types[]\" value=\"\u00c9quipement commercial\" \/><span class=\"wpcf7-list-item-label\">\u00c9quipement commercial<\/span><\/label><\/span><span class=\"wpcf7-list-item\"><label><input type=\"checkbox\" name=\"daq-types[]\" value=\"Voiture, bateau, etc.\" \/><span class=\"wpcf7-list-item-label\">Voiture, bateau, etc.<\/span><\/label><\/span><span class=\"wpcf7-list-item last\"><label><input type=\"checkbox\" name=\"daq-types[]\" value=\"Moto (s)\" \/><span class=\"wpcf7-list-item-label\">Moto (s)<\/span><\/label><\/span><\/span><\/span><br \/>\n<span class=\"wpcf7-form-control-wrap\" data-name=\"daq-message\"><textarea cols=\"40\" rows=\"10\" maxlength=\"2000\" class=\"wpcf7-form-control wpcf7-textarea daq\" aria-invalid=\"false\" placeholder=\"tout autre d\u00e9tail. plus vous nous en dites, plus nous pouvons vous aider!\" name=\"daq-message\"><\/textarea><\/span><br \/>\n<span class=\"wpcf7-form-control-wrap\" data-name=\"capital-quiz\"><label><span class=\"wpcf7-quiz-label\">Pour arr\u00eater les spammeurs... Pourriez-vous nous dire quel est le plus grand nombre... 3 ou 4 ?<\/span> <input size=\"40\" class=\"wpcf7-form-control wpcf7-quiz\" autocomplete=\"off\" aria-required=\"true\" aria-invalid=\"false\" type=\"text\" name=\"capital-quiz\" \/><\/label><input type=\"hidden\" name=\"_wpcf7_quiz_answer_capital-quiz\" value=\"6418842b41c066b6827ae3c56282a02a\" \/><\/span><br \/>\n<input class=\"wpcf7-form-control wpcf7-submit has-spinner daq\" type=\"submit\" value=\"Cliquez pour envoyer!\" \/>\n\t<\/p>\n<\/div><div class=\"wpcf7-response-output\" aria-hidden=\"true\"><\/div>\n<\/form>\n<\/div>\n\n<p>&nbsp;<\/p>\n<h2>Devis de d\u00e9m\u00e9nagement, Royaume-Uni et Portugal<\/h2>\n<p>DeliveryAlgarve.com propose des services de d\u00e9m\u00e9nagements r\u00e9guliers r\u00e9guliers entre le Royaume-Uni et le Portugal. Nous offrons une gamme de services &#8211; tous con\u00e7us pour rendre votre d\u00e9m\u00e9nagement \u00e0 travers le continent aussi fluide et sans tracas que possible. Chaque mois, nous envoyons un conteneur d&rsquo;exp\u00e9dition de 45 pieds du Royaume-Uni \u00e0 notre base de Loule en Algarve. Nous renvoyons \u00e9galement des conteneurs et des chargements partiels au Royaume-Uni.<\/p>\n<p>Profitez de la tranquillit\u00e9 d&rsquo;esprit avec votre d\u00e9m\u00e9nagement en Europe avec DeliveryAlgarve.com.<\/p>\n<h3>Service de d\u00e9m\u00e9nagement national<\/h3>\n<p>DeliveryAlgarve.com exploite un service de transport et de stockage professionnel et fiable avec deux bases, \u00e0 Salford au Royaume-Uni et \u00e0 Loule en Algarve. Les deux d\u00e9p\u00f4ts disposent d&rsquo;installations de stockage s\u00fbres et s\u00e9curis\u00e9es et servent de points de d\u00e9p\u00f4t et de collecte principaux au Royaume-Uni et au Portugal.<\/p>\n<blockquote><p><em><strong>30 ans d\u2019exp\u00e9rience dans le d\u00e9m\u00e9nagement de familles et de maisons entre le Royaume-Uni et le Portugal!<\/strong><\/em><\/p><\/blockquote>\n<p>Nos v\u00e9hicules de d\u00e9m\u00e9nagement sp\u00e9cialis\u00e9s fonctionnent tous les jours pour aider les particuliers, les familles et les entreprises \u00e0 d\u00e9m\u00e9nager ou \u00e0 d\u00e9m\u00e9nager entre le Royaume-Uni et le Portugal.<\/p>\n<p>DeliveryAlgarve.com poss\u00e8de une riche exp\u00e9rience en mati\u00e8re de d\u00e9m\u00e9nagements nationaux. D\u00e8s le d\u00e9part, nous effectuerons votre d\u00e9m\u00e9nagement en Europe de mani\u00e8re professionnelle et comp\u00e9tente.<\/p>\n<p>Vos effets personnels sont tr\u00e8s importants pour nous, de l&#8217;emballage, du chargement, du transport et de la livraison de vos articles en porte \u00e0 porte par la route, vos objets pr\u00e9cieux arriveront en toute s\u00e9curit\u00e9.<\/p>\n<h3>Un service de qualit\u00e9 du d\u00e9but \u00e0 la fin<\/h3>\n<p>Tous les envois sont inventori\u00e9s individuellement, garantissant que tous les effets personnels sont livr\u00e9s \u00e0 la propri\u00e9t\u00e9 appropri\u00e9e du client. Il s&rsquo;agit d&rsquo;un service complet de porte \u00e0 porte avec d\u00e9ballage, si n\u00e9cessaire.<\/p>\n<p><a href=\"https:\/\/www.google.com\/maps\/place\/deliveryalgarve.com\/@37.1059289,-8.0794513,17z\/data=!3m1!4b1!4m5!3m4!1s0xd1ab5a58195c0f7:0xf44238318d13c7ef!8m2!3d37.1059246!4d-8.0772626\" target=\"_blank\" rel=\"noopener noreferrer\"><em>Retrouvez-nous sur Google Maps!<\/em><\/a><\/p>","protected":false},"excerpt":{"rendered":"<p>Devis! Obtenez votre devis de d\u00e9m\u00e9nagement, d&rsquo;exp\u00e9dition ou de stockage GRATUIT maintenant! Chez DeliveryAlgarve.com, nous vous r\u00e9pondrons dans quelques heures, soit avec un devis confirm\u00e9, soit pour confirmer tout ce que nous pouvons avoir besoin de savoir. Merci d&rsquo;avoir pris contact et nous esp\u00e9rons vous parler tr\u00e8s bient\u00f4t!<\/p>\n","protected":false},"author":1,"featured_media":424,"parent":0,"menu_order":65,"comment_status":"closed","ping_status":"closed","template":"","meta":{"footnotes":""},"class_list":["post-41","page","type-page","status-publish","has-post-thumbnail","hentry"],"yoast_head":"<!-- This site is optimized with the Yoast SEO plugin v27.5 - https:\/\/yoast.com\/product\/yoast-seo-wordpress\/ -->\n<title>Devis de d\u00e9m\u00e9nagement, DeliveryAlgarve.com<\/title>\n<meta name=\"description\" content=\"Devis! Obtenez votre devis de d\u00e9m\u00e9nagement, d&#039;exp\u00e9dition ou de stockage GRATUIT maintenant!\" \/>\n<meta name=\"robots\" content=\"index, follow, max-snippet:-1, max-image-preview:large, max-video-preview:-1\" \/>\n<link rel=\"canonical\" href=\"https:\/\/deliveryalgarve.com\/es\/cotizacion\/\" \/>\n<meta property=\"og:locale\" content=\"fr_FR\" \/>\n<meta property=\"og:type\" content=\"article\" \/>\n<meta property=\"og:title\" content=\"[:en]Removals Quote, DeliveryAlgarve.com[:pt]Cota\u00e7\u00e3o de Remo\u00e7\u00f5es, DeliveryAlgarve.com[:fr]Devis de d\u00e9m\u00e9nagement, DeliveryAlgarve.com[:es]Cotizaci\u00f3n de mudanzas, DeliveryAlgarve.com[:]\" \/>\n<meta property=\"og:description\" content=\"{:en}Quote! Get your FREE moving, shipping or storage quote now!{:pt}Cita\u00e7\u00e3o! Obtenha agora sua cota\u00e7\u00e3o GRATUITA de mudan\u00e7a, remessa ou armazenamento!{:fr}Devis! Obtenez votre devis de d\u00e9m\u00e9nagement, d&#039;exp\u00e9dition ou de stockage GRATUIT maintenant!{:es}\u00a1Cotizaci\u00f3n! \u00a1Obtenga su cotizaci\u00f3n GRATIS de mudanza, env\u00edo o almacenamiento ahora!{:}\" \/>\n<meta property=\"og:url\" content=\"https:\/\/deliveryalgarve.com\/es\/cotizacion\/\" \/>\n<meta property=\"og:site_name\" content=\"DeliveryAlgarve.com\" \/>\n<meta property=\"article:modified_time\" content=\"2024-01-07T12:50:57+00:00\" \/>\n<meta property=\"og:image\" content=\"https:\/\/deliveryalgarve.com\/wp-content\/uploads\/2022\/06\/Quote-Get-your-FREE-Removals-Shipping-or-Storage-Quote-Now-DeliveryAlgarve_com.jpg\" \/>\n\t<meta property=\"og:image:width\" content=\"1920\" \/>\n\t<meta property=\"og:image:height\" content=\"600\" \/>\n\t<meta property=\"og:image:type\" content=\"image\/jpeg\" \/>\n<meta name=\"twitter:card\" content=\"summary_large_image\" \/>\n<meta name=\"twitter:label1\" content=\"Dur\u00e9e de lecture estim\u00e9e\" \/>\n\t<meta name=\"twitter:data1\" content=\"2 minutes\" \/>\n<script type=\"application\/ld+json\" class=\"yoast-schema-graph\">{\"@context\":\"https:\\\/\\\/schema.org\",\"@graph\":[{\"@type\":\"WebPage\",\"@id\":\"https:\\\/\\\/deliveryalgarve.com\\\/es\\\/cotizacion\\\/\",\"url\":\"https:\\\/\\\/deliveryalgarve.com\\\/es\\\/cotizacion\\\/\",\"name\":\"[:en]Removals Quote, DeliveryAlgarve.com[:pt]Cota\u00e7\u00e3o de Remo\u00e7\u00f5es, DeliveryAlgarve.com[:fr]Devis de d\u00e9m\u00e9nagement, DeliveryAlgarve.com[:es]Cotizaci\u00f3n de mudanzas, DeliveryAlgarve.com[:]\",\"isPartOf\":{\"@id\":\"https:\\\/\\\/deliveryalgarve.com\\\/es\\\/#website\"},\"primaryImageOfPage\":{\"@id\":\"https:\\\/\\\/deliveryalgarve.com\\\/es\\\/cotizacion\\\/#primaryimage\"},\"image\":{\"@id\":\"https:\\\/\\\/deliveryalgarve.com\\\/es\\\/cotizacion\\\/#primaryimage\"},\"thumbnailUrl\":\"https:\\\/\\\/deliveryalgarve.com\\\/wp-content\\\/uploads\\\/2022\\\/06\\\/Quote-Get-your-FREE-Removals-Shipping-or-Storage-Quote-Now-DeliveryAlgarve_com.jpg\",\"datePublished\":\"2020-09-23T11:16:04+00:00\",\"dateModified\":\"2024-01-07T12:50:57+00:00\",\"description\":\"{:en}Quote! Get your FREE moving, shipping or storage quote now!{:pt}Cita\u00e7\u00e3o! Obtenha agora sua cota\u00e7\u00e3o GRATUITA de mudan\u00e7a, remessa ou armazenamento!{:fr}Devis! Obtenez votre devis de d\u00e9m\u00e9nagement, d'exp\u00e9dition ou de stockage GRATUIT maintenant!{:es}\u00a1Cotizaci\u00f3n! \u00a1Obtenga su cotizaci\u00f3n GRATIS de mudanza, env\u00edo o almacenamiento ahora!{:}\",\"breadcrumb\":{\"@id\":\"https:\\\/\\\/deliveryalgarve.com\\\/es\\\/cotizacion\\\/#breadcrumb\"},\"inLanguage\":\"fr-FR\",\"potentialAction\":[{\"@type\":\"ReadAction\",\"target\":[\"https:\\\/\\\/deliveryalgarve.com\\\/es\\\/cotizacion\\\/\"]}]},{\"@type\":\"ImageObject\",\"inLanguage\":\"fr-FR\",\"@id\":\"https:\\\/\\\/deliveryalgarve.com\\\/es\\\/cotizacion\\\/#primaryimage\",\"url\":\"https:\\\/\\\/deliveryalgarve.com\\\/wp-content\\\/uploads\\\/2022\\\/06\\\/Quote-Get-your-FREE-Removals-Shipping-or-Storage-Quote-Now-DeliveryAlgarve_com.jpg\",\"contentUrl\":\"https:\\\/\\\/deliveryalgarve.com\\\/wp-content\\\/uploads\\\/2022\\\/06\\\/Quote-Get-your-FREE-Removals-Shipping-or-Storage-Quote-Now-DeliveryAlgarve_com.jpg\",\"width\":1920,\"height\":600,\"caption\":\"Quote - Get your FREE Removals, Shipping or Storage Quote Now - DeliveryAlgarve.com\"},{\"@type\":\"BreadcrumbList\",\"@id\":\"https:\\\/\\\/deliveryalgarve.com\\\/es\\\/cotizacion\\\/#breadcrumb\",\"itemListElement\":[{\"@type\":\"ListItem\",\"position\":1,\"name\":\"Home\",\"item\":\"https:\\\/\\\/deliveryalgarve.com\\\/\"},{\"@type\":\"ListItem\",\"position\":2,\"name\":\"Cotizaci\u00f3n\"}]},{\"@type\":\"WebSite\",\"@id\":\"https:\\\/\\\/deliveryalgarve.com\\\/es\\\/#website\",\"url\":\"https:\\\/\\\/deliveryalgarve.com\\\/es\\\/\",\"name\":\"DeliveryAlgarve.com\",\"description\":\"Enl\u00e8vement et stockage, Portugal, Espagne et Royaume-Uni.\",\"publisher\":{\"@id\":\"https:\\\/\\\/deliveryalgarve.com\\\/es\\\/#organization\"},\"potentialAction\":[{\"@type\":\"SearchAction\",\"target\":{\"@type\":\"EntryPoint\",\"urlTemplate\":\"https:\\\/\\\/deliveryalgarve.com\\\/es\\\/?s={search_term_string}\"},\"query-input\":{\"@type\":\"PropertyValueSpecification\",\"valueRequired\":true,\"valueName\":\"search_term_string\"}}],\"inLanguage\":\"fr-FR\"},{\"@type\":\"Organization\",\"@id\":\"https:\\\/\\\/deliveryalgarve.com\\\/es\\\/#organization\",\"name\":\"DeliveryAlgarve.com\",\"url\":\"https:\\\/\\\/deliveryalgarve.com\\\/es\\\/\",\"logo\":{\"@type\":\"ImageObject\",\"inLanguage\":\"fr-FR\",\"@id\":\"https:\\\/\\\/deliveryalgarve.com\\\/es\\\/#\\\/schema\\\/logo\\\/image\\\/\",\"url\":\"https:\\\/\\\/deliveryalgarve.com\\\/wp-content\\\/uploads\\\/2020\\\/10\\\/cropped-DeliveryAlgarveLogo01.jpg\",\"contentUrl\":\"https:\\\/\\\/deliveryalgarve.com\\\/wp-content\\\/uploads\\\/2020\\\/10\\\/cropped-DeliveryAlgarveLogo01.jpg\",\"width\":240,\"height\":240,\"caption\":\"DeliveryAlgarve.com\"},\"image\":{\"@id\":\"https:\\\/\\\/deliveryalgarve.com\\\/es\\\/#\\\/schema\\\/logo\\\/image\\\/\"}}]}<\/script>\n<!-- \/ Yoast SEO plugin. -->","yoast_head_json":{"title":"Devis de d\u00e9m\u00e9nagement, DeliveryAlgarve.com","description":"Devis! Obtenez votre devis de d\u00e9m\u00e9nagement, d'exp\u00e9dition ou de stockage GRATUIT maintenant!","robots":{"index":"index","follow":"follow","max-snippet":"max-snippet:-1","max-image-preview":"max-image-preview:large","max-video-preview":"max-video-preview:-1"},"canonical":"https:\/\/deliveryalgarve.com\/es\/cotizacion\/","og_locale":"fr_FR","og_type":"article","og_title":"[:en]Removals Quote, DeliveryAlgarve.com[:pt]Cota\u00e7\u00e3o de Remo\u00e7\u00f5es, DeliveryAlgarve.com[:fr]Devis de d\u00e9m\u00e9nagement, DeliveryAlgarve.com[:es]Cotizaci\u00f3n de mudanzas, DeliveryAlgarve.com[:]","og_description":"{:en}Quote! Get your FREE moving, shipping or storage quote now!{:pt}Cita\u00e7\u00e3o! Obtenha agora sua cota\u00e7\u00e3o GRATUITA de mudan\u00e7a, remessa ou armazenamento!{:fr}Devis! Obtenez votre devis de d\u00e9m\u00e9nagement, d'exp\u00e9dition ou de stockage GRATUIT maintenant!{:es}\u00a1Cotizaci\u00f3n! \u00a1Obtenga su cotizaci\u00f3n GRATIS de mudanza, env\u00edo o almacenamiento ahora!{:}","og_url":"https:\/\/deliveryalgarve.com\/es\/cotizacion\/","og_site_name":"DeliveryAlgarve.com","article_modified_time":"2024-01-07T12:50:57+00:00","og_image":[{"width":1920,"height":600,"url":"https:\/\/deliveryalgarve.com\/wp-content\/uploads\/2022\/06\/Quote-Get-your-FREE-Removals-Shipping-or-Storage-Quote-Now-DeliveryAlgarve_com.jpg","type":"image\/jpeg"}],"twitter_card":"summary_large_image","twitter_misc":{"Dur\u00e9e de lecture estim\u00e9e":"2 minutes"},"schema":{"@context":"https:\/\/schema.org","@graph":[{"@type":"WebPage","@id":"https:\/\/deliveryalgarve.com\/es\/cotizacion\/","url":"https:\/\/deliveryalgarve.com\/es\/cotizacion\/","name":"[:en]Removals Quote, DeliveryAlgarve.com[:pt]Cota\u00e7\u00e3o de Remo\u00e7\u00f5es, DeliveryAlgarve.com[:fr]Devis de d\u00e9m\u00e9nagement, DeliveryAlgarve.com[:es]Cotizaci\u00f3n de mudanzas, DeliveryAlgarve.com[:]","isPartOf":{"@id":"https:\/\/deliveryalgarve.com\/es\/#website"},"primaryImageOfPage":{"@id":"https:\/\/deliveryalgarve.com\/es\/cotizacion\/#primaryimage"},"image":{"@id":"https:\/\/deliveryalgarve.com\/es\/cotizacion\/#primaryimage"},"thumbnailUrl":"https:\/\/deliveryalgarve.com\/wp-content\/uploads\/2022\/06\/Quote-Get-your-FREE-Removals-Shipping-or-Storage-Quote-Now-DeliveryAlgarve_com.jpg","datePublished":"2020-09-23T11:16:04+00:00","dateModified":"2024-01-07T12:50:57+00:00","description":"{:en}Quote! Get your FREE moving, shipping or storage quote now!{:pt}Cita\u00e7\u00e3o! Obtenha agora sua cota\u00e7\u00e3o GRATUITA de mudan\u00e7a, remessa ou armazenamento!{:fr}Devis! Obtenez votre devis de d\u00e9m\u00e9nagement, d'exp\u00e9dition ou de stockage GRATUIT maintenant!{:es}\u00a1Cotizaci\u00f3n! \u00a1Obtenga su cotizaci\u00f3n GRATIS de mudanza, env\u00edo o almacenamiento ahora!{:}","breadcrumb":{"@id":"https:\/\/deliveryalgarve.com\/es\/cotizacion\/#breadcrumb"},"inLanguage":"fr-FR","potentialAction":[{"@type":"ReadAction","target":["https:\/\/deliveryalgarve.com\/es\/cotizacion\/"]}]},{"@type":"ImageObject","inLanguage":"fr-FR","@id":"https:\/\/deliveryalgarve.com\/es\/cotizacion\/#primaryimage","url":"https:\/\/deliveryalgarve.com\/wp-content\/uploads\/2022\/06\/Quote-Get-your-FREE-Removals-Shipping-or-Storage-Quote-Now-DeliveryAlgarve_com.jpg","contentUrl":"https:\/\/deliveryalgarve.com\/wp-content\/uploads\/2022\/06\/Quote-Get-your-FREE-Removals-Shipping-or-Storage-Quote-Now-DeliveryAlgarve_com.jpg","width":1920,"height":600,"caption":"Quote - Get your FREE Removals, Shipping or Storage Quote Now - DeliveryAlgarve.com"},{"@type":"BreadcrumbList","@id":"https:\/\/deliveryalgarve.com\/es\/cotizacion\/#breadcrumb","itemListElement":[{"@type":"ListItem","position":1,"name":"Home","item":"https:\/\/deliveryalgarve.com\/"},{"@type":"ListItem","position":2,"name":"Cotizaci\u00f3n"}]},{"@type":"WebSite","@id":"https:\/\/deliveryalgarve.com\/es\/#website","url":"https:\/\/deliveryalgarve.com\/es\/","name":"DeliveryAlgarve.com","description":"Enl\u00e8vement et stockage, Portugal, Espagne et Royaume-Uni.","publisher":{"@id":"https:\/\/deliveryalgarve.com\/es\/#organization"},"potentialAction":[{"@type":"SearchAction","target":{"@type":"EntryPoint","urlTemplate":"https:\/\/deliveryalgarve.com\/es\/?s={search_term_string}"},"query-input":{"@type":"PropertyValueSpecification","valueRequired":true,"valueName":"search_term_string"}}],"inLanguage":"fr-FR"},{"@type":"Organization","@id":"https:\/\/deliveryalgarve.com\/es\/#organization","name":"DeliveryAlgarve.com","url":"https:\/\/deliveryalgarve.com\/es\/","logo":{"@type":"ImageObject","inLanguage":"fr-FR","@id":"https:\/\/deliveryalgarve.com\/es\/#\/schema\/logo\/image\/","url":"https:\/\/deliveryalgarve.com\/wp-content\/uploads\/2020\/10\/cropped-DeliveryAlgarveLogo01.jpg","contentUrl":"https:\/\/deliveryalgarve.com\/wp-content\/uploads\/2020\/10\/cropped-DeliveryAlgarveLogo01.jpg","width":240,"height":240,"caption":"DeliveryAlgarve.com"},"image":{"@id":"https:\/\/deliveryalgarve.com\/es\/#\/schema\/logo\/image\/"}}]}},"_links":{"self":[{"href":"https:\/\/deliveryalgarve.com\/fr\/wp-json\/wp\/v2\/pages\/41","targetHints":{"allow":["GET"]}}],"collection":[{"href":"https:\/\/deliveryalgarve.com\/fr\/wp-json\/wp\/v2\/pages"}],"about":[{"href":"https:\/\/deliveryalgarve.com\/fr\/wp-json\/wp\/v2\/types\/page"}],"author":[{"embeddable":true,"href":"https:\/\/deliveryalgarve.com\/fr\/wp-json\/wp\/v2\/users\/1"}],"replies":[{"embeddable":true,"href":"https:\/\/deliveryalgarve.com\/fr\/wp-json\/wp\/v2\/comments?post=41"}],"version-history":[{"count":18,"href":"https:\/\/deliveryalgarve.com\/fr\/wp-json\/wp\/v2\/pages\/41\/revisions"}],"predecessor-version":[{"id":459,"href":"https:\/\/deliveryalgarve.com\/fr\/wp-json\/wp\/v2\/pages\/41\/revisions\/459"}],"wp:featuredmedia":[{"embeddable":true,"href":"https:\/\/deliveryalgarve.com\/fr\/wp-json\/wp\/v2\/media\/424"}],"wp:attachment":[{"href":"https:\/\/deliveryalgarve.com\/fr\/wp-json\/wp\/v2\/media?parent=41"}],"curies":[{"name":"wp","href":"https:\/\/api.w.org\/{rel}","templated":true}]}}