{"id":12,"date":"2020-09-18T19:25:30","date_gmt":"2020-09-18T19:25:30","guid":{"rendered":"https:\/\/deliveryalgarve.com\/?page_id=12"},"modified":"2024-04-08T16:20:51","modified_gmt":"2024-04-08T16:20:51","slug":"domestic-removals","status":"publish","type":"page","link":"https:\/\/deliveryalgarve.com\/pt\/remocoes-domesticas\/","title":{"rendered":"Mudan\u00e7as Dom\u00e9sticas"},"content":{"rendered":"<p><strong>Remo\u00e7\u00f5es dom\u00e9sticas. Podemos lev\u00e1-lo para sua nova casa com o m\u00ednimo de barulho! Nossa equipe experiente e dedicada realmente cuida de seus pertences do in\u00edcio ao fim! Somos confi\u00e1veis, profissionais e amig\u00e1veis e levamos nosso neg\u00f3cio muito a s\u00e9rio. Obtenha sua cota\u00e7\u00e3o de remo\u00e7\u00e3o, voc\u00ea n\u00e3o ficar\u00e1 desapontado!<\/strong><\/p>\r\n<p>\r\n\r\n<\/p>\r\n<figure id=\"attachment_409\" aria-describedby=\"caption-attachment-409\" style=\"width: 1200px\" class=\"wp-caption alignnone\"><img loading=\"lazy\" decoding=\"async\" class=\"wp-image-409 size-full\" src=\"https:\/\/deliveryalgarve.com\/wp-content\/uploads\/2022\/03\/Mudancas-Domesticas-Um-servico-de-mudancas-confiavel-e-profissional-da-DeliveryAgarve.jpg\" alt=\"Mudan\u00e7as Dom\u00e9sticas - Um servi\u00e7o de mudan\u00e7as confi\u00e1vel e profissional da DeliveryAgarve.com\" width=\"1200\" height=\"630\" srcset=\"https:\/\/deliveryalgarve.com\/wp-content\/uploads\/2022\/03\/Mudancas-Domesticas-Um-servico-de-mudancas-confiavel-e-profissional-da-DeliveryAgarve.jpg 1200w, https:\/\/deliveryalgarve.com\/wp-content\/uploads\/2022\/03\/Mudancas-Domesticas-Um-servico-de-mudancas-confiavel-e-profissional-da-DeliveryAgarve-300x158.jpg 300w, https:\/\/deliveryalgarve.com\/wp-content\/uploads\/2022\/03\/Mudancas-Domesticas-Um-servico-de-mudancas-confiavel-e-profissional-da-DeliveryAgarve-1024x538.jpg 1024w, https:\/\/deliveryalgarve.com\/wp-content\/uploads\/2022\/03\/Mudancas-Domesticas-Um-servico-de-mudancas-confiavel-e-profissional-da-DeliveryAgarve-768x403.jpg 768w, https:\/\/deliveryalgarve.com\/wp-content\/uploads\/2022\/03\/Mudancas-Domesticas-Um-servico-de-mudancas-confiavel-e-profissional-da-DeliveryAgarve-1x1.jpg 1w\" sizes=\"auto, (max-width: 1200px) 100vw, 1200px\" \/><figcaption id=\"caption-attachment-409\" class=\"wp-caption-text\">Mudan\u00e7as Dom\u00e9sticas &#8211; Um servi\u00e7o de mudan\u00e7as confi\u00e1vel e profissional da DeliveryAgarve.com<\/figcaption><\/figure>\r\n<h2>Servi\u00e7o de remo\u00e7\u00e3o e armazenamento dom\u00e9stico acess\u00edvel e confi\u00e1vel<\/h2>\r\n<p>Mudar de casa \u00e9 sempre desafiador e estressante. Na DeiveryAlgarve.com, fazemos o nosso melhor para minimizar o stress e oferecer-lhe tranquilidade ao mudar-se para a sua nova casa. Ajudamos voc\u00ea a se mover com seguran\u00e7a.<\/p>\r\n<p><em>Desfrute de paz de esp\u00edrito com a sua mudan\u00e7a na Europa com DeliveryAlgarve.com.<\/em><\/p>\r\n\n<div class=\"wpcf7 no-js\" id=\"wpcf7-f112-o2\" lang=\"en-US\" dir=\"ltr\" data-wpcf7-id=\"112\">\n<div class=\"screen-reader-response\"><p role=\"status\" aria-live=\"polite\" aria-atomic=\"true\"><\/p> <ul><\/ul><\/div>\n<form action=\"\/pt\/wp-json\/wp\/v2\/pages\/12#wpcf7-f112-o2\" method=\"post\" class=\"wpcf7-form init\" aria-label=\"Contact form\" novalidate=\"novalidate\" data-status=\"init\">\n<fieldset class=\"hidden-fields-container\"><input type=\"hidden\" name=\"_wpcf7\" value=\"112\" \/><input type=\"hidden\" name=\"_wpcf7_version\" value=\"6.1.5\" \/><input type=\"hidden\" name=\"_wpcf7_locale\" value=\"en_US\" \/><input type=\"hidden\" name=\"_wpcf7_unit_tag\" value=\"wpcf7-f112-o2\" \/><input type=\"hidden\" name=\"_wpcf7_container_post\" value=\"0\" \/><input type=\"hidden\" name=\"_wpcf7_posted_data_hash\" value=\"\" \/>\n<\/fieldset>\n<div id=\"quote\">\n\t<h3>Cota\u00e7\u00e3o de Remo\u00e7\u00f5es\n\t<\/h3>\n\t<p>Fale um pouco sobre suas necessidades de remo\u00e7\u00e3o e entraremos em contato com voc\u00ea!\n\t<\/p>\n\t<p><span class=\"wpcf7-form-control-wrap\" data-name=\"daq-name\"><input size=\"40\" maxlength=\"400\" class=\"wpcf7-form-control wpcf7-text wpcf7-validates-as-required daq\" aria-required=\"true\" aria-invalid=\"false\" placeholder=\"seu nome\" value=\"\" type=\"text\" name=\"daq-name\" \/><\/span><br \/>\n<span class=\"wpcf7-form-control-wrap\" data-name=\"daq-email\"><input size=\"40\" maxlength=\"400\" class=\"wpcf7-form-control wpcf7-email wpcf7-validates-as-required wpcf7-text wpcf7-validates-as-email daq\" aria-required=\"true\" aria-invalid=\"false\" placeholder=\"seu endere\u00e7o de email\" value=\"\" type=\"email\" name=\"daq-email\" \/><\/span><br \/>\n<span class=\"wpcf7-form-control-wrap\" data-name=\"daq-phone\"><input size=\"40\" maxlength=\"400\" class=\"wpcf7-form-control wpcf7-tel wpcf7-text wpcf7-validates-as-tel daq\" aria-invalid=\"false\" placeholder=\"um n\u00famero de telefone?\" value=\"\" type=\"tel\" name=\"daq-phone\" \/><\/span><br \/>\n<span class=\"wpcf7-form-control-wrap\" data-name=\"daq-from\"><input size=\"40\" maxlength=\"400\" class=\"wpcf7-form-control wpcf7-text wpcf7-validates-as-required daq\" aria-required=\"true\" aria-invalid=\"false\" placeholder=\"coleta de (inclua um c\u00f3digo postal e pa\u00eds)\" value=\"\" type=\"text\" name=\"daq-from\" \/><\/span><br \/>\n<span class=\"wpcf7-form-control-wrap\" data-name=\"daq-to\"><input size=\"40\" maxlength=\"400\" class=\"wpcf7-form-control wpcf7-text wpcf7-validates-as-required daq\" aria-required=\"true\" aria-invalid=\"false\" placeholder=\"entrega para (como acima)\" value=\"\" type=\"text\" name=\"daq-to\" \/><\/span><br \/>\n<span class=\"wpcf7-form-control-wrap\" data-name=\"daq-date\"><input size=\"40\" maxlength=\"400\" class=\"wpcf7-form-control wpcf7-text wpcf7-validates-as-required daq\" aria-required=\"true\" aria-invalid=\"false\" placeholder=\"data aproximada necess\u00e1ria\" value=\"\" type=\"text\" name=\"daq-date\" \/><\/span><br \/>\n<span class=\"wpcf7-form-control-wrap\" data-name=\"daq-types\"><span class=\"wpcf7-form-control wpcf7-checkbox daq\"><span class=\"wpcf7-list-item first\"><label><input type=\"checkbox\" name=\"daq-types[]\" value=\"Remo\u00e7\u00f5es gerais e dom\u00e9sticas\" \/><span class=\"wpcf7-list-item-label\">Remo\u00e7\u00f5es gerais e dom\u00e9sticas<\/span><\/label><\/span><span class=\"wpcf7-list-item\"><label><input type=\"checkbox\" name=\"daq-types[]\" value=\"Equipamento comercial\" \/><span class=\"wpcf7-list-item-label\">Equipamento comercial<\/span><\/label><\/span><span class=\"wpcf7-list-item\"><label><input type=\"checkbox\" name=\"daq-types[]\" value=\"Carro, barco, etc.\" \/><span class=\"wpcf7-list-item-label\">Carro, barco, etc.<\/span><\/label><\/span><span class=\"wpcf7-list-item last\"><label><input type=\"checkbox\" name=\"daq-types[]\" value=\"Motocicleta (s)\" \/><span class=\"wpcf7-list-item-label\">Motocicleta (s)<\/span><\/label><\/span><\/span><\/span><br \/>\n<span class=\"wpcf7-form-control-wrap\" data-name=\"daq-message\"><textarea cols=\"40\" rows=\"10\" maxlength=\"2000\" class=\"wpcf7-form-control wpcf7-textarea daq\" aria-invalid=\"false\" placeholder=\"quaisquer outros detalhes. quanto mais voc\u00ea nos conta, mais podemos ajudar!\" name=\"daq-message\"><\/textarea><\/span><br \/>\n<span class=\"wpcf7-form-control-wrap\" data-name=\"capital-quiz\"><label><span class=\"wpcf7-quiz-label\">Para parar os spammers... Voc\u00ea poderia nos dizer qual \u00e9 o n\u00famero maior... 3 ou 4?<\/span> <input size=\"40\" class=\"wpcf7-form-control wpcf7-quiz\" autocomplete=\"off\" aria-required=\"true\" aria-invalid=\"false\" type=\"text\" name=\"capital-quiz\" \/><\/label><input type=\"hidden\" name=\"_wpcf7_quiz_answer_capital-quiz\" value=\"6418842b41c066b6827ae3c56282a02a\" \/><\/span><br \/>\n<input class=\"wpcf7-form-control wpcf7-submit has-spinner daq\" type=\"submit\" value=\"Clique para enviar!\" \/>\n\t<\/p>\n<\/div><div class=\"wpcf7-response-output\" aria-hidden=\"true\"><\/div>\n<\/form>\n<\/div>\n\r\n<h3>Um servi\u00e7o profissional de remo\u00e7\u00e3o residencial<\/h3>\r\n<p>As modernas t\u00e9cnicas de remo\u00e7\u00e3o da DeliveryAlgarve foram concebidas para tornar a mudan\u00e7a de casa o mais livre de stress poss\u00edvel. Ap\u00f3s quase 30 anos movimentando clientes, desenvolvemos um servi\u00e7o log\u00edstico eficiente, que garante um atendimento \u00e1gil.<\/p>\r\n<p>Trabalhamos com um cronograma rigoroso que leva um pouco mais de cuidado ao transportar itens sens\u00edveis. Usando uma combina\u00e7\u00e3o de t\u00e9cnicas inovadoras de embalagem e cordas el\u00e1sticas, garantimos que todos os itens permane\u00e7am protegidos durante o transporte. Nosso sistema de GPS de \u00faltima gera\u00e7\u00e3o nos permite verificar as condi\u00e7\u00f5es do tr\u00e1fego e da estrada em tempo real, permitindo que nos ajustemos a essas condi\u00e7\u00f5es de acordo.<\/p>\r\n<h3>Remo\u00e7\u00f5es Europeias<\/h3>\r\n<p>Se voc\u00ea est\u00e1 se mudando para a Europa para um novo emprego, para come\u00e7ar uma nova vida em outro pa\u00eds ou para aproveitar sua aposentadoria, o DeliveryAlgarve.com tem a experi\u00eancia e o conhecimento local para cuidar de todo o processo de mudan\u00e7as.<\/p>\r\n<p>A DeliveryAlgarve.com \u00e9 uma empresa especialista em mudan\u00e7as no Reino Unido\/Portugal e pode fornecer solu\u00e7\u00f5es de armazenamento local no Algarve ou Noroeste de Inglaterra, quando necess\u00e1rio.<\/p>\r\n<p>Se voc\u00ea est\u00e1 pensando em fazer a grande mudan\u00e7a para a Europa &#8211; ou voltar! &#8211; ent\u00e3o fale conosco!<\/p>\r\n<p>\r\n\r\n\r\n\r\n<\/p>\r\n<p><a href=\"https:\/\/www.google.com\/maps\/place\/deliveryalgarve.com\/@37.1059289,-8.0794513,17z\/data=!3m1!4b1!4m5!3m4!1s0xd1ab5a58195c0f7:0xf44238318d13c7ef!8m2!3d37.1059246!4d-8.0772626\" target=\"_blank\" rel=\"noopener noreferrer\"><em>Encontre-nos no Google Maps!<\/em><\/a><\/p>\r\n\r\n<p>&nbsp;<\/p>","protected":false},"excerpt":{"rendered":"<p>Remo\u00e7\u00f5es dom\u00e9sticas. Podemos lev\u00e1-lo para sua nova casa com o m\u00ednimo de barulho! Nossa equipe experiente e dedicada realmente cuida de seus pertences do in\u00edcio ao fim! Somos confi\u00e1veis, profissionais e amig\u00e1veis e levamos nosso neg\u00f3cio muito a s\u00e9rio. Obtenha sua cota\u00e7\u00e3o de remo\u00e7\u00e3o, voc\u00ea n\u00e3o ficar\u00e1 desapontado!<\/p>\n","protected":false},"author":1,"featured_media":0,"parent":0,"menu_order":20,"comment_status":"closed","ping_status":"closed","template":"","meta":{"footnotes":""},"class_list":["post-12","page","type-page","status-publish","hentry"],"yoast_head":"<!-- This site is optimized with the Yoast SEO plugin v27.4 - https:\/\/yoast.com\/product\/yoast-seo-wordpress\/ -->\n<title>Remo\u00e7\u00f5es dom\u00e9sticas com m\u00ednimo barulho! Remo\u00e7\u00f5es acess\u00edveis e confi\u00e1veis.<\/title>\n<meta name=\"description\" content=\"Remo\u00e7\u00f5es dom\u00e9sticas. Nossa experiente e dedicada equipe realmente cuida de seus pertences do in\u00edcio ao fim! \u00d3timos pre\u00e7os tamb\u00e9m!\" \/>\n<meta name=\"robots\" content=\"index, follow, max-snippet:-1, max-image-preview:large, max-video-preview:-1\" \/>\n<link rel=\"canonical\" href=\"https:\/\/deliveryalgarve.com\/es\/mudanzas-nacionales\/\" \/>\n<meta property=\"og:locale\" content=\"pt_PT\" \/>\n<meta property=\"og:type\" content=\"article\" \/>\n<meta property=\"og:title\" content=\"[:en]Domestic Removals with Minimum Fuss! Affordable &amp; reliable removals.[:pt]Remo\u00e7\u00f5es dom\u00e9sticas com m\u00ednimo barulho! Remo\u00e7\u00f5es acess\u00edveis e confi\u00e1veis.[:fr]D\u00e9m\u00e9nagements nationaux avec un minimum de tracas! D\u00e9m\u00e9nagements abordables et fiables.[:es]\u00a1Mudanzas nacionales con el m\u00ednimo esfuerzo! Mudanzas asequibles y fiables.[:]\" \/>\n<meta property=\"og:description\" content=\"{:en}Domestic Removals. Our experienced and dedicated team truly take care of your belongings from start to finish! Great prices too!{:pt}Remo\u00e7\u00f5es dom\u00e9sticas. Nossa experiente e dedicada equipe realmente cuida de seus pertences do in\u00edcio ao fim! \u00d3timos pre\u00e7os tamb\u00e9m!{:fr}D\u00e9m\u00e9nagements nationaux. Notre \u00e9quipe exp\u00e9riment\u00e9e et d\u00e9vou\u00e9e prend vraiment soin de vos biens du d\u00e9but \u00e0 la fin! Grands prix aussi!{:es}Mudanzas Nacionales. \u00a1Nuestro equipo experimentado y dedicado realmente se ocupa de sus pertenencias de principio a fin! \u00a1Excelentes precios tambi\u00e9n!{:}\" \/>\n<meta property=\"og:url\" content=\"https:\/\/deliveryalgarve.com\/es\/mudanzas-nacionales\/\" \/>\n<meta property=\"og:site_name\" content=\"DeliveryAlgarve.com\" \/>\n<meta property=\"article:modified_time\" content=\"2024-04-08T16:20:51+00:00\" \/>\n<meta property=\"og:image\" content=\"https:\/\/deliveryalgarve.com\/wp-content\/uploads\/2022\/03\/Mudanzas-nacionales-un-servicio-de-mudanzas-confiable-y-profesional-de-DeliveryAgarve.jpg\" \/>\n<meta name=\"twitter:card\" content=\"summary_large_image\" \/>\n<meta name=\"twitter:label1\" content=\"Tempo estimado de leitura\" \/>\n\t<meta name=\"twitter:data1\" content=\"2 minutos\" \/>\n<script type=\"application\/ld+json\" class=\"yoast-schema-graph\">{\"@context\":\"https:\\\/\\\/schema.org\",\"@graph\":[{\"@type\":\"WebPage\",\"@id\":\"https:\\\/\\\/deliveryalgarve.com\\\/es\\\/mudanzas-nacionales\\\/\",\"url\":\"https:\\\/\\\/deliveryalgarve.com\\\/es\\\/mudanzas-nacionales\\\/\",\"name\":\"[:en]Domestic Removals with Minimum Fuss! Affordable & reliable removals.[:pt]Remo\u00e7\u00f5es dom\u00e9sticas com m\u00ednimo barulho! Remo\u00e7\u00f5es acess\u00edveis e confi\u00e1veis.[:fr]D\u00e9m\u00e9nagements nationaux avec un minimum de tracas! D\u00e9m\u00e9nagements abordables et fiables.[:es]\u00a1Mudanzas nacionales con el m\u00ednimo esfuerzo! Mudanzas asequibles y fiables.[:]\",\"isPartOf\":{\"@id\":\"https:\\\/\\\/deliveryalgarve.com\\\/es\\\/#website\"},\"primaryImageOfPage\":{\"@id\":\"https:\\\/\\\/deliveryalgarve.com\\\/es\\\/mudanzas-nacionales\\\/#primaryimage\"},\"image\":{\"@id\":\"https:\\\/\\\/deliveryalgarve.com\\\/es\\\/mudanzas-nacionales\\\/#primaryimage\"},\"thumbnailUrl\":\"https:\\\/\\\/deliveryalgarve.com\\\/wp-content\\\/uploads\\\/2020\\\/12\\\/Domestic-Removals-Service-DeliveryAlgarve-OG01.jpg\",\"datePublished\":\"2020-09-18T19:25:30+00:00\",\"dateModified\":\"2024-04-08T16:20:51+00:00\",\"description\":\"{:en}Domestic Removals. Our experienced and dedicated team truly take care of your belongings from start to finish! Great prices too!{:pt}Remo\u00e7\u00f5es dom\u00e9sticas. Nossa experiente e dedicada equipe realmente cuida de seus pertences do in\u00edcio ao fim! \u00d3timos pre\u00e7os tamb\u00e9m!{:fr}D\u00e9m\u00e9nagements nationaux. Notre \u00e9quipe exp\u00e9riment\u00e9e et d\u00e9vou\u00e9e prend vraiment soin de vos biens du d\u00e9but \u00e0 la fin! Grands prix aussi!{:es}Mudanzas Nacionales. \u00a1Nuestro equipo experimentado y dedicado realmente se ocupa de sus pertenencias de principio a fin! \u00a1Excelentes precios tambi\u00e9n!{:}\",\"breadcrumb\":{\"@id\":\"https:\\\/\\\/deliveryalgarve.com\\\/es\\\/mudanzas-nacionales\\\/#breadcrumb\"},\"inLanguage\":\"pt-PT\",\"potentialAction\":[{\"@type\":\"ReadAction\",\"target\":[\"https:\\\/\\\/deliveryalgarve.com\\\/es\\\/mudanzas-nacionales\\\/\"]}]},{\"@type\":\"ImageObject\",\"inLanguage\":\"pt-PT\",\"@id\":\"https:\\\/\\\/deliveryalgarve.com\\\/es\\\/mudanzas-nacionales\\\/#primaryimage\",\"url\":\"https:\\\/\\\/deliveryalgarve.com\\\/wp-content\\\/uploads\\\/2020\\\/12\\\/Domestic-Removals-Service-DeliveryAlgarve-OG01.jpg\",\"contentUrl\":\"https:\\\/\\\/deliveryalgarve.com\\\/wp-content\\\/uploads\\\/2020\\\/12\\\/Domestic-Removals-Service-DeliveryAlgarve-OG01.jpg\"},{\"@type\":\"BreadcrumbList\",\"@id\":\"https:\\\/\\\/deliveryalgarve.com\\\/es\\\/mudanzas-nacionales\\\/#breadcrumb\",\"itemListElement\":[{\"@type\":\"ListItem\",\"position\":1,\"name\":\"Home\",\"item\":\"https:\\\/\\\/deliveryalgarve.com\\\/\"},{\"@type\":\"ListItem\",\"position\":2,\"name\":\"Mudanzas Nacionales\"}]},{\"@type\":\"WebSite\",\"@id\":\"https:\\\/\\\/deliveryalgarve.com\\\/es\\\/#website\",\"url\":\"https:\\\/\\\/deliveryalgarve.com\\\/es\\\/\",\"name\":\"DeliveryAlgarve.com\",\"description\":\"Remo\u00e7\u00e3o e armazenamento, Portugal, Espanha e Reino Unido.\",\"publisher\":{\"@id\":\"https:\\\/\\\/deliveryalgarve.com\\\/es\\\/#organization\"},\"potentialAction\":[{\"@type\":\"SearchAction\",\"target\":{\"@type\":\"EntryPoint\",\"urlTemplate\":\"https:\\\/\\\/deliveryalgarve.com\\\/es\\\/?s={search_term_string}\"},\"query-input\":{\"@type\":\"PropertyValueSpecification\",\"valueRequired\":true,\"valueName\":\"search_term_string\"}}],\"inLanguage\":\"pt-PT\"},{\"@type\":\"Organization\",\"@id\":\"https:\\\/\\\/deliveryalgarve.com\\\/es\\\/#organization\",\"name\":\"DeliveryAlgarve.com\",\"url\":\"https:\\\/\\\/deliveryalgarve.com\\\/es\\\/\",\"logo\":{\"@type\":\"ImageObject\",\"inLanguage\":\"pt-PT\",\"@id\":\"https:\\\/\\\/deliveryalgarve.com\\\/es\\\/#\\\/schema\\\/logo\\\/image\\\/\",\"url\":\"https:\\\/\\\/deliveryalgarve.com\\\/wp-content\\\/uploads\\\/2020\\\/10\\\/cropped-DeliveryAlgarveLogo01.jpg\",\"contentUrl\":\"https:\\\/\\\/deliveryalgarve.com\\\/wp-content\\\/uploads\\\/2020\\\/10\\\/cropped-DeliveryAlgarveLogo01.jpg\",\"width\":240,\"height\":240,\"caption\":\"DeliveryAlgarve.com\"},\"image\":{\"@id\":\"https:\\\/\\\/deliveryalgarve.com\\\/es\\\/#\\\/schema\\\/logo\\\/image\\\/\"}}]}<\/script>\n<!-- \/ Yoast SEO plugin. -->","yoast_head_json":{"title":"Remo\u00e7\u00f5es dom\u00e9sticas com m\u00ednimo barulho! Remo\u00e7\u00f5es acess\u00edveis e confi\u00e1veis.","description":"Remo\u00e7\u00f5es dom\u00e9sticas. Nossa experiente e dedicada equipe realmente cuida de seus pertences do in\u00edcio ao fim! \u00d3timos pre\u00e7os tamb\u00e9m!","robots":{"index":"index","follow":"follow","max-snippet":"max-snippet:-1","max-image-preview":"max-image-preview:large","max-video-preview":"max-video-preview:-1"},"canonical":"https:\/\/deliveryalgarve.com\/es\/mudanzas-nacionales\/","og_locale":"pt_PT","og_type":"article","og_title":"[:en]Domestic Removals with Minimum Fuss! Affordable & reliable removals.[:pt]Remo\u00e7\u00f5es dom\u00e9sticas com m\u00ednimo barulho! Remo\u00e7\u00f5es acess\u00edveis e confi\u00e1veis.[:fr]D\u00e9m\u00e9nagements nationaux avec un minimum de tracas! D\u00e9m\u00e9nagements abordables et fiables.[:es]\u00a1Mudanzas nacionales con el m\u00ednimo esfuerzo! Mudanzas asequibles y fiables.[:]","og_description":"{:en}Domestic Removals. Our experienced and dedicated team truly take care of your belongings from start to finish! Great prices too!{:pt}Remo\u00e7\u00f5es dom\u00e9sticas. Nossa experiente e dedicada equipe realmente cuida de seus pertences do in\u00edcio ao fim! \u00d3timos pre\u00e7os tamb\u00e9m!{:fr}D\u00e9m\u00e9nagements nationaux. Notre \u00e9quipe exp\u00e9riment\u00e9e et d\u00e9vou\u00e9e prend vraiment soin de vos biens du d\u00e9but \u00e0 la fin! Grands prix aussi!{:es}Mudanzas Nacionales. \u00a1Nuestro equipo experimentado y dedicado realmente se ocupa de sus pertenencias de principio a fin! \u00a1Excelentes precios tambi\u00e9n!{:}","og_url":"https:\/\/deliveryalgarve.com\/es\/mudanzas-nacionales\/","og_site_name":"DeliveryAlgarve.com","article_modified_time":"2024-04-08T16:20:51+00:00","og_image":[{"url":"https:\/\/deliveryalgarve.com\/wp-content\/uploads\/2022\/03\/Mudanzas-nacionales-un-servicio-de-mudanzas-confiable-y-profesional-de-DeliveryAgarve.jpg","type":"","width":"","height":""}],"twitter_card":"summary_large_image","twitter_misc":{"Tempo estimado de leitura":"2 minutos"},"schema":{"@context":"https:\/\/schema.org","@graph":[{"@type":"WebPage","@id":"https:\/\/deliveryalgarve.com\/es\/mudanzas-nacionales\/","url":"https:\/\/deliveryalgarve.com\/es\/mudanzas-nacionales\/","name":"[:en]Domestic Removals with Minimum Fuss! Affordable & reliable removals.[:pt]Remo\u00e7\u00f5es dom\u00e9sticas com m\u00ednimo barulho! Remo\u00e7\u00f5es acess\u00edveis e confi\u00e1veis.[:fr]D\u00e9m\u00e9nagements nationaux avec un minimum de tracas! D\u00e9m\u00e9nagements abordables et fiables.[:es]\u00a1Mudanzas nacionales con el m\u00ednimo esfuerzo! Mudanzas asequibles y fiables.[:]","isPartOf":{"@id":"https:\/\/deliveryalgarve.com\/es\/#website"},"primaryImageOfPage":{"@id":"https:\/\/deliveryalgarve.com\/es\/mudanzas-nacionales\/#primaryimage"},"image":{"@id":"https:\/\/deliveryalgarve.com\/es\/mudanzas-nacionales\/#primaryimage"},"thumbnailUrl":"https:\/\/deliveryalgarve.com\/wp-content\/uploads\/2020\/12\/Domestic-Removals-Service-DeliveryAlgarve-OG01.jpg","datePublished":"2020-09-18T19:25:30+00:00","dateModified":"2024-04-08T16:20:51+00:00","description":"{:en}Domestic Removals. Our experienced and dedicated team truly take care of your belongings from start to finish! Great prices too!{:pt}Remo\u00e7\u00f5es dom\u00e9sticas. Nossa experiente e dedicada equipe realmente cuida de seus pertences do in\u00edcio ao fim! \u00d3timos pre\u00e7os tamb\u00e9m!{:fr}D\u00e9m\u00e9nagements nationaux. Notre \u00e9quipe exp\u00e9riment\u00e9e et d\u00e9vou\u00e9e prend vraiment soin de vos biens du d\u00e9but \u00e0 la fin! Grands prix aussi!{:es}Mudanzas Nacionales. \u00a1Nuestro equipo experimentado y dedicado realmente se ocupa de sus pertenencias de principio a fin! \u00a1Excelentes precios tambi\u00e9n!{:}","breadcrumb":{"@id":"https:\/\/deliveryalgarve.com\/es\/mudanzas-nacionales\/#breadcrumb"},"inLanguage":"pt-PT","potentialAction":[{"@type":"ReadAction","target":["https:\/\/deliveryalgarve.com\/es\/mudanzas-nacionales\/"]}]},{"@type":"ImageObject","inLanguage":"pt-PT","@id":"https:\/\/deliveryalgarve.com\/es\/mudanzas-nacionales\/#primaryimage","url":"https:\/\/deliveryalgarve.com\/wp-content\/uploads\/2020\/12\/Domestic-Removals-Service-DeliveryAlgarve-OG01.jpg","contentUrl":"https:\/\/deliveryalgarve.com\/wp-content\/uploads\/2020\/12\/Domestic-Removals-Service-DeliveryAlgarve-OG01.jpg"},{"@type":"BreadcrumbList","@id":"https:\/\/deliveryalgarve.com\/es\/mudanzas-nacionales\/#breadcrumb","itemListElement":[{"@type":"ListItem","position":1,"name":"Home","item":"https:\/\/deliveryalgarve.com\/"},{"@type":"ListItem","position":2,"name":"Mudanzas Nacionales"}]},{"@type":"WebSite","@id":"https:\/\/deliveryalgarve.com\/es\/#website","url":"https:\/\/deliveryalgarve.com\/es\/","name":"DeliveryAlgarve.com","description":"Remo\u00e7\u00e3o e armazenamento, Portugal, Espanha e Reino Unido.","publisher":{"@id":"https:\/\/deliveryalgarve.com\/es\/#organization"},"potentialAction":[{"@type":"SearchAction","target":{"@type":"EntryPoint","urlTemplate":"https:\/\/deliveryalgarve.com\/es\/?s={search_term_string}"},"query-input":{"@type":"PropertyValueSpecification","valueRequired":true,"valueName":"search_term_string"}}],"inLanguage":"pt-PT"},{"@type":"Organization","@id":"https:\/\/deliveryalgarve.com\/es\/#organization","name":"DeliveryAlgarve.com","url":"https:\/\/deliveryalgarve.com\/es\/","logo":{"@type":"ImageObject","inLanguage":"pt-PT","@id":"https:\/\/deliveryalgarve.com\/es\/#\/schema\/logo\/image\/","url":"https:\/\/deliveryalgarve.com\/wp-content\/uploads\/2020\/10\/cropped-DeliveryAlgarveLogo01.jpg","contentUrl":"https:\/\/deliveryalgarve.com\/wp-content\/uploads\/2020\/10\/cropped-DeliveryAlgarveLogo01.jpg","width":240,"height":240,"caption":"DeliveryAlgarve.com"},"image":{"@id":"https:\/\/deliveryalgarve.com\/es\/#\/schema\/logo\/image\/"}}]}},"_links":{"self":[{"href":"https:\/\/deliveryalgarve.com\/pt\/wp-json\/wp\/v2\/pages\/12","targetHints":{"allow":["GET"]}}],"collection":[{"href":"https:\/\/deliveryalgarve.com\/pt\/wp-json\/wp\/v2\/pages"}],"about":[{"href":"https:\/\/deliveryalgarve.com\/pt\/wp-json\/wp\/v2\/types\/page"}],"author":[{"embeddable":true,"href":"https:\/\/deliveryalgarve.com\/pt\/wp-json\/wp\/v2\/users\/1"}],"replies":[{"embeddable":true,"href":"https:\/\/deliveryalgarve.com\/pt\/wp-json\/wp\/v2\/comments?post=12"}],"version-history":[{"count":12,"href":"https:\/\/deliveryalgarve.com\/pt\/wp-json\/wp\/v2\/pages\/12\/revisions"}],"predecessor-version":[{"id":492,"href":"https:\/\/deliveryalgarve.com\/pt\/wp-json\/wp\/v2\/pages\/12\/revisions\/492"}],"wp:attachment":[{"href":"https:\/\/deliveryalgarve.com\/pt\/wp-json\/wp\/v2\/media?parent=12"}],"curies":[{"name":"wp","href":"https:\/\/api.w.org\/{rel}","templated":true}]}}