{"id":168,"date":"2020-10-27T11:15:09","date_gmt":"2020-10-27T11:15:09","guid":{"rendered":"https:\/\/deliveryalgarve.com\/?page_id=168"},"modified":"2024-01-07T12:49:04","modified_gmt":"2024-01-07T12:49:04","slug":"sitemap","status":"publish","type":"page","link":"https:\/\/deliveryalgarve.com\/pt\/mapa-do-site\/","title":{"rendered":"Mapa do Site"},"content":{"rendered":"<p><strong>Mapa do site. Navegue por todas as p\u00e1ginas do nosso site! Voc\u00ea deve encontrar tudo o que precisa, mas se n\u00e3o encontrar o que est\u00e1 procurando, entre em contato conosco! N\u00f3s estamos aqui para ajudar!<\/strong><\/p>\n<ul class=\"list-pages-shortcode list-pages\"><li class=\"page_item page-item-83\"><a href=\"https:\/\/deliveryalgarve.com\/pt\/contate-nos\/\">Contate-Nos<\/a><\/li>\n<li class=\"page_item page-item-22\"><a href=\"https:\/\/deliveryalgarve.com\/pt\/\">DeliveryAlgarve.com<\/a><\/li>\n<li class=\"page_item page-item-35\"><a href=\"https:\/\/deliveryalgarve.com\/pt\/servico-europeu-de-remocoes\/\">Servi\u00e7o Europeu de Remo\u00e7\u00f5es<\/a><\/li>\n<li class=\"page_item page-item-62\"><a href=\"https:\/\/deliveryalgarve.com\/pt\/remocoes-de-portugal-no-reino-unido\/\">Remo\u00e7\u00f5es de Portugal no Reino Unido<\/a><\/li>\n<li class=\"page_item page-item-168\"><a href=\"https:\/\/deliveryalgarve.com\/pt\/mapa-do-site\/\">Mapa do Site<\/a><\/li>\n<li class=\"page_item page-item-58\"><a href=\"https:\/\/deliveryalgarve.com\/pt\/image-credits\/\">Image Credits<\/a><\/li>\n<li class=\"page_item page-item-20\"><a href=\"https:\/\/deliveryalgarve.com\/pt\/remocoes-internacionais\/\">Remo\u00e7\u00f5es Internacionais<\/a><\/li>\n<li class=\"page_item page-item-12\"><a href=\"https:\/\/deliveryalgarve.com\/pt\/remocoes-domesticas\/\">Mudan\u00e7as Dom\u00e9sticas<\/a><\/li>\n<li class=\"page_item page-item-26 page_item_has_children\"><a href=\"https:\/\/deliveryalgarve.com\/pt\/remocoes-e-depositos-de-armazenamento\/\">Remo\u00e7\u00f5es e dep\u00f3sitos de armazenamento<\/a>\n<ul class='children'>\n\t<li class=\"page_item page-item-31\"><a href=\"https:\/\/deliveryalgarve.com\/pt\/remocoes-e-depositos-de-armazenamento\/deposito-de-remocoes-de-manchester\/\">Dep\u00f3sito de remo\u00e7\u00f5es de Manchester<\/a><\/li>\n\t<li class=\"page_item page-item-24\"><a href=\"https:\/\/deliveryalgarve.com\/pt\/remocoes-e-depositos-de-armazenamento\/loule-algarve-portugal\/\">Loul\u00e9, Algarve, Portugal<\/a><\/li>\n<\/ul>\n<\/li>\n<li class=\"page_item page-item-41\"><a href=\"https:\/\/deliveryalgarve.com\/pt\/cotacao\/\">Cota\u00e7\u00e3o<\/a><\/li>\n<li class=\"page_item page-item-39\"><a href=\"https:\/\/deliveryalgarve.com\/pt\/servico-de-transporte-de-automoveis\/\">Servi\u00e7o de transporte de autom\u00f3veis, Reino Unido \/ Portugal<\/a><\/li>\n<li class=\"page_item page-item-37\"><a href=\"https:\/\/deliveryalgarve.com\/pt\/transporte-de-motocicleta\/\">Motorcycle Transport, UK\/Portugal<\/a><\/li>\n<li class=\"page_item page-item-33\"><a href=\"https:\/\/deliveryalgarve.com\/pt\/servicos-de-armazenamento\/\">Servi\u00e7os de armazenamento seguro<\/a><\/li>\n<li class=\"page_item page-item-3\"><a href=\"https:\/\/deliveryalgarve.com\/pt\/politica-de-privacidade\/\">Pol\u00edtica de Privacidade<\/a><\/li>\n<li class=\"page_item page-item-29\"><a href=\"https:\/\/deliveryalgarve.com\/pt\/termos-e-condicoes\/\">Terms &#038; Conditions<\/a><\/li>\n<\/ul>\n<h2>DeliveryAlgarve.com &#8211; Servi\u00e7os Europeus de Remo\u00e7\u00f5es e Armazenamento<\/h2>\n<h3>Um servi\u00e7o de qualidade do in\u00edcio ao fim<\/h3>\n<p>Todas as remessas s\u00e3o inventariadas individualmente, garantindo que todos os objetos pessoais sejam entregues na propriedade correta do cliente. Este \u00e9 um servi\u00e7o porta a porta completo com desempacotamento, se necess\u00e1rio.<\/p>\n<figure id=\"attachment_252\" aria-describedby=\"caption-attachment-252\" style=\"width: 1200px\" class=\"wp-caption alignnone\"><img loading=\"lazy\" decoding=\"async\" class=\"wp-image-252 size-full\" src=\"https:\/\/deliveryalgarve.com\/wp-content\/uploads\/2020\/12\/Mapa-do-site-DeliveryAlgarve.jpg\" alt=\"Mapa do site - DeliveryAlgarve\" width=\"1200\" height=\"630\" srcset=\"https:\/\/deliveryalgarve.com\/wp-content\/uploads\/2020\/12\/Mapa-do-site-DeliveryAlgarve.jpg 1200w, https:\/\/deliveryalgarve.com\/wp-content\/uploads\/2020\/12\/Mapa-do-site-DeliveryAlgarve-300x158.jpg 300w, https:\/\/deliveryalgarve.com\/wp-content\/uploads\/2020\/12\/Mapa-do-site-DeliveryAlgarve-1024x538.jpg 1024w, https:\/\/deliveryalgarve.com\/wp-content\/uploads\/2020\/12\/Mapa-do-site-DeliveryAlgarve-768x403.jpg 768w, https:\/\/deliveryalgarve.com\/wp-content\/uploads\/2020\/12\/Mapa-do-site-DeliveryAlgarve-1x1.jpg 1w\" sizes=\"auto, (max-width: 1200px) 100vw, 1200px\" \/><figcaption id=\"caption-attachment-252\" class=\"wp-caption-text\">Mapa do site &#8211; DeliveryAlgarve.com<\/figcaption><\/figure>\n<p>DeliveryAlgarve.com oferece servi\u00e7os regulares de mudan\u00e7as programadas entre o Reino Unido e Portugal. Oferecemos uma gama de servi\u00e7os &#8211; todos concebidos para tornar a sua mudan\u00e7a pelo continente o mais tranquila e f\u00e1cil poss\u00edvel. Todos os meses, enviamos um contentor de envio de 45 p\u00e9s do Reino Unido para a nossa base em Loul\u00e9, no Algarve. Tamb\u00e9m enviamos cont\u00eaineres e cargas parciais de volta para o Reino Unido.<\/p>\n<p><em>Desfrute de paz de esp\u00edrito com a sua mudan\u00e7a para a Europa com DeliveryAlgarve.com.<\/em><\/p>\n<p><a href=\"https:\/\/www.google.com\/maps\/place\/deliveryalgarve.com\/@37.1059289,-8.0794513,17z\/data=!3m1!4b1!4m5!3m4!1s0xd1ab5a58195c0f7:0xf44238318d13c7ef!8m2!3d37.1059246!4d-8.0772626\" target=\"_blank\" rel=\"noopener noreferrer\"><em>Encontre-nos no Google Maps!<\/em><\/a><\/p>","protected":false},"excerpt":{"rendered":"<p>Mapa do site. Navegue por todas as p\u00e1ginas do nosso site! Voc\u00ea deve encontrar tudo o que precisa, mas se n\u00e3o encontrar o que est\u00e1 procurando, entre em contato conosco! N\u00f3s estamos aqui para ajudar!<\/p>\n","protected":false},"author":1,"featured_media":0,"parent":0,"menu_order":0,"comment_status":"closed","ping_status":"closed","template":"","meta":{"footnotes":""},"class_list":["post-168","page","type-page","status-publish","hentry"],"yoast_head":"<!-- This site is optimized with the Yoast SEO plugin v27.5 - https:\/\/yoast.com\/product\/yoast-seo-wordpress\/ -->\n<title>Mapa do site. Navegue por todas as p\u00e1ginas do nosso site! DeliveryAlgarve.com<\/title>\n<meta name=\"description\" content=\"Mapa do site. Navegue pelas p\u00e1ginas do nosso site! Voc\u00ea deve encontrar tudo que precisa, mas se n\u00e3o, entre em contato conosco! DeliveryAlgarve.com\" \/>\n<meta name=\"robots\" content=\"index, follow, max-snippet:-1, max-image-preview:large, max-video-preview:-1\" \/>\n<link rel=\"canonical\" href=\"https:\/\/deliveryalgarve.com\/es\/mapa-del-sitio\/\" \/>\n<meta property=\"og:locale\" content=\"pt_PT\" \/>\n<meta property=\"og:type\" content=\"article\" \/>\n<meta property=\"og:title\" content=\"[:en]Sitemap.\u00a0 Browse all the pages of our website! DeliveryAlgarve.com[:pt]Mapa do site. Navegue por todas as p\u00e1ginas do nosso site! DeliveryAlgarve.com[:fr]Plan du site. Parcourez toutes les pages de notre site Web! DeliveryAlgarve.com[:es]Mapa del sitio. \u00a1Navega por todas las p\u00e1ginas de nuestro sitio web! EntregaAlgarve.com[:]\" \/>\n<meta property=\"og:description\" content=\"{:en}Sitemap.\u00a0 Browse the pages of our website!\u00a0 You should find everything you need, but if not, just contact us! DeliveryAlgarve.com{:pt}Mapa do site. Navegue pelas p\u00e1ginas do nosso site! Voc\u00ea deve encontrar tudo que precisa, mas se n\u00e3o, entre em contato conosco! DeliveryAlgarve.com{:fr}Plan du site. Parcourez les pages de notre site Web! Vous devriez trouver tout ce dont vous avez besoin, mais sinon, contactez-nous! DeliveryAlgarve.com{:es}Mapa del sitio. \u00a1Navega por las p\u00e1ginas de nuestro sitio web! Deber\u00eda encontrar todo lo que necesita, pero si no, \u00a1cont\u00e1ctenos! EntregaAlgarve.com{:}\" \/>\n<meta property=\"og:url\" content=\"https:\/\/deliveryalgarve.com\/es\/mapa-del-sitio\/\" \/>\n<meta property=\"og:site_name\" content=\"DeliveryAlgarve.com\" \/>\n<meta property=\"article:modified_time\" content=\"2024-01-07T12:49:04+00:00\" \/>\n<meta property=\"og:image\" content=\"https:\/\/deliveryalgarve.com\/wp-content\/uploads\/2020\/12\/Sitemap-DeliveryAlgarve-OG01.jpg\" \/>\n<meta name=\"twitter:card\" content=\"summary_large_image\" \/>\n<meta name=\"twitter:label1\" content=\"Tempo estimado de leitura\" \/>\n\t<meta name=\"twitter:data1\" content=\"1 minuto\" \/>\n<script type=\"application\/ld+json\" class=\"yoast-schema-graph\">{\"@context\":\"https:\\\/\\\/schema.org\",\"@graph\":[{\"@type\":\"WebPage\",\"@id\":\"https:\\\/\\\/deliveryalgarve.com\\\/es\\\/mapa-del-sitio\\\/\",\"url\":\"https:\\\/\\\/deliveryalgarve.com\\\/es\\\/mapa-del-sitio\\\/\",\"name\":\"[:en]Sitemap.\u00a0 Browse all the pages of our website! DeliveryAlgarve.com[:pt]Mapa do site. Navegue por todas as p\u00e1ginas do nosso site! DeliveryAlgarve.com[:fr]Plan du site. Parcourez toutes les pages de notre site Web! DeliveryAlgarve.com[:es]Mapa del sitio. \u00a1Navega por todas las p\u00e1ginas de nuestro sitio web! EntregaAlgarve.com[:]\",\"isPartOf\":{\"@id\":\"https:\\\/\\\/deliveryalgarve.com\\\/es\\\/#website\"},\"primaryImageOfPage\":{\"@id\":\"https:\\\/\\\/deliveryalgarve.com\\\/es\\\/mapa-del-sitio\\\/#primaryimage\"},\"image\":{\"@id\":\"https:\\\/\\\/deliveryalgarve.com\\\/es\\\/mapa-del-sitio\\\/#primaryimage\"},\"thumbnailUrl\":\"https:\\\/\\\/deliveryalgarve.com\\\/wp-content\\\/uploads\\\/2020\\\/12\\\/Sitemap-DeliveryAlgarve-OG01.jpg\",\"datePublished\":\"2020-10-27T11:15:09+00:00\",\"dateModified\":\"2024-01-07T12:49:04+00:00\",\"description\":\"{:en}Sitemap.\u00a0 Browse the pages of our website!\u00a0 You should find everything you need, but if not, just contact us! DeliveryAlgarve.com{:pt}Mapa do site. Navegue pelas p\u00e1ginas do nosso site! Voc\u00ea deve encontrar tudo que precisa, mas se n\u00e3o, entre em contato conosco! DeliveryAlgarve.com{:fr}Plan du site. Parcourez les pages de notre site Web! Vous devriez trouver tout ce dont vous avez besoin, mais sinon, contactez-nous! DeliveryAlgarve.com{:es}Mapa del sitio. \u00a1Navega por las p\u00e1ginas de nuestro sitio web! Deber\u00eda encontrar todo lo que necesita, pero si no, \u00a1cont\u00e1ctenos! EntregaAlgarve.com{:}\",\"breadcrumb\":{\"@id\":\"https:\\\/\\\/deliveryalgarve.com\\\/es\\\/mapa-del-sitio\\\/#breadcrumb\"},\"inLanguage\":\"pt-PT\",\"potentialAction\":[{\"@type\":\"ReadAction\",\"target\":[\"https:\\\/\\\/deliveryalgarve.com\\\/es\\\/mapa-del-sitio\\\/\"]}]},{\"@type\":\"ImageObject\",\"inLanguage\":\"pt-PT\",\"@id\":\"https:\\\/\\\/deliveryalgarve.com\\\/es\\\/mapa-del-sitio\\\/#primaryimage\",\"url\":\"https:\\\/\\\/deliveryalgarve.com\\\/wp-content\\\/uploads\\\/2020\\\/12\\\/Sitemap-DeliveryAlgarve-OG01.jpg\",\"contentUrl\":\"https:\\\/\\\/deliveryalgarve.com\\\/wp-content\\\/uploads\\\/2020\\\/12\\\/Sitemap-DeliveryAlgarve-OG01.jpg\"},{\"@type\":\"BreadcrumbList\",\"@id\":\"https:\\\/\\\/deliveryalgarve.com\\\/es\\\/mapa-del-sitio\\\/#breadcrumb\",\"itemListElement\":[{\"@type\":\"ListItem\",\"position\":1,\"name\":\"Home\",\"item\":\"https:\\\/\\\/deliveryalgarve.com\\\/\"},{\"@type\":\"ListItem\",\"position\":2,\"name\":\"Mapa del Sitio\"}]},{\"@type\":\"WebSite\",\"@id\":\"https:\\\/\\\/deliveryalgarve.com\\\/es\\\/#website\",\"url\":\"https:\\\/\\\/deliveryalgarve.com\\\/es\\\/\",\"name\":\"DeliveryAlgarve.com\",\"description\":\"Remo\u00e7\u00e3o e armazenamento, Portugal, Espanha e Reino Unido.\",\"publisher\":{\"@id\":\"https:\\\/\\\/deliveryalgarve.com\\\/es\\\/#organization\"},\"potentialAction\":[{\"@type\":\"SearchAction\",\"target\":{\"@type\":\"EntryPoint\",\"urlTemplate\":\"https:\\\/\\\/deliveryalgarve.com\\\/es\\\/?s={search_term_string}\"},\"query-input\":{\"@type\":\"PropertyValueSpecification\",\"valueRequired\":true,\"valueName\":\"search_term_string\"}}],\"inLanguage\":\"pt-PT\"},{\"@type\":\"Organization\",\"@id\":\"https:\\\/\\\/deliveryalgarve.com\\\/es\\\/#organization\",\"name\":\"DeliveryAlgarve.com\",\"url\":\"https:\\\/\\\/deliveryalgarve.com\\\/es\\\/\",\"logo\":{\"@type\":\"ImageObject\",\"inLanguage\":\"pt-PT\",\"@id\":\"https:\\\/\\\/deliveryalgarve.com\\\/es\\\/#\\\/schema\\\/logo\\\/image\\\/\",\"url\":\"https:\\\/\\\/deliveryalgarve.com\\\/wp-content\\\/uploads\\\/2020\\\/10\\\/cropped-DeliveryAlgarveLogo01.jpg\",\"contentUrl\":\"https:\\\/\\\/deliveryalgarve.com\\\/wp-content\\\/uploads\\\/2020\\\/10\\\/cropped-DeliveryAlgarveLogo01.jpg\",\"width\":240,\"height\":240,\"caption\":\"DeliveryAlgarve.com\"},\"image\":{\"@id\":\"https:\\\/\\\/deliveryalgarve.com\\\/es\\\/#\\\/schema\\\/logo\\\/image\\\/\"}}]}<\/script>\n<!-- \/ Yoast SEO plugin. -->","yoast_head_json":{"title":"Mapa do site. Navegue por todas as p\u00e1ginas do nosso site! DeliveryAlgarve.com","description":"Mapa do site. Navegue pelas p\u00e1ginas do nosso site! Voc\u00ea deve encontrar tudo que precisa, mas se n\u00e3o, entre em contato conosco! DeliveryAlgarve.com","robots":{"index":"index","follow":"follow","max-snippet":"max-snippet:-1","max-image-preview":"max-image-preview:large","max-video-preview":"max-video-preview:-1"},"canonical":"https:\/\/deliveryalgarve.com\/es\/mapa-del-sitio\/","og_locale":"pt_PT","og_type":"article","og_title":"[:en]Sitemap.\u00a0 Browse all the pages of our website! DeliveryAlgarve.com[:pt]Mapa do site. Navegue por todas as p\u00e1ginas do nosso site! DeliveryAlgarve.com[:fr]Plan du site. Parcourez toutes les pages de notre site Web! DeliveryAlgarve.com[:es]Mapa del sitio. \u00a1Navega por todas las p\u00e1ginas de nuestro sitio web! EntregaAlgarve.com[:]","og_description":"{:en}Sitemap.\u00a0 Browse the pages of our website!\u00a0 You should find everything you need, but if not, just contact us! DeliveryAlgarve.com{:pt}Mapa do site. Navegue pelas p\u00e1ginas do nosso site! Voc\u00ea deve encontrar tudo que precisa, mas se n\u00e3o, entre em contato conosco! DeliveryAlgarve.com{:fr}Plan du site. Parcourez les pages de notre site Web! Vous devriez trouver tout ce dont vous avez besoin, mais sinon, contactez-nous! DeliveryAlgarve.com{:es}Mapa del sitio. \u00a1Navega por las p\u00e1ginas de nuestro sitio web! Deber\u00eda encontrar todo lo que necesita, pero si no, \u00a1cont\u00e1ctenos! EntregaAlgarve.com{:}","og_url":"https:\/\/deliveryalgarve.com\/es\/mapa-del-sitio\/","og_site_name":"DeliveryAlgarve.com","article_modified_time":"2024-01-07T12:49:04+00:00","og_image":[{"url":"https:\/\/deliveryalgarve.com\/wp-content\/uploads\/2020\/12\/Sitemap-DeliveryAlgarve-OG01.jpg","type":"","width":"","height":""}],"twitter_card":"summary_large_image","twitter_misc":{"Tempo estimado de leitura":"1 minuto"},"schema":{"@context":"https:\/\/schema.org","@graph":[{"@type":"WebPage","@id":"https:\/\/deliveryalgarve.com\/es\/mapa-del-sitio\/","url":"https:\/\/deliveryalgarve.com\/es\/mapa-del-sitio\/","name":"[:en]Sitemap.\u00a0 Browse all the pages of our website! DeliveryAlgarve.com[:pt]Mapa do site. Navegue por todas as p\u00e1ginas do nosso site! DeliveryAlgarve.com[:fr]Plan du site. Parcourez toutes les pages de notre site Web! DeliveryAlgarve.com[:es]Mapa del sitio. \u00a1Navega por todas las p\u00e1ginas de nuestro sitio web! EntregaAlgarve.com[:]","isPartOf":{"@id":"https:\/\/deliveryalgarve.com\/es\/#website"},"primaryImageOfPage":{"@id":"https:\/\/deliveryalgarve.com\/es\/mapa-del-sitio\/#primaryimage"},"image":{"@id":"https:\/\/deliveryalgarve.com\/es\/mapa-del-sitio\/#primaryimage"},"thumbnailUrl":"https:\/\/deliveryalgarve.com\/wp-content\/uploads\/2020\/12\/Sitemap-DeliveryAlgarve-OG01.jpg","datePublished":"2020-10-27T11:15:09+00:00","dateModified":"2024-01-07T12:49:04+00:00","description":"{:en}Sitemap.\u00a0 Browse the pages of our website!\u00a0 You should find everything you need, but if not, just contact us! DeliveryAlgarve.com{:pt}Mapa do site. Navegue pelas p\u00e1ginas do nosso site! Voc\u00ea deve encontrar tudo que precisa, mas se n\u00e3o, entre em contato conosco! DeliveryAlgarve.com{:fr}Plan du site. Parcourez les pages de notre site Web! Vous devriez trouver tout ce dont vous avez besoin, mais sinon, contactez-nous! DeliveryAlgarve.com{:es}Mapa del sitio. \u00a1Navega por las p\u00e1ginas de nuestro sitio web! Deber\u00eda encontrar todo lo que necesita, pero si no, \u00a1cont\u00e1ctenos! EntregaAlgarve.com{:}","breadcrumb":{"@id":"https:\/\/deliveryalgarve.com\/es\/mapa-del-sitio\/#breadcrumb"},"inLanguage":"pt-PT","potentialAction":[{"@type":"ReadAction","target":["https:\/\/deliveryalgarve.com\/es\/mapa-del-sitio\/"]}]},{"@type":"ImageObject","inLanguage":"pt-PT","@id":"https:\/\/deliveryalgarve.com\/es\/mapa-del-sitio\/#primaryimage","url":"https:\/\/deliveryalgarve.com\/wp-content\/uploads\/2020\/12\/Sitemap-DeliveryAlgarve-OG01.jpg","contentUrl":"https:\/\/deliveryalgarve.com\/wp-content\/uploads\/2020\/12\/Sitemap-DeliveryAlgarve-OG01.jpg"},{"@type":"BreadcrumbList","@id":"https:\/\/deliveryalgarve.com\/es\/mapa-del-sitio\/#breadcrumb","itemListElement":[{"@type":"ListItem","position":1,"name":"Home","item":"https:\/\/deliveryalgarve.com\/"},{"@type":"ListItem","position":2,"name":"Mapa del Sitio"}]},{"@type":"WebSite","@id":"https:\/\/deliveryalgarve.com\/es\/#website","url":"https:\/\/deliveryalgarve.com\/es\/","name":"DeliveryAlgarve.com","description":"Remo\u00e7\u00e3o e armazenamento, Portugal, Espanha e Reino Unido.","publisher":{"@id":"https:\/\/deliveryalgarve.com\/es\/#organization"},"potentialAction":[{"@type":"SearchAction","target":{"@type":"EntryPoint","urlTemplate":"https:\/\/deliveryalgarve.com\/es\/?s={search_term_string}"},"query-input":{"@type":"PropertyValueSpecification","valueRequired":true,"valueName":"search_term_string"}}],"inLanguage":"pt-PT"},{"@type":"Organization","@id":"https:\/\/deliveryalgarve.com\/es\/#organization","name":"DeliveryAlgarve.com","url":"https:\/\/deliveryalgarve.com\/es\/","logo":{"@type":"ImageObject","inLanguage":"pt-PT","@id":"https:\/\/deliveryalgarve.com\/es\/#\/schema\/logo\/image\/","url":"https:\/\/deliveryalgarve.com\/wp-content\/uploads\/2020\/10\/cropped-DeliveryAlgarveLogo01.jpg","contentUrl":"https:\/\/deliveryalgarve.com\/wp-content\/uploads\/2020\/10\/cropped-DeliveryAlgarveLogo01.jpg","width":240,"height":240,"caption":"DeliveryAlgarve.com"},"image":{"@id":"https:\/\/deliveryalgarve.com\/es\/#\/schema\/logo\/image\/"}}]}},"_links":{"self":[{"href":"https:\/\/deliveryalgarve.com\/pt\/wp-json\/wp\/v2\/pages\/168","targetHints":{"allow":["GET"]}}],"collection":[{"href":"https:\/\/deliveryalgarve.com\/pt\/wp-json\/wp\/v2\/pages"}],"about":[{"href":"https:\/\/deliveryalgarve.com\/pt\/wp-json\/wp\/v2\/types\/page"}],"author":[{"embeddable":true,"href":"https:\/\/deliveryalgarve.com\/pt\/wp-json\/wp\/v2\/users\/1"}],"replies":[{"embeddable":true,"href":"https:\/\/deliveryalgarve.com\/pt\/wp-json\/wp\/v2\/comments?post=168"}],"version-history":[{"count":12,"href":"https:\/\/deliveryalgarve.com\/pt\/wp-json\/wp\/v2\/pages\/168\/revisions"}],"predecessor-version":[{"id":455,"href":"https:\/\/deliveryalgarve.com\/pt\/wp-json\/wp\/v2\/pages\/168\/revisions\/455"}],"wp:attachment":[{"href":"https:\/\/deliveryalgarve.com\/pt\/wp-json\/wp\/v2\/media?parent=168"}],"curies":[{"name":"wp","href":"https:\/\/api.w.org\/{rel}","templated":true}]}}