{"id":20,"date":"2020-09-23T10:31:23","date_gmt":"2020-09-23T10:31:23","guid":{"rendered":"https:\/\/deliveryalgarve.com\/?page_id=20"},"modified":"2024-04-08T16:20:03","modified_gmt":"2024-04-08T16:20:03","slug":"international-removals","status":"publish","type":"page","link":"https:\/\/deliveryalgarve.com\/pt\/remocoes-internacionais\/","title":{"rendered":"Remo\u00e7\u00f5es Internacionais"},"content":{"rendered":"<p><strong>Na Delivery Algarve, podemos oferecer or\u00e7amentos particularmente competitivos para as suas remo\u00e7\u00f5es e armazenamento, para que possa come\u00e7ar a trabalhar a qualquer momento, sabendo que est\u00e1 em boas m\u00e3os. Ao mesmo tempo, voc\u00ea pode planejar sua tarefa de remo\u00e7\u00e3o internacional com meses de anteced\u00eancia. Ficamos felizes em trabalhar com sua programa\u00e7\u00e3o e sempre prontos para entrar em a\u00e7\u00e3o.<\/strong><\/p>\r\n\r\n\r\n\r\n<h2 class=\"wp-block-heading\">Remo\u00e7\u00f5es internacionais com um transportador confi\u00e1vel<\/h2>\r\n<p>Deixe-nos ajud\u00e1-lo a se preparar para uma mudan\u00e7a tranquila e bem-sucedida! Esteja voc\u00ea se mudando do Reino Unido para a Europa ou de volta, n\u00f3s o acompanhamos desde a partida at\u00e9 a chegada. Nossa rede de recursos locais nos permite fornecer servi\u00e7os da mais alta qualidade do in\u00edcio ao fim.<\/p>\r\n<p><em>Desfrute de paz de esp\u00edrito com a sua mudan\u00e7a para a Europa com DeliveryAlgarve.com.<\/em><\/p>\r\n\n<div class=\"wpcf7 no-js\" id=\"wpcf7-f112-o2\" lang=\"en-US\" dir=\"ltr\" data-wpcf7-id=\"112\">\n<div class=\"screen-reader-response\"><p role=\"status\" aria-live=\"polite\" aria-atomic=\"true\"><\/p> <ul><\/ul><\/div>\n<form action=\"\/pt\/wp-json\/wp\/v2\/pages\/20#wpcf7-f112-o2\" method=\"post\" class=\"wpcf7-form init\" aria-label=\"Contact form\" novalidate=\"novalidate\" data-status=\"init\">\n<fieldset class=\"hidden-fields-container\"><input type=\"hidden\" name=\"_wpcf7\" value=\"112\" \/><input type=\"hidden\" name=\"_wpcf7_version\" value=\"6.1.5\" \/><input type=\"hidden\" name=\"_wpcf7_locale\" value=\"en_US\" \/><input type=\"hidden\" name=\"_wpcf7_unit_tag\" value=\"wpcf7-f112-o2\" \/><input type=\"hidden\" name=\"_wpcf7_container_post\" value=\"0\" \/><input type=\"hidden\" name=\"_wpcf7_posted_data_hash\" value=\"\" \/>\n<\/fieldset>\n<div id=\"quote\">\n\t<h3>Cota\u00e7\u00e3o de Remo\u00e7\u00f5es\n\t<\/h3>\n\t<p>Fale um pouco sobre suas necessidades de remo\u00e7\u00e3o e entraremos em contato com voc\u00ea!\n\t<\/p>\n\t<p><span class=\"wpcf7-form-control-wrap\" data-name=\"daq-name\"><input size=\"40\" maxlength=\"400\" class=\"wpcf7-form-control wpcf7-text wpcf7-validates-as-required daq\" aria-required=\"true\" aria-invalid=\"false\" placeholder=\"seu nome\" value=\"\" type=\"text\" name=\"daq-name\" \/><\/span><br \/>\n<span class=\"wpcf7-form-control-wrap\" data-name=\"daq-email\"><input size=\"40\" maxlength=\"400\" class=\"wpcf7-form-control wpcf7-email wpcf7-validates-as-required wpcf7-text wpcf7-validates-as-email daq\" aria-required=\"true\" aria-invalid=\"false\" placeholder=\"seu endere\u00e7o de email\" value=\"\" type=\"email\" name=\"daq-email\" \/><\/span><br \/>\n<span class=\"wpcf7-form-control-wrap\" data-name=\"daq-phone\"><input size=\"40\" maxlength=\"400\" class=\"wpcf7-form-control wpcf7-tel wpcf7-text wpcf7-validates-as-tel daq\" aria-invalid=\"false\" placeholder=\"um n\u00famero de telefone?\" value=\"\" type=\"tel\" name=\"daq-phone\" \/><\/span><br \/>\n<span class=\"wpcf7-form-control-wrap\" data-name=\"daq-from\"><input size=\"40\" maxlength=\"400\" class=\"wpcf7-form-control wpcf7-text wpcf7-validates-as-required daq\" aria-required=\"true\" aria-invalid=\"false\" placeholder=\"coleta de (inclua um c\u00f3digo postal e pa\u00eds)\" value=\"\" type=\"text\" name=\"daq-from\" \/><\/span><br \/>\n<span class=\"wpcf7-form-control-wrap\" data-name=\"daq-to\"><input size=\"40\" maxlength=\"400\" class=\"wpcf7-form-control wpcf7-text wpcf7-validates-as-required daq\" aria-required=\"true\" aria-invalid=\"false\" placeholder=\"entrega para (como acima)\" value=\"\" type=\"text\" name=\"daq-to\" \/><\/span><br \/>\n<span class=\"wpcf7-form-control-wrap\" data-name=\"daq-date\"><input size=\"40\" maxlength=\"400\" class=\"wpcf7-form-control wpcf7-text wpcf7-validates-as-required daq\" aria-required=\"true\" aria-invalid=\"false\" placeholder=\"data aproximada necess\u00e1ria\" value=\"\" type=\"text\" name=\"daq-date\" \/><\/span><br \/>\n<span class=\"wpcf7-form-control-wrap\" data-name=\"daq-types\"><span class=\"wpcf7-form-control wpcf7-checkbox daq\"><span class=\"wpcf7-list-item first\"><label><input type=\"checkbox\" name=\"daq-types[]\" value=\"Remo\u00e7\u00f5es gerais e dom\u00e9sticas\" \/><span class=\"wpcf7-list-item-label\">Remo\u00e7\u00f5es gerais e dom\u00e9sticas<\/span><\/label><\/span><span class=\"wpcf7-list-item\"><label><input type=\"checkbox\" name=\"daq-types[]\" value=\"Equipamento comercial\" \/><span class=\"wpcf7-list-item-label\">Equipamento comercial<\/span><\/label><\/span><span class=\"wpcf7-list-item\"><label><input type=\"checkbox\" name=\"daq-types[]\" value=\"Carro, barco, etc.\" \/><span class=\"wpcf7-list-item-label\">Carro, barco, etc.<\/span><\/label><\/span><span class=\"wpcf7-list-item last\"><label><input type=\"checkbox\" name=\"daq-types[]\" value=\"Motocicleta (s)\" \/><span class=\"wpcf7-list-item-label\">Motocicleta (s)<\/span><\/label><\/span><\/span><\/span><br \/>\n<span class=\"wpcf7-form-control-wrap\" data-name=\"daq-message\"><textarea cols=\"40\" rows=\"10\" maxlength=\"2000\" class=\"wpcf7-form-control wpcf7-textarea daq\" aria-invalid=\"false\" placeholder=\"quaisquer outros detalhes. quanto mais voc\u00ea nos conta, mais podemos ajudar!\" name=\"daq-message\"><\/textarea><\/span><br \/>\n<span class=\"wpcf7-form-control-wrap\" data-name=\"capital-quiz\"><label><span class=\"wpcf7-quiz-label\">Para parar os spammers... Voc\u00ea poderia nos dizer qual \u00e9 o n\u00famero maior... 3 ou 4?<\/span> <input size=\"40\" class=\"wpcf7-form-control wpcf7-quiz\" autocomplete=\"off\" aria-required=\"true\" aria-invalid=\"false\" type=\"text\" name=\"capital-quiz\" \/><\/label><input type=\"hidden\" name=\"_wpcf7_quiz_answer_capital-quiz\" value=\"6418842b41c066b6827ae3c56282a02a\" \/><\/span><br \/>\n<input class=\"wpcf7-form-control wpcf7-submit has-spinner daq\" type=\"submit\" value=\"Clique para enviar!\" \/>\n\t<\/p>\n<\/div><div class=\"wpcf7-response-output\" aria-hidden=\"true\"><\/div>\n<\/form>\n<\/div>\n\r\n\r\n\r\n\r\n<h3 class=\"wp-block-heading\">Remo\u00e7\u00f5es internacionais confi\u00e1veis entre o Reino Unido e Portugal<\/h3>\r\n<p>Podemos transportar seus pertences dom\u00e9sticos e ve\u00edculos juntos de uma s\u00f3 vez. Atualmente transportamos contentores e ve\u00edculos entre o Reino Unido e Portugal. Com nossos parceiros em Cars-Go-Transport.com, enviamos qualquer coisa, desde carros cl\u00e1ssicos, 4x4s, motocicletas, bicicletas off road, jet skis, pequenos barcos, quadriciclos, bicicletas de estrada, MPVs e vans.<\/p>\r\n<h3>Remo\u00e7\u00f5es europeias<\/h3>\r\n<p>Esteja voc\u00ea se mudando para a Europa para um novo emprego, para come\u00e7ar uma nova vida em outro pa\u00eds ou para desfrutar da sua aposentadoria, a DeliveryAlgarve.com tem a experi\u00eancia e o conhecimento local para cuidar de todo o processo de remo\u00e7\u00e3o.<\/p>\r\n<p>DeliveryAlgarve.com \u00e9 uma empresa especializada em mudan\u00e7as no Reino Unido \/ Portugal e pode fornecer solu\u00e7\u00f5es de armazenamento local no Algarve ou Noroeste da Inglaterra, quando necess\u00e1rio.<\/p>\r\n<p>Se voc\u00ea est\u00e1 pensando em fazer uma grande mudan\u00e7a para a Europa &#8211; ou voltar! &#8211; ent\u00e3o fale conosco!<\/p>\r\n\r\n<p>&nbsp;<\/p>","protected":false},"excerpt":{"rendered":"<p>Chez Delivery Algarve, nous pouvons vous proposer des devis particuli\u00e8rement comp\u00e9titifs pour vos d\u00e9m\u00e9nagements et votre stockage, afin que vous puissiez vous d\u00e9placer \u00e0 tout moment, sachant que vous \u00eates entre de bonnes mains. En m\u00eame temps, vous pouvez planifier votre t\u00e2che de d\u00e9m\u00e9nagement international des mois \u00e0 l&#8217;avance. Nous sommes heureux de travailler avec votre emploi du temps et sommes toujours pr\u00eats \u00e0 passer \u00e0 l&#8217;action.<\/p>\n","protected":false},"author":1,"featured_media":0,"parent":0,"menu_order":10,"comment_status":"closed","ping_status":"closed","template":"","meta":{"footnotes":""},"class_list":["post-20","page","type-page","status-publish","hentry"],"yoast_head":"<!-- This site is optimized with the Yoast SEO plugin v27.5 - https:\/\/yoast.com\/product\/yoast-seo-wordpress\/ -->\n<title>Remo\u00e7\u00f5es internacionais. Servi\u00e7os de transporte, Reino Unido e Europa.<\/title>\n<meta name=\"description\" content=\"Mudan\u00e7as internacionais entre o Reino Unido e Portugal. Um servi\u00e7o de mudan\u00e7as internacionais confi\u00e1vel e de baixo custo.\" \/>\n<meta name=\"robots\" content=\"index, follow, max-snippet:-1, max-image-preview:large, max-video-preview:-1\" \/>\n<link rel=\"canonical\" href=\"https:\/\/deliveryalgarve.com\/es\/mudanzas-internacionales\/\" \/>\n<meta property=\"og:locale\" content=\"pt_PT\" \/>\n<meta property=\"og:type\" content=\"article\" \/>\n<meta property=\"og:title\" content=\"[:en]International Removals. Transport Services, United Kingdom &amp; Europe.[:pt]Remo\u00e7\u00f5es internacionais. Servi\u00e7os de transporte, Reino Unido e Europa.[:fr]D\u00e9m\u00e9nagements internationaux. Services de transport, Royaume-Uni et Europe.[:]\" \/>\n<meta property=\"og:description\" content=\"{:en}International Removals between the United Kingdom and Portugal. A reliable and cost-effective international removals service.{:pt}Mudan\u00e7as internacionais entre o Reino Unido e Portugal. Um servi\u00e7o de mudan\u00e7as internacionais confi\u00e1vel e de baixo custo.{:fr}D\u00e9m\u00e9nagements internationaux entre le Royaume-Uni et le Portugal. Un service de d\u00e9m\u00e9nagement international fiable et \u00e9conomique.{:}\" \/>\n<meta property=\"og:url\" content=\"https:\/\/deliveryalgarve.com\/es\/mudanzas-internacionales\/\" \/>\n<meta property=\"og:site_name\" content=\"DeliveryAlgarve.com\" \/>\n<meta property=\"article:modified_time\" content=\"2024-04-08T16:20:03+00:00\" \/>\n<meta name=\"twitter:card\" content=\"summary_large_image\" \/>\n<meta name=\"twitter:label1\" content=\"Tempo estimado de leitura\" \/>\n\t<meta name=\"twitter:data1\" content=\"2 minutos\" \/>\n<script type=\"application\/ld+json\" class=\"yoast-schema-graph\">{\"@context\":\"https:\\\/\\\/schema.org\",\"@graph\":[{\"@type\":\"WebPage\",\"@id\":\"https:\\\/\\\/deliveryalgarve.com\\\/es\\\/mudanzas-internacionales\\\/\",\"url\":\"https:\\\/\\\/deliveryalgarve.com\\\/es\\\/mudanzas-internacionales\\\/\",\"name\":\"[:en]International Removals. Transport Services, United Kingdom & Europe.[:pt]Remo\u00e7\u00f5es internacionais. Servi\u00e7os de transporte, Reino Unido e Europa.[:fr]D\u00e9m\u00e9nagements internationaux. Services de transport, Royaume-Uni et Europe.[:]\",\"isPartOf\":{\"@id\":\"https:\\\/\\\/deliveryalgarve.com\\\/es\\\/#website\"},\"datePublished\":\"2020-09-23T10:31:23+00:00\",\"dateModified\":\"2024-04-08T16:20:03+00:00\",\"description\":\"{:en}International Removals between the United Kingdom and Portugal. A reliable and cost-effective international removals service.{:pt}Mudan\u00e7as internacionais entre o Reino Unido e Portugal. Um servi\u00e7o de mudan\u00e7as internacionais confi\u00e1vel e de baixo custo.{:fr}D\u00e9m\u00e9nagements internationaux entre le Royaume-Uni et le Portugal. Un service de d\u00e9m\u00e9nagement international fiable et \u00e9conomique.{:}\",\"breadcrumb\":{\"@id\":\"https:\\\/\\\/deliveryalgarve.com\\\/es\\\/mudanzas-internacionales\\\/#breadcrumb\"},\"inLanguage\":\"pt-PT\",\"potentialAction\":[{\"@type\":\"ReadAction\",\"target\":[\"https:\\\/\\\/deliveryalgarve.com\\\/es\\\/mudanzas-internacionales\\\/\"]}]},{\"@type\":\"BreadcrumbList\",\"@id\":\"https:\\\/\\\/deliveryalgarve.com\\\/es\\\/mudanzas-internacionales\\\/#breadcrumb\",\"itemListElement\":[{\"@type\":\"ListItem\",\"position\":1,\"name\":\"Home\",\"item\":\"https:\\\/\\\/deliveryalgarve.com\\\/\"},{\"@type\":\"ListItem\",\"position\":2,\"name\":\"Mudanzas Internacionales\"}]},{\"@type\":\"WebSite\",\"@id\":\"https:\\\/\\\/deliveryalgarve.com\\\/es\\\/#website\",\"url\":\"https:\\\/\\\/deliveryalgarve.com\\\/es\\\/\",\"name\":\"DeliveryAlgarve.com\",\"description\":\"Remo\u00e7\u00e3o e armazenamento, Portugal, Espanha e Reino Unido.\",\"publisher\":{\"@id\":\"https:\\\/\\\/deliveryalgarve.com\\\/es\\\/#organization\"},\"potentialAction\":[{\"@type\":\"SearchAction\",\"target\":{\"@type\":\"EntryPoint\",\"urlTemplate\":\"https:\\\/\\\/deliveryalgarve.com\\\/es\\\/?s={search_term_string}\"},\"query-input\":{\"@type\":\"PropertyValueSpecification\",\"valueRequired\":true,\"valueName\":\"search_term_string\"}}],\"inLanguage\":\"pt-PT\"},{\"@type\":\"Organization\",\"@id\":\"https:\\\/\\\/deliveryalgarve.com\\\/es\\\/#organization\",\"name\":\"DeliveryAlgarve.com\",\"url\":\"https:\\\/\\\/deliveryalgarve.com\\\/es\\\/\",\"logo\":{\"@type\":\"ImageObject\",\"inLanguage\":\"pt-PT\",\"@id\":\"https:\\\/\\\/deliveryalgarve.com\\\/es\\\/#\\\/schema\\\/logo\\\/image\\\/\",\"url\":\"https:\\\/\\\/deliveryalgarve.com\\\/wp-content\\\/uploads\\\/2020\\\/10\\\/cropped-DeliveryAlgarveLogo01.jpg\",\"contentUrl\":\"https:\\\/\\\/deliveryalgarve.com\\\/wp-content\\\/uploads\\\/2020\\\/10\\\/cropped-DeliveryAlgarveLogo01.jpg\",\"width\":240,\"height\":240,\"caption\":\"DeliveryAlgarve.com\"},\"image\":{\"@id\":\"https:\\\/\\\/deliveryalgarve.com\\\/es\\\/#\\\/schema\\\/logo\\\/image\\\/\"}}]}<\/script>\n<!-- \/ Yoast SEO plugin. -->","yoast_head_json":{"title":"Remo\u00e7\u00f5es internacionais. Servi\u00e7os de transporte, Reino Unido e Europa.","description":"Mudan\u00e7as internacionais entre o Reino Unido e Portugal. Um servi\u00e7o de mudan\u00e7as internacionais confi\u00e1vel e de baixo custo.","robots":{"index":"index","follow":"follow","max-snippet":"max-snippet:-1","max-image-preview":"max-image-preview:large","max-video-preview":"max-video-preview:-1"},"canonical":"https:\/\/deliveryalgarve.com\/es\/mudanzas-internacionales\/","og_locale":"pt_PT","og_type":"article","og_title":"[:en]International Removals. Transport Services, United Kingdom & Europe.[:pt]Remo\u00e7\u00f5es internacionais. Servi\u00e7os de transporte, Reino Unido e Europa.[:fr]D\u00e9m\u00e9nagements internationaux. Services de transport, Royaume-Uni et Europe.[:]","og_description":"{:en}International Removals between the United Kingdom and Portugal. A reliable and cost-effective international removals service.{:pt}Mudan\u00e7as internacionais entre o Reino Unido e Portugal. Um servi\u00e7o de mudan\u00e7as internacionais confi\u00e1vel e de baixo custo.{:fr}D\u00e9m\u00e9nagements internationaux entre le Royaume-Uni et le Portugal. Un service de d\u00e9m\u00e9nagement international fiable et \u00e9conomique.{:}","og_url":"https:\/\/deliveryalgarve.com\/es\/mudanzas-internacionales\/","og_site_name":"DeliveryAlgarve.com","article_modified_time":"2024-04-08T16:20:03+00:00","twitter_card":"summary_large_image","twitter_misc":{"Tempo estimado de leitura":"2 minutos"},"schema":{"@context":"https:\/\/schema.org","@graph":[{"@type":"WebPage","@id":"https:\/\/deliveryalgarve.com\/es\/mudanzas-internacionales\/","url":"https:\/\/deliveryalgarve.com\/es\/mudanzas-internacionales\/","name":"[:en]International Removals. Transport Services, United Kingdom & Europe.[:pt]Remo\u00e7\u00f5es internacionais. Servi\u00e7os de transporte, Reino Unido e Europa.[:fr]D\u00e9m\u00e9nagements internationaux. Services de transport, Royaume-Uni et Europe.[:]","isPartOf":{"@id":"https:\/\/deliveryalgarve.com\/es\/#website"},"datePublished":"2020-09-23T10:31:23+00:00","dateModified":"2024-04-08T16:20:03+00:00","description":"{:en}International Removals between the United Kingdom and Portugal. A reliable and cost-effective international removals service.{:pt}Mudan\u00e7as internacionais entre o Reino Unido e Portugal. Um servi\u00e7o de mudan\u00e7as internacionais confi\u00e1vel e de baixo custo.{:fr}D\u00e9m\u00e9nagements internationaux entre le Royaume-Uni et le Portugal. Un service de d\u00e9m\u00e9nagement international fiable et \u00e9conomique.{:}","breadcrumb":{"@id":"https:\/\/deliveryalgarve.com\/es\/mudanzas-internacionales\/#breadcrumb"},"inLanguage":"pt-PT","potentialAction":[{"@type":"ReadAction","target":["https:\/\/deliveryalgarve.com\/es\/mudanzas-internacionales\/"]}]},{"@type":"BreadcrumbList","@id":"https:\/\/deliveryalgarve.com\/es\/mudanzas-internacionales\/#breadcrumb","itemListElement":[{"@type":"ListItem","position":1,"name":"Home","item":"https:\/\/deliveryalgarve.com\/"},{"@type":"ListItem","position":2,"name":"Mudanzas Internacionales"}]},{"@type":"WebSite","@id":"https:\/\/deliveryalgarve.com\/es\/#website","url":"https:\/\/deliveryalgarve.com\/es\/","name":"DeliveryAlgarve.com","description":"Remo\u00e7\u00e3o e armazenamento, Portugal, Espanha e Reino Unido.","publisher":{"@id":"https:\/\/deliveryalgarve.com\/es\/#organization"},"potentialAction":[{"@type":"SearchAction","target":{"@type":"EntryPoint","urlTemplate":"https:\/\/deliveryalgarve.com\/es\/?s={search_term_string}"},"query-input":{"@type":"PropertyValueSpecification","valueRequired":true,"valueName":"search_term_string"}}],"inLanguage":"pt-PT"},{"@type":"Organization","@id":"https:\/\/deliveryalgarve.com\/es\/#organization","name":"DeliveryAlgarve.com","url":"https:\/\/deliveryalgarve.com\/es\/","logo":{"@type":"ImageObject","inLanguage":"pt-PT","@id":"https:\/\/deliveryalgarve.com\/es\/#\/schema\/logo\/image\/","url":"https:\/\/deliveryalgarve.com\/wp-content\/uploads\/2020\/10\/cropped-DeliveryAlgarveLogo01.jpg","contentUrl":"https:\/\/deliveryalgarve.com\/wp-content\/uploads\/2020\/10\/cropped-DeliveryAlgarveLogo01.jpg","width":240,"height":240,"caption":"DeliveryAlgarve.com"},"image":{"@id":"https:\/\/deliveryalgarve.com\/es\/#\/schema\/logo\/image\/"}}]}},"_links":{"self":[{"href":"https:\/\/deliveryalgarve.com\/pt\/wp-json\/wp\/v2\/pages\/20","targetHints":{"allow":["GET"]}}],"collection":[{"href":"https:\/\/deliveryalgarve.com\/pt\/wp-json\/wp\/v2\/pages"}],"about":[{"href":"https:\/\/deliveryalgarve.com\/pt\/wp-json\/wp\/v2\/types\/page"}],"author":[{"embeddable":true,"href":"https:\/\/deliveryalgarve.com\/pt\/wp-json\/wp\/v2\/users\/1"}],"replies":[{"embeddable":true,"href":"https:\/\/deliveryalgarve.com\/pt\/wp-json\/wp\/v2\/comments?post=20"}],"version-history":[{"count":14,"href":"https:\/\/deliveryalgarve.com\/pt\/wp-json\/wp\/v2\/pages\/20\/revisions"}],"predecessor-version":[{"id":488,"href":"https:\/\/deliveryalgarve.com\/pt\/wp-json\/wp\/v2\/pages\/20\/revisions\/488"}],"wp:attachment":[{"href":"https:\/\/deliveryalgarve.com\/pt\/wp-json\/wp\/v2\/media?parent=20"}],"curies":[{"name":"wp","href":"https:\/\/api.w.org\/{rel}","templated":true}]}}