{"id":37,"date":"2020-09-23T11:14:42","date_gmt":"2020-09-23T11:14:42","guid":{"rendered":"https:\/\/deliveryalgarve.com\/?page_id=37"},"modified":"2024-04-08T16:24:02","modified_gmt":"2024-04-08T16:24:02","slug":"motorcycle-transport-uk-portugal","status":"publish","type":"page","link":"https:\/\/deliveryalgarve.com\/pt\/transporte-de-motocicleta\/","title":{"rendered":"Motorcycle Transport, UK\/Portugal"},"content":{"rendered":"<p><strong>Transporte de Motos, Reino Unido \/ Portugal. DeliveryAlgarve.com oferece um servi\u00e7o fi\u00e1vel e profissional de transporte, entrega e recolha de motociclos entre o Reino Unido e Portugal, para al\u00e9m de outros pa\u00edses europeus mediante pedido especial.<\/strong><\/p>\n<figure id=\"attachment_246\" aria-describedby=\"caption-attachment-246\" style=\"width: 1200px\" class=\"wp-caption alignnone\"><img loading=\"lazy\" decoding=\"async\" class=\"wp-image-246 size-full\" src=\"https:\/\/deliveryalgarve.com\/wp-content\/uploads\/2020\/12\/Transporte-de-motocicleta-Reino-Unido-Portugal-DeliveryAlgarve-OG01.jpg\" alt=\"Transporte de motocicleta Reino Unido Portugal - DeliveryAlgarve OG01\" width=\"1200\" height=\"630\" srcset=\"https:\/\/deliveryalgarve.com\/wp-content\/uploads\/2020\/12\/Transporte-de-motocicleta-Reino-Unido-Portugal-DeliveryAlgarve-OG01.jpg 1200w, https:\/\/deliveryalgarve.com\/wp-content\/uploads\/2020\/12\/Transporte-de-motocicleta-Reino-Unido-Portugal-DeliveryAlgarve-OG01-300x158.jpg 300w, https:\/\/deliveryalgarve.com\/wp-content\/uploads\/2020\/12\/Transporte-de-motocicleta-Reino-Unido-Portugal-DeliveryAlgarve-OG01-1024x538.jpg 1024w, https:\/\/deliveryalgarve.com\/wp-content\/uploads\/2020\/12\/Transporte-de-motocicleta-Reino-Unido-Portugal-DeliveryAlgarve-OG01-768x403.jpg 768w, https:\/\/deliveryalgarve.com\/wp-content\/uploads\/2020\/12\/Transporte-de-motocicleta-Reino-Unido-Portugal-DeliveryAlgarve-OG01-1x1.jpg 1w\" sizes=\"auto, (max-width: 1200px) 100vw, 1200px\" \/><figcaption id=\"caption-attachment-246\" class=\"wp-caption-text\">Transporte de motocicleta Reino Unido Portugal &#8211; DeliveryAlgarve.com<\/figcaption><\/figure>\n<h2>Transporte de motocicleta, Reino Unido \/ Portugal<\/h2>\n<p>A DeliveryAlgarve.com \u00e9 especializada no transporte de motociclos, porta a porta se necess\u00e1rio, com o m\u00ednimo de barulho e m\u00e1ximo cuidado! Tamb\u00e9m oferecemos este servi\u00e7o para scooters, quadriciclos, quadriciclos, carros laterais e qualquer outra atividade relacionada com motocicletas.<\/p>\n<p>Desfrute de paz de esp\u00edrito com o seu transporte de motocicleta europeia com DeliveryAlgarve.com.<\/p>\n\n<div class=\"wpcf7 no-js\" id=\"wpcf7-f112-o2\" lang=\"en-US\" dir=\"ltr\" data-wpcf7-id=\"112\">\n<div class=\"screen-reader-response\"><p role=\"status\" aria-live=\"polite\" aria-atomic=\"true\"><\/p> <ul><\/ul><\/div>\n<form action=\"\/pt\/wp-json\/wp\/v2\/pages\/37#wpcf7-f112-o2\" method=\"post\" class=\"wpcf7-form init\" aria-label=\"Contact form\" novalidate=\"novalidate\" data-status=\"init\">\n<fieldset class=\"hidden-fields-container\"><input type=\"hidden\" name=\"_wpcf7\" value=\"112\" \/><input type=\"hidden\" name=\"_wpcf7_version\" value=\"6.1.5\" \/><input type=\"hidden\" name=\"_wpcf7_locale\" value=\"en_US\" \/><input type=\"hidden\" name=\"_wpcf7_unit_tag\" value=\"wpcf7-f112-o2\" \/><input type=\"hidden\" name=\"_wpcf7_container_post\" value=\"0\" \/><input type=\"hidden\" name=\"_wpcf7_posted_data_hash\" value=\"\" \/>\n<\/fieldset>\n<div id=\"quote\">\n\t<h3>Cota\u00e7\u00e3o de Remo\u00e7\u00f5es\n\t<\/h3>\n\t<p>Fale um pouco sobre suas necessidades de remo\u00e7\u00e3o e entraremos em contato com voc\u00ea!\n\t<\/p>\n\t<p><span class=\"wpcf7-form-control-wrap\" data-name=\"daq-name\"><input size=\"40\" maxlength=\"400\" class=\"wpcf7-form-control wpcf7-text wpcf7-validates-as-required daq\" aria-required=\"true\" aria-invalid=\"false\" placeholder=\"seu nome\" value=\"\" type=\"text\" name=\"daq-name\" \/><\/span><br \/>\n<span class=\"wpcf7-form-control-wrap\" data-name=\"daq-email\"><input size=\"40\" maxlength=\"400\" class=\"wpcf7-form-control wpcf7-email wpcf7-validates-as-required wpcf7-text wpcf7-validates-as-email daq\" aria-required=\"true\" aria-invalid=\"false\" placeholder=\"seu endere\u00e7o de email\" value=\"\" type=\"email\" name=\"daq-email\" \/><\/span><br \/>\n<span class=\"wpcf7-form-control-wrap\" data-name=\"daq-phone\"><input size=\"40\" maxlength=\"400\" class=\"wpcf7-form-control wpcf7-tel wpcf7-text wpcf7-validates-as-tel daq\" aria-invalid=\"false\" placeholder=\"um n\u00famero de telefone?\" value=\"\" type=\"tel\" name=\"daq-phone\" \/><\/span><br \/>\n<span class=\"wpcf7-form-control-wrap\" data-name=\"daq-from\"><input size=\"40\" maxlength=\"400\" class=\"wpcf7-form-control wpcf7-text wpcf7-validates-as-required daq\" aria-required=\"true\" aria-invalid=\"false\" placeholder=\"coleta de (inclua um c\u00f3digo postal e pa\u00eds)\" value=\"\" type=\"text\" name=\"daq-from\" \/><\/span><br \/>\n<span class=\"wpcf7-form-control-wrap\" data-name=\"daq-to\"><input size=\"40\" maxlength=\"400\" class=\"wpcf7-form-control wpcf7-text wpcf7-validates-as-required daq\" aria-required=\"true\" aria-invalid=\"false\" placeholder=\"entrega para (como acima)\" value=\"\" type=\"text\" name=\"daq-to\" \/><\/span><br \/>\n<span class=\"wpcf7-form-control-wrap\" data-name=\"daq-date\"><input size=\"40\" maxlength=\"400\" class=\"wpcf7-form-control wpcf7-text wpcf7-validates-as-required daq\" aria-required=\"true\" aria-invalid=\"false\" placeholder=\"data aproximada necess\u00e1ria\" value=\"\" type=\"text\" name=\"daq-date\" \/><\/span><br \/>\n<span class=\"wpcf7-form-control-wrap\" data-name=\"daq-types\"><span class=\"wpcf7-form-control wpcf7-checkbox daq\"><span class=\"wpcf7-list-item first\"><label><input type=\"checkbox\" name=\"daq-types[]\" value=\"Remo\u00e7\u00f5es gerais e dom\u00e9sticas\" \/><span class=\"wpcf7-list-item-label\">Remo\u00e7\u00f5es gerais e dom\u00e9sticas<\/span><\/label><\/span><span class=\"wpcf7-list-item\"><label><input type=\"checkbox\" name=\"daq-types[]\" value=\"Equipamento comercial\" \/><span class=\"wpcf7-list-item-label\">Equipamento comercial<\/span><\/label><\/span><span class=\"wpcf7-list-item\"><label><input type=\"checkbox\" name=\"daq-types[]\" value=\"Carro, barco, etc.\" \/><span class=\"wpcf7-list-item-label\">Carro, barco, etc.<\/span><\/label><\/span><span class=\"wpcf7-list-item last\"><label><input type=\"checkbox\" name=\"daq-types[]\" value=\"Motocicleta (s)\" \/><span class=\"wpcf7-list-item-label\">Motocicleta (s)<\/span><\/label><\/span><\/span><\/span><br \/>\n<span class=\"wpcf7-form-control-wrap\" data-name=\"daq-message\"><textarea cols=\"40\" rows=\"10\" maxlength=\"2000\" class=\"wpcf7-form-control wpcf7-textarea daq\" aria-invalid=\"false\" placeholder=\"quaisquer outros detalhes. quanto mais voc\u00ea nos conta, mais podemos ajudar!\" name=\"daq-message\"><\/textarea><\/span><br \/>\n<span class=\"wpcf7-form-control-wrap\" data-name=\"capital-quiz\"><label><span class=\"wpcf7-quiz-label\">Para parar os spammers... Voc\u00ea poderia nos dizer qual \u00e9 o n\u00famero maior... 3 ou 4?<\/span> <input size=\"40\" class=\"wpcf7-form-control wpcf7-quiz\" autocomplete=\"off\" aria-required=\"true\" aria-invalid=\"false\" type=\"text\" name=\"capital-quiz\" \/><\/label><input type=\"hidden\" name=\"_wpcf7_quiz_answer_capital-quiz\" value=\"6418842b41c066b6827ae3c56282a02a\" \/><\/span><br \/>\n<input class=\"wpcf7-form-control wpcf7-submit has-spinner daq\" type=\"submit\" value=\"Clique para enviar!\" \/>\n\t<\/p>\n<\/div><div class=\"wpcf7-response-output\" aria-hidden=\"true\"><\/div>\n<\/form>\n<\/div>\n\n<h3>Um servi\u00e7o confi\u00e1vel de transporte de motocicletas<\/h3>\n<p>Com quase 30 anos de experi\u00eancia na movimenta\u00e7\u00e3o de motos, quadriciclos, scooters &#8211; e muito mais &#8211; em toda a Europa, somos uma das empresas de transporte de motocicletas mais antigas em Portugal. Nossa simp\u00e1tica equipe est\u00e1 ao telefone (ou Whatsapp) para ajud\u00e1-lo com o seu transporte de motocicleta. Obtenha seu QUOTE r\u00e1pido e gr\u00e1tis agora!<\/p>\n<p>Sabemos exatamente a import\u00e2ncia da sua motocicleta para voc\u00ea e cuidamos ao m\u00e1ximo de todos os nossos ve\u00edculos transportados, com um servi\u00e7o de transporte de motocicletas confi\u00e1vel e profissional. Oferecemos-lhe tranquilidade durante todo o tr\u00e2nsito da sua amada bicicleta! Todas as nossas vans est\u00e3o totalmente equipadas para armazenar seu item com seguran\u00e7a.<\/p>\n<p>Temos orgulho de ter uma excelente reputa\u00e7\u00e3o com nossos muitos, muitos clientes existentes e oferecemos um servi\u00e7o de transporte e entrega de motocicletas porta-a-porta incompar\u00e1vel &#8211; a pre\u00e7os muito competitivos. Um servi\u00e7o amig\u00e1vel e personalizado com DeliveryAlgarve.com!<\/p>\n<p><a href=\"https:\/\/www.google.com\/maps\/place\/deliveryalgarve.com\/@37.1059289,-8.0794513,17z\/data=!3m1!4b1!4m5!3m4!1s0xd1ab5a58195c0f7:0xf44238318d13c7ef!8m2!3d37.1059246!4d-8.0772626\" target=\"_blank\" rel=\"noopener noreferrer\"><em>Encontre-nos no Google Maps!<\/em><\/a><\/p>","protected":false},"excerpt":{"rendered":"<p>Transporte de Motos, Reino Unido \/ Portugal. DeliveryAlgarve.com oferece um servi\u00e7o fi\u00e1vel e profissional de transporte, entrega e recolha de motociclos entre o Reino Unido e Portugal, para al\u00e9m de outros pa\u00edses europeus mediante pedido especial.<\/p>\n","protected":false},"author":1,"featured_media":0,"parent":0,"menu_order":72,"comment_status":"closed","ping_status":"closed","template":"","meta":{"footnotes":""},"class_list":["post-37","page","type-page","status-publish","hentry"],"yoast_head":"<!-- This site is optimized with the Yoast SEO plugin v27.5 - https:\/\/yoast.com\/product\/yoast-seo-wordpress\/ -->\n<title>Servi\u00e7os de transporte de motocicletas, Reino Unido e Portugal. DeliveryAlgarve.com<\/title>\n<meta name=\"description\" content=\"Servi\u00e7os de transporte de motocicletas. Oferecemos um servi\u00e7o fi\u00e1vel e profissional de transporte de motociclos entre o Reino Unido e Portugal.\" \/>\n<meta name=\"robots\" content=\"index, follow, max-snippet:-1, max-image-preview:large, max-video-preview:-1\" \/>\n<link rel=\"canonical\" href=\"https:\/\/deliveryalgarve.com\/es\/transporte-de-motos\/\" \/>\n<meta property=\"og:locale\" content=\"pt_PT\" \/>\n<meta property=\"og:type\" content=\"article\" \/>\n<meta property=\"og:title\" content=\"[:en]Motorcycle Transport Services, Ireland &amp; Portugal. DeliveryAlgarve.com[:pt]Servi\u00e7os de transporte de motocicletas, Reino Unido e Portugal. DeliveryAlgarve.com[:fr]Services de transport de motos, Royaume-Uni et Portugal. LivraisonAlgarve.com[:es]Servicios de Transporte de Motocicletas, Irlanda y Portugal. EntregaAlgarve.com[:]\" \/>\n<meta property=\"og:description\" content=\"{:en}Motorcycle Transport Services.\u00a0We offer a reliable, professional motorcycle transport service between Ireland &amp; Portugal.{:pt}Servi\u00e7os de transporte de motocicletas. Oferecemos um servi\u00e7o fi\u00e1vel e profissional de transporte de motociclos entre o Reino Unido e Portugal.{:fr}Services de transport de motos. Nous offrons un service de transport de motos fiable et professionnel entre le Royaume-Uni et le Portugal.{:es}Servicios de Transporte de Motocicletas. Ofrecemos un servicio de transporte de motocicletas fiable y profesional entre Irlanda y Portugal.{:}\" \/>\n<meta property=\"og:url\" content=\"https:\/\/deliveryalgarve.com\/es\/transporte-de-motos\/\" \/>\n<meta property=\"og:site_name\" content=\"DeliveryAlgarve.com\" \/>\n<meta property=\"article:modified_time\" content=\"2024-04-08T16:24:02+00:00\" \/>\n<meta property=\"og:image\" content=\"https:\/\/deliveryalgarve.com\/wp-content\/uploads\/2022\/03\/Transporte-de-motocicletas-Irlanda-Portugal.jpg\" \/>\n<meta name=\"twitter:card\" content=\"summary_large_image\" \/>\n<meta name=\"twitter:label1\" content=\"Tempo estimado de leitura\" \/>\n\t<meta name=\"twitter:data1\" content=\"2 minutos\" \/>\n<script type=\"application\/ld+json\" class=\"yoast-schema-graph\">{\"@context\":\"https:\\\/\\\/schema.org\",\"@graph\":[{\"@type\":\"WebPage\",\"@id\":\"https:\\\/\\\/deliveryalgarve.com\\\/es\\\/transporte-de-motos\\\/\",\"url\":\"https:\\\/\\\/deliveryalgarve.com\\\/es\\\/transporte-de-motos\\\/\",\"name\":\"[:en]Motorcycle Transport Services, Ireland & Portugal. DeliveryAlgarve.com[:pt]Servi\u00e7os de transporte de motocicletas, Reino Unido e Portugal. DeliveryAlgarve.com[:fr]Services de transport de motos, Royaume-Uni et Portugal. LivraisonAlgarve.com[:es]Servicios de Transporte de Motocicletas, Irlanda y Portugal. EntregaAlgarve.com[:]\",\"isPartOf\":{\"@id\":\"https:\\\/\\\/deliveryalgarve.com\\\/es\\\/#website\"},\"primaryImageOfPage\":{\"@id\":\"https:\\\/\\\/deliveryalgarve.com\\\/es\\\/transporte-de-motos\\\/#primaryimage\"},\"image\":{\"@id\":\"https:\\\/\\\/deliveryalgarve.com\\\/es\\\/transporte-de-motos\\\/#primaryimage\"},\"thumbnailUrl\":\"https:\\\/\\\/deliveryalgarve.com\\\/wp-content\\\/uploads\\\/2020\\\/12\\\/Motorcycle-Transport-UK-Portugal-DeliveryAlgarve-OG01.jpg\",\"datePublished\":\"2020-09-23T11:14:42+00:00\",\"dateModified\":\"2024-04-08T16:24:02+00:00\",\"description\":\"{:en}Motorcycle Transport Services.\u00a0We offer a reliable, professional motorcycle transport service between Ireland & Portugal.{:pt}Servi\u00e7os de transporte de motocicletas. Oferecemos um servi\u00e7o fi\u00e1vel e profissional de transporte de motociclos entre o Reino Unido e Portugal.{:fr}Services de transport de motos. Nous offrons un service de transport de motos fiable et professionnel entre le Royaume-Uni et le Portugal.{:es}Servicios de Transporte de Motocicletas. Ofrecemos un servicio de transporte de motocicletas fiable y profesional entre Irlanda y Portugal.{:}\",\"breadcrumb\":{\"@id\":\"https:\\\/\\\/deliveryalgarve.com\\\/es\\\/transporte-de-motos\\\/#breadcrumb\"},\"inLanguage\":\"pt-PT\",\"potentialAction\":[{\"@type\":\"ReadAction\",\"target\":[\"https:\\\/\\\/deliveryalgarve.com\\\/es\\\/transporte-de-motos\\\/\"]}]},{\"@type\":\"ImageObject\",\"inLanguage\":\"pt-PT\",\"@id\":\"https:\\\/\\\/deliveryalgarve.com\\\/es\\\/transporte-de-motos\\\/#primaryimage\",\"url\":\"https:\\\/\\\/deliveryalgarve.com\\\/wp-content\\\/uploads\\\/2020\\\/12\\\/Motorcycle-Transport-UK-Portugal-DeliveryAlgarve-OG01.jpg\",\"contentUrl\":\"https:\\\/\\\/deliveryalgarve.com\\\/wp-content\\\/uploads\\\/2020\\\/12\\\/Motorcycle-Transport-UK-Portugal-DeliveryAlgarve-OG01.jpg\"},{\"@type\":\"BreadcrumbList\",\"@id\":\"https:\\\/\\\/deliveryalgarve.com\\\/es\\\/transporte-de-motos\\\/#breadcrumb\",\"itemListElement\":[{\"@type\":\"ListItem\",\"position\":1,\"name\":\"Home\",\"item\":\"https:\\\/\\\/deliveryalgarve.com\\\/\"},{\"@type\":\"ListItem\",\"position\":2,\"name\":\"Transporte de Motos\"}]},{\"@type\":\"WebSite\",\"@id\":\"https:\\\/\\\/deliveryalgarve.com\\\/es\\\/#website\",\"url\":\"https:\\\/\\\/deliveryalgarve.com\\\/es\\\/\",\"name\":\"DeliveryAlgarve.com\",\"description\":\"Remo\u00e7\u00e3o e armazenamento, Portugal, Espanha e Reino Unido.\",\"publisher\":{\"@id\":\"https:\\\/\\\/deliveryalgarve.com\\\/es\\\/#organization\"},\"potentialAction\":[{\"@type\":\"SearchAction\",\"target\":{\"@type\":\"EntryPoint\",\"urlTemplate\":\"https:\\\/\\\/deliveryalgarve.com\\\/es\\\/?s={search_term_string}\"},\"query-input\":{\"@type\":\"PropertyValueSpecification\",\"valueRequired\":true,\"valueName\":\"search_term_string\"}}],\"inLanguage\":\"pt-PT\"},{\"@type\":\"Organization\",\"@id\":\"https:\\\/\\\/deliveryalgarve.com\\\/es\\\/#organization\",\"name\":\"DeliveryAlgarve.com\",\"url\":\"https:\\\/\\\/deliveryalgarve.com\\\/es\\\/\",\"logo\":{\"@type\":\"ImageObject\",\"inLanguage\":\"pt-PT\",\"@id\":\"https:\\\/\\\/deliveryalgarve.com\\\/es\\\/#\\\/schema\\\/logo\\\/image\\\/\",\"url\":\"https:\\\/\\\/deliveryalgarve.com\\\/wp-content\\\/uploads\\\/2020\\\/10\\\/cropped-DeliveryAlgarveLogo01.jpg\",\"contentUrl\":\"https:\\\/\\\/deliveryalgarve.com\\\/wp-content\\\/uploads\\\/2020\\\/10\\\/cropped-DeliveryAlgarveLogo01.jpg\",\"width\":240,\"height\":240,\"caption\":\"DeliveryAlgarve.com\"},\"image\":{\"@id\":\"https:\\\/\\\/deliveryalgarve.com\\\/es\\\/#\\\/schema\\\/logo\\\/image\\\/\"}}]}<\/script>\n<!-- \/ Yoast SEO plugin. -->","yoast_head_json":{"title":"Servi\u00e7os de transporte de motocicletas, Reino Unido e Portugal. DeliveryAlgarve.com","description":"Servi\u00e7os de transporte de motocicletas. Oferecemos um servi\u00e7o fi\u00e1vel e profissional de transporte de motociclos entre o Reino Unido e Portugal.","robots":{"index":"index","follow":"follow","max-snippet":"max-snippet:-1","max-image-preview":"max-image-preview:large","max-video-preview":"max-video-preview:-1"},"canonical":"https:\/\/deliveryalgarve.com\/es\/transporte-de-motos\/","og_locale":"pt_PT","og_type":"article","og_title":"[:en]Motorcycle Transport Services, Ireland & Portugal. DeliveryAlgarve.com[:pt]Servi\u00e7os de transporte de motocicletas, Reino Unido e Portugal. DeliveryAlgarve.com[:fr]Services de transport de motos, Royaume-Uni et Portugal. LivraisonAlgarve.com[:es]Servicios de Transporte de Motocicletas, Irlanda y Portugal. EntregaAlgarve.com[:]","og_description":"{:en}Motorcycle Transport Services.\u00a0We offer a reliable, professional motorcycle transport service between Ireland & Portugal.{:pt}Servi\u00e7os de transporte de motocicletas. Oferecemos um servi\u00e7o fi\u00e1vel e profissional de transporte de motociclos entre o Reino Unido e Portugal.{:fr}Services de transport de motos. Nous offrons un service de transport de motos fiable et professionnel entre le Royaume-Uni et le Portugal.{:es}Servicios de Transporte de Motocicletas. Ofrecemos un servicio de transporte de motocicletas fiable y profesional entre Irlanda y Portugal.{:}","og_url":"https:\/\/deliveryalgarve.com\/es\/transporte-de-motos\/","og_site_name":"DeliveryAlgarve.com","article_modified_time":"2024-04-08T16:24:02+00:00","og_image":[{"url":"https:\/\/deliveryalgarve.com\/wp-content\/uploads\/2022\/03\/Transporte-de-motocicletas-Irlanda-Portugal.jpg","type":"","width":"","height":""}],"twitter_card":"summary_large_image","twitter_misc":{"Tempo estimado de leitura":"2 minutos"},"schema":{"@context":"https:\/\/schema.org","@graph":[{"@type":"WebPage","@id":"https:\/\/deliveryalgarve.com\/es\/transporte-de-motos\/","url":"https:\/\/deliveryalgarve.com\/es\/transporte-de-motos\/","name":"[:en]Motorcycle Transport Services, Ireland & Portugal. DeliveryAlgarve.com[:pt]Servi\u00e7os de transporte de motocicletas, Reino Unido e Portugal. DeliveryAlgarve.com[:fr]Services de transport de motos, Royaume-Uni et Portugal. LivraisonAlgarve.com[:es]Servicios de Transporte de Motocicletas, Irlanda y Portugal. EntregaAlgarve.com[:]","isPartOf":{"@id":"https:\/\/deliveryalgarve.com\/es\/#website"},"primaryImageOfPage":{"@id":"https:\/\/deliveryalgarve.com\/es\/transporte-de-motos\/#primaryimage"},"image":{"@id":"https:\/\/deliveryalgarve.com\/es\/transporte-de-motos\/#primaryimage"},"thumbnailUrl":"https:\/\/deliveryalgarve.com\/wp-content\/uploads\/2020\/12\/Motorcycle-Transport-UK-Portugal-DeliveryAlgarve-OG01.jpg","datePublished":"2020-09-23T11:14:42+00:00","dateModified":"2024-04-08T16:24:02+00:00","description":"{:en}Motorcycle Transport Services.\u00a0We offer a reliable, professional motorcycle transport service between Ireland & Portugal.{:pt}Servi\u00e7os de transporte de motocicletas. Oferecemos um servi\u00e7o fi\u00e1vel e profissional de transporte de motociclos entre o Reino Unido e Portugal.{:fr}Services de transport de motos. Nous offrons un service de transport de motos fiable et professionnel entre le Royaume-Uni et le Portugal.{:es}Servicios de Transporte de Motocicletas. Ofrecemos un servicio de transporte de motocicletas fiable y profesional entre Irlanda y Portugal.{:}","breadcrumb":{"@id":"https:\/\/deliveryalgarve.com\/es\/transporte-de-motos\/#breadcrumb"},"inLanguage":"pt-PT","potentialAction":[{"@type":"ReadAction","target":["https:\/\/deliveryalgarve.com\/es\/transporte-de-motos\/"]}]},{"@type":"ImageObject","inLanguage":"pt-PT","@id":"https:\/\/deliveryalgarve.com\/es\/transporte-de-motos\/#primaryimage","url":"https:\/\/deliveryalgarve.com\/wp-content\/uploads\/2020\/12\/Motorcycle-Transport-UK-Portugal-DeliveryAlgarve-OG01.jpg","contentUrl":"https:\/\/deliveryalgarve.com\/wp-content\/uploads\/2020\/12\/Motorcycle-Transport-UK-Portugal-DeliveryAlgarve-OG01.jpg"},{"@type":"BreadcrumbList","@id":"https:\/\/deliveryalgarve.com\/es\/transporte-de-motos\/#breadcrumb","itemListElement":[{"@type":"ListItem","position":1,"name":"Home","item":"https:\/\/deliveryalgarve.com\/"},{"@type":"ListItem","position":2,"name":"Transporte de Motos"}]},{"@type":"WebSite","@id":"https:\/\/deliveryalgarve.com\/es\/#website","url":"https:\/\/deliveryalgarve.com\/es\/","name":"DeliveryAlgarve.com","description":"Remo\u00e7\u00e3o e armazenamento, Portugal, Espanha e Reino Unido.","publisher":{"@id":"https:\/\/deliveryalgarve.com\/es\/#organization"},"potentialAction":[{"@type":"SearchAction","target":{"@type":"EntryPoint","urlTemplate":"https:\/\/deliveryalgarve.com\/es\/?s={search_term_string}"},"query-input":{"@type":"PropertyValueSpecification","valueRequired":true,"valueName":"search_term_string"}}],"inLanguage":"pt-PT"},{"@type":"Organization","@id":"https:\/\/deliveryalgarve.com\/es\/#organization","name":"DeliveryAlgarve.com","url":"https:\/\/deliveryalgarve.com\/es\/","logo":{"@type":"ImageObject","inLanguage":"pt-PT","@id":"https:\/\/deliveryalgarve.com\/es\/#\/schema\/logo\/image\/","url":"https:\/\/deliveryalgarve.com\/wp-content\/uploads\/2020\/10\/cropped-DeliveryAlgarveLogo01.jpg","contentUrl":"https:\/\/deliveryalgarve.com\/wp-content\/uploads\/2020\/10\/cropped-DeliveryAlgarveLogo01.jpg","width":240,"height":240,"caption":"DeliveryAlgarve.com"},"image":{"@id":"https:\/\/deliveryalgarve.com\/es\/#\/schema\/logo\/image\/"}}]}},"_links":{"self":[{"href":"https:\/\/deliveryalgarve.com\/pt\/wp-json\/wp\/v2\/pages\/37","targetHints":{"allow":["GET"]}}],"collection":[{"href":"https:\/\/deliveryalgarve.com\/pt\/wp-json\/wp\/v2\/pages"}],"about":[{"href":"https:\/\/deliveryalgarve.com\/pt\/wp-json\/wp\/v2\/types\/page"}],"author":[{"embeddable":true,"href":"https:\/\/deliveryalgarve.com\/pt\/wp-json\/wp\/v2\/users\/1"}],"replies":[{"embeddable":true,"href":"https:\/\/deliveryalgarve.com\/pt\/wp-json\/wp\/v2\/comments?post=37"}],"version-history":[{"count":11,"href":"https:\/\/deliveryalgarve.com\/pt\/wp-json\/wp\/v2\/pages\/37\/revisions"}],"predecessor-version":[{"id":507,"href":"https:\/\/deliveryalgarve.com\/pt\/wp-json\/wp\/v2\/pages\/37\/revisions\/507"}],"wp:attachment":[{"href":"https:\/\/deliveryalgarve.com\/pt\/wp-json\/wp\/v2\/media?parent=37"}],"curies":[{"name":"wp","href":"https:\/\/api.w.org\/{rel}","templated":true}]}}