{"id":39,"date":"2020-09-23T11:15:18","date_gmt":"2020-09-23T11:15:18","guid":{"rendered":"https:\/\/deliveryalgarve.com\/?page_id=39"},"modified":"2024-04-08T16:23:16","modified_gmt":"2024-04-08T16:23:16","slug":"car-transport-service-uk-portugal","status":"publish","type":"page","link":"https:\/\/deliveryalgarve.com\/pt\/servico-de-transporte-de-automoveis\/","title":{"rendered":"Servi\u00e7o de transporte de autom\u00f3veis, Reino Unido \/ Portugal"},"content":{"rendered":"<p><strong>Servi\u00e7o de transporte de autom\u00f3veis, Reino Unido \/ Portugal. A DeliveryAlgarve oferece um servi\u00e7o de transporte de autom\u00f3veis de baixo custo entre o Reino Unido e Portugal, e a costa sul da Espanha at\u00e9 M\u00e1laga. Nossa equipe de transporte de autom\u00f3veis \u00e9 profissional, confi\u00e1vel e eficiente, o que significa que podemos transportar seu carro com o m\u00ednimo de barulho! Obtenha seu or\u00e7amento de transporte de carro agora!<\/strong><\/p>\n<h2>Servi\u00e7o de transporte de autom\u00f3veis, Reino Unido \/ Portugal<\/h2>\n<figure id=\"attachment_267\" aria-describedby=\"caption-attachment-267\" style=\"width: 1200px\" class=\"wp-caption alignnone\"><img loading=\"lazy\" decoding=\"async\" class=\"wp-image-267 size-full\" src=\"https:\/\/deliveryalgarve.com\/wp-content\/uploads\/2020\/12\/Transportes-de-automoveis-DeliveryAlgarve-OG01.jpg\" alt=\"Transportes de autom\u00f3veis - DeliveryAlgarve OG01\" width=\"1200\" height=\"630\" srcset=\"https:\/\/deliveryalgarve.com\/wp-content\/uploads\/2020\/12\/Transportes-de-automoveis-DeliveryAlgarve-OG01.jpg 1200w, https:\/\/deliveryalgarve.com\/wp-content\/uploads\/2020\/12\/Transportes-de-automoveis-DeliveryAlgarve-OG01-300x158.jpg 300w, https:\/\/deliveryalgarve.com\/wp-content\/uploads\/2020\/12\/Transportes-de-automoveis-DeliveryAlgarve-OG01-1024x538.jpg 1024w, https:\/\/deliveryalgarve.com\/wp-content\/uploads\/2020\/12\/Transportes-de-automoveis-DeliveryAlgarve-OG01-768x403.jpg 768w, https:\/\/deliveryalgarve.com\/wp-content\/uploads\/2020\/12\/Transportes-de-automoveis-DeliveryAlgarve-OG01-1x1.jpg 1w\" sizes=\"auto, (max-width: 1200px) 100vw, 1200px\" \/><figcaption id=\"caption-attachment-267\" class=\"wp-caption-text\">Transportes de autom\u00f3veis &#8211; DeliveryAlgarve.com<\/figcaption><\/figure>\n<h3>Envio e transporte de autom\u00f3veis na Europa<\/h3>\n<p>Servi\u00e7o de transporte e envio de autom\u00f3veis em toda a Europa. A nossa equipa altamente treinada e empenhada presta um servi\u00e7o de excel\u00eancia, pelo que pode ter a certeza de que o seu precioso ve\u00edculo ser\u00e1 tratado como se fosse o nosso! Nos preocupamos com os carros dos nossos clientes e garantimos que todos os transportes sejam realizados da forma mais eficiente poss\u00edvel.<\/p>\n<p><em>Desfrute de paz de esp\u00edrito com o seu Transporte Autom\u00f3vel Europeu com DeliveryAlgarve.com.<\/em><\/p>\n\n<div class=\"wpcf7 no-js\" id=\"wpcf7-f112-o2\" lang=\"en-US\" dir=\"ltr\" data-wpcf7-id=\"112\">\n<div class=\"screen-reader-response\"><p role=\"status\" aria-live=\"polite\" aria-atomic=\"true\"><\/p> <ul><\/ul><\/div>\n<form action=\"\/pt\/wp-json\/wp\/v2\/pages\/39#wpcf7-f112-o2\" method=\"post\" class=\"wpcf7-form init\" aria-label=\"Contact form\" novalidate=\"novalidate\" data-status=\"init\">\n<fieldset class=\"hidden-fields-container\"><input type=\"hidden\" name=\"_wpcf7\" value=\"112\" \/><input type=\"hidden\" name=\"_wpcf7_version\" value=\"6.1.5\" \/><input type=\"hidden\" name=\"_wpcf7_locale\" value=\"en_US\" \/><input type=\"hidden\" name=\"_wpcf7_unit_tag\" value=\"wpcf7-f112-o2\" \/><input type=\"hidden\" name=\"_wpcf7_container_post\" value=\"0\" \/><input type=\"hidden\" name=\"_wpcf7_posted_data_hash\" value=\"\" \/>\n<\/fieldset>\n<div id=\"quote\">\n\t<h3>Cota\u00e7\u00e3o de Remo\u00e7\u00f5es\n\t<\/h3>\n\t<p>Fale um pouco sobre suas necessidades de remo\u00e7\u00e3o e entraremos em contato com voc\u00ea!\n\t<\/p>\n\t<p><span class=\"wpcf7-form-control-wrap\" data-name=\"daq-name\"><input size=\"40\" maxlength=\"400\" class=\"wpcf7-form-control wpcf7-text wpcf7-validates-as-required daq\" aria-required=\"true\" aria-invalid=\"false\" placeholder=\"seu nome\" value=\"\" type=\"text\" name=\"daq-name\" \/><\/span><br \/>\n<span class=\"wpcf7-form-control-wrap\" data-name=\"daq-email\"><input size=\"40\" maxlength=\"400\" class=\"wpcf7-form-control wpcf7-email wpcf7-validates-as-required wpcf7-text wpcf7-validates-as-email daq\" aria-required=\"true\" aria-invalid=\"false\" placeholder=\"seu endere\u00e7o de email\" value=\"\" type=\"email\" name=\"daq-email\" \/><\/span><br \/>\n<span class=\"wpcf7-form-control-wrap\" data-name=\"daq-phone\"><input size=\"40\" maxlength=\"400\" class=\"wpcf7-form-control wpcf7-tel wpcf7-text wpcf7-validates-as-tel daq\" aria-invalid=\"false\" placeholder=\"um n\u00famero de telefone?\" value=\"\" type=\"tel\" name=\"daq-phone\" \/><\/span><br \/>\n<span class=\"wpcf7-form-control-wrap\" data-name=\"daq-from\"><input size=\"40\" maxlength=\"400\" class=\"wpcf7-form-control wpcf7-text wpcf7-validates-as-required daq\" aria-required=\"true\" aria-invalid=\"false\" placeholder=\"coleta de (inclua um c\u00f3digo postal e pa\u00eds)\" value=\"\" type=\"text\" name=\"daq-from\" \/><\/span><br \/>\n<span class=\"wpcf7-form-control-wrap\" data-name=\"daq-to\"><input size=\"40\" maxlength=\"400\" class=\"wpcf7-form-control wpcf7-text wpcf7-validates-as-required daq\" aria-required=\"true\" aria-invalid=\"false\" placeholder=\"entrega para (como acima)\" value=\"\" type=\"text\" name=\"daq-to\" \/><\/span><br \/>\n<span class=\"wpcf7-form-control-wrap\" data-name=\"daq-date\"><input size=\"40\" maxlength=\"400\" class=\"wpcf7-form-control wpcf7-text wpcf7-validates-as-required daq\" aria-required=\"true\" aria-invalid=\"false\" placeholder=\"data aproximada necess\u00e1ria\" value=\"\" type=\"text\" name=\"daq-date\" \/><\/span><br \/>\n<span class=\"wpcf7-form-control-wrap\" data-name=\"daq-types\"><span class=\"wpcf7-form-control wpcf7-checkbox daq\"><span class=\"wpcf7-list-item first\"><label><input type=\"checkbox\" name=\"daq-types[]\" value=\"Remo\u00e7\u00f5es gerais e dom\u00e9sticas\" \/><span class=\"wpcf7-list-item-label\">Remo\u00e7\u00f5es gerais e dom\u00e9sticas<\/span><\/label><\/span><span class=\"wpcf7-list-item\"><label><input type=\"checkbox\" name=\"daq-types[]\" value=\"Equipamento comercial\" \/><span class=\"wpcf7-list-item-label\">Equipamento comercial<\/span><\/label><\/span><span class=\"wpcf7-list-item\"><label><input type=\"checkbox\" name=\"daq-types[]\" value=\"Carro, barco, etc.\" \/><span class=\"wpcf7-list-item-label\">Carro, barco, etc.<\/span><\/label><\/span><span class=\"wpcf7-list-item last\"><label><input type=\"checkbox\" name=\"daq-types[]\" value=\"Motocicleta (s)\" \/><span class=\"wpcf7-list-item-label\">Motocicleta (s)<\/span><\/label><\/span><\/span><\/span><br \/>\n<span class=\"wpcf7-form-control-wrap\" data-name=\"daq-message\"><textarea cols=\"40\" rows=\"10\" maxlength=\"2000\" class=\"wpcf7-form-control wpcf7-textarea daq\" aria-invalid=\"false\" placeholder=\"quaisquer outros detalhes. quanto mais voc\u00ea nos conta, mais podemos ajudar!\" name=\"daq-message\"><\/textarea><\/span><br \/>\n<span class=\"wpcf7-form-control-wrap\" data-name=\"capital-quiz\"><label><span class=\"wpcf7-quiz-label\">Para parar os spammers... Voc\u00ea poderia nos dizer qual \u00e9 o n\u00famero maior... 3 ou 4?<\/span> <input size=\"40\" class=\"wpcf7-form-control wpcf7-quiz\" autocomplete=\"off\" aria-required=\"true\" aria-invalid=\"false\" type=\"text\" name=\"capital-quiz\" \/><\/label><input type=\"hidden\" name=\"_wpcf7_quiz_answer_capital-quiz\" value=\"6418842b41c066b6827ae3c56282a02a\" \/><\/span><br \/>\n<input class=\"wpcf7-form-control wpcf7-submit has-spinner daq\" type=\"submit\" value=\"Clique para enviar!\" \/>\n\t<\/p>\n<\/div><div class=\"wpcf7-response-output\" aria-hidden=\"true\"><\/div>\n<\/form>\n<\/div>\n\n<h3>Um servi\u00e7o de transporte de ve\u00edculos confi\u00e1vel<\/h3>\n<p>A DeliveryAlgarve.com tem o prazer de transportar muitos ve\u00edculos entre o Reino Unido e Portugal. Carros, motos, quadriciclos, scooters &#8211; at\u00e9 barcos! &#8211; podemos atender \u00e0s suas necessidades de transporte de ve\u00edculos europeus! Enviamos carros e ve\u00edculos h\u00e1 quase 30 anos e sabemos o que estamos fazendo! Nossa equipe se dedica a um servi\u00e7o de qualidade, pois queremos que voc\u00ea volte para n\u00f3s!<\/p>\n<p>Trabalhamos com uma rede de empresas, entregando carros e motos em toda a Europa &#8211; WanderersTransport.com, Motorcycles-Go.com, Cars-Go-Transport.com e BestCarTransport.com &#8211; podemos assegurar-lhe um servi\u00e7o de qualidade, sem complica\u00e7\u00f5es, a um \u00f3timo pre\u00e7o! Pe\u00e7a o seu or\u00e7amento, n\u00e3o ficar\u00e1 desapontado!<\/p>\n<p>Quer voc\u00ea tenha um carro ou cinco, um cl\u00e1ssico, uma van ou um n\u00e3o corredor, n\u00f3s podemos ajudar. Atendemos propriet\u00e1rios de ve\u00edculos individuais, concession\u00e1rias, frotas e empresas de leasing e clientes comerciais em todo o pa\u00eds.<\/p>\n<blockquote><p><em><strong>Mais de 30 anos de experi\u00eancia em carros em movimento em toda a Europa! Obtenha sua cota\u00e7\u00e3o de transporte de carro agora!<\/strong><\/em><\/p><\/blockquote>\n<p>Os transportes de autom\u00f3veis com DeliveryAlgarve.com garantem a melhor qualidade ao melhor pre\u00e7o. Sua transfer\u00eancia ser\u00e1 protegida por um n\u00edvel imbat\u00edvel de profissionalismo e cuidado. A satisfa\u00e7\u00e3o dos nossos clientes est\u00e1 em primeiro lugar e trabalhamos para oferecer um servi\u00e7o excepcional em cada um dos nossos servi\u00e7os.<\/p>\n<p>N\u00e3o hesite em nos contactar na altura da contrata\u00e7\u00e3o do transporte de autom\u00f3veis e estar\u00e1 a apostar numa empresa pioneira no sector, de grande experi\u00eancia e com garantia nos trabalhos efectuados. Transporte carros com DeliveryAlgarve.com e obtenha os melhores resultados no servi\u00e7o.<\/p>\n<p><a href=\"https:\/\/www.google.com\/maps\/place\/deliveryalgarve.com\/@37.1059289,-8.0794513,17z\/data=!3m1!4b1!4m5!3m4!1s0xd1ab5a58195c0f7:0xf44238318d13c7ef!8m2!3d37.1059246!4d-8.0772626\" target=\"_blank\" rel=\"noopener noreferrer\"><em>Encontre-nos no Google Maps!<\/em><\/a><\/p>","protected":false},"excerpt":{"rendered":"<p>Servi\u00e7o de transporte de autom\u00f3veis, Reino Unido \/ Portugal. A DeliveryAlgarve oferece um servi\u00e7o de transporte de autom\u00f3veis de baixo custo entre o Reino Unido e Portugal, e a costa sul da Espanha at\u00e9 M\u00e1laga. Nossa equipe de transporte de autom\u00f3veis \u00e9 profissional, confi\u00e1vel e eficiente, o que significa que podemos transportar seu carro com o m\u00ednimo de barulho! Obtenha seu or\u00e7amento de transporte de carro agora!<\/p>\n","protected":false},"author":1,"featured_media":0,"parent":0,"menu_order":70,"comment_status":"closed","ping_status":"closed","template":"","meta":{"footnotes":""},"class_list":["post-39","page","type-page","status-publish","hentry"],"yoast_head":"<!-- This site is optimized with the Yoast SEO plugin v27.3 - https:\/\/yoast.com\/product\/yoast-seo-wordpress\/ -->\n<title>Servi\u00e7o de transporte de autom\u00f3veis entre o Reino Unido e Portugal. DeliveryAlgarve.com<\/title>\n<meta name=\"description\" content=\"Servi\u00e7o de transporte de autom\u00f3veis, Reino Unido \/ Portugal. A DeliveryAlgarve oferece um servi\u00e7o de transporte autom\u00f3vel econ\u00f3mico entre o Reino Unido e Portugal.\" \/>\n<meta name=\"robots\" content=\"index, follow, max-snippet:-1, max-image-preview:large, max-video-preview:-1\" \/>\n<link rel=\"canonical\" href=\"https:\/\/deliveryalgarve.com\/es\/servicio-de-transporte-de-automoviles-irlanda-portugal\/\" \/>\n<meta property=\"og:locale\" content=\"pt_PT\" \/>\n<meta property=\"og:type\" content=\"article\" \/>\n<meta property=\"og:title\" content=\"[:en]Car Transport Service between Ireland &amp; Portugal.\u00a0DeliveryAlgarve.com[:pt]Servi\u00e7o de transporte de autom\u00f3veis entre o Reino Unido e Portugal. DeliveryAlgarve.com[:fr]Service de transport de voitures entre le Royaume-Uni et le Portugal. DeliveryAlgarve.com[:es]Servicio de Transporte de Coches entre Irlanda y Portugal. EntregaAlgarve.com[:]\" \/>\n<meta property=\"og:description\" content=\"{:en}Car Transport Service, Ireland\/Portugal.\u00a0 DeliveryAlgarve offer a cost-effective car transport service between Ireland and Portugal.{:pt}Servi\u00e7o de transporte de autom\u00f3veis, Reino Unido \/ Portugal. A DeliveryAlgarve oferece um servi\u00e7o de transporte autom\u00f3vel econ\u00f3mico entre o Reino Unido e Portugal.{:fr}Service de transport de voitures, Royaume-Uni \/ Portugal. LivraisonAlgarve propose un service de transport de voitures \u00e9conomique entre le Royaume-Uni et le Portugal.{:es}Servicio de Transporte de Autom\u00f3viles, Irlanda\/Portugal. DeliveryAlgarve ofrece un servicio rentable de transporte de autom\u00f3viles entre Irlanda y Portugal.{:}\" \/>\n<meta property=\"og:url\" content=\"https:\/\/deliveryalgarve.com\/es\/servicio-de-transporte-de-automoviles-irlanda-portugal\/\" \/>\n<meta property=\"og:site_name\" content=\"DeliveryAlgarve.com\" \/>\n<meta property=\"article:modified_time\" content=\"2024-04-08T16:23:16+00:00\" \/>\n<meta property=\"og:image\" content=\"https:\/\/deliveryalgarve.com\/wp-content\/uploads\/2022\/03\/Servicio-de-transporte-de-automoviles-Irlanda-Portugal.jpg\" \/>\n<meta name=\"twitter:card\" content=\"summary_large_image\" \/>\n<meta name=\"twitter:label1\" content=\"Tempo estimado de leitura\" \/>\n\t<meta name=\"twitter:data1\" content=\"3 minutos\" \/>\n<script type=\"application\/ld+json\" class=\"yoast-schema-graph\">{\"@context\":\"https:\\\/\\\/schema.org\",\"@graph\":[{\"@type\":\"WebPage\",\"@id\":\"https:\\\/\\\/deliveryalgarve.com\\\/es\\\/servicio-de-transporte-de-automoviles-irlanda-portugal\\\/\",\"url\":\"https:\\\/\\\/deliveryalgarve.com\\\/es\\\/servicio-de-transporte-de-automoviles-irlanda-portugal\\\/\",\"name\":\"[:en]Car Transport Service between Ireland & Portugal.\u00a0DeliveryAlgarve.com[:pt]Servi\u00e7o de transporte de autom\u00f3veis entre o Reino Unido e Portugal. DeliveryAlgarve.com[:fr]Service de transport de voitures entre le Royaume-Uni et le Portugal. DeliveryAlgarve.com[:es]Servicio de Transporte de Coches entre Irlanda y Portugal. EntregaAlgarve.com[:]\",\"isPartOf\":{\"@id\":\"https:\\\/\\\/deliveryalgarve.com\\\/es\\\/#website\"},\"primaryImageOfPage\":{\"@id\":\"https:\\\/\\\/deliveryalgarve.com\\\/es\\\/servicio-de-transporte-de-automoviles-irlanda-portugal\\\/#primaryimage\"},\"image\":{\"@id\":\"https:\\\/\\\/deliveryalgarve.com\\\/es\\\/servicio-de-transporte-de-automoviles-irlanda-portugal\\\/#primaryimage\"},\"thumbnailUrl\":\"https:\\\/\\\/deliveryalgarve.com\\\/wp-content\\\/uploads\\\/2021\\\/03\\\/Car-Transport-Service-Ireland-Portugal-DeliveryAlgarve.jpg\",\"datePublished\":\"2020-09-23T11:15:18+00:00\",\"dateModified\":\"2024-04-08T16:23:16+00:00\",\"description\":\"{:en}Car Transport Service, Ireland\\\/Portugal.\u00a0 DeliveryAlgarve offer a cost-effective car transport service between Ireland and Portugal.{:pt}Servi\u00e7o de transporte de autom\u00f3veis, Reino Unido \\\/ Portugal. A DeliveryAlgarve oferece um servi\u00e7o de transporte autom\u00f3vel econ\u00f3mico entre o Reino Unido e Portugal.{:fr}Service de transport de voitures, Royaume-Uni \\\/ Portugal. LivraisonAlgarve propose un service de transport de voitures \u00e9conomique entre le Royaume-Uni et le Portugal.{:es}Servicio de Transporte de Autom\u00f3viles, Irlanda\\\/Portugal. DeliveryAlgarve ofrece un servicio rentable de transporte de autom\u00f3viles entre Irlanda y Portugal.{:}\",\"breadcrumb\":{\"@id\":\"https:\\\/\\\/deliveryalgarve.com\\\/es\\\/servicio-de-transporte-de-automoviles-irlanda-portugal\\\/#breadcrumb\"},\"inLanguage\":\"pt-PT\",\"potentialAction\":[{\"@type\":\"ReadAction\",\"target\":[\"https:\\\/\\\/deliveryalgarve.com\\\/es\\\/servicio-de-transporte-de-automoviles-irlanda-portugal\\\/\"]}]},{\"@type\":\"ImageObject\",\"inLanguage\":\"pt-PT\",\"@id\":\"https:\\\/\\\/deliveryalgarve.com\\\/es\\\/servicio-de-transporte-de-automoviles-irlanda-portugal\\\/#primaryimage\",\"url\":\"https:\\\/\\\/deliveryalgarve.com\\\/wp-content\\\/uploads\\\/2021\\\/03\\\/Car-Transport-Service-Ireland-Portugal-DeliveryAlgarve.jpg\",\"contentUrl\":\"https:\\\/\\\/deliveryalgarve.com\\\/wp-content\\\/uploads\\\/2021\\\/03\\\/Car-Transport-Service-Ireland-Portugal-DeliveryAlgarve.jpg\"},{\"@type\":\"BreadcrumbList\",\"@id\":\"https:\\\/\\\/deliveryalgarve.com\\\/es\\\/servicio-de-transporte-de-automoviles-irlanda-portugal\\\/#breadcrumb\",\"itemListElement\":[{\"@type\":\"ListItem\",\"position\":1,\"name\":\"Home\",\"item\":\"https:\\\/\\\/deliveryalgarve.com\\\/\"},{\"@type\":\"ListItem\",\"position\":2,\"name\":\"Servicio de transporte de autom\u00f3viles, Irlanda\\\/Portugal\"}]},{\"@type\":\"WebSite\",\"@id\":\"https:\\\/\\\/deliveryalgarve.com\\\/es\\\/#website\",\"url\":\"https:\\\/\\\/deliveryalgarve.com\\\/es\\\/\",\"name\":\"DeliveryAlgarve.com\",\"description\":\"Remo\u00e7\u00e3o e armazenamento, Portugal, Espanha e Reino Unido.\",\"publisher\":{\"@id\":\"https:\\\/\\\/deliveryalgarve.com\\\/es\\\/#organization\"},\"potentialAction\":[{\"@type\":\"SearchAction\",\"target\":{\"@type\":\"EntryPoint\",\"urlTemplate\":\"https:\\\/\\\/deliveryalgarve.com\\\/es\\\/?s={search_term_string}\"},\"query-input\":{\"@type\":\"PropertyValueSpecification\",\"valueRequired\":true,\"valueName\":\"search_term_string\"}}],\"inLanguage\":\"pt-PT\"},{\"@type\":\"Organization\",\"@id\":\"https:\\\/\\\/deliveryalgarve.com\\\/es\\\/#organization\",\"name\":\"DeliveryAlgarve.com\",\"url\":\"https:\\\/\\\/deliveryalgarve.com\\\/es\\\/\",\"logo\":{\"@type\":\"ImageObject\",\"inLanguage\":\"pt-PT\",\"@id\":\"https:\\\/\\\/deliveryalgarve.com\\\/es\\\/#\\\/schema\\\/logo\\\/image\\\/\",\"url\":\"https:\\\/\\\/deliveryalgarve.com\\\/wp-content\\\/uploads\\\/2020\\\/10\\\/cropped-DeliveryAlgarveLogo01.jpg\",\"contentUrl\":\"https:\\\/\\\/deliveryalgarve.com\\\/wp-content\\\/uploads\\\/2020\\\/10\\\/cropped-DeliveryAlgarveLogo01.jpg\",\"width\":240,\"height\":240,\"caption\":\"DeliveryAlgarve.com\"},\"image\":{\"@id\":\"https:\\\/\\\/deliveryalgarve.com\\\/es\\\/#\\\/schema\\\/logo\\\/image\\\/\"}}]}<\/script>\n<!-- \/ Yoast SEO plugin. -->","yoast_head_json":{"title":"Servi\u00e7o de transporte de autom\u00f3veis entre o Reino Unido e Portugal. DeliveryAlgarve.com","description":"Servi\u00e7o de transporte de autom\u00f3veis, Reino Unido \/ Portugal. A DeliveryAlgarve oferece um servi\u00e7o de transporte autom\u00f3vel econ\u00f3mico entre o Reino Unido e Portugal.","robots":{"index":"index","follow":"follow","max-snippet":"max-snippet:-1","max-image-preview":"max-image-preview:large","max-video-preview":"max-video-preview:-1"},"canonical":"https:\/\/deliveryalgarve.com\/es\/servicio-de-transporte-de-automoviles-irlanda-portugal\/","og_locale":"pt_PT","og_type":"article","og_title":"[:en]Car Transport Service between Ireland & Portugal.\u00a0DeliveryAlgarve.com[:pt]Servi\u00e7o de transporte de autom\u00f3veis entre o Reino Unido e Portugal. DeliveryAlgarve.com[:fr]Service de transport de voitures entre le Royaume-Uni et le Portugal. DeliveryAlgarve.com[:es]Servicio de Transporte de Coches entre Irlanda y Portugal. EntregaAlgarve.com[:]","og_description":"{:en}Car Transport Service, Ireland\/Portugal.\u00a0 DeliveryAlgarve offer a cost-effective car transport service between Ireland and Portugal.{:pt}Servi\u00e7o de transporte de autom\u00f3veis, Reino Unido \/ Portugal. A DeliveryAlgarve oferece um servi\u00e7o de transporte autom\u00f3vel econ\u00f3mico entre o Reino Unido e Portugal.{:fr}Service de transport de voitures, Royaume-Uni \/ Portugal. LivraisonAlgarve propose un service de transport de voitures \u00e9conomique entre le Royaume-Uni et le Portugal.{:es}Servicio de Transporte de Autom\u00f3viles, Irlanda\/Portugal. DeliveryAlgarve ofrece un servicio rentable de transporte de autom\u00f3viles entre Irlanda y Portugal.{:}","og_url":"https:\/\/deliveryalgarve.com\/es\/servicio-de-transporte-de-automoviles-irlanda-portugal\/","og_site_name":"DeliveryAlgarve.com","article_modified_time":"2024-04-08T16:23:16+00:00","og_image":[{"url":"https:\/\/deliveryalgarve.com\/wp-content\/uploads\/2022\/03\/Servicio-de-transporte-de-automoviles-Irlanda-Portugal.jpg","type":"","width":"","height":""}],"twitter_card":"summary_large_image","twitter_misc":{"Tempo estimado de leitura":"3 minutos"},"schema":{"@context":"https:\/\/schema.org","@graph":[{"@type":"WebPage","@id":"https:\/\/deliveryalgarve.com\/es\/servicio-de-transporte-de-automoviles-irlanda-portugal\/","url":"https:\/\/deliveryalgarve.com\/es\/servicio-de-transporte-de-automoviles-irlanda-portugal\/","name":"[:en]Car Transport Service between Ireland & Portugal.\u00a0DeliveryAlgarve.com[:pt]Servi\u00e7o de transporte de autom\u00f3veis entre o Reino Unido e Portugal. DeliveryAlgarve.com[:fr]Service de transport de voitures entre le Royaume-Uni et le Portugal. DeliveryAlgarve.com[:es]Servicio de Transporte de Coches entre Irlanda y Portugal. EntregaAlgarve.com[:]","isPartOf":{"@id":"https:\/\/deliveryalgarve.com\/es\/#website"},"primaryImageOfPage":{"@id":"https:\/\/deliveryalgarve.com\/es\/servicio-de-transporte-de-automoviles-irlanda-portugal\/#primaryimage"},"image":{"@id":"https:\/\/deliveryalgarve.com\/es\/servicio-de-transporte-de-automoviles-irlanda-portugal\/#primaryimage"},"thumbnailUrl":"https:\/\/deliveryalgarve.com\/wp-content\/uploads\/2021\/03\/Car-Transport-Service-Ireland-Portugal-DeliveryAlgarve.jpg","datePublished":"2020-09-23T11:15:18+00:00","dateModified":"2024-04-08T16:23:16+00:00","description":"{:en}Car Transport Service, Ireland\/Portugal.\u00a0 DeliveryAlgarve offer a cost-effective car transport service between Ireland and Portugal.{:pt}Servi\u00e7o de transporte de autom\u00f3veis, Reino Unido \/ Portugal. A DeliveryAlgarve oferece um servi\u00e7o de transporte autom\u00f3vel econ\u00f3mico entre o Reino Unido e Portugal.{:fr}Service de transport de voitures, Royaume-Uni \/ Portugal. LivraisonAlgarve propose un service de transport de voitures \u00e9conomique entre le Royaume-Uni et le Portugal.{:es}Servicio de Transporte de Autom\u00f3viles, Irlanda\/Portugal. DeliveryAlgarve ofrece un servicio rentable de transporte de autom\u00f3viles entre Irlanda y Portugal.{:}","breadcrumb":{"@id":"https:\/\/deliveryalgarve.com\/es\/servicio-de-transporte-de-automoviles-irlanda-portugal\/#breadcrumb"},"inLanguage":"pt-PT","potentialAction":[{"@type":"ReadAction","target":["https:\/\/deliveryalgarve.com\/es\/servicio-de-transporte-de-automoviles-irlanda-portugal\/"]}]},{"@type":"ImageObject","inLanguage":"pt-PT","@id":"https:\/\/deliveryalgarve.com\/es\/servicio-de-transporte-de-automoviles-irlanda-portugal\/#primaryimage","url":"https:\/\/deliveryalgarve.com\/wp-content\/uploads\/2021\/03\/Car-Transport-Service-Ireland-Portugal-DeliveryAlgarve.jpg","contentUrl":"https:\/\/deliveryalgarve.com\/wp-content\/uploads\/2021\/03\/Car-Transport-Service-Ireland-Portugal-DeliveryAlgarve.jpg"},{"@type":"BreadcrumbList","@id":"https:\/\/deliveryalgarve.com\/es\/servicio-de-transporte-de-automoviles-irlanda-portugal\/#breadcrumb","itemListElement":[{"@type":"ListItem","position":1,"name":"Home","item":"https:\/\/deliveryalgarve.com\/"},{"@type":"ListItem","position":2,"name":"Servicio de transporte de autom\u00f3viles, Irlanda\/Portugal"}]},{"@type":"WebSite","@id":"https:\/\/deliveryalgarve.com\/es\/#website","url":"https:\/\/deliveryalgarve.com\/es\/","name":"DeliveryAlgarve.com","description":"Remo\u00e7\u00e3o e armazenamento, Portugal, Espanha e Reino Unido.","publisher":{"@id":"https:\/\/deliveryalgarve.com\/es\/#organization"},"potentialAction":[{"@type":"SearchAction","target":{"@type":"EntryPoint","urlTemplate":"https:\/\/deliveryalgarve.com\/es\/?s={search_term_string}"},"query-input":{"@type":"PropertyValueSpecification","valueRequired":true,"valueName":"search_term_string"}}],"inLanguage":"pt-PT"},{"@type":"Organization","@id":"https:\/\/deliveryalgarve.com\/es\/#organization","name":"DeliveryAlgarve.com","url":"https:\/\/deliveryalgarve.com\/es\/","logo":{"@type":"ImageObject","inLanguage":"pt-PT","@id":"https:\/\/deliveryalgarve.com\/es\/#\/schema\/logo\/image\/","url":"https:\/\/deliveryalgarve.com\/wp-content\/uploads\/2020\/10\/cropped-DeliveryAlgarveLogo01.jpg","contentUrl":"https:\/\/deliveryalgarve.com\/wp-content\/uploads\/2020\/10\/cropped-DeliveryAlgarveLogo01.jpg","width":240,"height":240,"caption":"DeliveryAlgarve.com"},"image":{"@id":"https:\/\/deliveryalgarve.com\/es\/#\/schema\/logo\/image\/"}}]}},"_links":{"self":[{"href":"https:\/\/deliveryalgarve.com\/pt\/wp-json\/wp\/v2\/pages\/39","targetHints":{"allow":["GET"]}}],"collection":[{"href":"https:\/\/deliveryalgarve.com\/pt\/wp-json\/wp\/v2\/pages"}],"about":[{"href":"https:\/\/deliveryalgarve.com\/pt\/wp-json\/wp\/v2\/types\/page"}],"author":[{"embeddable":true,"href":"https:\/\/deliveryalgarve.com\/pt\/wp-json\/wp\/v2\/users\/1"}],"replies":[{"embeddable":true,"href":"https:\/\/deliveryalgarve.com\/pt\/wp-json\/wp\/v2\/comments?post=39"}],"version-history":[{"count":18,"href":"https:\/\/deliveryalgarve.com\/pt\/wp-json\/wp\/v2\/pages\/39\/revisions"}],"predecessor-version":[{"id":503,"href":"https:\/\/deliveryalgarve.com\/pt\/wp-json\/wp\/v2\/pages\/39\/revisions\/503"}],"wp:attachment":[{"href":"https:\/\/deliveryalgarve.com\/pt\/wp-json\/wp\/v2\/media?parent=39"}],"curies":[{"name":"wp","href":"https:\/\/api.w.org\/{rel}","templated":true}]}}