{"id":41,"date":"2020-09-23T11:16:04","date_gmt":"2020-09-23T11:16:04","guid":{"rendered":"https:\/\/deliveryalgarve.com\/?page_id=41"},"modified":"2024-01-07T12:50:57","modified_gmt":"2024-01-07T12:50:57","slug":"quote","status":"publish","type":"page","link":"https:\/\/deliveryalgarve.com\/pt\/cotacao\/","title":{"rendered":"Cota\u00e7\u00e3o"},"content":{"rendered":"<p><strong>Cota\u00e7\u00e3o! Obtenha agora sua cota\u00e7\u00e3o GRATUITA de remo\u00e7\u00f5es, remessa ou armazenamento! Em DeliveryAlgarve.com, entraremos em contato com voc\u00ea em algumas horas, com uma cota\u00e7\u00e3o confirmada ou para confirmar qualquer coisa que possamos precisar saber. Obrigado por entrar em contato e esperamos falar com voc\u00ea em breve!<\/strong><\/p>\n\n<div class=\"wpcf7 no-js\" id=\"wpcf7-f112-o2\" lang=\"en-US\" dir=\"ltr\" data-wpcf7-id=\"112\">\n<div class=\"screen-reader-response\"><p role=\"status\" aria-live=\"polite\" aria-atomic=\"true\"><\/p> <ul><\/ul><\/div>\n<form action=\"\/pt\/wp-json\/wp\/v2\/pages\/41#wpcf7-f112-o2\" method=\"post\" class=\"wpcf7-form init\" aria-label=\"Contact form\" novalidate=\"novalidate\" data-status=\"init\">\n<fieldset class=\"hidden-fields-container\"><input type=\"hidden\" name=\"_wpcf7\" value=\"112\" \/><input type=\"hidden\" name=\"_wpcf7_version\" value=\"6.1.5\" \/><input type=\"hidden\" name=\"_wpcf7_locale\" value=\"en_US\" \/><input type=\"hidden\" name=\"_wpcf7_unit_tag\" value=\"wpcf7-f112-o2\" \/><input type=\"hidden\" name=\"_wpcf7_container_post\" value=\"0\" \/><input type=\"hidden\" name=\"_wpcf7_posted_data_hash\" value=\"\" \/>\n<\/fieldset>\n<div id=\"quote\">\n\t<h3>Cota\u00e7\u00e3o de Remo\u00e7\u00f5es\n\t<\/h3>\n\t<p>Fale um pouco sobre suas necessidades de remo\u00e7\u00e3o e entraremos em contato com voc\u00ea!\n\t<\/p>\n\t<p><span class=\"wpcf7-form-control-wrap\" data-name=\"daq-name\"><input size=\"40\" maxlength=\"400\" class=\"wpcf7-form-control wpcf7-text wpcf7-validates-as-required daq\" aria-required=\"true\" aria-invalid=\"false\" placeholder=\"seu nome\" value=\"\" type=\"text\" name=\"daq-name\" \/><\/span><br \/>\n<span class=\"wpcf7-form-control-wrap\" data-name=\"daq-email\"><input size=\"40\" maxlength=\"400\" class=\"wpcf7-form-control wpcf7-email wpcf7-validates-as-required wpcf7-text wpcf7-validates-as-email daq\" aria-required=\"true\" aria-invalid=\"false\" placeholder=\"seu endere\u00e7o de email\" value=\"\" type=\"email\" name=\"daq-email\" \/><\/span><br \/>\n<span class=\"wpcf7-form-control-wrap\" data-name=\"daq-phone\"><input size=\"40\" maxlength=\"400\" class=\"wpcf7-form-control wpcf7-tel wpcf7-text wpcf7-validates-as-tel daq\" aria-invalid=\"false\" placeholder=\"um n\u00famero de telefone?\" value=\"\" type=\"tel\" name=\"daq-phone\" \/><\/span><br \/>\n<span class=\"wpcf7-form-control-wrap\" data-name=\"daq-from\"><input size=\"40\" maxlength=\"400\" class=\"wpcf7-form-control wpcf7-text wpcf7-validates-as-required daq\" aria-required=\"true\" aria-invalid=\"false\" placeholder=\"coleta de (inclua um c\u00f3digo postal e pa\u00eds)\" value=\"\" type=\"text\" name=\"daq-from\" \/><\/span><br \/>\n<span class=\"wpcf7-form-control-wrap\" data-name=\"daq-to\"><input size=\"40\" maxlength=\"400\" class=\"wpcf7-form-control wpcf7-text wpcf7-validates-as-required daq\" aria-required=\"true\" aria-invalid=\"false\" placeholder=\"entrega para (como acima)\" value=\"\" type=\"text\" name=\"daq-to\" \/><\/span><br \/>\n<span class=\"wpcf7-form-control-wrap\" data-name=\"daq-date\"><input size=\"40\" maxlength=\"400\" class=\"wpcf7-form-control wpcf7-text wpcf7-validates-as-required daq\" aria-required=\"true\" aria-invalid=\"false\" placeholder=\"data aproximada necess\u00e1ria\" value=\"\" type=\"text\" name=\"daq-date\" \/><\/span><br \/>\n<span class=\"wpcf7-form-control-wrap\" data-name=\"daq-types\"><span class=\"wpcf7-form-control wpcf7-checkbox daq\"><span class=\"wpcf7-list-item first\"><label><input type=\"checkbox\" name=\"daq-types[]\" value=\"Remo\u00e7\u00f5es gerais e dom\u00e9sticas\" \/><span class=\"wpcf7-list-item-label\">Remo\u00e7\u00f5es gerais e dom\u00e9sticas<\/span><\/label><\/span><span class=\"wpcf7-list-item\"><label><input type=\"checkbox\" name=\"daq-types[]\" value=\"Equipamento comercial\" \/><span class=\"wpcf7-list-item-label\">Equipamento comercial<\/span><\/label><\/span><span class=\"wpcf7-list-item\"><label><input type=\"checkbox\" name=\"daq-types[]\" value=\"Carro, barco, etc.\" \/><span class=\"wpcf7-list-item-label\">Carro, barco, etc.<\/span><\/label><\/span><span class=\"wpcf7-list-item last\"><label><input type=\"checkbox\" name=\"daq-types[]\" value=\"Motocicleta (s)\" \/><span class=\"wpcf7-list-item-label\">Motocicleta (s)<\/span><\/label><\/span><\/span><\/span><br \/>\n<span class=\"wpcf7-form-control-wrap\" data-name=\"daq-message\"><textarea cols=\"40\" rows=\"10\" maxlength=\"2000\" class=\"wpcf7-form-control wpcf7-textarea daq\" aria-invalid=\"false\" placeholder=\"quaisquer outros detalhes. quanto mais voc\u00ea nos conta, mais podemos ajudar!\" name=\"daq-message\"><\/textarea><\/span><br \/>\n<span class=\"wpcf7-form-control-wrap\" data-name=\"capital-quiz\"><label><span class=\"wpcf7-quiz-label\">Para parar os spammers... Voc\u00ea poderia nos dizer qual \u00e9 o n\u00famero maior... 3 ou 4?<\/span> <input size=\"40\" class=\"wpcf7-form-control wpcf7-quiz\" autocomplete=\"off\" aria-required=\"true\" aria-invalid=\"false\" type=\"text\" name=\"capital-quiz\" \/><\/label><input type=\"hidden\" name=\"_wpcf7_quiz_answer_capital-quiz\" value=\"6418842b41c066b6827ae3c56282a02a\" \/><\/span><br \/>\n<input class=\"wpcf7-form-control wpcf7-submit has-spinner daq\" type=\"submit\" value=\"Clique para enviar!\" \/>\n\t<\/p>\n<\/div><div class=\"wpcf7-response-output\" aria-hidden=\"true\"><\/div>\n<\/form>\n<\/div>\n\n<p>&nbsp;<\/p>\n<h2>Cota\u00e7\u00e3o de Remo\u00e7\u00f5es, Reino Unido e Portugal<\/h2>\n<p>DeliveryAlgarve.com oferece servi\u00e7os regulares de mudan\u00e7as programadas entre o Reino Unido e Portugal. Oferecemos uma gama de servi\u00e7os &#8211; todos concebidos para tornar a sua mudan\u00e7a pelo continente o mais tranquila e f\u00e1cil poss\u00edvel. Todos os meses, enviamos um contentor de envio de 45 p\u00e9s do Reino Unido para a nossa base em Loul\u00e9, no Algarve. Tamb\u00e9m enviamos cont\u00eaineres e cargas parciais de volta ao Reino Unido.<\/p>\n<p>Desfrute de paz de esp\u00edrito com a sua mudan\u00e7a para a Europa com DeliveryAlgarve.com.<\/p>\n<h3>Servi\u00e7o de remo\u00e7\u00f5es dom\u00e9sticas<\/h3>\n<p>DeliveryAlgarve.com opera um servi\u00e7o profissional e fi\u00e1vel de transporte e armazenamento com duas bases, em Salford no Reino Unido e em Loul\u00e9 no Algarve. Ambos os dep\u00f3sitos t\u00eam instala\u00e7\u00f5es de armazenamento seguras e protegidas e servem como os nossos principais &#8216;pontos de entrega e recolha no Reino Unido e em Portugal.<\/p>\n<blockquote><p><em><strong>30 anos de experi\u00eancia em mudan\u00e7a de fam\u00edlias e lares entre o Reino Unido e Portugal!<\/strong><\/em><\/p><\/blockquote>\n<p>Os nossos ve\u00edculos especializados em mudan\u00e7as funcionam todos os dias, ajudando indiv\u00edduos, fam\u00edlias e empresas a mudarem de casa ou instala\u00e7\u00f5es entre o Reino Unido e Portugal.<\/p>\n<p>A DeliveryAlgarve.com possui uma vasta experi\u00eancia em mudan\u00e7as dom\u00e9sticas. Realizaremos desde o in\u00edcio a sua deslocaliza\u00e7\u00e3o europeia de uma forma profissional e competente.<\/p>\n<p>Seus pertences pessoais s\u00e3o muito importantes para n\u00f3s, desde a embalagem, carregamento, transporte e entrega de seus itens de porta em porta por estrada, seus preciosos itens chegar\u00e3o com seguran\u00e7a.<\/p>\n<h3>Um servi\u00e7o de qualidade do in\u00edcio ao fim<\/h3>\n<p>Todas as remessas s\u00e3o inventariadas individualmente, garantindo que todos os pertences pessoais sejam entregues na propriedade correta do cliente. Este \u00e9 um servi\u00e7o porta a porta completo com desempacotamento, se necess\u00e1rio.<\/p>\n<p><a href=\"https:\/\/www.google.com\/maps\/place\/deliveryalgarve.com\/@37.1059289,-8.0794513,17z\/data=!3m1!4b1!4m5!3m4!1s0xd1ab5a58195c0f7:0xf44238318d13c7ef!8m2!3d37.1059246!4d-8.0772626\" target=\"_blank\" rel=\"noopener noreferrer\"><em>Encontre-nos no Google Maps!<\/em><\/a><\/p>","protected":false},"excerpt":{"rendered":"<p>Cota\u00e7\u00e3o! Obtenha agora sua cota\u00e7\u00e3o GRATUITA de remo\u00e7\u00f5es, remessa ou armazenamento! Em DeliveryAlgarve.com, entraremos em contato com voc\u00ea em algumas horas, com uma cota\u00e7\u00e3o confirmada ou para confirmar qualquer coisa que possamos precisar saber. Obrigado por entrar em contato e esperamos falar com voc\u00ea em breve!<\/p>\n","protected":false},"author":1,"featured_media":424,"parent":0,"menu_order":65,"comment_status":"closed","ping_status":"closed","template":"","meta":{"footnotes":""},"class_list":["post-41","page","type-page","status-publish","has-post-thumbnail","hentry"],"yoast_head":"<!-- This site is optimized with the Yoast SEO plugin v27.5 - https:\/\/yoast.com\/product\/yoast-seo-wordpress\/ -->\n<title>Cota\u00e7\u00e3o de Remo\u00e7\u00f5es, DeliveryAlgarve.com<\/title>\n<meta name=\"description\" content=\"Cita\u00e7\u00e3o! Obtenha agora sua cota\u00e7\u00e3o GRATUITA de mudan\u00e7a, remessa ou armazenamento!\" \/>\n<meta name=\"robots\" content=\"index, follow, max-snippet:-1, max-image-preview:large, max-video-preview:-1\" \/>\n<link rel=\"canonical\" href=\"https:\/\/deliveryalgarve.com\/es\/cotizacion\/\" \/>\n<meta property=\"og:locale\" content=\"pt_PT\" \/>\n<meta property=\"og:type\" content=\"article\" \/>\n<meta property=\"og:title\" content=\"[:en]Removals Quote, DeliveryAlgarve.com[:pt]Cota\u00e7\u00e3o de Remo\u00e7\u00f5es, DeliveryAlgarve.com[:fr]Devis de d\u00e9m\u00e9nagement, DeliveryAlgarve.com[:es]Cotizaci\u00f3n de mudanzas, DeliveryAlgarve.com[:]\" \/>\n<meta property=\"og:description\" content=\"{:en}Quote! Get your FREE moving, shipping or storage quote now!{:pt}Cita\u00e7\u00e3o! Obtenha agora sua cota\u00e7\u00e3o GRATUITA de mudan\u00e7a, remessa ou armazenamento!{:fr}Devis! Obtenez votre devis de d\u00e9m\u00e9nagement, d&#039;exp\u00e9dition ou de stockage GRATUIT maintenant!{:es}\u00a1Cotizaci\u00f3n! \u00a1Obtenga su cotizaci\u00f3n GRATIS de mudanza, env\u00edo o almacenamiento ahora!{:}\" \/>\n<meta property=\"og:url\" content=\"https:\/\/deliveryalgarve.com\/es\/cotizacion\/\" \/>\n<meta property=\"og:site_name\" content=\"DeliveryAlgarve.com\" \/>\n<meta property=\"article:modified_time\" content=\"2024-01-07T12:50:57+00:00\" \/>\n<meta property=\"og:image\" content=\"https:\/\/deliveryalgarve.com\/wp-content\/uploads\/2022\/06\/Quote-Get-your-FREE-Removals-Shipping-or-Storage-Quote-Now-DeliveryAlgarve_com.jpg\" \/>\n\t<meta property=\"og:image:width\" content=\"1920\" \/>\n\t<meta property=\"og:image:height\" content=\"600\" \/>\n\t<meta property=\"og:image:type\" content=\"image\/jpeg\" \/>\n<meta name=\"twitter:card\" content=\"summary_large_image\" \/>\n<meta name=\"twitter:label1\" content=\"Tempo estimado de leitura\" \/>\n\t<meta name=\"twitter:data1\" content=\"2 minutos\" \/>\n<script type=\"application\/ld+json\" class=\"yoast-schema-graph\">{\"@context\":\"https:\\\/\\\/schema.org\",\"@graph\":[{\"@type\":\"WebPage\",\"@id\":\"https:\\\/\\\/deliveryalgarve.com\\\/es\\\/cotizacion\\\/\",\"url\":\"https:\\\/\\\/deliveryalgarve.com\\\/es\\\/cotizacion\\\/\",\"name\":\"[:en]Removals Quote, DeliveryAlgarve.com[:pt]Cota\u00e7\u00e3o de Remo\u00e7\u00f5es, DeliveryAlgarve.com[:fr]Devis de d\u00e9m\u00e9nagement, DeliveryAlgarve.com[:es]Cotizaci\u00f3n de mudanzas, DeliveryAlgarve.com[:]\",\"isPartOf\":{\"@id\":\"https:\\\/\\\/deliveryalgarve.com\\\/es\\\/#website\"},\"primaryImageOfPage\":{\"@id\":\"https:\\\/\\\/deliveryalgarve.com\\\/es\\\/cotizacion\\\/#primaryimage\"},\"image\":{\"@id\":\"https:\\\/\\\/deliveryalgarve.com\\\/es\\\/cotizacion\\\/#primaryimage\"},\"thumbnailUrl\":\"https:\\\/\\\/deliveryalgarve.com\\\/wp-content\\\/uploads\\\/2022\\\/06\\\/Quote-Get-your-FREE-Removals-Shipping-or-Storage-Quote-Now-DeliveryAlgarve_com.jpg\",\"datePublished\":\"2020-09-23T11:16:04+00:00\",\"dateModified\":\"2024-01-07T12:50:57+00:00\",\"description\":\"{:en}Quote! Get your FREE moving, shipping or storage quote now!{:pt}Cita\u00e7\u00e3o! Obtenha agora sua cota\u00e7\u00e3o GRATUITA de mudan\u00e7a, remessa ou armazenamento!{:fr}Devis! Obtenez votre devis de d\u00e9m\u00e9nagement, d'exp\u00e9dition ou de stockage GRATUIT maintenant!{:es}\u00a1Cotizaci\u00f3n! \u00a1Obtenga su cotizaci\u00f3n GRATIS de mudanza, env\u00edo o almacenamiento ahora!{:}\",\"breadcrumb\":{\"@id\":\"https:\\\/\\\/deliveryalgarve.com\\\/es\\\/cotizacion\\\/#breadcrumb\"},\"inLanguage\":\"pt-PT\",\"potentialAction\":[{\"@type\":\"ReadAction\",\"target\":[\"https:\\\/\\\/deliveryalgarve.com\\\/es\\\/cotizacion\\\/\"]}]},{\"@type\":\"ImageObject\",\"inLanguage\":\"pt-PT\",\"@id\":\"https:\\\/\\\/deliveryalgarve.com\\\/es\\\/cotizacion\\\/#primaryimage\",\"url\":\"https:\\\/\\\/deliveryalgarve.com\\\/wp-content\\\/uploads\\\/2022\\\/06\\\/Quote-Get-your-FREE-Removals-Shipping-or-Storage-Quote-Now-DeliveryAlgarve_com.jpg\",\"contentUrl\":\"https:\\\/\\\/deliveryalgarve.com\\\/wp-content\\\/uploads\\\/2022\\\/06\\\/Quote-Get-your-FREE-Removals-Shipping-or-Storage-Quote-Now-DeliveryAlgarve_com.jpg\",\"width\":1920,\"height\":600,\"caption\":\"Quote - Get your FREE Removals, Shipping or Storage Quote Now - DeliveryAlgarve.com\"},{\"@type\":\"BreadcrumbList\",\"@id\":\"https:\\\/\\\/deliveryalgarve.com\\\/es\\\/cotizacion\\\/#breadcrumb\",\"itemListElement\":[{\"@type\":\"ListItem\",\"position\":1,\"name\":\"Home\",\"item\":\"https:\\\/\\\/deliveryalgarve.com\\\/\"},{\"@type\":\"ListItem\",\"position\":2,\"name\":\"Cotizaci\u00f3n\"}]},{\"@type\":\"WebSite\",\"@id\":\"https:\\\/\\\/deliveryalgarve.com\\\/es\\\/#website\",\"url\":\"https:\\\/\\\/deliveryalgarve.com\\\/es\\\/\",\"name\":\"DeliveryAlgarve.com\",\"description\":\"Remo\u00e7\u00e3o e armazenamento, Portugal, Espanha e Reino Unido.\",\"publisher\":{\"@id\":\"https:\\\/\\\/deliveryalgarve.com\\\/es\\\/#organization\"},\"potentialAction\":[{\"@type\":\"SearchAction\",\"target\":{\"@type\":\"EntryPoint\",\"urlTemplate\":\"https:\\\/\\\/deliveryalgarve.com\\\/es\\\/?s={search_term_string}\"},\"query-input\":{\"@type\":\"PropertyValueSpecification\",\"valueRequired\":true,\"valueName\":\"search_term_string\"}}],\"inLanguage\":\"pt-PT\"},{\"@type\":\"Organization\",\"@id\":\"https:\\\/\\\/deliveryalgarve.com\\\/es\\\/#organization\",\"name\":\"DeliveryAlgarve.com\",\"url\":\"https:\\\/\\\/deliveryalgarve.com\\\/es\\\/\",\"logo\":{\"@type\":\"ImageObject\",\"inLanguage\":\"pt-PT\",\"@id\":\"https:\\\/\\\/deliveryalgarve.com\\\/es\\\/#\\\/schema\\\/logo\\\/image\\\/\",\"url\":\"https:\\\/\\\/deliveryalgarve.com\\\/wp-content\\\/uploads\\\/2020\\\/10\\\/cropped-DeliveryAlgarveLogo01.jpg\",\"contentUrl\":\"https:\\\/\\\/deliveryalgarve.com\\\/wp-content\\\/uploads\\\/2020\\\/10\\\/cropped-DeliveryAlgarveLogo01.jpg\",\"width\":240,\"height\":240,\"caption\":\"DeliveryAlgarve.com\"},\"image\":{\"@id\":\"https:\\\/\\\/deliveryalgarve.com\\\/es\\\/#\\\/schema\\\/logo\\\/image\\\/\"}}]}<\/script>\n<!-- \/ Yoast SEO plugin. -->","yoast_head_json":{"title":"Cota\u00e7\u00e3o de Remo\u00e7\u00f5es, DeliveryAlgarve.com","description":"Cita\u00e7\u00e3o! Obtenha agora sua cota\u00e7\u00e3o GRATUITA de mudan\u00e7a, remessa ou armazenamento!","robots":{"index":"index","follow":"follow","max-snippet":"max-snippet:-1","max-image-preview":"max-image-preview:large","max-video-preview":"max-video-preview:-1"},"canonical":"https:\/\/deliveryalgarve.com\/es\/cotizacion\/","og_locale":"pt_PT","og_type":"article","og_title":"[:en]Removals Quote, DeliveryAlgarve.com[:pt]Cota\u00e7\u00e3o de Remo\u00e7\u00f5es, DeliveryAlgarve.com[:fr]Devis de d\u00e9m\u00e9nagement, DeliveryAlgarve.com[:es]Cotizaci\u00f3n de mudanzas, DeliveryAlgarve.com[:]","og_description":"{:en}Quote! Get your FREE moving, shipping or storage quote now!{:pt}Cita\u00e7\u00e3o! Obtenha agora sua cota\u00e7\u00e3o GRATUITA de mudan\u00e7a, remessa ou armazenamento!{:fr}Devis! Obtenez votre devis de d\u00e9m\u00e9nagement, d'exp\u00e9dition ou de stockage GRATUIT maintenant!{:es}\u00a1Cotizaci\u00f3n! \u00a1Obtenga su cotizaci\u00f3n GRATIS de mudanza, env\u00edo o almacenamiento ahora!{:}","og_url":"https:\/\/deliveryalgarve.com\/es\/cotizacion\/","og_site_name":"DeliveryAlgarve.com","article_modified_time":"2024-01-07T12:50:57+00:00","og_image":[{"width":1920,"height":600,"url":"https:\/\/deliveryalgarve.com\/wp-content\/uploads\/2022\/06\/Quote-Get-your-FREE-Removals-Shipping-or-Storage-Quote-Now-DeliveryAlgarve_com.jpg","type":"image\/jpeg"}],"twitter_card":"summary_large_image","twitter_misc":{"Tempo estimado de leitura":"2 minutos"},"schema":{"@context":"https:\/\/schema.org","@graph":[{"@type":"WebPage","@id":"https:\/\/deliveryalgarve.com\/es\/cotizacion\/","url":"https:\/\/deliveryalgarve.com\/es\/cotizacion\/","name":"[:en]Removals Quote, DeliveryAlgarve.com[:pt]Cota\u00e7\u00e3o de Remo\u00e7\u00f5es, DeliveryAlgarve.com[:fr]Devis de d\u00e9m\u00e9nagement, DeliveryAlgarve.com[:es]Cotizaci\u00f3n de mudanzas, DeliveryAlgarve.com[:]","isPartOf":{"@id":"https:\/\/deliveryalgarve.com\/es\/#website"},"primaryImageOfPage":{"@id":"https:\/\/deliveryalgarve.com\/es\/cotizacion\/#primaryimage"},"image":{"@id":"https:\/\/deliveryalgarve.com\/es\/cotizacion\/#primaryimage"},"thumbnailUrl":"https:\/\/deliveryalgarve.com\/wp-content\/uploads\/2022\/06\/Quote-Get-your-FREE-Removals-Shipping-or-Storage-Quote-Now-DeliveryAlgarve_com.jpg","datePublished":"2020-09-23T11:16:04+00:00","dateModified":"2024-01-07T12:50:57+00:00","description":"{:en}Quote! Get your FREE moving, shipping or storage quote now!{:pt}Cita\u00e7\u00e3o! Obtenha agora sua cota\u00e7\u00e3o GRATUITA de mudan\u00e7a, remessa ou armazenamento!{:fr}Devis! Obtenez votre devis de d\u00e9m\u00e9nagement, d'exp\u00e9dition ou de stockage GRATUIT maintenant!{:es}\u00a1Cotizaci\u00f3n! \u00a1Obtenga su cotizaci\u00f3n GRATIS de mudanza, env\u00edo o almacenamiento ahora!{:}","breadcrumb":{"@id":"https:\/\/deliveryalgarve.com\/es\/cotizacion\/#breadcrumb"},"inLanguage":"pt-PT","potentialAction":[{"@type":"ReadAction","target":["https:\/\/deliveryalgarve.com\/es\/cotizacion\/"]}]},{"@type":"ImageObject","inLanguage":"pt-PT","@id":"https:\/\/deliveryalgarve.com\/es\/cotizacion\/#primaryimage","url":"https:\/\/deliveryalgarve.com\/wp-content\/uploads\/2022\/06\/Quote-Get-your-FREE-Removals-Shipping-or-Storage-Quote-Now-DeliveryAlgarve_com.jpg","contentUrl":"https:\/\/deliveryalgarve.com\/wp-content\/uploads\/2022\/06\/Quote-Get-your-FREE-Removals-Shipping-or-Storage-Quote-Now-DeliveryAlgarve_com.jpg","width":1920,"height":600,"caption":"Quote - Get your FREE Removals, Shipping or Storage Quote Now - DeliveryAlgarve.com"},{"@type":"BreadcrumbList","@id":"https:\/\/deliveryalgarve.com\/es\/cotizacion\/#breadcrumb","itemListElement":[{"@type":"ListItem","position":1,"name":"Home","item":"https:\/\/deliveryalgarve.com\/"},{"@type":"ListItem","position":2,"name":"Cotizaci\u00f3n"}]},{"@type":"WebSite","@id":"https:\/\/deliveryalgarve.com\/es\/#website","url":"https:\/\/deliveryalgarve.com\/es\/","name":"DeliveryAlgarve.com","description":"Remo\u00e7\u00e3o e armazenamento, Portugal, Espanha e Reino Unido.","publisher":{"@id":"https:\/\/deliveryalgarve.com\/es\/#organization"},"potentialAction":[{"@type":"SearchAction","target":{"@type":"EntryPoint","urlTemplate":"https:\/\/deliveryalgarve.com\/es\/?s={search_term_string}"},"query-input":{"@type":"PropertyValueSpecification","valueRequired":true,"valueName":"search_term_string"}}],"inLanguage":"pt-PT"},{"@type":"Organization","@id":"https:\/\/deliveryalgarve.com\/es\/#organization","name":"DeliveryAlgarve.com","url":"https:\/\/deliveryalgarve.com\/es\/","logo":{"@type":"ImageObject","inLanguage":"pt-PT","@id":"https:\/\/deliveryalgarve.com\/es\/#\/schema\/logo\/image\/","url":"https:\/\/deliveryalgarve.com\/wp-content\/uploads\/2020\/10\/cropped-DeliveryAlgarveLogo01.jpg","contentUrl":"https:\/\/deliveryalgarve.com\/wp-content\/uploads\/2020\/10\/cropped-DeliveryAlgarveLogo01.jpg","width":240,"height":240,"caption":"DeliveryAlgarve.com"},"image":{"@id":"https:\/\/deliveryalgarve.com\/es\/#\/schema\/logo\/image\/"}}]}},"_links":{"self":[{"href":"https:\/\/deliveryalgarve.com\/pt\/wp-json\/wp\/v2\/pages\/41","targetHints":{"allow":["GET"]}}],"collection":[{"href":"https:\/\/deliveryalgarve.com\/pt\/wp-json\/wp\/v2\/pages"}],"about":[{"href":"https:\/\/deliveryalgarve.com\/pt\/wp-json\/wp\/v2\/types\/page"}],"author":[{"embeddable":true,"href":"https:\/\/deliveryalgarve.com\/pt\/wp-json\/wp\/v2\/users\/1"}],"replies":[{"embeddable":true,"href":"https:\/\/deliveryalgarve.com\/pt\/wp-json\/wp\/v2\/comments?post=41"}],"version-history":[{"count":18,"href":"https:\/\/deliveryalgarve.com\/pt\/wp-json\/wp\/v2\/pages\/41\/revisions"}],"predecessor-version":[{"id":459,"href":"https:\/\/deliveryalgarve.com\/pt\/wp-json\/wp\/v2\/pages\/41\/revisions\/459"}],"wp:featuredmedia":[{"embeddable":true,"href":"https:\/\/deliveryalgarve.com\/pt\/wp-json\/wp\/v2\/media\/424"}],"wp:attachment":[{"href":"https:\/\/deliveryalgarve.com\/pt\/wp-json\/wp\/v2\/media?parent=41"}],"curies":[{"name":"wp","href":"https:\/\/api.w.org\/{rel}","templated":true}]}}